{"id":10107,"date":"2022-03-23T08:31:02","date_gmt":"2022-03-23T08:31:02","guid":{"rendered":"https:\/\/www.traxgo.be\/?page_id=10107"},"modified":"2026-01-15T09:00:40","modified_gmt":"2026-01-15T09:00:40","slug":"liens-logiciels-pour-suivi-et-tracage","status":"publish","type":"page","link":"https:\/\/www.traxgo.be\/fr\/online-track-et-trace-et-systemes-de-localisation\/liens-logiciels-pour-suivi-et-tracage\/","title":{"rendered":"Liens logiciels pour suivi et tra\u00e7age"},"content":{"rendered":"<h2>Lien avec un logiciel externe<\/h2>\n<p>Nous utilisons non seulement nos syst\u00e8mes de suivi et de tra\u00e7age pour <a href=\"https:\/\/www.traxgo.be\/fr\/online-track-et-trace-et-systemes-de-localisation\/\">nos propres applications<\/a>, mais nous pouvons aussi facilement les relier \u00e0 des progiciels externes. Les donn\u00e9es collect\u00e9es sur vos v\u00e9hicules, machines ou \u00e9quipements y sont alors \u00e9galement disponibles. Vous trouverez ci-dessous un aper\u00e7u (non exhaustif) de quelques progiciels qui peuvent y \u00eatre li\u00e9s.<\/p>\n<p>&nbsp;<\/p>\n<table class=\"nomobile\" style=\"width: 100%; border-collapse: collapse;\">\n<tbody>\n<tr>\n<td style=\"width: 33.3333%; text-align: center;\"><img loading=\"lazy\" decoding=\"async\" class=\"aligncenter wp-image-10003\" src=\"https:\/\/www.traxgo.be\/wp-content\/uploads\/2022\/03\/logo_groensoft.png\" alt=\"Track-and-trace lien avec logiciel Groensoft\" width=\"325\" height=\"114\" srcset=\"https:\/\/www.traxgo.be\/wp-content\/uploads\/2022\/03\/logo_groensoft.png 328w, https:\/\/www.traxgo.be\/wp-content\/uploads\/2022\/03\/logo_groensoft-300x105.png 300w\" sizes=\"auto, (max-width: 325px) 100vw, 325px\" \/><\/td>\n<td style=\"width: 33.3333%; text-align: center;\"><a href=\"https:\/\/www.traxgo.be\/fr\/connexion-avec-robaws-depuis-la-plateforme-traxgo\/\"><img loading=\"lazy\" decoding=\"async\" class=\"aligncenter wp-image-10011\" src=\"https:\/\/www.traxgo.be\/wp-content\/uploads\/2022\/03\/robaws.png\" alt=\"Track-and-trace lien avec logiciel Robaws\" width=\"325\" height=\"103\" srcset=\"https:\/\/www.traxgo.be\/wp-content\/uploads\/2022\/03\/robaws.png 393w, https:\/\/www.traxgo.be\/wp-content\/uploads\/2022\/03\/robaws-300x95.png 300w\" sizes=\"auto, (max-width: 325px) 100vw, 325px\" \/><\/a><\/td>\n<td style=\"width: 33.3333%;\"><img loading=\"lazy\" decoding=\"async\" class=\"aligncenter wp-image-10007\" src=\"https:\/\/www.traxgo.be\/wp-content\/uploads\/2022\/03\/logo_bouwsoft-1024x367.png\" alt=\"Track-and-trace lien avec logiciel Bouwsoft\" width=\"325\" height=\"116\" srcset=\"https:\/\/www.traxgo.be\/wp-content\/uploads\/2022\/03\/logo_bouwsoft-1024x367.png 1024w, https:\/\/www.traxgo.be\/wp-content\/uploads\/2022\/03\/logo_bouwsoft-300x107.png 300w, https:\/\/www.traxgo.be\/wp-content\/uploads\/2022\/03\/logo_bouwsoft-768x275.png 768w, https:\/\/www.traxgo.be\/wp-content\/uploads\/2022\/03\/logo_bouwsoft.png 1279w\" sizes=\"auto, (max-width: 325px) 100vw, 325px\" \/><\/td>\n<\/tr>\n<tr>\n<td style=\"width: 33.3333%; text-align: center;\"><span style=\"color: #ffffff;\">-<\/span><\/td>\n<td style=\"width: 33.3333%; text-align: center;\"><span style=\"color: #ffffff;\">-<\/span><\/td>\n<td style=\"width: 33.3333%; text-align: center;\"><span style=\"color: #ffffff;\">-<\/span><\/td>\n<\/tr>\n<tr>\n<td style=\"width: 33.3333%;\"><img loading=\"lazy\" decoding=\"async\" class=\"aligncenter wp-image-10156\" src=\"https:\/\/www.traxgo.be\/wp-content\/uploads\/2022\/03\/dynamics-1024x248.png\" alt=\"Track-and-trace lien avec logiciel Microsoft Dynamics\" width=\"325\" height=\"79\" srcset=\"https:\/\/www.traxgo.be\/wp-content\/uploads\/2022\/03\/dynamics-1024x248.png 1024w, https:\/\/www.traxgo.be\/wp-content\/uploads\/2022\/03\/dynamics-300x73.png 300w, https:\/\/www.traxgo.be\/wp-content\/uploads\/2022\/03\/dynamics-768x186.png 768w, https:\/\/www.traxgo.be\/wp-content\/uploads\/2022\/03\/dynamics.png 1443w\" sizes=\"auto, (max-width: 325px) 100vw, 325px\" \/><\/td>\n<td style=\"width: 33.3333%; text-align: center;\"><img loading=\"lazy\" decoding=\"async\" class=\"aligncenter wp-image-10029\" style=\"text-align: start;\" src=\"https:\/\/www.traxgo.be\/wp-content\/uploads\/2022\/03\/Thermo_King_logo_symbol-1024x194.png\" alt=\"Track-and-trace lien avec logiciel Thermo King\" width=\"325\" height=\"61\" srcset=\"https:\/\/www.traxgo.be\/wp-content\/uploads\/2022\/03\/Thermo_King_logo_symbol-1024x194.png 1024w, https:\/\/www.traxgo.be\/wp-content\/uploads\/2022\/03\/Thermo_King_logo_symbol-300x57.png 300w, https:\/\/www.traxgo.be\/wp-content\/uploads\/2022\/03\/Thermo_King_logo_symbol-768x145.png 768w, https:\/\/www.traxgo.be\/wp-content\/uploads\/2022\/03\/Thermo_King_logo_symbol-1536x291.png 1536w, https:\/\/www.traxgo.be\/wp-content\/uploads\/2022\/03\/Thermo_King_logo_symbol-2048x388.png 2048w\" sizes=\"auto, (max-width: 325px) 100vw, 325px\" \/><\/td>\n<td style=\"width: 33.3333%;\"><img loading=\"lazy\" decoding=\"async\" class=\"aligncenter wp-image-10015\" style=\"text-align: center;\" src=\"https:\/\/www.traxgo.be\/wp-content\/uploads\/2022\/03\/odoo_logo.png\" alt=\"Track-and-trace lien avec logiciel Odoo\" width=\"325\" height=\"103\" srcset=\"https:\/\/www.traxgo.be\/wp-content\/uploads\/2022\/03\/odoo_logo.png 621w, https:\/\/www.traxgo.be\/wp-content\/uploads\/2022\/03\/odoo_logo-300x95.png 300w\" sizes=\"auto, (max-width: 325px) 100vw, 325px\" \/><\/td>\n<\/tr>\n<tr>\n<td style=\"width: 33.3333%;\"><span style=\"color: #ffffff;\">-<\/span><\/td>\n<td style=\"width: 33.3333%; text-align: center;\"><span style=\"color: #ffffff;\">-<\/span><\/td>\n<td style=\"width: 33.3333%;\"><span style=\"color: #ffffff;\">-<\/span><\/td>\n<\/tr>\n<tr>\n<td style=\"width: 33.3333%;\"><img loading=\"lazy\" decoding=\"async\" class=\"wp-image-10147 aligncenter\" style=\"text-align: center;\" src=\"https:\/\/www.traxgo.be\/wp-content\/uploads\/2022\/03\/expert-m.png\" alt=\"Track-and-trace lien avec logiciel Expert\/M\" width=\"325\" height=\"90\" srcset=\"https:\/\/www.traxgo.be\/wp-content\/uploads\/2022\/03\/expert-m.png 511w, https:\/\/www.traxgo.be\/wp-content\/uploads\/2022\/03\/expert-m-300x83.png 300w\" sizes=\"auto, (max-width: 325px) 100vw, 325px\" \/><\/td>\n<td style=\"width: 33.3333%; text-align: center;\"><img loading=\"lazy\" decoding=\"async\" class=\"size-full wp-image-10141 aligncenter\" style=\"text-align: start;\" src=\"https:\/\/www.traxgo.be\/wp-content\/uploads\/2022\/03\/exactonline.png\" alt=\"Track-and-trace lien avec logiciel Exact Online\" width=\"298\" height=\"101\" \/><\/td>\n<td style=\"width: 33.3333%;\"><img loading=\"lazy\" decoding=\"async\" class=\"aligncenter wp-image-10152\" src=\"https:\/\/www.traxgo.be\/wp-content\/uploads\/2022\/03\/venice.png\" alt=\"Track-and-trace lien avec logiciel Venice\" width=\"325\" height=\"72\" srcset=\"https:\/\/www.traxgo.be\/wp-content\/uploads\/2022\/03\/venice.png 642w, https:\/\/www.traxgo.be\/wp-content\/uploads\/2022\/03\/venice-300x67.png 300w\" sizes=\"auto, (max-width: 325px) 100vw, 325px\" \/><\/td>\n<\/tr>\n<tr>\n<td style=\"width: 33.3333%;\"><span style=\"color: #ffffff;\">-<\/span><\/td>\n<td style=\"width: 33.3333%; text-align: center;\"><span style=\"color: #ffffff;\">-<\/span><\/td>\n<td style=\"width: 33.3333%;\"><span style=\"color: #ffffff;\">-<\/span><\/td>\n<\/tr>\n<tr>\n<td style=\"width: 33.3333%;\"><img loading=\"lazy\" decoding=\"async\" class=\"aligncenter wp-image-10320\" style=\"text-align: center;\" src=\"https:\/\/www.traxgo.be\/wp-content\/uploads\/2022\/04\/sdp.jpg\" alt=\"Track-and-trace lien avec logiciel SDP\" width=\"123\" height=\"90\" \/><\/td>\n<td style=\"width: 33.3333%; text-align: center;\"><img loading=\"lazy\" decoding=\"async\" class=\"size-full wp-image-10023 aligncenter\" style=\"text-align: start;\" src=\"https:\/\/www.traxgo.be\/wp-content\/uploads\/2022\/03\/carfac.png\" alt=\"Track-and-trace lien avec logiciel Carfac\" width=\"250\" height=\"150\" \/><\/td>\n<td style=\"width: 33.3333%;\"><img loading=\"lazy\" decoding=\"async\" class=\"aligncenter wp-image-10326\" src=\"https:\/\/www.traxgo.be\/wp-content\/uploads\/2022\/04\/copro.jpg\" alt=\"Track-and-trace lien avec logiciel COPRO\" width=\"109\" height=\"150\" srcset=\"https:\/\/www.traxgo.be\/wp-content\/uploads\/2022\/04\/copro.jpg 658w, https:\/\/www.traxgo.be\/wp-content\/uploads\/2022\/04\/copro-218x300.jpg 218w\" sizes=\"auto, (max-width: 109px) 100vw, 109px\" \/><\/td>\n<\/tr>\n<tr>\n<td style=\"width: 33.3333%;\"><span style=\"color: #ffffff;\">-<\/span><\/td>\n<td style=\"width: 33.3333%; text-align: center;\"><span style=\"color: #ffffff;\">-<\/span><\/td>\n<td style=\"width: 33.3333%;\"><span style=\"color: #ffffff;\">-<\/span><\/td>\n<\/tr>\n<tr>\n<td style=\"width: 33.3333%;\"><a href=\"https:\/\/www.leanint.com\/\" target=\"_blank\" rel=\"noopener\"><img loading=\"lazy\" decoding=\"async\" class=\"aligncenter wp-image-13417\" src=\"https:\/\/www.traxgo.be\/wp-content\/uploads\/2022\/11\/lean-interactions.png\" alt=\"Track-and-trace lien avec logiciel Lean-Interactions\" width=\"325\" height=\"76\" srcset=\"https:\/\/www.traxgo.be\/wp-content\/uploads\/2022\/11\/lean-interactions.png 381w, https:\/\/www.traxgo.be\/wp-content\/uploads\/2022\/11\/lean-interactions-300x70.png 300w\" sizes=\"auto, (max-width: 325px) 100vw, 325px\" \/><\/a><\/td>\n<td style=\"width: 33.3333%; text-align: center;\"><a href=\"https:\/\/www.traxgo.be\/fr\/bullswap-offre-une-connexion-directe-avec-notre-systeme-de-suivi\/\" rel=\"noopener\"><img loading=\"lazy\" decoding=\"async\" class=\"aligncenter wp-image-14167\" src=\"https:\/\/www.traxgo.be\/wp-content\/uploads\/2023\/04\/bullswap.png\" alt=\"Track-and-trace lien avec logiciel Bullswap\" width=\"325\" height=\"59\" srcset=\"https:\/\/www.traxgo.be\/wp-content\/uploads\/2023\/04\/bullswap.png 500w, https:\/\/www.traxgo.be\/wp-content\/uploads\/2023\/04\/bullswap-300x55.png 300w\" sizes=\"auto, (max-width: 325px) 100vw, 325px\" \/><\/a><\/td>\n<td style=\"width: 33.3333%;\"><span style=\"color: #ffffff;\">-<\/span><\/td>\n<\/tr>\n<\/tbody>\n<\/table>\n<div class=\"mobileonly\">\n<table style=\"width: 100%; border-collapse: collapse;\">\n<tbody>\n<tr>\n<td style=\"text-align: center;\"><img loading=\"lazy\" decoding=\"async\" style=\"max-width: 75%;\" src=\"https:\/\/www.traxgo.be\/wp-content\/uploads\/2022\/03\/logo_groensoft.png\" alt=\"\" width=\"325\" height=\"114\" \/><\/td>\n<\/tr>\n<tr>\n<td><span style=\"color: #ffffff;\">-<\/span><\/td>\n<\/tr>\n<tr>\n<td style=\"text-align: center;\"><a href=\"https:\/\/www.traxgo.be\/fr\/connexion-avec-robaws-depuis-la-plateforme-traxgo\/\"><img loading=\"lazy\" decoding=\"async\" style=\"max-width: 75%;\" src=\"https:\/\/www.traxgo.be\/wp-content\/uploads\/2022\/03\/robaws.png\" alt=\"\" width=\"325\" height=\"103\" \/><\/a><\/td>\n<\/tr>\n<tr>\n<td><span style=\"color: #ffffff;\">-<\/span><\/td>\n<\/tr>\n<tr>\n<td style=\"text-align: center;\"><img loading=\"lazy\" decoding=\"async\" style=\"max-width: 75%;\" src=\"https:\/\/www.traxgo.be\/wp-content\/uploads\/2022\/03\/logo_bouwsoft-1024x367.png\" alt=\"\" width=\"325\" height=\"116\" \/><\/td>\n<\/tr>\n<tr>\n<td><span style=\"color: #ffffff;\">-<\/span><\/td>\n<\/tr>\n<tr>\n<td style=\"text-align: center;\"><img loading=\"lazy\" decoding=\"async\" style=\"max-width: 75%;\" src=\"https:\/\/www.traxgo.be\/wp-content\/uploads\/2022\/03\/dynamics-1024x248.png\" alt=\"\" width=\"325\" height=\"79\" \/><\/td>\n<\/tr>\n<tr>\n<td><span style=\"color: #ffffff;\">-<\/span><\/td>\n<\/tr>\n<tr>\n<td style=\"text-align: center;\"><img loading=\"lazy\" decoding=\"async\" style=\"max-width: 75%;\" src=\"https:\/\/www.traxgo.be\/wp-content\/uploads\/2022\/03\/Thermo_King_logo_symbol-1024x194.png\" alt=\"\" width=\"325\" height=\"61\" \/><\/td>\n<\/tr>\n<tr>\n<td><span style=\"color: #ffffff;\">-<\/span><\/td>\n<\/tr>\n<tr>\n<td style=\"text-align: center;\"><img loading=\"lazy\" decoding=\"async\" style=\"max-width: 75%;\" src=\"https:\/\/www.traxgo.be\/wp-content\/uploads\/2022\/03\/odoo_logo.png\" alt=\"\" width=\"325\" height=\"103\" \/><\/td>\n<\/tr>\n<tr>\n<td style=\"text-align: center;\"><span style=\"color: #ffffff;\">-<\/span><\/td>\n<\/tr>\n<tr>\n<td style=\"text-align: center;\"><img loading=\"lazy\" decoding=\"async\" style=\"max-width: 75%;\" src=\"https:\/\/www.traxgo.be\/wp-content\/uploads\/2022\/03\/expert-m.png\" alt=\"\" width=\"325\" height=\"90\" \/><\/td>\n<\/tr>\n<tr>\n<td style=\"text-align: center;\"><span style=\"color: #ffffff;\">-<\/span><\/td>\n<\/tr>\n<tr>\n<td style=\"text-align: center;\"><img loading=\"lazy\" decoding=\"async\" style=\"max-width: 75%;\" src=\"https:\/\/www.traxgo.be\/wp-content\/uploads\/2022\/03\/exactonline.png\" alt=\"\" width=\"298\" height=\"101\" \/><\/td>\n<\/tr>\n<tr>\n<td style=\"text-align: center;\"><span style=\"color: #ffffff;\">-<\/span><\/td>\n<\/tr>\n<tr>\n<td style=\"text-align: center;\"><img loading=\"lazy\" decoding=\"async\" style=\"max-width: 75%;\" src=\"https:\/\/www.traxgo.be\/wp-content\/uploads\/2022\/03\/venice.png\" alt=\"\" width=\"325\" height=\"72\" \/><\/td>\n<\/tr>\n<tr>\n<td style=\"text-align: center;\"><span style=\"color: #ffffff;\">-<\/span><\/td>\n<\/tr>\n<tr>\n<td style=\"text-align: center;\"><img loading=\"lazy\" decoding=\"async\" style=\"max-width: 40%;\" src=\"https:\/\/www.traxgo.be\/wp-content\/uploads\/2022\/04\/sdp.jpg\" alt=\"\" width=\"250\" height=\"183\" \/><\/td>\n<\/tr>\n<tr>\n<td style=\"text-align: center;\"><span style=\"color: #ffffff;\">-<\/span><\/td>\n<\/tr>\n<tr>\n<td style=\"text-align: center;\"><img loading=\"lazy\" decoding=\"async\" style=\"max-width: 75%;\" src=\"https:\/\/www.traxgo.be\/wp-content\/uploads\/2022\/03\/carfac.png\" alt=\"\" width=\"250\" height=\"150\" \/><\/td>\n<\/tr>\n<tr>\n<td style=\"text-align: center;\"><span style=\"color: #ffffff;\">-<\/span><\/td>\n<\/tr>\n<tr>\n<td style=\"text-align: center;\"><img loading=\"lazy\" decoding=\"async\" style=\"max-width: 40%;\" src=\"https:\/\/www.traxgo.be\/wp-content\/uploads\/2022\/04\/copro.jpg\" alt=\"\" width=\"658\" height=\"904\" \/><\/td>\n<\/tr>\n<tr>\n<td style=\"text-align: center;\"><span style=\"color: #ffffff;\">-<\/span><\/td>\n<\/tr>\n<tr>\n<td style=\"text-align: center;\"><a href=\"https:\/\/www.leanint.com\/\" target=\"_blank\" rel=\"noopener\"><img loading=\"lazy\" decoding=\"async\" style=\"max-width: 75%;\" src=\"https:\/\/www.traxgo.be\/wp-content\/uploads\/2022\/11\/lean-interactions.png\" alt=\"\" width=\"381\" height=\"89\" \/><\/a><\/td>\n<\/tr>\n<tr>\n<td style=\"text-align: center;\"><span style=\"color: #ffffff;\">-<\/span><\/td>\n<\/tr>\n<tr>\n<td style=\"text-align: center;\"><a href=\"https:\/\/www.traxgo.be\/fr\/bullswap-offre-une-connexion-directe-avec-notre-systeme-de-suivi\/\" rel=\"noopener\"><img loading=\"lazy\" decoding=\"async\" style=\"max-width: 75%;\" src=\"https:\/\/www.traxgo.be\/wp-content\/uploads\/2023\/04\/bullswap.png\" alt=\"\" width=\"500\" height=\"91\" \/><\/a><\/td>\n<\/tr>\n<\/tbody>\n<\/table>\n<\/div>\n<p>&nbsp;<\/p>\n<h3>Autres int\u00e9grations logicielles<\/h3>\n<p>Il va de soi que l'int\u00e9gration fluide de nos applications de suivi \u00e0 vos logiciels existants am\u00e9liorera leurs performances. L'automatisation des processus r\u00e9duit les risques d'erreur humaine et accro\u00eet l'efficacit\u00e9. Ainsi, votre administration sera plus fluide, les audits seront r\u00e9alis\u00e9s plus rapidement, etc. Les gains de temps sont donc consid\u00e9rables.<\/p>\n<p>Vous utilisez un logiciel qui n\u2019est pas (encore) mentionn\u00e9 ci-dessus ? Prenez contact avec nous, nous nous ferons un plaisir d\u2019examiner les possibilit\u00e9s de lier vos donn\u00e9es de suivi et de tra\u00e7age. Au fil des ans, nous avons d\u00e9j\u00e0 \u00e9tabli pour nos clients des liens avec de nombreux <strong>syst\u00e8mes sp\u00e9cifiques<\/strong> \u00e0 certains secteurs. Nos collaborateurs disposent donc aujourd\u2019hui d\u2019une <strong>grande exp\u00e9rience<\/strong> dans ce domaine.<\/p>\n<p><a class=\"button cta\" href=\"#contact\">Plus d'information? <strong>Contactez-nous<\/strong><\/a><\/p>\n","protected":false},"excerpt":{"rendered":"<p>Lien avec un logiciel externe Nous utilisons non seulement nos syst\u00e8mes de suivi et de tra\u00e7age pour nos propres applications, mais nous pouvons aussi facilement les relier \u00e0 des progiciels externes. Les donn\u00e9es collect\u00e9es sur vos v\u00e9hicules, machines ou \u00e9quipements y sont alors \u00e9galement disponibles. Vous trouverez ci-dessous un aper\u00e7u (non exhaustif) de quelques progiciels [&hellip;]<\/p>\n","protected":false},"author":1,"featured_media":5880,"parent":553,"menu_order":0,"comment_status":"closed","ping_status":"closed","template":"","meta":{"_acf_changed":false,"footnotes":""},"class_list":["post-10107","page","type-page","status-publish","has-post-thumbnail","hentry"],"acf":[],"_links":{"self":[{"href":"https:\/\/www.traxgo.be\/fr\/wp-json\/wp\/v2\/pages\/10107","targetHints":{"allow":["GET"]}}],"collection":[{"href":"https:\/\/www.traxgo.be\/fr\/wp-json\/wp\/v2\/pages"}],"about":[{"href":"https:\/\/www.traxgo.be\/fr\/wp-json\/wp\/v2\/types\/page"}],"author":[{"embeddable":true,"href":"https:\/\/www.traxgo.be\/fr\/wp-json\/wp\/v2\/users\/1"}],"replies":[{"embeddable":true,"href":"https:\/\/www.traxgo.be\/fr\/wp-json\/wp\/v2\/comments?post=10107"}],"version-history":[{"count":11,"href":"https:\/\/www.traxgo.be\/fr\/wp-json\/wp\/v2\/pages\/10107\/revisions"}],"predecessor-version":[{"id":18065,"href":"https:\/\/www.traxgo.be\/fr\/wp-json\/wp\/v2\/pages\/10107\/revisions\/18065"}],"up":[{"embeddable":true,"href":"https:\/\/www.traxgo.be\/fr\/wp-json\/wp\/v2\/pages\/553"}],"wp:featuredmedia":[{"embeddable":true,"href":"https:\/\/www.traxgo.be\/fr\/wp-json\/wp\/v2\/media\/5880"}],"wp:attachment":[{"href":"https:\/\/www.traxgo.be\/fr\/wp-json\/wp\/v2\/media?parent=10107"}],"curies":[{"name":"wp","href":"https:\/\/api.w.org\/{rel}","templated":true}]}}