{"id":11475,"date":"2022-06-02T13:18:36","date_gmt":"2022-06-02T13:18:36","guid":{"rendered":"https:\/\/www.traxgo.be\/?page_id=11475"},"modified":"2022-06-08T14:00:32","modified_gmt":"2022-06-08T14:00:32","slug":"suivi-du-temps-mobile","status":"publish","type":"page","link":"https:\/\/www.traxgo.be\/fr\/suivi-du-temps-mobile\/","title":{"rendered":"Suivi du temps mobile"},"content":{"rendered":"<h2>Suivi du temps mobile<\/h2>\n<p><img loading=\"lazy\" decoding=\"async\" class=\"alignright wp-image-3812\" src=\"https:\/\/www.traxgo.be\/wp-content\/uploads\/2019\/04\/Timeregistration2.jpg\" alt=\"Suivi du temps mobile\" width=\"580\" height=\"386\" srcset=\"https:\/\/www.traxgo.be\/wp-content\/uploads\/2019\/04\/Timeregistration2.jpg 626w, https:\/\/www.traxgo.be\/wp-content\/uploads\/2019\/04\/Timeregistration2-300x200.jpg 300w\" sizes=\"auto, (max-width: 580px) 100vw, 580px\" \/>De nos jours, vos employ\u00e9s n'ont plus besoin d'\u00e9crire leurs heures de travail sur papier ou d'en garder une trace dans Excel gr\u00e2ce aux possibilit\u00e9s d'<a href=\"https:\/\/www.traxgo.be\/fr\/online-track-et-trace-et-systemes-de-localisation\/enregistrement-de-temps\/\">enregistrement du temps<\/a>. Le syst\u00e8me mobile d'enregistrement du temps vous \u00e9vite - \u00e0 vous ou \u00e0 la personne responsable du personnel de votre entreprise - beaucoup de travail administratif \u00e0 la fin du mois. Si votre entreprise s'engage pleinement dans la num\u00e9risation pour optimiser davantage son efficacit\u00e9, de tels syst\u00e8mes sont indispensables.<\/p>\n<h3>Enregistrez le temps sur la route<\/h3>\n<p>L'enregistrement mobile du temps peut \u00e9galement simplifier le calcul du kilom\u00e9trage de chaque v\u00e9hicule de votre flotte. L'enregistrement du temps fait automatiquement la distinction entre temps de travail et temps de d\u00e9placement. De plus, il offre une facturation rapide et transparente pour vos clients, ce qui \u00e9vite les discussions par la suite et augmente la satisfaction client. En bref, un \"<strong>win-win<\/strong>\"\u00a0garanti pour tout le monde.<\/p>\n<h3>Une application de suivi du temps<\/h3>\n<p>Vos employ\u00e9s (externes) peuvent facilement se connecter sur n'importe quel appareil mobile, en ligne et hors ligne, afin d'enregistrer leur temps \u00e0 l'aide d'une application tr\u00e8s conviviale et efficace. Il leur est ainsi extr\u00eamement facile de suivre leurs heures de travail \u00e0 tout moment et en tout lieu.<\/p>\n<h3>Quelques avantages en un coup d'\u0153il ...<\/h3>\n<p>Ci-dessous, nous r\u00e9sumons bri\u00e8vement cinq avantages pour vous.<\/p>\n<ul class=\"advantages\">\n<li>Augmenter les b\u00e9n\u00e9fices<\/li>\n<li>G\u00e9rer les co\u00fbts<\/li>\n<li>Suivi des projets<\/li>\n<li>Suivre les heures de travail<\/li>\n<li>Facturation automatique<\/li>\n<\/ul>\n<p><a class=\"button cta\" href=\"#contact\">Plus d'information? <strong>Contactez-nous<\/strong><\/a><\/p>\n","protected":false},"excerpt":{"rendered":"<p>Suivi du temps mobile De nos jours, vos employ\u00e9s n'ont plus besoin d'\u00e9crire leurs heures de travail sur papier ou d'en garder une trace dans Excel gr\u00e2ce aux possibilit\u00e9s d'enregistrement du temps. Le syst\u00e8me mobile d'enregistrement du temps vous \u00e9vite - \u00e0 vous ou \u00e0 la personne responsable du personnel de votre entreprise - beaucoup [&hellip;]<\/p>\n","protected":false},"author":1,"featured_media":6426,"parent":0,"menu_order":0,"comment_status":"closed","ping_status":"closed","template":"","meta":{"_acf_changed":false,"footnotes":""},"class_list":["post-11475","page","type-page","status-publish","has-post-thumbnail","hentry"],"acf":[],"_links":{"self":[{"href":"https:\/\/www.traxgo.be\/fr\/wp-json\/wp\/v2\/pages\/11475","targetHints":{"allow":["GET"]}}],"collection":[{"href":"https:\/\/www.traxgo.be\/fr\/wp-json\/wp\/v2\/pages"}],"about":[{"href":"https:\/\/www.traxgo.be\/fr\/wp-json\/wp\/v2\/types\/page"}],"author":[{"embeddable":true,"href":"https:\/\/www.traxgo.be\/fr\/wp-json\/wp\/v2\/users\/1"}],"replies":[{"embeddable":true,"href":"https:\/\/www.traxgo.be\/fr\/wp-json\/wp\/v2\/comments?post=11475"}],"version-history":[{"count":6,"href":"https:\/\/www.traxgo.be\/fr\/wp-json\/wp\/v2\/pages\/11475\/revisions"}],"predecessor-version":[{"id":11802,"href":"https:\/\/www.traxgo.be\/fr\/wp-json\/wp\/v2\/pages\/11475\/revisions\/11802"}],"wp:featuredmedia":[{"embeddable":true,"href":"https:\/\/www.traxgo.be\/fr\/wp-json\/wp\/v2\/media\/6426"}],"wp:attachment":[{"href":"https:\/\/www.traxgo.be\/fr\/wp-json\/wp\/v2\/media?parent=11475"}],"curies":[{"name":"wp","href":"https:\/\/api.w.org\/{rel}","templated":true}]}}