{"id":11487,"date":"2022-06-02T13:42:41","date_gmt":"2022-06-02T13:42:41","guid":{"rendered":"https:\/\/www.traxgo.be\/?page_id=11487"},"modified":"2022-12-01T13:29:29","modified_gmt":"2022-12-01T13:29:29","slug":"suivi-de-flotte-un-systeme-de-suivi-pour-votre-flotte","status":"publish","type":"page","link":"https:\/\/www.traxgo.be\/fr\/suivi-de-flotte-un-systeme-de-suivi-pour-votre-flotte\/","title":{"rendered":"Suivi de flotte - Un syst\u00e8me de suivi pour votre flotte"},"content":{"rendered":"<p><img loading=\"lazy\" decoding=\"async\" class=\"alignright wp-image-8093\" src=\"https:\/\/www.traxgo.be\/wp-content\/uploads\/2021\/03\/tracking-wagenpark.jpg\" alt=\"Solutions de suivi pour votre flotte\" width=\"580\" height=\"410\" srcset=\"https:\/\/www.traxgo.be\/wp-content\/uploads\/2021\/03\/tracking-wagenpark.jpg 823w, https:\/\/www.traxgo.be\/wp-content\/uploads\/2021\/03\/tracking-wagenpark-300x212.jpg 300w, https:\/\/www.traxgo.be\/wp-content\/uploads\/2021\/03\/tracking-wagenpark-768x543.jpg 768w\" sizes=\"auto, (max-width: 580px) 100vw, 580px\" \/><\/p>\n<p>L'installation d'un <strong>suivi<\/strong> dans votre flotte offre de nombreux avantages. Les informations en temps r\u00e9el sur les positions des voitures constituent une base, mais de nombreuses autres choses sont \u00e9galement possibles pour am\u00e9liorer l'efficacit\u00e9 de votre entreprise. Un syst\u00e8me de suivi peut non seulement \u00eatre install\u00e9 dans les <a href=\"https:\/\/www.traxgo.be\/fr\/ritregistratie\/\">v\u00e9hicules utilitaires<\/a> ordinaires, mais le suivi et la tra\u00e7abilit\u00e9 peuvent \u00e9galement apporter une valeur ajout\u00e9e aux camions. De cette mani\u00e8re, divers param\u00e8tres peuvent \u00eatre contr\u00f4l\u00e9s. Pensez par ex. le nombre de <a href=\"https:\/\/www.traxgo.be\/fr\/online-track-et-trace-et-systemes-de-localisation\/enregistrement-du-kilometrage\/\">kilom\u00e8tres<\/a> parcourus, les heures de d\u00e9marrage et d'arr\u00eat, la <a href=\"https:\/\/www.traxgo.be\/fr\/online-track-et-trace-et-systemes-de-localisation\/systeme-de-controle-de-pression-des-pneus\/\">pression des pneus<\/a>, ...<\/p>\n<h3>Simplifiez la gestion de flotte<\/h3>\n<p>En plus d'un affichage clair des informations de suivi de la <strong>flotte<\/strong> sur la carte, divers rapports peuvent \u00e9galement \u00eatre demand\u00e9s via notre plateforme. Cela vous permet d'<strong>optimiser<\/strong> davantage vos processus commerciaux sur la base de ces informations. Parce que notre syst\u00e8me de suivi est consultable en ligne - sans logiciel suppl\u00e9mentaire - vous pouvez intervenir rapidement si vous constatez des \u00e9carts lors du suivi de votre flotte. Nous avons notre propre \u00e9quipe de d\u00e9veloppeurs, nous pouvons donc si n\u00e9cessaire fournir des extensions sp\u00e9cifiques adapt\u00e9es \u00e0 votre entreprise sans aucun probl\u00e8me.<\/p>\n<p><a class=\"button cta\" href=\"#contact\">Plus d'information? <strong>Contactez-nous<\/strong><\/a><\/p>\n<h3>Le suivi comme s\u00e9curit\u00e9 pour votre flotte<\/h3>\n<p>Il va sans dire qu'un syst\u00e8me de localisation peut \u00e9galement offrir une grande valeur ajout\u00e9e \u00e0 la protection contre le vol de vos v\u00e9hicules. Gr\u00e2ce \u00e0 notre solution, aucun mouvement de voiture de votre flotte n'\u00e9chappera \u00e0 votre attention. Comme les positions sont affich\u00e9es avec pr\u00e9cision et en temps r\u00e9el, vous avez \u00e0 tout moment une vue d'ensemble de l'ensemble de la flotte et vous pouvez rapidement basculer en cas de vol. Gr\u00e2ce \u00e0 notre solution de suivi et de localisation, plusieurs v\u00e9hicules vol\u00e9s ont d\u00e9j\u00e0 \u00e9t\u00e9 localis\u00e9s et r\u00e9cup\u00e9r\u00e9s avec succ\u00e8s.<\/p>\n<p>Que votre flotte soit compos\u00e9e de deux, dix ou une multitude de voitures de soci\u00e9t\u00e9, il est clair qu'il existe de nombreuses possibilit\u00e9s avec le <a href=\"https:\/\/www.traxgo.be\/fr\/suivi-de-voiture\/\">suivi de voiture<\/a>, quelle que soit la taille de la flotte. Contactez-nous sans engagement pour plus d'informations sur la <a href=\"https:\/\/www.traxgo.be\/fr\/online-track-et-trace-et-systemes-de-localisation\/traxone\/traxone-logiciel-pour-la-gestion-de-flotte-automobile\/\">gestion de votre flotte<\/a>, nous serions heureux d'examiner avec vous les possibilit\u00e9s pour votre entreprise.<\/p>\n","protected":false},"excerpt":{"rendered":"<p>L'installation d'un suivi dans votre flotte offre de nombreux avantages. Les informations en temps r\u00e9el sur les positions des voitures constituent une base, mais de nombreuses autres choses sont \u00e9galement possibles pour am\u00e9liorer l'efficacit\u00e9 de votre entreprise. Un syst\u00e8me de suivi peut non seulement \u00eatre install\u00e9 dans les v\u00e9hicules utilitaires ordinaires, mais le suivi et [&hellip;]<\/p>\n","protected":false},"author":1,"featured_media":6742,"parent":0,"menu_order":0,"comment_status":"closed","ping_status":"closed","template":"","meta":{"_acf_changed":false,"footnotes":""},"class_list":["post-11487","page","type-page","status-publish","has-post-thumbnail","hentry"],"acf":[],"_links":{"self":[{"href":"https:\/\/www.traxgo.be\/fr\/wp-json\/wp\/v2\/pages\/11487","targetHints":{"allow":["GET"]}}],"collection":[{"href":"https:\/\/www.traxgo.be\/fr\/wp-json\/wp\/v2\/pages"}],"about":[{"href":"https:\/\/www.traxgo.be\/fr\/wp-json\/wp\/v2\/types\/page"}],"author":[{"embeddable":true,"href":"https:\/\/www.traxgo.be\/fr\/wp-json\/wp\/v2\/users\/1"}],"replies":[{"embeddable":true,"href":"https:\/\/www.traxgo.be\/fr\/wp-json\/wp\/v2\/comments?post=11487"}],"version-history":[{"count":10,"href":"https:\/\/www.traxgo.be\/fr\/wp-json\/wp\/v2\/pages\/11487\/revisions"}],"predecessor-version":[{"id":13527,"href":"https:\/\/www.traxgo.be\/fr\/wp-json\/wp\/v2\/pages\/11487\/revisions\/13527"}],"wp:featuredmedia":[{"embeddable":true,"href":"https:\/\/www.traxgo.be\/fr\/wp-json\/wp\/v2\/media\/6742"}],"wp:attachment":[{"href":"https:\/\/www.traxgo.be\/fr\/wp-json\/wp\/v2\/media?parent=11487"}],"curies":[{"name":"wp","href":"https:\/\/api.w.org\/{rel}","templated":true}]}}