{"id":11501,"date":"2022-06-03T06:52:49","date_gmt":"2022-06-03T06:52:49","guid":{"rendered":"https:\/\/www.traxgo.be\/?page_id=11501"},"modified":"2022-07-08T06:41:03","modified_gmt":"2022-07-08T06:41:03","slug":"verification-de-la-pression-des-pneus","status":"publish","type":"page","link":"https:\/\/www.traxgo.be\/fr\/verification-de-la-pression-des-pneus\/","title":{"rendered":"V\u00e9rification pression des pneus"},"content":{"rendered":"<h2>V\u00e9rification de la pression des pneus<\/h2>\n<p><img loading=\"lazy\" decoding=\"async\" class=\"alignright wp-image-4019\" src=\"https:\/\/www.traxgo.be\/wp-content\/uploads\/2019\/05\/61177073_2519104991455195_8243944726852534272_o-1024x683.jpg\" alt=\"V\u00e9rification de la pression des pneus\" width=\"580\" height=\"387\" srcset=\"https:\/\/www.traxgo.be\/wp-content\/uploads\/2019\/05\/61177073_2519104991455195_8243944726852534272_o-1024x683.jpg 1024w, https:\/\/www.traxgo.be\/wp-content\/uploads\/2019\/05\/61177073_2519104991455195_8243944726852534272_o-300x200.jpg 300w, https:\/\/www.traxgo.be\/wp-content\/uploads\/2019\/05\/61177073_2519104991455195_8243944726852534272_o-768x512.jpg 768w, https:\/\/www.traxgo.be\/wp-content\/uploads\/2019\/05\/61177073_2519104991455195_8243944726852534272_o.jpg 2048w\" sizes=\"auto, (max-width: 580px) 100vw, 580px\" \/>Il est important d'effectuer un contr\u00f4le de la pression des pneus \u00e0 intervalles r\u00e9guliers. La pression des pneus est trop \u00e9lev\u00e9e ou trop basse dans plus de la moiti\u00e9 des camions et autres v\u00e9hicules. Conduire avec une mauvaise pression des pneus a une influence n\u00e9gative sur l'usure et l'adh\u00e9rence de vos pneus et sur la consommation de carburant. En plus de suivre et de surveiller les voitures, camions, ..., nos diff\u00e9rents <a href=\"https:\/\/www.traxgo.be\/fr\/tracking\/\">syst\u00e8mes de suivi<\/a> des v\u00e9hicules peuvent \u00e9galement aider \u00e0 cartographier la pression de leurs pneus.<\/p>\n<h3>Usure des pneus<\/h3>\n<p>Une pression des pneus correcte assure une usure uniforme. Si la pression des pneus est trop \u00e9lev\u00e9e, l'usure au centre du pneu augmentera, tandis que si la pression des pneus est trop faible, les c\u00f4t\u00e9s s'useront plus rapidement. Par cons\u00e9quent, vos pneus dureront beaucoup moins longtemps.<\/p>\n<h3>Adh\u00e9rence des pneus<\/h3>\n<p>Une pression des pneus trop \u00e9lev\u00e9e ou trop basse r\u00e9duit l'adh\u00e9rence de vos pneus. Cela a un effet n\u00e9gatif sur votre comportement au freinage et sur votre s\u00e9curit\u00e9. Il est donc tr\u00e8s important d'effectuer r\u00e9guli\u00e8rement un contr\u00f4le de la pression des pneus, via un syst\u00e8me automatis\u00e9 ou non.<\/p>\n<h3>Consommation de carburant<\/h3>\n<p>Une pression des pneus incorrecte augmentera votre consommation de carburant. En effectuant r\u00e9guli\u00e8rement un contr\u00f4le avec un <a href=\"https:\/\/www.traxgo.be\/fr\/online-track-et-trace-et-systemes-de-localisation\/systeme-de-controle-de-pression-des-pneus\/\">syst\u00e8me de surveillance de la pression des pneus<\/a>, vous pouvez \u00e9conomiser beaucoup de frais. Un contr\u00f4le mensuel est recommand\u00e9 pour s'assurer que vous conduisez avec la bonne pression des pneus. Cela augmente votre s\u00e9curit\u00e9 et r\u00e9duit votre consommation de carburant.<\/p>\n<p><a class=\"button cta\" href=\"#contact\">Plus d'information? <strong>Contactez-nous<\/strong><\/a><\/p>\n","protected":false},"excerpt":{"rendered":"<p>V\u00e9rification de la pression des pneus Il est important d'effectuer un contr\u00f4le de la pression des pneus \u00e0 intervalles r\u00e9guliers. La pression des pneus est trop \u00e9lev\u00e9e ou trop basse dans plus de la moiti\u00e9 des camions et autres v\u00e9hicules. Conduire avec une mauvaise pression des pneus a une influence n\u00e9gative sur l'usure et l'adh\u00e9rence [&hellip;]<\/p>\n","protected":false},"author":1,"featured_media":6454,"parent":0,"menu_order":0,"comment_status":"closed","ping_status":"closed","template":"","meta":{"_acf_changed":false,"footnotes":""},"class_list":["post-11501","page","type-page","status-publish","has-post-thumbnail","hentry"],"acf":[],"_links":{"self":[{"href":"https:\/\/www.traxgo.be\/fr\/wp-json\/wp\/v2\/pages\/11501","targetHints":{"allow":["GET"]}}],"collection":[{"href":"https:\/\/www.traxgo.be\/fr\/wp-json\/wp\/v2\/pages"}],"about":[{"href":"https:\/\/www.traxgo.be\/fr\/wp-json\/wp\/v2\/types\/page"}],"author":[{"embeddable":true,"href":"https:\/\/www.traxgo.be\/fr\/wp-json\/wp\/v2\/users\/1"}],"replies":[{"embeddable":true,"href":"https:\/\/www.traxgo.be\/fr\/wp-json\/wp\/v2\/comments?post=11501"}],"version-history":[{"count":9,"href":"https:\/\/www.traxgo.be\/fr\/wp-json\/wp\/v2\/pages\/11501\/revisions"}],"predecessor-version":[{"id":12479,"href":"https:\/\/www.traxgo.be\/fr\/wp-json\/wp\/v2\/pages\/11501\/revisions\/12479"}],"wp:featuredmedia":[{"embeddable":true,"href":"https:\/\/www.traxgo.be\/fr\/wp-json\/wp\/v2\/media\/6454"}],"wp:attachment":[{"href":"https:\/\/www.traxgo.be\/fr\/wp-json\/wp\/v2\/media?parent=11501"}],"curies":[{"name":"wp","href":"https:\/\/api.w.org\/{rel}","templated":true}]}}