{"id":11531,"date":"2022-06-03T07:25:15","date_gmt":"2022-06-03T07:25:15","guid":{"rendered":"https:\/\/www.traxgo.be\/?page_id=11531"},"modified":"2022-06-03T07:31:39","modified_gmt":"2022-06-03T07:31:39","slug":"reduire-la-consommation-de-carburant","status":"publish","type":"page","link":"https:\/\/www.traxgo.be\/fr\/reduire-la-consommation-de-carburant\/","title":{"rendered":"R\u00e9duire la consommation de carburant"},"content":{"rendered":"<h2>R\u00e9duire la consommation de carburant<\/h2>\n<p><img loading=\"lazy\" decoding=\"async\" class=\"alignright wp-image-5404\" src=\"https:\/\/www.traxgo.be\/wp-content\/uploads\/2020\/04\/48409554_s.jpg\" alt=\"R\u00e9duire la consommation de carburant avec track-and-trace\" width=\"580\" height=\"386\" srcset=\"https:\/\/www.traxgo.be\/wp-content\/uploads\/2020\/04\/48409554_s.jpg 848w, https:\/\/www.traxgo.be\/wp-content\/uploads\/2020\/04\/48409554_s-300x200.jpg 300w, https:\/\/www.traxgo.be\/wp-content\/uploads\/2020\/04\/48409554_s-768x512.jpg 768w\" sizes=\"auto, (max-width: 580px) 100vw, 580px\" \/>Vous souhaitez r\u00e9duire la consommation de carburant de la flotte de votre organisation ? Cela d\u00e9pend en grande partie du comportement de conduite de vos employ\u00e9s. Il y a toujours place \u00e0 l'am\u00e9lioration au sein d'une entreprise. Aussi pour v\u00e9hicules utilitaires. Utilisent-ils de mani\u00e8re optimale les possibilit\u00e9s ? Et sinon, quoi de mieux ?<\/p>\n<p><a href=\"https:\/\/www.traxgo.be\/fr\/online-track-et-trace-et-systemes-de-localisation\/enregistrement-du-kilometrage\/\">L'enregistrement des kilom\u00e8tres<\/a> est l'un des domaines o\u00f9 il y a beaucoup de place \u00e0 l'am\u00e9lioration. En utilisant des solutions de surveillance intelligentes avec l'utilisation de notre logiciel, d'\u00e9normes \u00e9conomies peuvent \u00eatre r\u00e9alis\u00e9es sur le carburant. Toutes les informations sur les d\u00e9placements de vos collaborateurs sont trac\u00e9es et analys\u00e9es en d\u00e9tail. Cela permet d'am\u00e9liorer certains man\u00e8ges. Les trajets des v\u00e9hicules utilitaires sont alors mieux planifi\u00e9s. <a href=\"https:\/\/www.traxgo.be\/brandstof-besparen-met-onze-efficiente-toepassingen\/\">L'\u00e9conomie de consommation de carburant<\/a> est donc une v\u00e9ritable option pour toute entreprise.<\/p>\n<p>\u00c9conomiser sur la consommation de carburant est un objectif lucratif, surtout \u00e0 long terme. Lorsque cela se produit trajet apr\u00e8s trajet, les \u00e9conomies augmentent naturellement.<\/p>\n<p>Vous souhaitez en savoir plus sur la mani\u00e8re dont vous pouvez r\u00e9duire votre consommation de carburant gr\u00e2ce \u00e0 nos <a href=\"https:\/\/www.traxgo.be\/fr\/tracking\/\">applications intelligentes de suivi et de tra\u00e7abilit\u00e9<\/a> ? Alors contactez Traxgo et d\u00e9couvrez ce que nous pouvons faire pour vous avec nos applications efficaces.<\/p>\n<p><a class=\"button cta\" href=\"#contact\">Plus d'information? <strong>Contactez-nous<\/strong><\/a><\/p>\n","protected":false},"excerpt":{"rendered":"<p>R\u00e9duire la consommation de carburant Vous souhaitez r\u00e9duire la consommation de carburant de la flotte de votre organisation ? Cela d\u00e9pend en grande partie du comportement de conduite de vos employ\u00e9s. Il y a toujours place \u00e0 l'am\u00e9lioration au sein d'une entreprise. Aussi pour v\u00e9hicules utilitaires. Utilisent-ils de mani\u00e8re optimale les possibilit\u00e9s ? Et sinon, [&hellip;]<\/p>\n","protected":false},"author":1,"featured_media":6734,"parent":0,"menu_order":0,"comment_status":"closed","ping_status":"closed","template":"","meta":{"_acf_changed":false,"footnotes":""},"class_list":["post-11531","page","type-page","status-publish","has-post-thumbnail","hentry"],"acf":[],"_links":{"self":[{"href":"https:\/\/www.traxgo.be\/fr\/wp-json\/wp\/v2\/pages\/11531","targetHints":{"allow":["GET"]}}],"collection":[{"href":"https:\/\/www.traxgo.be\/fr\/wp-json\/wp\/v2\/pages"}],"about":[{"href":"https:\/\/www.traxgo.be\/fr\/wp-json\/wp\/v2\/types\/page"}],"author":[{"embeddable":true,"href":"https:\/\/www.traxgo.be\/fr\/wp-json\/wp\/v2\/users\/1"}],"replies":[{"embeddable":true,"href":"https:\/\/www.traxgo.be\/fr\/wp-json\/wp\/v2\/comments?post=11531"}],"version-history":[{"count":6,"href":"https:\/\/www.traxgo.be\/fr\/wp-json\/wp\/v2\/pages\/11531\/revisions"}],"predecessor-version":[{"id":11537,"href":"https:\/\/www.traxgo.be\/fr\/wp-json\/wp\/v2\/pages\/11531\/revisions\/11537"}],"wp:featuredmedia":[{"embeddable":true,"href":"https:\/\/www.traxgo.be\/fr\/wp-json\/wp\/v2\/media\/6734"}],"wp:attachment":[{"href":"https:\/\/www.traxgo.be\/fr\/wp-json\/wp\/v2\/media?parent=11531"}],"curies":[{"name":"wp","href":"https:\/\/api.w.org\/{rel}","templated":true}]}}