{"id":11544,"date":"2022-06-03T07:46:36","date_gmt":"2022-06-03T07:46:36","guid":{"rendered":"https:\/\/www.traxgo.be\/?page_id=11544"},"modified":"2022-06-03T07:52:57","modified_gmt":"2022-06-03T07:52:57","slug":"conduite-econome-en-energie","status":"publish","type":"page","link":"https:\/\/www.traxgo.be\/fr\/conduite-econome-en-energie\/","title":{"rendered":"Conduite \u00e9conome en \u00e9nergie"},"content":{"rendered":"<h2>Conduite \u00e9conome en \u00e9nergie<\/h2>\n<p><img loading=\"lazy\" decoding=\"async\" class=\"alignright wp-image-5404\" src=\"https:\/\/www.traxgo.be\/wp-content\/uploads\/2020\/04\/48409554_s.jpg\" alt=\"Conduite \u00e9conome en \u00e9nergie | Eco-conduite | Traxgo\" width=\"580\" height=\"386\" srcset=\"https:\/\/www.traxgo.be\/wp-content\/uploads\/2020\/04\/48409554_s.jpg 848w, https:\/\/www.traxgo.be\/wp-content\/uploads\/2020\/04\/48409554_s-300x200.jpg 300w, https:\/\/www.traxgo.be\/wp-content\/uploads\/2020\/04\/48409554_s-768x512.jpg 768w\" sizes=\"auto, (max-width: 580px) 100vw, 580px\" \/>La consommation de carburant et les \u00e9missions de CO2 de votre voiture sont influenc\u00e9es, entre autres, par votre comportement au volant. L'\u00e9coconduite ou la conduite \u00e9conome en \u00e9nergie peut vous faire <a href=\"https:\/\/www.traxgo.be\/fr\/economisez-du-carburant-grace-a-nos-applications-efficaces\/\">\u00e9conomiser beaucoup de carburant<\/a> et augmenter la s\u00e9curit\u00e9. Les solutions Traxgo peuvent vous aider \u00e0 surveiller et \u00e0 signaler les diff\u00e9rents param\u00e8tres importants \u00e0 cet \u00e9gard. Sur la base de ce rapport, vous pouvez ensuite d\u00e9terminer o\u00f9 des am\u00e9liorations peuvent encore \u00eatre apport\u00e9es et continuer \u00e0 surveiller les ajustements.<\/p>\n<h3>R\u00e9duction de la consommation de carburant et des \u00e9missions de CO2<\/h3>\n<p>Gr\u00e2ce aux conseils et astuces ci-dessous, vous pouvez limiter la consommation de carburant et les \u00e9missions de CO2 de votre voiture. Contrairement \u00e0 un style de conduite sportif, vous pouvez <strong>\u00e9conomiser jusqu'\u00e0 un tiers des co\u00fbts<\/strong> gr\u00e2ce \u00e0 l'\u00e9coconduite. De plus, vous contribuez de mani\u00e8re positive \u00e0 l'am\u00e9lioration de l'environnement, un facteur non n\u00e9gligeable.<\/p>\n<ol>\n<li>Anticiper<\/li>\n<li>\u00c9teindre le moteur<\/li>\n<li>Commutation plus rapide<\/li>\n<li>Poids limite<\/li>\n<li>Maintenance r\u00e9guli\u00e8re<\/li>\n<li>Choisissez la vitesse appropri\u00e9e<\/li>\n<li>Limiter la r\u00e9sistance de l'air<\/li>\n<li><a href=\"https:\/\/www.traxgo.be\/fr\/verification-de-la-pression-des-pneus\/\">V\u00e9rification de la pression des pneus<\/a><\/li>\n<li>Limiter la consommation d'\u00e9nergie<\/li>\n<li>Appliquer l'\u00e9quipement embarqu\u00e9<\/li>\n<\/ol>\n<h3>\u00cates-vous un gestionnaire de flotte?<\/h3>\n<p>Et \u00eates-vous \u00e9galement convaincu de la valeur ajout\u00e9e que les principes de l'\u00e9coconduite impliquent ? D\u00e9couvrez les nombreuses <a href=\"https:\/\/www.traxgo.be\/fr\/online-track-et-trace-et-systemes-de-localisation\/\">solutions<\/a> Traxgo avec lesquelles vous pouvez suivre ou surveiller activement les v\u00e9hicules de votre flotte. Parce que vous pouvez consulter les informations <strong>en temps r\u00e9el<\/strong> depuis n'importe quel endroit et \u00e0 tout moment, vous pouvez r\u00e9agir rapidement au comportement de conduite de vos employ\u00e9s ou coll\u00e8gues sur la route - qu'il s'agisse de techniciens de service, de repr\u00e9sentants, de coursiers, ... - et en utilisant des donn\u00e9es concr\u00e8tes pour les sensibiliser aux am\u00e9liorations possibles que peut apporter une conduite \u00e9conome en \u00e9nergie.<\/p>\n<p>M\u00eame si vous recherchez uniquement un syst\u00e8me de suivi de v\u00e9hicules solide pour vos v\u00e9hicules utilitaires, nous pouvons vous proposer une solution. En plus d'une s\u00e9curit\u00e9 optimale pour votre flotte, cela vous offre une gamme d'options de surveillance et de reporting, afin qu'aucun \u00e9cart n'\u00e9chappe \u00e0 votre attention.<\/p>\n<p><a class=\"button cta\" href=\"#contact\">Plus d'information? <strong>Contactez-nous<\/strong><\/a><\/p>\n","protected":false},"excerpt":{"rendered":"<p>Conduite \u00e9conome en \u00e9nergie La consommation de carburant et les \u00e9missions de CO2 de votre voiture sont influenc\u00e9es, entre autres, par votre comportement au volant. L'\u00e9coconduite ou la conduite \u00e9conome en \u00e9nergie peut vous faire \u00e9conomiser beaucoup de carburant et augmenter la s\u00e9curit\u00e9. Les solutions Traxgo peuvent vous aider \u00e0 surveiller et \u00e0 signaler les [&hellip;]<\/p>\n","protected":false},"author":1,"featured_media":6454,"parent":0,"menu_order":0,"comment_status":"closed","ping_status":"closed","template":"","meta":{"_acf_changed":false,"footnotes":""},"class_list":["post-11544","page","type-page","status-publish","has-post-thumbnail","hentry"],"acf":[],"_links":{"self":[{"href":"https:\/\/www.traxgo.be\/fr\/wp-json\/wp\/v2\/pages\/11544","targetHints":{"allow":["GET"]}}],"collection":[{"href":"https:\/\/www.traxgo.be\/fr\/wp-json\/wp\/v2\/pages"}],"about":[{"href":"https:\/\/www.traxgo.be\/fr\/wp-json\/wp\/v2\/types\/page"}],"author":[{"embeddable":true,"href":"https:\/\/www.traxgo.be\/fr\/wp-json\/wp\/v2\/users\/1"}],"replies":[{"embeddable":true,"href":"https:\/\/www.traxgo.be\/fr\/wp-json\/wp\/v2\/comments?post=11544"}],"version-history":[{"count":7,"href":"https:\/\/www.traxgo.be\/fr\/wp-json\/wp\/v2\/pages\/11544\/revisions"}],"predecessor-version":[{"id":11552,"href":"https:\/\/www.traxgo.be\/fr\/wp-json\/wp\/v2\/pages\/11544\/revisions\/11552"}],"wp:featuredmedia":[{"embeddable":true,"href":"https:\/\/www.traxgo.be\/fr\/wp-json\/wp\/v2\/media\/6454"}],"wp:attachment":[{"href":"https:\/\/www.traxgo.be\/fr\/wp-json\/wp\/v2\/media?parent=11544"}],"curies":[{"name":"wp","href":"https:\/\/api.w.org\/{rel}","templated":true}]}}