{"id":11559,"date":"2022-06-03T08:22:30","date_gmt":"2022-06-03T08:22:30","guid":{"rendered":"https:\/\/www.traxgo.be\/?page_id=11559"},"modified":"2022-06-03T08:26:38","modified_gmt":"2022-06-03T08:26:38","slug":"services-de-messagerie","status":"publish","type":"page","link":"https:\/\/www.traxgo.be\/fr\/services-de-messagerie\/","title":{"rendered":"Services de messagerie"},"content":{"rendered":"<h1>Solutions de suivi et de tra\u00e7abilit\u00e9 pour les services de messagerie<\/h1>\n<p><img loading=\"lazy\" decoding=\"async\" class=\"alignright size-large wp-image-5095\" src=\"https:\/\/www.traxgo.be\/wp-content\/uploads\/2020\/01\/claudio-schwarz-purzlbaum-FLLKq3yDnfI-unsplash-1024x518.jpg\" alt=\"Suivi et tra\u00e7abilit\u00e9 des services de messagerie\" width=\"640\" height=\"324\" srcset=\"https:\/\/www.traxgo.be\/wp-content\/uploads\/2020\/01\/claudio-schwarz-purzlbaum-FLLKq3yDnfI-unsplash-1024x518.jpg 1024w, https:\/\/www.traxgo.be\/wp-content\/uploads\/2020\/01\/claudio-schwarz-purzlbaum-FLLKq3yDnfI-unsplash-300x152.jpg 300w, https:\/\/www.traxgo.be\/wp-content\/uploads\/2020\/01\/claudio-schwarz-purzlbaum-FLLKq3yDnfI-unsplash-768x389.jpg 768w\" sizes=\"auto, (max-width: 640px) 100vw, 640px\" \/>La gestion d'une flotte d'un service de messagerie implique beaucoup. De plus, une planification efficace est n\u00e9cessaire. Un syst\u00e8me de suivi et de tra\u00e7abilit\u00e9 pour les services de messagerie est la solution id\u00e9ale pour suivre vos v\u00e9hicules en temps r\u00e9el.<\/p>\n<h3>Qu'est-ce que le suivi et la tra\u00e7abilit\u00e9 pour les services de messagerie\u00a0?<\/h3>\n<p>Avec un syst\u00e8me de track and trace, un tracker GPS est install\u00e9 dans vos v\u00e9hicules. Gr\u00e2ce \u00e0 ce tracker, vous pouvez voir en temps r\u00e9el o\u00f9 se trouve chaque v\u00e9hicule \u00e0 ce moment-l\u00e0. Gr\u00e2ce \u00e0 la plateforme en ligne Traxgo, vous pouvez \u00e9galement tracer la position de n'importe quel v\u00e9hicule sur une carte.<\/p>\n<p><a class=\"button cta\" href=\"#contact\">Plus d'information? <strong>Contactez-nous<\/strong><\/a><\/p>\n<h3>Communication optimale<\/h3>\n<p>La plateforme en ligne collecte toutes les donn\u00e9es de localisation, consommation de carburant, comportement de conduite, ... de chaque v\u00e9hicule en temps r\u00e9el. Vous \u00eates ainsi mieux en contact avec vos collaborateurs et vous pouvez intervenir \u00e0 temps en cas de changement d'itin\u00e9raire ou de planning. En communiquant de mani\u00e8re optimale, vos marchandises sont livr\u00e9es plus rapidement. De plus, vous pouvez \u00e9changer toute l'administration via le syst\u00e8me en ligne.<\/p>\n<h3>Rapports clairs<\/h3>\n<p>Toutes les donn\u00e9es collect\u00e9es sur la plateforme en ligne sont converties en rapports structur\u00e9s. Cela vous donne un aper\u00e7u clair de chaque v\u00e9hicule individuellement. De cette fa\u00e7on, vous pouvez intervenir en cas de probl\u00e8me, afin que vos marchandises puissent \u00eatre livr\u00e9es \u00e0 temps.<\/p>\n<h3>Planification efficace<\/h3>\n<p>Un syst\u00e8me de suivi et de tra\u00e7abilit\u00e9 fournit des mises \u00e0 jour automatiques pour chaque v\u00e9hicule. De cette fa\u00e7on, vous \u00eates au courant des inspections, de l'entretien et des amendes. Cela conduit \u00e0 une <a href=\"https:\/\/www.traxgo.be\/fr\/online-track-et-trace-et-systemes-de-localisation\/traxone\/traxone-logiciel-de-planification\/\">planification efficace<\/a> et simplifie votre administration. En orientant vos employ\u00e9s vers leur comportement au volant, vous pouvez \u00e9galement \u00e9viter les accidents et <a href=\"https:\/\/www.traxgo.be\/fr\/economisez-du-carburant-grace-a-nos-applications-efficaces\/\">r\u00e9duire la consommation de carburant<\/a>.<\/p>\n<p>\u00cates-vous int\u00e9ress\u00e9 par un syst\u00e8me de suivi et de tra\u00e7abilit\u00e9 pour votre flotte ?<br \/>\nN'h\u00e9sitez pas \u00e0 <a href=\"#contact\">nous contacter<\/a>.<\/p>\n","protected":false},"excerpt":{"rendered":"<p>Solutions de suivi et de tra\u00e7abilit\u00e9 pour les services de messagerie La gestion d'une flotte d'un service de messagerie implique beaucoup. De plus, une planification efficace est n\u00e9cessaire. Un syst\u00e8me de suivi et de tra\u00e7abilit\u00e9 pour les services de messagerie est la solution id\u00e9ale pour suivre vos v\u00e9hicules en temps r\u00e9el. Qu'est-ce que le suivi [&hellip;]<\/p>\n","protected":false},"author":1,"featured_media":6676,"parent":0,"menu_order":0,"comment_status":"closed","ping_status":"closed","template":"","meta":{"_acf_changed":false,"footnotes":""},"class_list":["post-11559","page","type-page","status-publish","has-post-thumbnail","hentry"],"acf":[],"_links":{"self":[{"href":"https:\/\/www.traxgo.be\/fr\/wp-json\/wp\/v2\/pages\/11559","targetHints":{"allow":["GET"]}}],"collection":[{"href":"https:\/\/www.traxgo.be\/fr\/wp-json\/wp\/v2\/pages"}],"about":[{"href":"https:\/\/www.traxgo.be\/fr\/wp-json\/wp\/v2\/types\/page"}],"author":[{"embeddable":true,"href":"https:\/\/www.traxgo.be\/fr\/wp-json\/wp\/v2\/users\/1"}],"replies":[{"embeddable":true,"href":"https:\/\/www.traxgo.be\/fr\/wp-json\/wp\/v2\/comments?post=11559"}],"version-history":[{"count":4,"href":"https:\/\/www.traxgo.be\/fr\/wp-json\/wp\/v2\/pages\/11559\/revisions"}],"predecessor-version":[{"id":11564,"href":"https:\/\/www.traxgo.be\/fr\/wp-json\/wp\/v2\/pages\/11559\/revisions\/11564"}],"wp:featuredmedia":[{"embeddable":true,"href":"https:\/\/www.traxgo.be\/fr\/wp-json\/wp\/v2\/media\/6676"}],"wp:attachment":[{"href":"https:\/\/www.traxgo.be\/fr\/wp-json\/wp\/v2\/media?parent=11559"}],"curies":[{"name":"wp","href":"https:\/\/api.w.org\/{rel}","templated":true}]}}