{"id":11574,"date":"2022-06-03T08:42:12","date_gmt":"2022-06-03T08:42:12","guid":{"rendered":"https:\/\/www.traxgo.be\/?page_id=11574"},"modified":"2022-07-27T11:37:34","modified_gmt":"2022-07-27T11:37:34","slug":"secteur-agricole","status":"publish","type":"page","link":"https:\/\/www.traxgo.be\/fr\/secteur-agricole\/","title":{"rendered":"Secteur agricole"},"content":{"rendered":"<h1>Solutions Track and Trace pour le secteur agricole<\/h1>\n<p><img loading=\"lazy\" decoding=\"async\" class=\"alignright wp-image-5101\" src=\"https:\/\/www.traxgo.be\/wp-content\/uploads\/2020\/01\/green-tractor-plowing-the-fields-on-focus-photography-2933243-1024x683.jpg\" alt=\"Suivre et tracer les machines agricoles\" width=\"540\" height=\"360\" srcset=\"https:\/\/www.traxgo.be\/wp-content\/uploads\/2020\/01\/green-tractor-plowing-the-fields-on-focus-photography-2933243-1024x683.jpg 1024w, https:\/\/www.traxgo.be\/wp-content\/uploads\/2020\/01\/green-tractor-plowing-the-fields-on-focus-photography-2933243-300x200.jpg 300w, https:\/\/www.traxgo.be\/wp-content\/uploads\/2020\/01\/green-tractor-plowing-the-fields-on-focus-photography-2933243-768x512.jpg 768w\" sizes=\"auto, (max-width: 540px) 100vw, 540px\" \/>Apr\u00e8s les heures de travail, les machines et mat\u00e9riels agricoles sont laiss\u00e9s sans surveillance. Pensez aux tracteurs, chariots t\u00e9lescopiques, \u00e9pandeurs d'engrais, etc. Avec un syst\u00e8me de suivi et de tra\u00e7abilit\u00e9 (ou \"tracking\"), les entreprises du secteur agricole peuvent suivre leurs machines et leurs mat\u00e9riaux \u00e0 tout moment et n'importe o\u00f9. Un avantage suppl\u00e9mentaire est qu'il est possible d'enregistrer les heures de fonctionnement des machines.<\/p>\n<h3>Suivi et tra\u00e7abilit\u00e9 pour l'agriculture<\/h3>\n<p>Un syst\u00e8me de suivi et de tra\u00e7abilit\u00e9 est la solution id\u00e9ale pour la surveillance \u00e0 distance de vos machines et mat\u00e9riels agricoles. Un <a href=\"https:\/\/www.traxgo.be\/fr\/traceur-gps\/\">tracker GPS<\/a> ne n\u00e9cessite pas d'installation complexe. De plus, vous serez averti si vos machines ou mat\u00e9riaux se trouvent en dehors d'un certain emplacement. Un syst\u00e8me de suivi et de tra\u00e7abilit\u00e9 offre une <a href=\"https:\/\/www.traxgo.be\/fr\/systeme-track-and-trace-comme-securite-contre-le-vol-des-camionnettes\/\">s\u00e9curit\u00e9 suppl\u00e9mentaire<\/a> pour tous vos \u00e9quipements agricoles.<\/p>\n<h3>Enregistrez les heures de fonctionnement de vos machines<\/h3>\n<p>Avec un tracker GPS, vous pouvez enregistrer <a href=\"https:\/\/www.traxgo.be\/fr\/online-track-et-trace-et-systemes-de-localisation\/enregistrement-des-heures-de-services\/\">les heures de fonctionnement de vos machines<\/a>. De cette fa\u00e7on, vous \u00eates automatiquement averti lorsque vos machines ont besoin d'\u00eatre entretenues. En gardant une trace des heures de fonctionnement de vos machines, vous pouvez facturer correctement. Les heures enregistr\u00e9es sont r\u00e9sum\u00e9es dans des rapports clairs. Cela garantit une administration simplifi\u00e9e. Avec un tracker, vous pouvez \u00e9galement maximiser l'efficacit\u00e9 de votre machine.<\/p>\n<p>\u00cates-vous int\u00e9ress\u00e9 par un syst\u00e8me de suivi et de tra\u00e7abilit\u00e9 pour vos machines et mat\u00e9riels agricoles? N'h\u00e9sitez pas \u00e0 <a href=\"https:\/\/www.traxgo.be\/fr\/contact\/\">nous contacter<\/a>.<\/p>\n<p><a class=\"button cta\" href=\"#contact\">Plus d'information? <strong>Contactez-nous<\/strong><\/a><\/p>\n","protected":false},"excerpt":{"rendered":"<p>Solutions Track and Trace pour le secteur agricole Apr\u00e8s les heures de travail, les machines et mat\u00e9riels agricoles sont laiss\u00e9s sans surveillance. Pensez aux tracteurs, chariots t\u00e9lescopiques, \u00e9pandeurs d'engrais, etc. Avec un syst\u00e8me de suivi et de tra\u00e7abilit\u00e9 (ou \"tracking\"), les entreprises du secteur agricole peuvent suivre leurs machines et leurs mat\u00e9riaux \u00e0 tout moment [&hellip;]<\/p>\n","protected":false},"author":1,"featured_media":6680,"parent":0,"menu_order":0,"comment_status":"closed","ping_status":"closed","template":"","meta":{"_acf_changed":false,"footnotes":""},"class_list":["post-11574","page","type-page","status-publish","has-post-thumbnail","hentry"],"acf":[],"_links":{"self":[{"href":"https:\/\/www.traxgo.be\/fr\/wp-json\/wp\/v2\/pages\/11574","targetHints":{"allow":["GET"]}}],"collection":[{"href":"https:\/\/www.traxgo.be\/fr\/wp-json\/wp\/v2\/pages"}],"about":[{"href":"https:\/\/www.traxgo.be\/fr\/wp-json\/wp\/v2\/types\/page"}],"author":[{"embeddable":true,"href":"https:\/\/www.traxgo.be\/fr\/wp-json\/wp\/v2\/users\/1"}],"replies":[{"embeddable":true,"href":"https:\/\/www.traxgo.be\/fr\/wp-json\/wp\/v2\/comments?post=11574"}],"version-history":[{"count":9,"href":"https:\/\/www.traxgo.be\/fr\/wp-json\/wp\/v2\/pages\/11574\/revisions"}],"predecessor-version":[{"id":12937,"href":"https:\/\/www.traxgo.be\/fr\/wp-json\/wp\/v2\/pages\/11574\/revisions\/12937"}],"wp:featuredmedia":[{"embeddable":true,"href":"https:\/\/www.traxgo.be\/fr\/wp-json\/wp\/v2\/media\/6680"}],"wp:attachment":[{"href":"https:\/\/www.traxgo.be\/fr\/wp-json\/wp\/v2\/media?parent=11574"}],"curies":[{"name":"wp","href":"https:\/\/api.w.org\/{rel}","templated":true}]}}