{"id":11587,"date":"2022-06-03T09:04:12","date_gmt":"2022-06-03T09:04:12","guid":{"rendered":"https:\/\/www.traxgo.be\/?page_id=11587"},"modified":"2023-10-30T12:33:29","modified_gmt":"2023-10-30T12:33:29","slug":"logiciel-de-gestion-du-materiel","status":"publish","type":"page","link":"https:\/\/www.traxgo.be\/fr\/logiciel-de-gestion-du-materiel\/","title":{"rendered":"Logiciel de gestion du mat\u00e9riel"},"content":{"rendered":"<h2>Logiciel de gestion du mat\u00e9riel<\/h2>\n<p><img loading=\"lazy\" decoding=\"async\" class=\"alignright wp-image-5465\" src=\"https:\/\/www.traxgo.be\/wp-content\/uploads\/2020\/05\/GalaxyS5_Mockup-1024x622.png\" alt=\"Logiciel de gestion des mat\u00e9riaux | Syst\u00e8me de suivi | Suivre et tracer | Traxgo\" width=\"580\" height=\"352\" srcset=\"https:\/\/www.traxgo.be\/wp-content\/uploads\/2020\/05\/GalaxyS5_Mockup-1024x622.png 1024w, https:\/\/www.traxgo.be\/wp-content\/uploads\/2020\/05\/GalaxyS5_Mockup-300x182.png 300w, https:\/\/www.traxgo.be\/wp-content\/uploads\/2020\/05\/GalaxyS5_Mockup-768x466.png 768w, https:\/\/www.traxgo.be\/wp-content\/uploads\/2020\/05\/GalaxyS5_Mockup.png 1575w\" sizes=\"auto, (max-width: 580px) 100vw, 580px\" \/><\/p>\n<p>Un logiciel de gestion des mat\u00e9riaux vous aide \u00e0 mieux comprendre ce que font vos v\u00e9hicules, machines et mat\u00e9riaux en temps r\u00e9el.<\/p>\n<p>Ce logiciel vous donnera un meilleur aper\u00e7u des activit\u00e9s au sein de votre entreprise. Par exemple, avec ce logiciel, vous pouvez voir o\u00f9 se trouvent vos v\u00e9hicules, machines ou mat\u00e9riaux. Et vous disposez d'informations d\u00e9taill\u00e9es sur les performances de vos v\u00e9hicules et machines. Dans l'ensemble, il s'agit d'informations pr\u00e9cieuses que vous pouvez utiliser pour am\u00e9liorer les processus m\u00e9tier \u00e0 long terme.<\/p>\n<p>\u00cates-vous curieux des possibilit\u00e9s d'un logiciel de gestion de mat\u00e9riel et souhaitez-vous en savoir plus \u00e0 ce sujet? Merci de nous en faire part via notre <a href=\"https:\/\/www.traxgo.be\/fr\/contact\/\">page contact<\/a>. Nous pourrons alors d\u00e9terminer dans les plus brefs d\u00e9lais ce que nous pouvons faire pour vous.<\/p>\n<p><a class=\"button cta\" href=\"#contact\">Plus d'information? <strong>Contactez-nous<\/strong><\/a><\/p>\n<p>&nbsp;<\/p>\n<h4>Consultez des informations d\u00e9taill\u00e9es sur:<\/h4>\n<ul>\n<li><a href=\"https:\/\/www.traxgo.be\/fr\/ameliorer-votre-gestion-du-materiel\/\">Am\u00e9liorer gestion du mat\u00e9riel<\/a><\/li>\n<li><a href=\"https:\/\/www.traxgo.be\/fr\/online-track-et-trace-et-systemes-de-localisation\/localisation-materiaux\/\">Localisation de materiaux en temps r\u00e9el<\/a><\/li>\n<li><a href=\"https:\/\/www.traxgo.be\/fr\/gestion-des-machines-et-du-materiel\/\">Gestion des machines et du mat\u00e9riel<\/a><\/li>\n<\/ul>\n","protected":false},"excerpt":{"rendered":"<p>Logiciel de gestion du mat\u00e9riel Un logiciel de gestion des mat\u00e9riaux vous aide \u00e0 mieux comprendre ce que font vos v\u00e9hicules, machines et mat\u00e9riaux en temps r\u00e9el. Ce logiciel vous donnera un meilleur aper\u00e7u des activit\u00e9s au sein de votre entreprise. Par exemple, avec ce logiciel, vous pouvez voir o\u00f9 se trouvent vos v\u00e9hicules, machines [&hellip;]<\/p>\n","protected":false},"author":1,"featured_media":6748,"parent":0,"menu_order":0,"comment_status":"closed","ping_status":"closed","template":"","meta":{"_acf_changed":false,"footnotes":""},"class_list":["post-11587","page","type-page","status-publish","has-post-thumbnail","hentry"],"acf":[],"_links":{"self":[{"href":"https:\/\/www.traxgo.be\/fr\/wp-json\/wp\/v2\/pages\/11587","targetHints":{"allow":["GET"]}}],"collection":[{"href":"https:\/\/www.traxgo.be\/fr\/wp-json\/wp\/v2\/pages"}],"about":[{"href":"https:\/\/www.traxgo.be\/fr\/wp-json\/wp\/v2\/types\/page"}],"author":[{"embeddable":true,"href":"https:\/\/www.traxgo.be\/fr\/wp-json\/wp\/v2\/users\/1"}],"replies":[{"embeddable":true,"href":"https:\/\/www.traxgo.be\/fr\/wp-json\/wp\/v2\/comments?post=11587"}],"version-history":[{"count":4,"href":"https:\/\/www.traxgo.be\/fr\/wp-json\/wp\/v2\/pages\/11587\/revisions"}],"predecessor-version":[{"id":14959,"href":"https:\/\/www.traxgo.be\/fr\/wp-json\/wp\/v2\/pages\/11587\/revisions\/14959"}],"wp:featuredmedia":[{"embeddable":true,"href":"https:\/\/www.traxgo.be\/fr\/wp-json\/wp\/v2\/media\/6748"}],"wp:attachment":[{"href":"https:\/\/www.traxgo.be\/fr\/wp-json\/wp\/v2\/media?parent=11587"}],"curies":[{"name":"wp","href":"https:\/\/api.w.org\/{rel}","templated":true}]}}