{"id":11604,"date":"2022-06-03T09:30:52","date_gmt":"2022-06-03T09:30:52","guid":{"rendered":"https:\/\/www.traxgo.be\/?page_id=11604"},"modified":"2022-07-05T07:14:29","modified_gmt":"2022-07-05T07:14:29","slug":"suivre-et-tracer-les-vehicules-de-service","status":"publish","type":"page","link":"https:\/\/www.traxgo.be\/fr\/suivre-et-tracer-les-vehicules-de-service\/","title":{"rendered":"Suivre et tracer les v\u00e9hicules de service"},"content":{"rendered":"<h2>Equipez vos v\u00e9hicules de service d'un syst\u00e8me de g\u00e9olocalisation<\/h2>\n<p><img loading=\"lazy\" decoding=\"async\" class=\"alignright wp-image-5646\" src=\"https:\/\/www.traxgo.be\/wp-content\/uploads\/2020\/07\/verhuurbedrijven.jpg\" alt=\"Equipez vos v\u00e9hicules de service de track and trace\" width=\"580\" height=\"387\" srcset=\"https:\/\/www.traxgo.be\/wp-content\/uploads\/2020\/07\/verhuurbedrijven.jpg 768w, https:\/\/www.traxgo.be\/wp-content\/uploads\/2020\/07\/verhuurbedrijven-300x200.jpg 300w\" sizes=\"auto, (max-width: 580px) 100vw, 580px\" \/>Vous connaissez peut-\u00eatre le probl\u00e8me. Un planning - surcharg\u00e9 - a \u00e9t\u00e9 \u00e9tabli pour vos techniciens de service, mais inopin\u00e9ment un client vous contacte pour une intervention urgente. Sans un <strong>syst\u00e8me de suivi<\/strong> et de tra\u00e7abilit\u00e9 dans vos v\u00e9hicules de service, il est presque impossible de savoir quel technicien se trouve exactement o\u00f9, surtout si vous avez une grande flotte, pour d\u00e9terminer lequel d'entre eux est le meilleur \u00e0 visiter. Soit il faut appeler tous les techniciens un par un, et cela fera vite perdre beaucoup de temps. Vous aimeriez pouvoir savoir exactement o\u00f9 se trouvent vos v\u00e9hicules de service \u00e0 tout moment sans perdre de temps et <strong>en temps r\u00e9el<\/strong>? Choisissez alors d'\u00e9quiper vos v\u00e9hicules de service d'un <a href=\"https:\/\/www.traxgo.be\/fr\/tracking\/\">syst\u00e8me de suivi et de tra\u00e7abilit\u00e9<\/a> Traxgo.<\/p>\n<p>Une fois les v\u00e9hicules de votre flotte \u00e9quip\u00e9s d'un <a href=\"https:\/\/www.traxgo.be\/fr\/\">syst\u00e8me de g\u00e9olocalisation<\/a>, vous pouvez parfaitement les suivre via notre plateforme. En plus de simplement <strong>visualiser les positions<\/strong> des v\u00e9hicules de service, ce logiciel efficace peut vous rendre service avec de nombreuses <strong>autres applications<\/strong>. De plus, notre plateforme est accessible \u00e0 tout moment, n'importe o\u00f9, sans installer de logiciel suppl\u00e9mentaire. Vous souhaitez \u00e9quiper votre flotte de notre solution track and trace? Contactez-nous sans engagement, nous serons heureux de vous parler.<\/p>\n<p><a class=\"button cta\" href=\"#contact\">Plus d'information? <strong>Contactez-nous<\/strong><\/a><\/p>\n","protected":false},"excerpt":{"rendered":"<p>Equipez vos v\u00e9hicules de service d'un syst\u00e8me de g\u00e9olocalisation Vous connaissez peut-\u00eatre le probl\u00e8me. Un planning - surcharg\u00e9 - a \u00e9t\u00e9 \u00e9tabli pour vos techniciens de service, mais inopin\u00e9ment un client vous contacte pour une intervention urgente. Sans un syst\u00e8me de suivi et de tra\u00e7abilit\u00e9 dans vos v\u00e9hicules de service, il est presque impossible de [&hellip;]<\/p>\n","protected":false},"author":1,"featured_media":6742,"parent":0,"menu_order":0,"comment_status":"closed","ping_status":"closed","template":"","meta":{"_acf_changed":false,"footnotes":""},"class_list":["post-11604","page","type-page","status-publish","has-post-thumbnail","hentry"],"acf":[],"_links":{"self":[{"href":"https:\/\/www.traxgo.be\/fr\/wp-json\/wp\/v2\/pages\/11604","targetHints":{"allow":["GET"]}}],"collection":[{"href":"https:\/\/www.traxgo.be\/fr\/wp-json\/wp\/v2\/pages"}],"about":[{"href":"https:\/\/www.traxgo.be\/fr\/wp-json\/wp\/v2\/types\/page"}],"author":[{"embeddable":true,"href":"https:\/\/www.traxgo.be\/fr\/wp-json\/wp\/v2\/users\/1"}],"replies":[{"embeddable":true,"href":"https:\/\/www.traxgo.be\/fr\/wp-json\/wp\/v2\/comments?post=11604"}],"version-history":[{"count":7,"href":"https:\/\/www.traxgo.be\/fr\/wp-json\/wp\/v2\/pages\/11604\/revisions"}],"predecessor-version":[{"id":12435,"href":"https:\/\/www.traxgo.be\/fr\/wp-json\/wp\/v2\/pages\/11604\/revisions\/12435"}],"wp:featuredmedia":[{"embeddable":true,"href":"https:\/\/www.traxgo.be\/fr\/wp-json\/wp\/v2\/media\/6742"}],"wp:attachment":[{"href":"https:\/\/www.traxgo.be\/fr\/wp-json\/wp\/v2\/media?parent=11604"}],"curies":[{"name":"wp","href":"https:\/\/api.w.org\/{rel}","templated":true}]}}