{"id":11613,"date":"2022-06-03T09:44:44","date_gmt":"2022-06-03T09:44:44","guid":{"rendered":"https:\/\/www.traxgo.be\/?page_id=11613"},"modified":"2023-05-04T14:04:30","modified_gmt":"2023-05-04T14:04:30","slug":"track-trace-traceur-gps","status":"publish","type":"page","link":"https:\/\/www.traxgo.be\/fr\/track-trace-traceur-gps\/","title":{"rendered":"Track &#038; trace - Traceur GPS"},"content":{"rendered":"<h2>Track &amp; Trace avec un traceur GPS<\/h2>\n<p><img loading=\"lazy\" decoding=\"async\" class=\"alignright wp-image-7770 size-full\" src=\"https:\/\/www.traxgo.be\/wp-content\/uploads\/2021\/01\/black-suv-beside-grey-auv-crossing-the-pedestrian-line-125514.png.jpg\" alt=\"Track &amp; Trace avec traceur GPS | Secteur de la location | Voiture de location | Traxgo\" width=\"580\" height=\"326\" srcset=\"https:\/\/www.traxgo.be\/wp-content\/uploads\/2021\/01\/black-suv-beside-grey-auv-crossing-the-pedestrian-line-125514.png.jpg 580w, https:\/\/www.traxgo.be\/wp-content\/uploads\/2021\/01\/black-suv-beside-grey-auv-crossing-the-pedestrian-line-125514.png-300x169.jpg 300w\" sizes=\"auto, (max-width: 580px) 100vw, 580px\" \/><\/p>\n<p>Avez-vous d\u00e9j\u00e0 envisag\u00e9 d'installer un track &amp; trace dans vos v\u00e9hicules utilitaires ?<\/p>\n<p>Gr\u00e2ce \u00e0 un traceur GPS, il devient possible de suivre exactement <a href=\"https:\/\/www.traxgo.be\/fr\/suivi-de-flotte-un-systeme-de-suivi-pour-votre-flotte\/\">o\u00f9 se trouvent les v\u00e9hicules de votre entreprise<\/a>. De cette fa\u00e7on, vous savez exactement quelles \u00e9taient les heures de d\u00e9part et d'arriv\u00e9e de votre flotte. De plus, vous pouvez r\u00e9agir tr\u00e8s bien et efficacement aux diverses situations qui se pr\u00e9sentent. Gr\u00e2ce au <strong>track &amp; trace<\/strong>, une visualisation compl\u00e8te des itin\u00e9raires parcourus pour votre flotte est possible. Cela facilite \u00e9galement l'administration du personnel, par exemple. \u00c0 long terme, cela vous fera \u00e9conomiser beaucoup de temps et d'argent.<\/p>\n<h3>Caract\u00e9ristiques du suivi des v\u00e9hicules<\/h3>\n<p>La maximisation des profits est parfois dans la petite entreprise. Vous pouvez facilement faire la diff\u00e9rence en surveillant vos voitures de soci\u00e9t\u00e9 <strong>en temps r\u00e9el<\/strong>. Vous devez rendre visite \u00e0 un client \u00e0 l'improviste ? Gr\u00e2ce au suivi GPS li\u00e9 au logiciel central, vous savez imm\u00e9diatement quel employ\u00e9 ou repr\u00e9sentant est le plus proche et vous pouvez changer rapidement.<\/p>\n<p>\u00cates-vous int\u00e9ress\u00e9 par un traceur GPS et souhaitez-vous en savoir plus sur les fonctions de notre traceur GPS ? Veuillez contacter Traxgo et cela sera possible en pratique en un rien de temps. Nous disposons de syst\u00e8mes de suivi performants pour les v\u00e9hicules utilitaires fonctionnant \u00e0 l'essence, au diesel, hybride ou 100 % \u00e9lectrique.<\/p>\n<p><a class=\"button cta\" href=\"#contact\">Plus d'information? <strong>Contactez-nous<\/strong><\/a><\/p>\n","protected":false},"excerpt":{"rendered":"<p>Track &amp; Trace avec un traceur GPS Avez-vous d\u00e9j\u00e0 envisag\u00e9 d'installer un track &amp; trace dans vos v\u00e9hicules utilitaires ? Gr\u00e2ce \u00e0 un traceur GPS, il devient possible de suivre exactement o\u00f9 se trouvent les v\u00e9hicules de votre entreprise. De cette fa\u00e7on, vous savez exactement quelles \u00e9taient les heures de d\u00e9part et d'arriv\u00e9e de votre [&hellip;]<\/p>\n","protected":false},"author":1,"featured_media":6750,"parent":0,"menu_order":0,"comment_status":"closed","ping_status":"closed","template":"","meta":{"_acf_changed":false,"footnotes":""},"class_list":["post-11613","page","type-page","status-publish","has-post-thumbnail","hentry"],"acf":[],"_links":{"self":[{"href":"https:\/\/www.traxgo.be\/fr\/wp-json\/wp\/v2\/pages\/11613","targetHints":{"allow":["GET"]}}],"collection":[{"href":"https:\/\/www.traxgo.be\/fr\/wp-json\/wp\/v2\/pages"}],"about":[{"href":"https:\/\/www.traxgo.be\/fr\/wp-json\/wp\/v2\/types\/page"}],"author":[{"embeddable":true,"href":"https:\/\/www.traxgo.be\/fr\/wp-json\/wp\/v2\/users\/1"}],"replies":[{"embeddable":true,"href":"https:\/\/www.traxgo.be\/fr\/wp-json\/wp\/v2\/comments?post=11613"}],"version-history":[{"count":6,"href":"https:\/\/www.traxgo.be\/fr\/wp-json\/wp\/v2\/pages\/11613\/revisions"}],"predecessor-version":[{"id":14242,"href":"https:\/\/www.traxgo.be\/fr\/wp-json\/wp\/v2\/pages\/11613\/revisions\/14242"}],"wp:featuredmedia":[{"embeddable":true,"href":"https:\/\/www.traxgo.be\/fr\/wp-json\/wp\/v2\/media\/6750"}],"wp:attachment":[{"href":"https:\/\/www.traxgo.be\/fr\/wp-json\/wp\/v2\/media?parent=11613"}],"curies":[{"name":"wp","href":"https:\/\/api.w.org\/{rel}","templated":true}]}}