{"id":11622,"date":"2022-06-03T10:37:56","date_gmt":"2022-06-03T10:37:56","guid":{"rendered":"https:\/\/www.traxgo.be\/?page_id=11622"},"modified":"2024-03-07T10:36:01","modified_gmt":"2024-03-07T10:36:01","slug":"acheter-tracker-systeme-de-suivi","status":"publish","type":"page","link":"https:\/\/www.traxgo.be\/fr\/acheter-tracker-systeme-de-suivi\/","title":{"rendered":"Acheter tracker - syst\u00e8me de suivi"},"content":{"rendered":"<h2>Acheter tracker - Syst\u00e8me de suivi<\/h2>\n<p><img loading=\"lazy\" decoding=\"async\" class=\"alignright wp-image-5460\" src=\"https:\/\/www.traxgo.be\/wp-content\/uploads\/2020\/05\/2882782-1024x684.jpg\" alt=\"Acheter traqueur | Syst\u00e8me de suivi | Suivre et tracer | Traxgo\" width=\"580\" height=\"387\" srcset=\"https:\/\/www.traxgo.be\/wp-content\/uploads\/2020\/05\/2882782-1024x684.jpg 1024w, https:\/\/www.traxgo.be\/wp-content\/uploads\/2020\/05\/2882782-300x200.jpg 300w, https:\/\/www.traxgo.be\/wp-content\/uploads\/2020\/05\/2882782-768x513.jpg 768w\" sizes=\"auto, (max-width: 580px) 100vw, 580px\" \/><\/p>\n<p>Avec un syst\u00e8me de suivi de Traxgo, vous pouvez savoir parfaitement en temps r\u00e9el o\u00f9 se trouvent vos <a href=\"https:\/\/www.traxgo.be\/fr\/online-track-et-trace-et-systemes-de-localisation\/localisation-vehicules\/\">v\u00e9hicules<\/a>, <a href=\"https:\/\/www.traxgo.be\/fr\/online-track-et-trace-et-systemes-de-localisation\/localisation-machines\/\">machines<\/a> et <a href=\"https:\/\/www.traxgo.be\/fr\/online-track-et-trace-et-systemes-de-localisation\/localisation-materiaux\/\">mat\u00e9riaux<\/a> \u00e0 tout moment. Ici vous avez acc\u00e8s aux informations compl\u00e8tes. Cela vous donne un aper\u00e7u de votre administration du personnel, par exemple, et vous fait gagner beaucoup de temps. Soit vous avez un aper\u00e7u des heures de fonctionnement de vos machines et vous pouvez intervenir imm\u00e9diatement en cas de d\u00e9m\u00e9nagement intempestif, \u00e0 tout moment de la journ\u00e9e : notre syst\u00e8me s\u00e9curis\u00e9 vous est accessible en permanence, sans avoir \u00e0 installer de logiciel suppl\u00e9mentaire.<\/p>\n<h3>Pourquoi acheter un tracker est-il int\u00e9ressant ?<\/h3>\n<p>L'achat d'un tracker offre toutes ces possibilit\u00e9s et assure une gestion efficace et confortable de vos v\u00e9hicules, machines et mat\u00e9riels, ce qui vous fera rapidement gagner du temps et de l'argent.<\/p>\n<p>Voulez-vous <a href=\"https:\/\/www.traxgo.be\/fr\/acheter-traceur-gps-de-voiture\/\">acheter un tracker ou traceur GPS<\/a> pour votre entreprise ou \u00eates-vous simplement curieux d'avoir plus d'informations sur un syst\u00e8me de suivi et\/ou de surveillance qui fonctionne bien ? N'h\u00e9sitez pas \u00e0 <a href=\"https:\/\/www.traxgo.be\/fr\/contact\/\">nous contacter<\/a> et \u00e0 nous faire savoir comment nous pouvons vous aider \u00e0 vous fournir un meilleur aper\u00e7u de vos biens. Nos employ\u00e9s passionn\u00e9s ont beaucoup d'exp\u00e9rience dans le secteur du track-and-trace et se feront un plaisir de vous aider.<\/p>\n<p><a class=\"button cta\" href=\"#contact\">Plus d'information? <strong>Contactez-nous<\/strong><\/a><\/p>\n<p>&nbsp;<\/p>\n<h4><strong>Consultez des informations d\u00e9taill\u00e9es sur:<\/strong><\/h4>\n<ul>\n<li><a href=\"https:\/\/www.traxgo.be\/fr\/systeme-de-geolocalisation\/\">Syst\u00e8me de g\u00e9olocalisation pour un suivi pr\u00e9cis<\/a><\/li>\n<li><a href=\"https:\/\/www.traxgo.be\/fr\/acheter-un-traceur-gps-a-prix-bas\/\">Acheter un traceur GPS \u00e0 prix bas, des points \u00e0 consid\u00e9rer<\/a><\/li>\n<li><a href=\"https:\/\/www.traxgo.be\/fr\/suivi-de-flotte-un-systeme-de-suivi-pour-votre-flotte\/\">Suivi de votre flotte<\/a><\/li>\n<li><a href=\"https:\/\/www.traxgo.be\/fr\/localisation-de-conteneurs\/\">Suivi des conteneurs<\/a><\/li>\n<li><a href=\"https:\/\/www.traxgo.be\/fr\/suivi-de-voiture\/\">Suivi des voitures de soci\u00e9t\u00e9<\/a><\/li>\n<li><a href=\"https:\/\/www.traxgo.be\/fr\/online-track-et-trace-et-systemes-de-localisation\/localisation-vehicules\/\">G\u00e9olocalisation de v\u00e9hicule<\/a><\/li>\n<\/ul>\n","protected":false},"excerpt":{"rendered":"<p>Acheter tracker - Syst\u00e8me de suivi Avec un syst\u00e8me de suivi de Traxgo, vous pouvez savoir parfaitement en temps r\u00e9el o\u00f9 se trouvent vos v\u00e9hicules, machines et mat\u00e9riaux \u00e0 tout moment. Ici vous avez acc\u00e8s aux informations compl\u00e8tes. Cela vous donne un aper\u00e7u de votre administration du personnel, par exemple, et vous fait gagner beaucoup [&hellip;]<\/p>\n","protected":false},"author":1,"featured_media":6742,"parent":0,"menu_order":0,"comment_status":"closed","ping_status":"closed","template":"","meta":{"_acf_changed":false,"footnotes":""},"class_list":["post-11622","page","type-page","status-publish","has-post-thumbnail","hentry"],"acf":[],"_links":{"self":[{"href":"https:\/\/www.traxgo.be\/fr\/wp-json\/wp\/v2\/pages\/11622","targetHints":{"allow":["GET"]}}],"collection":[{"href":"https:\/\/www.traxgo.be\/fr\/wp-json\/wp\/v2\/pages"}],"about":[{"href":"https:\/\/www.traxgo.be\/fr\/wp-json\/wp\/v2\/types\/page"}],"author":[{"embeddable":true,"href":"https:\/\/www.traxgo.be\/fr\/wp-json\/wp\/v2\/users\/1"}],"replies":[{"embeddable":true,"href":"https:\/\/www.traxgo.be\/fr\/wp-json\/wp\/v2\/comments?post=11622"}],"version-history":[{"count":11,"href":"https:\/\/www.traxgo.be\/fr\/wp-json\/wp\/v2\/pages\/11622\/revisions"}],"predecessor-version":[{"id":15831,"href":"https:\/\/www.traxgo.be\/fr\/wp-json\/wp\/v2\/pages\/11622\/revisions\/15831"}],"wp:featuredmedia":[{"embeddable":true,"href":"https:\/\/www.traxgo.be\/fr\/wp-json\/wp\/v2\/media\/6742"}],"wp:attachment":[{"href":"https:\/\/www.traxgo.be\/fr\/wp-json\/wp\/v2\/media?parent=11622"}],"curies":[{"name":"wp","href":"https:\/\/api.w.org\/{rel}","templated":true}]}}