{"id":11640,"date":"2022-06-03T11:00:34","date_gmt":"2022-06-03T11:00:34","guid":{"rendered":"https:\/\/www.traxgo.be\/?page_id=11640"},"modified":"2022-06-03T11:05:19","modified_gmt":"2022-06-03T11:05:19","slug":"suivi-et-tracabilite-pour-les-entreprises-dexternalisation","status":"publish","type":"page","link":"https:\/\/www.traxgo.be\/fr\/suivi-et-tracabilite-pour-les-entreprises-dexternalisation\/","title":{"rendered":"Suivi et tra\u00e7abilit\u00e9 pour les entreprises d'externalisation"},"content":{"rendered":"<h1>Suivi et tra\u00e7abilit\u00e9 pour les entreprises d'externalisation<\/h1>\n<p><img loading=\"lazy\" decoding=\"async\" class=\"alignright size-large wp-image-4549\" src=\"https:\/\/www.traxgo.be\/wp-content\/uploads\/2019\/07\/automobile-automotive-blur-977213-1024x683.jpg\" alt=\"Suivi et tra\u00e7abilit\u00e9 pour le secteur de l'externalisation et du transport\" width=\"640\" height=\"427\" srcset=\"https:\/\/www.traxgo.be\/wp-content\/uploads\/2019\/07\/automobile-automotive-blur-977213-1024x683.jpg 1024w, https:\/\/www.traxgo.be\/wp-content\/uploads\/2019\/07\/automobile-automotive-blur-977213-300x200.jpg 300w, https:\/\/www.traxgo.be\/wp-content\/uploads\/2019\/07\/automobile-automotive-blur-977213-768x512.jpg 768w\" sizes=\"auto, (max-width: 640px) 100vw, 640px\" \/>Avec un syst\u00e8me de suivi et de tra\u00e7abilit\u00e9, vous, en tant qu'entreprise d'externalisation, pouvez surveiller efficacement votre flotte en temps r\u00e9el. De cette fa\u00e7on, vous savez toujours o\u00f9 se trouvent vos techniciens, quel itin\u00e9raire ils empruntent et \u00e0 quelle vitesse ils roulent. Plusieurs entreprises d'externalisation ont d\u00e9j\u00e0 opt\u00e9 pour une solution Traxgo pour am\u00e9liorer leurs processus d'affaires.<\/p>\n<h3>Suivi et tra\u00e7abilit\u00e9 des avantages<\/h3>\n<p><a href=\"https:\/\/www.traxgo.be\/fr\/suivi-de-flotte-un-systeme-de-suivi-pour-votre-flotte\/\">Le suivi d'une flotte<\/a> demande beaucoup d'\u00e9nergie pr\u00e9cieuse. Avec un syst\u00e8me de suivi et de tra\u00e7abilit\u00e9, vous pouvez simplifier votre administration et traiter toutes les donn\u00e9es automatiquement. Gr\u00e2ce \u00e0 un <a href=\"https:\/\/www.traxgo.be\/fr\/traceur-gps\/\">traceur GPS<\/a>, vous \u00e9conomiserez beaucoup de temps et d'argent.<\/p>\n<p><a class=\"button cta\" href=\"#contact\">Plus d'information? <strong>Contactez-nous<\/strong><\/a><\/p>\n<ul class=\"advantages\">\n<li><strong>D\u00e9terminez l'emplacement de vos v\u00e9hicules<br \/>\n<\/strong>Un tracker GPS indique l'emplacement de chaque v\u00e9hicule. Gr\u00e2ce \u00e0 ces informations, vous pouvez informer rapidement vos techniciens si un itin\u00e9raire change. De plus, vous pouvez \u00e9galement intervenir \u00e0 temps en cas de d\u00e9viation.<\/li>\n<li><strong>Planifiez efficacement<br \/>\n<\/strong>Une <a href=\"https:\/\/www.traxgo.be\/fr\/online-track-et-trace-et-systemes-de-localisation\/traxone\/traxone-logiciel-de-planification\/\">planification efficace<\/a> est essentielle pour les entreprises d'externalisation. Un syst\u00e8me de suivi et de tra\u00e7abilit\u00e9 traite toutes les donn\u00e9es en temps r\u00e9el, vous permettant de vous concentrer sur votre planification.<\/li>\n<li><strong>Simplifiez votre gestion<br \/>\n<\/strong>Toutes les heures de travail de vos techniciens sont automatiquement enregistr\u00e9es par un syst\u00e8me de suivi et de tra\u00e7abilit\u00e9. Cela signifie que vous avez moins de travail \u00e0 faire avec votre administration et vous pouvez \u00eatre s\u00fbr que toutes les donn\u00e9es ont \u00e9t\u00e9 mesur\u00e9es avec pr\u00e9cision.<\/li>\n<li><strong>Suivez vos v\u00e9hicules<br \/>\n<\/strong>Avec un traceur GPS, vous \u00eates assur\u00e9 d'avoir le contr\u00f4le \u00e0 distance de vos v\u00e9hicules. De plus, vous serez automatiquement averti lorsque vos techniciens doivent effectuer l'entretien annuel de leur v\u00e9hicule.<\/li>\n<\/ul>\n<p>Un syst\u00e8me de suivi et de tra\u00e7abilit\u00e9 est la solution pour les entreprises d'externalisation.<br \/>\nSouhaitez-vous plus d'informations sur le suivi et la tra\u00e7abilit\u00e9? N'h\u00e9sitez pas \u00e0 <a href=\"https:\/\/www.traxgo.be\/fr\/contact\/\">nous contacter<\/a>.<\/p>\n","protected":false},"excerpt":{"rendered":"<p>Suivi et tra\u00e7abilit\u00e9 pour les entreprises d'externalisation Avec un syst\u00e8me de suivi et de tra\u00e7abilit\u00e9, vous, en tant qu'entreprise d'externalisation, pouvez surveiller efficacement votre flotte en temps r\u00e9el. De cette fa\u00e7on, vous savez toujours o\u00f9 se trouvent vos techniciens, quel itin\u00e9raire ils empruntent et \u00e0 quelle vitesse ils roulent. Plusieurs entreprises d'externalisation ont d\u00e9j\u00e0 opt\u00e9 [&hellip;]<\/p>\n","protected":false},"author":1,"featured_media":6508,"parent":0,"menu_order":0,"comment_status":"closed","ping_status":"closed","template":"","meta":{"_acf_changed":false,"footnotes":""},"class_list":["post-11640","page","type-page","status-publish","has-post-thumbnail","hentry"],"acf":[],"_links":{"self":[{"href":"https:\/\/www.traxgo.be\/fr\/wp-json\/wp\/v2\/pages\/11640","targetHints":{"allow":["GET"]}}],"collection":[{"href":"https:\/\/www.traxgo.be\/fr\/wp-json\/wp\/v2\/pages"}],"about":[{"href":"https:\/\/www.traxgo.be\/fr\/wp-json\/wp\/v2\/types\/page"}],"author":[{"embeddable":true,"href":"https:\/\/www.traxgo.be\/fr\/wp-json\/wp\/v2\/users\/1"}],"replies":[{"embeddable":true,"href":"https:\/\/www.traxgo.be\/fr\/wp-json\/wp\/v2\/comments?post=11640"}],"version-history":[{"count":7,"href":"https:\/\/www.traxgo.be\/fr\/wp-json\/wp\/v2\/pages\/11640\/revisions"}],"predecessor-version":[{"id":11649,"href":"https:\/\/www.traxgo.be\/fr\/wp-json\/wp\/v2\/pages\/11640\/revisions\/11649"}],"wp:featuredmedia":[{"embeddable":true,"href":"https:\/\/www.traxgo.be\/fr\/wp-json\/wp\/v2\/media\/6508"}],"wp:attachment":[{"href":"https:\/\/www.traxgo.be\/fr\/wp-json\/wp\/v2\/media?parent=11640"}],"curies":[{"name":"wp","href":"https:\/\/api.w.org\/{rel}","templated":true}]}}