{"id":11653,"date":"2022-06-03T11:15:20","date_gmt":"2022-06-03T11:15:20","guid":{"rendered":"https:\/\/www.traxgo.be\/?page_id=11653"},"modified":"2024-03-04T10:36:25","modified_gmt":"2024-03-04T10:36:25","slug":"track-trace-dans-le-secteur-du-leasing","status":"publish","type":"page","link":"https:\/\/www.traxgo.be\/fr\/track-trace-dans-le-secteur-du-leasing\/","title":{"rendered":"Track &#038; trace dans le secteur du leasing"},"content":{"rendered":"<h1>Les avantages d'un syst\u00e8me track &amp; trace dans le secteur du leasing<\/h1>\n<p><img loading=\"lazy\" decoding=\"async\" class=\"alignright wp-image-5192 size-medium\" src=\"https:\/\/www.traxgo.be\/wp-content\/uploads\/2020\/02\/photo-of-vehicles-on-road-during-evening-1600757.png-300x208.jpg\" alt=\"Track &amp; Trace | Leasingsector | Leasingwagen | Traxgo\" width=\"300\" height=\"208\" srcset=\"https:\/\/www.traxgo.be\/wp-content\/uploads\/2020\/02\/photo-of-vehicles-on-road-during-evening-1600757.png-300x208.jpg 300w, https:\/\/www.traxgo.be\/wp-content\/uploads\/2020\/02\/photo-of-vehicles-on-road-during-evening-1600757.png-768x533.jpg 768w, https:\/\/www.traxgo.be\/wp-content\/uploads\/2020\/02\/photo-of-vehicles-on-road-during-evening-1600757.png-1024x711.jpg 1024w, https:\/\/www.traxgo.be\/wp-content\/uploads\/2020\/02\/photo-of-vehicles-on-road-during-evening-1600757.png.jpg 1824w\" sizes=\"auto, (max-width: 300px) 100vw, 300px\" \/><\/p>\n<p>Gr\u00e2ce \u00e0 un syst\u00e8me de suivi et de tra\u00e7abilit\u00e9 dans le secteur du leasing, <a href=\"https:\/\/www.traxgo.be\/fr\/online-track-et-trace-et-systemes-de-localisation\/localisation-vehicules\/\">chaque v\u00e9hicule peut \u00eatre suivi<\/a> de pr\u00e8s. De cette fa\u00e7on, le kilom\u00e9trage et autres peuvent \u00eatre suivis. De plus, le vol peut \u00e9galement \u00eatre \u00e9vit\u00e9.<br \/>\nVous ne perdrez plus jamais de vue votre v\u00e9hicule.<\/p>\n<h3>Suivi pour les locations courtes et longues<\/h3>\n<p>Une voiture n\u00e9cessite un entretien r\u00e9gulier, aussi bien lorsqu'elle est utilis\u00e9e en location courte (courte dur\u00e9e, g\u00e9n\u00e9ralement 2 \u00e0 24 mois) qu'en location longue (long terme). Gr\u00e2ce aux syst\u00e8mes de suivi et de tra\u00e7abilit\u00e9 d'une voiture de leasing, il est possible de signaler \u00e0 temps qu'il est temps de proc\u00e9der \u00e0 une inspection. Ainsi, m\u00eame les d\u00e9penses inutiles peuvent \u00eatre \u00e9vit\u00e9es. En plus d'une notification pour l'entretien, le syst\u00e8me track &amp; trace de la voiture de leasing peut \u00e9galement vous fournir une mise \u00e0 jour sur les param\u00e8tres que vous avez saisis. Si vous souhaitez en savoir plus sur le kilom\u00e9trage, celui-ci est simplement affich\u00e9 dans un tableau et vous pouvez le consulter \u00e0 tout moment.<\/p>\n<p><a class=\"button cta\" href=\"#contact\">Plus d'information? <strong>Contactez-nous<\/strong><\/a><\/p>\n<h3>Plus de contr\u00f4le avec les syst\u00e8mes de suivi et de tra\u00e7abilit\u00e9<\/h3>\n<p><img loading=\"lazy\" decoding=\"async\" class=\"alignright wp-image-5191 size-medium\" src=\"https:\/\/www.traxgo.be\/wp-content\/uploads\/2020\/02\/black-suv-beside-grey-auv-crossing-the-pedestrian-line-125514.png-300x169.jpg\" alt=\"Track &amp; Trace | Leasingsector | Leasingwagen | Traxgo\" width=\"300\" height=\"169\" srcset=\"https:\/\/www.traxgo.be\/wp-content\/uploads\/2020\/02\/black-suv-beside-grey-auv-crossing-the-pedestrian-line-125514.png-300x169.jpg 300w, https:\/\/www.traxgo.be\/wp-content\/uploads\/2020\/02\/black-suv-beside-grey-auv-crossing-the-pedestrian-line-125514.png-768x432.jpg 768w, https:\/\/www.traxgo.be\/wp-content\/uploads\/2020\/02\/black-suv-beside-grey-auv-crossing-the-pedestrian-line-125514.png-1024x576.jpg 1024w\" sizes=\"auto, (max-width: 300px) 100vw, 300px\" \/><\/p>\n<p>L'utilisation des voitures de leasing est souvent difficile \u00e0 contr\u00f4ler. Bien s\u00fbr, une voiture de soci\u00e9t\u00e9 ne sert pas uniquement \u00e0 se rendre au bureau. Mais la voiture ne doit pas non plus \u00eatre mal utilis\u00e9e. Avec un syst\u00e8me de suivi et de tra\u00e7abilit\u00e9 dans la voiture de leasing, vous pouvez facilement surveiller le comportement de conduite de vos employ\u00e9s. Bien s\u00fbr, nous veillons \u00e0 ce que la vie priv\u00e9e des employ\u00e9s ne soit pas viol\u00e9e en cons\u00e9quence.<\/p>\n<p>Les <a href=\"https:\/\/www.traxgo.be\/fr\/tracking\/\">syst\u00e8mes de suivi et de tra\u00e7abilit\u00e9<\/a> dans le <strong>secteur du leasing<\/strong> vous permettent donc de surveiller vos employ\u00e9s. Gr\u00e2ce \u00e0 ce contr\u00f4le, vous pouvez vous assurer que les co\u00fbts de maintenance et de r\u00e9paration, par exemple, diminuent. De plus, vous avez \u00e9galement plus de contr\u00f4le sur vos v\u00e9hicules. Les risques de dommages inexpliqu\u00e9s ou de fraude au kilom\u00e9trage diminueront. Toutes les donn\u00e9es sont stock\u00e9es soigneusement et clairement. Que vous soyez actif en location courte ou longue dur\u00e9e, vous obtenez ainsi un aper\u00e7u clair de toutes vos voitures de location.<\/p>\n<p>\u00cates-vous int\u00e9ress\u00e9 par l'installation d'un syst\u00e8me de <strong>suivi et de tra\u00e7abilit\u00e9<\/strong> dans vos voitures de leasing ou souhaitez-vous plus d'informations\u00a0?<br \/>\nN'h\u00e9sitez pas \u00e0 nous contacter. Nous sommes heureux de vous aider.<\/p>\n<p><a class=\"button cta\" href=\"#contact\">Plus d'information? <strong>Contactez-nous<\/strong><\/a><\/p>\n","protected":false},"excerpt":{"rendered":"<p>Les avantages d'un syst\u00e8me track &amp; trace dans le secteur du leasing Gr\u00e2ce \u00e0 un syst\u00e8me de suivi et de tra\u00e7abilit\u00e9 dans le secteur du leasing, chaque v\u00e9hicule peut \u00eatre suivi de pr\u00e8s. De cette fa\u00e7on, le kilom\u00e9trage et autres peuvent \u00eatre suivis. De plus, le vol peut \u00e9galement \u00eatre \u00e9vit\u00e9. Vous ne perdrez plus [&hellip;]<\/p>\n","protected":false},"author":1,"featured_media":6700,"parent":0,"menu_order":0,"comment_status":"closed","ping_status":"closed","template":"","meta":{"_acf_changed":false,"footnotes":""},"class_list":["post-11653","page","type-page","status-publish","has-post-thumbnail","hentry"],"acf":[],"_links":{"self":[{"href":"https:\/\/www.traxgo.be\/fr\/wp-json\/wp\/v2\/pages\/11653","targetHints":{"allow":["GET"]}}],"collection":[{"href":"https:\/\/www.traxgo.be\/fr\/wp-json\/wp\/v2\/pages"}],"about":[{"href":"https:\/\/www.traxgo.be\/fr\/wp-json\/wp\/v2\/types\/page"}],"author":[{"embeddable":true,"href":"https:\/\/www.traxgo.be\/fr\/wp-json\/wp\/v2\/users\/1"}],"replies":[{"embeddable":true,"href":"https:\/\/www.traxgo.be\/fr\/wp-json\/wp\/v2\/comments?post=11653"}],"version-history":[{"count":9,"href":"https:\/\/www.traxgo.be\/fr\/wp-json\/wp\/v2\/pages\/11653\/revisions"}],"predecessor-version":[{"id":15782,"href":"https:\/\/www.traxgo.be\/fr\/wp-json\/wp\/v2\/pages\/11653\/revisions\/15782"}],"wp:featuredmedia":[{"embeddable":true,"href":"https:\/\/www.traxgo.be\/fr\/wp-json\/wp\/v2\/media\/6700"}],"wp:attachment":[{"href":"https:\/\/www.traxgo.be\/fr\/wp-json\/wp\/v2\/media?parent=11653"}],"curies":[{"name":"wp","href":"https:\/\/api.w.org\/{rel}","templated":true}]}}