{"id":11665,"date":"2022-06-03T11:32:07","date_gmt":"2022-06-03T11:32:07","guid":{"rendered":"https:\/\/www.traxgo.be\/?page_id=11665"},"modified":"2022-06-03T11:35:42","modified_gmt":"2022-06-03T11:35:42","slug":"conduire-une-voiture-de-maniere-plus-economique","status":"publish","type":"page","link":"https:\/\/www.traxgo.be\/fr\/conduire-une-voiture-de-maniere-plus-economique\/","title":{"rendered":"Conduire une voiture de mani\u00e8re plus \u00e9conomique"},"content":{"rendered":"<h2>Conduire plus \u00e9conomiquement<\/h2>\n<p><img loading=\"lazy\" decoding=\"async\" class=\"alignright wp-image-5415\" src=\"https:\/\/www.traxgo.be\/wp-content\/uploads\/2020\/04\/109355846_s.jpg\" alt=\"Conduire plus \u00e9conomiquement\" width=\"580\" height=\"386\" srcset=\"https:\/\/www.traxgo.be\/wp-content\/uploads\/2020\/04\/109355846_s.jpg 848w, https:\/\/www.traxgo.be\/wp-content\/uploads\/2020\/04\/109355846_s-300x200.jpg 300w, https:\/\/www.traxgo.be\/wp-content\/uploads\/2020\/04\/109355846_s-768x512.jpg 768w\" sizes=\"auto, (max-width: 580px) 100vw, 580px\" \/><\/p>\n<p>Conduire plus \u00e9conomiquement prend \u00e0 chaque fois une nouvelle dimension. De nos jours, les gens ne regardent plus seulement le v\u00e9hicule lui-m\u00eame, mais aussi la mani\u00e8re dont ce v\u00e9hicule est utilis\u00e9 par son conducteur. Selon toute probabilit\u00e9, des \u00e9conomies peuvent \u00eatre r\u00e9alis\u00e9es pour chaque entreprise poss\u00e9dant des v\u00e9hicules utilitaires, quelle que soit la taille de la flotte.<\/p>\n<p>La conduite \u00e9conomique ne devient vraiment une r\u00e9alit\u00e9 que lorsque les donn\u00e9es individuelles des v\u00e9hicules utilitaires sont analys\u00e9es en d\u00e9tail. O\u00f9 y a-t-il encore place \u00e0 l'am\u00e9lioration\u00a0? Comment conduire de mani\u00e8re \u00e9conomique et efficace ? Quel est le comportement de conduite des diff\u00e9rents conducteurs ? Ce sont toutes des questions auxquelles le logiciel de Traxgo peut r\u00e9pondre.<\/p>\n<h3>Modification du comportement de conduite<\/h3>\n<p>Dans le d\u00e9tail, gr\u00e2ce aux rapports d'<a href=\"https:\/\/www.traxgo.be\/fr\/online-track-et-trace-et-systemes-de-localisation\/enregistrement-du-kilometrage\/\">enregistrement du kilom\u00e9trage<\/a>, il devient clair o\u00f9 il y a des am\u00e9liorations possibles en mati\u00e8re de comportement de conduite. En optimisant les trajets et en am\u00e9liorant le comportement de conduite individuel des collaborateurs, il s'inscrit pleinement dans la volont\u00e9 de faire de la conduite plus \u00e9conomique une priorit\u00e9.<\/p>\n<p>Vous souhaitez en savoir plus sur la mani\u00e8re dont vos collaborateurs peuvent \u00e9galement conduire de mani\u00e8re plus \u00e9conomique ?<br \/>\nAlors contactez Traxgo et d\u00e9couvrez ce que nous pouvons faire pour votre entreprise avec nos applications.<\/p>\n<p><a class=\"button cta\" href=\"#contact\">Plus d'information? <strong>Contactez-nous<\/strong><\/a><\/p>\n","protected":false},"excerpt":{"rendered":"<p>Conduire plus \u00e9conomiquement Conduire plus \u00e9conomiquement prend \u00e0 chaque fois une nouvelle dimension. De nos jours, les gens ne regardent plus seulement le v\u00e9hicule lui-m\u00eame, mais aussi la mani\u00e8re dont ce v\u00e9hicule est utilis\u00e9 par son conducteur. Selon toute probabilit\u00e9, des \u00e9conomies peuvent \u00eatre r\u00e9alis\u00e9es pour chaque entreprise poss\u00e9dant des v\u00e9hicules utilitaires, quelle que soit [&hellip;]<\/p>\n","protected":false},"author":1,"featured_media":6736,"parent":0,"menu_order":0,"comment_status":"closed","ping_status":"closed","template":"","meta":{"_acf_changed":false,"footnotes":""},"class_list":["post-11665","page","type-page","status-publish","has-post-thumbnail","hentry"],"acf":[],"_links":{"self":[{"href":"https:\/\/www.traxgo.be\/fr\/wp-json\/wp\/v2\/pages\/11665","targetHints":{"allow":["GET"]}}],"collection":[{"href":"https:\/\/www.traxgo.be\/fr\/wp-json\/wp\/v2\/pages"}],"about":[{"href":"https:\/\/www.traxgo.be\/fr\/wp-json\/wp\/v2\/types\/page"}],"author":[{"embeddable":true,"href":"https:\/\/www.traxgo.be\/fr\/wp-json\/wp\/v2\/users\/1"}],"replies":[{"embeddable":true,"href":"https:\/\/www.traxgo.be\/fr\/wp-json\/wp\/v2\/comments?post=11665"}],"version-history":[{"count":3,"href":"https:\/\/www.traxgo.be\/fr\/wp-json\/wp\/v2\/pages\/11665\/revisions"}],"predecessor-version":[{"id":11668,"href":"https:\/\/www.traxgo.be\/fr\/wp-json\/wp\/v2\/pages\/11665\/revisions\/11668"}],"wp:featuredmedia":[{"embeddable":true,"href":"https:\/\/www.traxgo.be\/fr\/wp-json\/wp\/v2\/media\/6736"}],"wp:attachment":[{"href":"https:\/\/www.traxgo.be\/fr\/wp-json\/wp\/v2\/media?parent=11665"}],"curies":[{"name":"wp","href":"https:\/\/api.w.org\/{rel}","templated":true}]}}