{"id":1167,"date":"2018-03-01T09:55:14","date_gmt":"2018-03-01T09:55:14","guid":{"rendered":"http:\/\/www.traxgo.be\/5-mega-track-trace-voordelen-online-urenregistratie\/"},"modified":"2022-05-12T08:20:08","modified_gmt":"2022-05-12T08:20:08","slug":"5-avantages-enregistrement-de-temps","status":"publish","type":"page","link":"https:\/\/www.traxgo.be\/fr\/5-avantages-enregistrement-de-temps\/","title":{"rendered":"5 avantages enregistrement de temps"},"content":{"rendered":"<h2>1. Indemnit\u00e9 de mobilit\u00e9 et de d\u00e9placement<\/h2>\n<h3><img loading=\"lazy\" decoding=\"async\" class=\"alignright wp-image-1121\" title=\"kilometerregistratie | rittenregistratie\" src=\"http:\/\/www.traxgo.be\/wp-content\/uploads\/2018\/03\/track-and-trace-grijze-wagens.jpg\" alt=\"5 Avantages Enregistrement de temps\" width=\"400\" height=\"225\" srcset=\"https:\/\/www.traxgo.be\/wp-content\/uploads\/2018\/03\/track-and-trace-grijze-wagens.jpg 780w, https:\/\/www.traxgo.be\/wp-content\/uploads\/2018\/03\/track-and-trace-grijze-wagens-300x168.jpg 300w, https:\/\/www.traxgo.be\/wp-content\/uploads\/2018\/03\/track-and-trace-grijze-wagens-768x431.jpg 768w\" sizes=\"auto, (max-width: 400px) 100vw, 400px\" \/>Travailler de mani\u00e8re efficace: fini les calculs manuels longs et fastidieux.<\/h3>\n<p>Gr\u00e2ce au syst\u00e8me de localisation et <a href=\"https:\/\/www.traxgo.be\/fr\/online-track-et-trace-et-systemes-de-localisation\/enregistrement-des-presences-checkinatwork\/\">enregistrement de temps<\/a> de Traxgo, vous enregistrez le temps automatiquement. Les donn\u00e9es sont conserv\u00e9es en toute s\u00e9curit\u00e9 sur le portail Traxgo. Gr\u00e2ce au module de badge, combin\u00e9 au traceur GPS, vous savez exactement qui a conduit et vous pouvez t\u00e9l\u00e9charger en un coup d\u2019\u0153il des rapports en temps r\u00e9el. Gain de temps et convivialit\u00e9.<\/p>\n<p><strong>L\u2019indemnit\u00e9 de mobilit\u00e9 est calcul\u00e9e sur la base des kilom\u00e8tres r\u00e9els parcourus entre le domicile \/ d\u00e9p\u00f4t et le chantier \/ projet.<\/strong> Cette r\u00e8gle vaut aussi bien pour le trajet aller que pour le trajet retour. Dans le secteur de la construction, il faut satisfaire aux dispositions d\u2019une CCT Construction. Par exemple, chaque ouvrier qui se d\u00e9place de son domicile, du point d\u2019enl\u00e8vement sur le chantier ou de l\u2019entreprise elle-m\u00eame a droit \u00e0 une indemnit\u00e9 de mobilit\u00e9. Une distinction doit \u00eatre \u00e9tablie entre le conducteur et le passager, car le conducteur a droit \u00e0 une indemnit\u00e9 plus \u00e9lev\u00e9e. Une longue dur\u00e9e de chargement et de d\u00e9chargement est consid\u00e9r\u00e9e comme du temps de travail.<\/p>\n<p><strong>L\u2019indemnit\u00e9 de d\u00e9placement couvre le trajet entre le domicile et l\u2019entreprise.<\/strong> Le travailleur a droit \u00e0 une indemnit\u00e9 de d\u00e9placement pour ses d\u00e9placements domicile-lieu de travail s\u2019il se rend au travail par ses propres moyens, en bus, en train, en tram, en voiture... Si vous occupez des collaborateurs mobiles, vous savez que l\u2019utilisation de formulaires ou de bons est une t\u00e2che lourde et de longue haleine. Dans le rapport relatif \u00e0 l\u2019indemnit\u00e9 de mobilit\u00e9, vous calculez pour chaque personne la dur\u00e9e du d\u00e9placement, la distance parcourue et le chantier de destination, ainsi que le temps pass\u00e9 sur le chantier.<\/p>\n<p><a class=\"button cta\" href=\"#contact\">Plus d'information? <strong>Contactez-nous<\/strong><\/a><\/p>\n<p>&nbsp;<\/p>\n<p>&nbsp;<\/p>\n<h2>2. Enregistrement de temps mobile et traitement des salaires<\/h2>\n<p><img loading=\"lazy\" decoding=\"async\" class=\"alignright wp-image-1125\" title=\"Enregistrement de temps mobile et traitement des salaires\" src=\"http:\/\/www.traxgo.be\/wp-content\/uploads\/2018\/03\/berekenen-track-and-trace-urenregistratie.jpg\" alt=\"Enregistrement de temps mobile et traitement des salaires\" width=\"400\" height=\"267\" srcset=\"https:\/\/www.traxgo.be\/wp-content\/uploads\/2018\/03\/berekenen-track-and-trace-urenregistratie.jpg 780w, https:\/\/www.traxgo.be\/wp-content\/uploads\/2018\/03\/berekenen-track-and-trace-urenregistratie-300x200.jpg 300w, https:\/\/www.traxgo.be\/wp-content\/uploads\/2018\/03\/berekenen-track-and-trace-urenregistratie-768x512.jpg 768w\" sizes=\"auto, (max-width: 400px) 100vw, 400px\" \/><strong>Un travailleur occup\u00e9 sur plusieurs chantiers n\u2019est pas souvent au bureau.<\/strong> Il est par cons\u00e9quent tr\u00e8s compliqu\u00e9 pour lui de transmettre ses heures. Bien trop de personnes sont mobilis\u00e9es pour remplir un simple bon. Votre travailleur lui-m\u00eame doit remplir le bon, l\u2019employ\u00e9 administratif doit tout retranscrire et vous ne pouvez plus contr\u00f4ler le bon par la suite. Il est clairement question ici de double emploi et d\u2019une perte de temps consid\u00e9rable. Cette m\u00e9thode est donc inefficace\u00a0! Le risque de commettre des erreurs est bien plus \u00e9lev\u00e9, suscitant des discussions st\u00e9riles. Le syst\u00e8me d\u2019enregistrement permet au travailleur de signaler quand il arrive, part, circule ou s\u2019arr\u00eate. Vous pouvez cr\u00e9er vous-m\u00eame des lieux. Toutes les donn\u00e9es sont ainsi transmises en temps r\u00e9el, de mani\u00e8re rentable, au collaborateur interne. En utilisant l\u2019outil logiciel convivial Traxgo, toutes les donn\u00e9es s\u2019affichent instantan\u00e9ment sous la forme de tableaux et de graphiques. Ce syst\u00e8me de localisation, bas\u00e9 sur l\u2019enregistrement de temps, met fin aux discussions superflues et aux erreurs, et permet un \u00e9norme gain de temps.<\/p>\n<p><a class=\"button cta\" href=\"#contact\">Plus d'information? <strong>Contactez-nous<\/strong><\/a><\/p>\n<p>&nbsp;<\/p>\n<p>&nbsp;<\/p>\n<h2>3. Calcul a posteriori<\/h2>\n<p><img loading=\"lazy\" decoding=\"async\" class=\"alignright wp-image-1127\" title=\"Avantage enregistrement de temps: calcul a posteriori\" src=\"http:\/\/www.traxgo.be\/wp-content\/uploads\/2018\/03\/grafieken-en-cijfers-bereken-tijd.jpg\" alt=\"Avantage enregistrement de temps: calcul a posteriori\" width=\"400\" height=\"267\" srcset=\"https:\/\/www.traxgo.be\/wp-content\/uploads\/2018\/03\/grafieken-en-cijfers-bereken-tijd.jpg 780w, https:\/\/www.traxgo.be\/wp-content\/uploads\/2018\/03\/grafieken-en-cijfers-bereken-tijd-300x200.jpg 300w, https:\/\/www.traxgo.be\/wp-content\/uploads\/2018\/03\/grafieken-en-cijfers-bereken-tijd-768x513.jpg 768w\" sizes=\"auto, (max-width: 400px) 100vw, 400px\" \/><strong>Il est extr\u00eamement important d\u2019effectuer un calcul a posteriori.<\/strong> Ce calcul ne peut \u00eatre effectu\u00e9 de mani\u00e8re efficace que si vos collaborateurs externes vous ont correctement communiqu\u00e9 toutes les donn\u00e9es. Un enregistrement de temps optimal vous aide \u00e0 effectuer un calcul aussi correct que possible. C\u2019est un gain de temps consid\u00e9rable pour tous les collaborateurs concern\u00e9s. C\u2019est la base pour une communication fluide et efficace au sein de votre entreprise. Si votre client le souhaite, un calcul d\u00e9taill\u00e9 peut toujours \u00eatre \u00e9tabli pour \u00e9viter toute confusion.<\/p>\n<p><a class=\"button cta\" href=\"#contact\">Plus d'information? <strong>Contactez-nous<\/strong><\/a><\/p>\n<p>&nbsp;<\/p>\n<p>&nbsp;<\/p>\n<h2>4. Cotisation CO2<\/h2>\n<p><img loading=\"lazy\" decoding=\"async\" class=\"alignright wp-image-98\" title=\"Camions Track and Trace - Cotisation CO2\" src=\"http:\/\/www.traxgo.be\/wp-content\/uploads\/2018\/01\/Camions-2.jpg\" alt=\"Camions Track and Trace - Cotisation CO2\" width=\"400\" height=\"386\" srcset=\"https:\/\/www.traxgo.be\/wp-content\/uploads\/2018\/01\/Camions-2.jpg 780w, https:\/\/www.traxgo.be\/wp-content\/uploads\/2018\/01\/Camions-2-300x290.jpg 300w, https:\/\/www.traxgo.be\/wp-content\/uploads\/2018\/01\/Camions-2-768x741.jpg 768w\" sizes=\"auto, (max-width: 400px) 100vw, 400px\" \/><\/p>\n<p><strong>En Belgique, une taxe CO2 est pr\u00e9lev\u00e9e sur les voitures de soci\u00e9t\u00e9 qui sont \u00e9galement utilis\u00e9es \u00e0 des fins priv\u00e9es.<\/strong> Par exemple, pour les d\u00e9placements entre le domicile et le lieu de travail. La charge de la preuve incombe \u00e0 l\u2019employeur. Le meilleur moyen d\u2019y parvenir est de recourir \u00e0 un syst\u00e8me de localisation Traxgo. Cet outil g\u00e9n\u00e8re des rapports d\u00e9taill\u00e9s sur les d\u00e9placements. C\u2019est un outil tr\u00e8s convivial qui fonctionne sans probl\u00e8mes. Gr\u00e2ce \u00e0 son outil d\u2019enregistrement de temps, Traxgo permet d\u2019\u00e9viter la perte de temps, le stress, les erreurs, un manque \u00e0 gagner, etc.<\/p>\n<p><a class=\"button cta\" href=\"#contact\">Plus d'information? <strong>Contactez-nous<\/strong><\/a><\/p>\n<p>&nbsp;<\/p>\n<p>&nbsp;<\/p>\n<h2>5. Planification plus efficace avec enregistrement de temps<\/h2>\n<p><img loading=\"lazy\" decoding=\"async\" class=\"alignright wp-image-1129\" title=\"Planification plus efficace avec enregistrement de temps\" src=\"http:\/\/www.traxgo.be\/wp-content\/uploads\/2018\/03\/Track_en_trace_map_oogjes-3D.jpg\" alt=\"Planification plus efficace avec enregistrement de temps\" width=\"400\" height=\"237\" srcset=\"https:\/\/www.traxgo.be\/wp-content\/uploads\/2018\/03\/Track_en_trace_map_oogjes-3D.jpg 780w, https:\/\/www.traxgo.be\/wp-content\/uploads\/2018\/03\/Track_en_trace_map_oogjes-3D-300x178.jpg 300w, https:\/\/www.traxgo.be\/wp-content\/uploads\/2018\/03\/Track_en_trace_map_oogjes-3D-768x456.jpg 768w\" sizes=\"auto, (max-width: 400px) 100vw, 400px\" \/><\/p>\n<p>Savoir exactement ce que font vos collaborateurs externes, \u00e0 quel endroit et \u00e0 quel moment, est pour vous un avantage non n\u00e9gligeable\u00a0? \u00catre en mesure d\u2019intervenir rapidement, o\u00f9 et quand cela s\u2019av\u00e8re n\u00e9cessaire, est \u00e9galement essentiel pour vous\u00a0?<\/p>\n<p><strong>Gr\u00e2ce au syst\u00e8me de localisation Traxgo, vous \u00eates inform\u00e9(e) en permanence de la position de vos collaborateurs et coll\u00e8gues.<\/strong><\/p>\n<p><strong>Vous pouvez ainsi utiliser votre temps de mani\u00e8re optimale. Le temps, c\u2019est de l\u2019argent\u00a0!<\/strong><\/p>\n<p><a class=\"button cta\" href=\"#contact\">Plus d'information? <strong>Contactez-nous<\/strong><\/a><\/p>\n<p>&nbsp;<\/p>\n<p><strong>Consultez des informations d\u00e9taill\u00e9es sur:<\/strong><\/p>\n<ul>\n<li><a href=\"http:\/\/www.traxgo.be\/fr\/online-track-et-trace-et-systemes-de-localisation\/enregistrement-des-presences-checkinatwork\/\">Checkinatwork<\/a><\/li>\n<li><a href=\"http:\/\/www.traxgo.be\/fr\/pointeuse\/\">La pointeuse<\/a><\/li>\n<li><a href=\"http:\/\/www.traxgo.be\/fr\/online-track-et-trace-et-systemes-de-localisation\/localisation-machines\/\">Localisation de vos machines\u00a0<\/a> <a href=\"http:\/\/www.traxgo.be\/fr\/localisation-de-remorques\/\">et de vos remorques<\/a><\/li>\n<li><a href=\"http:\/\/www.traxgo.be\/fr\/online-track-et-trace-et-systemes-de-localisation\/\">Autres solutions<\/a><\/li>\n<\/ul>\n","protected":false},"excerpt":{"rendered":"<p>1. Indemnit\u00e9 de mobilit\u00e9 et de d\u00e9placement Travailler de mani\u00e8re efficace: fini les calculs manuels longs et fastidieux. Gr\u00e2ce au syst\u00e8me de localisation et enregistrement de temps de Traxgo, vous enregistrez le temps automatiquement. Les donn\u00e9es sont conserv\u00e9es en toute s\u00e9curit\u00e9 sur le portail Traxgo. Gr\u00e2ce au module de badge, combin\u00e9 au traceur GPS, vous [&hellip;]<\/p>\n","protected":false},"author":2,"featured_media":291,"parent":0,"menu_order":0,"comment_status":"closed","ping_status":"closed","template":"","meta":{"_acf_changed":false,"footnotes":""},"class_list":["post-1167","page","type-page","status-publish","has-post-thumbnail","hentry"],"acf":[],"_links":{"self":[{"href":"https:\/\/www.traxgo.be\/fr\/wp-json\/wp\/v2\/pages\/1167","targetHints":{"allow":["GET"]}}],"collection":[{"href":"https:\/\/www.traxgo.be\/fr\/wp-json\/wp\/v2\/pages"}],"about":[{"href":"https:\/\/www.traxgo.be\/fr\/wp-json\/wp\/v2\/types\/page"}],"author":[{"embeddable":true,"href":"https:\/\/www.traxgo.be\/fr\/wp-json\/wp\/v2\/users\/2"}],"replies":[{"embeddable":true,"href":"https:\/\/www.traxgo.be\/fr\/wp-json\/wp\/v2\/comments?post=1167"}],"version-history":[{"count":20,"href":"https:\/\/www.traxgo.be\/fr\/wp-json\/wp\/v2\/pages\/1167\/revisions"}],"predecessor-version":[{"id":11204,"href":"https:\/\/www.traxgo.be\/fr\/wp-json\/wp\/v2\/pages\/1167\/revisions\/11204"}],"wp:featuredmedia":[{"embeddable":true,"href":"https:\/\/www.traxgo.be\/fr\/wp-json\/wp\/v2\/media\/291"}],"wp:attachment":[{"href":"https:\/\/www.traxgo.be\/fr\/wp-json\/wp\/v2\/media?parent=1167"}],"curies":[{"name":"wp","href":"https:\/\/api.w.org\/{rel}","templated":true}]}}