{"id":11722,"date":"2022-06-08T11:24:01","date_gmt":"2022-06-08T11:24:01","guid":{"rendered":"https:\/\/www.traxgo.be\/?page_id=11722"},"modified":"2023-07-27T07:46:46","modified_gmt":"2023-07-27T07:46:46","slug":"soins-de-sante","status":"publish","type":"page","link":"https:\/\/www.traxgo.be\/fr\/soins-de-sante\/","title":{"rendered":"Soins de sant\u00e9"},"content":{"rendered":"<h1>Nos applications de sant\u00e9<\/h1>\n<h3><strong><img loading=\"lazy\" decoding=\"async\" class=\"alignright wp-image-10501\" src=\"https:\/\/www.traxgo.be\/wp-content\/uploads\/2022\/04\/hulpdiensten-tracking.jpg\" alt=\"Track and Trace pour les soins de sant\u00e9 (ambulances, services d'urgence, ...)\" width=\"580\" height=\"386\" srcset=\"https:\/\/www.traxgo.be\/wp-content\/uploads\/2022\/04\/hulpdiensten-tracking.jpg 848w, https:\/\/www.traxgo.be\/wp-content\/uploads\/2022\/04\/hulpdiensten-tracking-300x200.jpg 300w, https:\/\/www.traxgo.be\/wp-content\/uploads\/2022\/04\/hulpdiensten-tracking-768x512.jpg 768w\" sizes=\"auto, (max-width: 580px) 100vw, 580px\" \/>Suivi et tra\u00e7abilit\u00e9 pour les soins de sant\u00e9<br \/>\n<\/strong><\/h3>\n<p>Dans le domaine de la sant\u00e9, le patient passe avant tout. Il s'agit d'une responsabilit\u00e9 majeure o\u00f9 l'efficacit\u00e9 joue un r\u00f4le important, en particulier parmi les services d'urgence. Le suivi et la tra\u00e7abilit\u00e9 pour les soins de sant\u00e9 sont la meilleure solution.<\/p>\n<p>De plus en plus d'organisations du secteur de la sant\u00e9 (comme les h\u00f4pitaux, les maisons de retraite, etc.) utilisent notre syst\u00e8me Track &amp; Trace. Gr\u00e2ce \u00e0 ce syst\u00e8me, les sauveteurs et\/ou les v\u00e9hicules peuvent \u00eatre d\u00e9ploy\u00e9s o\u00f9 et quand ils sont n\u00e9cessaires, sans perte de temps.<\/p>\n<h3>Track and Trace pour les ambulances et les services d'urgence<\/h3>\n<p>Vous souhaitez rendre vos interventions beaucoup plus efficaces et fluides? Ensuite, il est recommand\u00e9 d'installer notre syst\u00e8me Track and Trace. Gr\u00e2ce \u00e0 notre <strong>syst\u00e8me de suivi fiable<\/strong>, vous avez une vue parfaite sur l'endroit o\u00f9 se trouvent vos sauveteurs.<\/p>\n<p>Sans aucun doute, vos ambulanciers param\u00e9dicaux ont les mains pleines pour s'occuper des patients, transf\u00e9rer les patients vers d'autres h\u00f4pitaux, etc. Il n'est pas facile d'envoyer ces ambulances le long de l'itin\u00e9raire le plus court et le plus rapide. Surtout dans le secteur de la sant\u00e9, il est important d'anticiper les d\u00e9tournements, les barrages routiers, les accidents, etc., afin de ne pas perdre un temps pr\u00e9cieux. Gr\u00e2ce \u00e0 notre syst\u00e8me Track and Trace, c'est beaucoup plus facile!<\/p>\n<h3>Un syst\u00e8me Track and Trace offre de nombreux avantages dans le domaine de la sant\u00e9:<\/h3>\n<ul class=\"advantages\">\n<li><strong>gain de temps<\/strong>: g\u00e9rez facilement les t\u00e2ches et les statuts;<\/li>\n<li><strong>une communication fluide<\/strong>: communiquer directement avec vos collaborateurs;<\/li>\n<li><strong>plus d'efficacit\u00e9<\/strong>: d\u00e9ployer de mani\u00e8re optimale vos collaborateurs et\/ou v\u00e9hicules;<\/li>\n<li><strong>num\u00e9risation<\/strong>: recevez tout en temps r\u00e9el;<\/li>\n<li><strong>efficacit\u00e9<\/strong>: Track and Trace pour les ambulances envoie les services d'urgence le long de l'itin\u00e9raire le plus court et le plus rapide;<\/li>\n<\/ul>\n<p><a class=\"button cta\" href=\"#contact\">Plus d'information? <strong>Contactez-nous<\/strong><\/a><\/p>\n<p>&nbsp;<\/p>\n<p>De plus, il existe \u00e9galement des avantages suppl\u00e9mentaires int\u00e9gr\u00e9s \u00e0 notre syst\u00e8me tels que les emplacements cl\u00e9s, les issues de secours, les postes de police et d'urgence, ... Vous \u00eates actif dans le domaine de la sant\u00e9 et vous souhaitez installer l'une de nos solutions? N'h\u00e9sitez pas \u00e0 <a href=\"#contact\">nous contacter<\/a>.<\/p>\n<p>&nbsp;<\/p>\n<p><img loading=\"lazy\" decoding=\"async\" class=\"wp-image-5085 aligncenter\" src=\"https:\/\/www.traxgo.be\/wp-content\/uploads\/2020\/01\/traxgo-300x67.jpg\" alt=\"Logiciel de suivi du secteur de la sant\u00e9\" width=\"1599\" height=\"357\" srcset=\"https:\/\/www.traxgo.be\/wp-content\/uploads\/2020\/01\/traxgo-300x67.jpg 300w, https:\/\/www.traxgo.be\/wp-content\/uploads\/2020\/01\/traxgo-768x172.jpg 768w, https:\/\/www.traxgo.be\/wp-content\/uploads\/2020\/01\/traxgo-1024x229.jpg 1024w, https:\/\/www.traxgo.be\/wp-content\/uploads\/2020\/01\/traxgo.jpg 1512w\" sizes=\"auto, (max-width: 1599px) 100vw, 1599px\" \/><\/p>\n","protected":false},"excerpt":{"rendered":"<p>Nos applications de sant\u00e9 Suivi et tra\u00e7abilit\u00e9 pour les soins de sant\u00e9 Dans le domaine de la sant\u00e9, le patient passe avant tout. Il s'agit d'une responsabilit\u00e9 majeure o\u00f9 l'efficacit\u00e9 joue un r\u00f4le important, en particulier parmi les services d'urgence. Le suivi et la tra\u00e7abilit\u00e9 pour les soins de sant\u00e9 sont la meilleure solution. De [&hellip;]<\/p>\n","protected":false},"author":1,"featured_media":6674,"parent":0,"menu_order":0,"comment_status":"closed","ping_status":"closed","template":"","meta":{"_acf_changed":false,"footnotes":""},"class_list":["post-11722","page","type-page","status-publish","has-post-thumbnail","hentry"],"acf":[],"_links":{"self":[{"href":"https:\/\/www.traxgo.be\/fr\/wp-json\/wp\/v2\/pages\/11722","targetHints":{"allow":["GET"]}}],"collection":[{"href":"https:\/\/www.traxgo.be\/fr\/wp-json\/wp\/v2\/pages"}],"about":[{"href":"https:\/\/www.traxgo.be\/fr\/wp-json\/wp\/v2\/types\/page"}],"author":[{"embeddable":true,"href":"https:\/\/www.traxgo.be\/fr\/wp-json\/wp\/v2\/users\/1"}],"replies":[{"embeddable":true,"href":"https:\/\/www.traxgo.be\/fr\/wp-json\/wp\/v2\/comments?post=11722"}],"version-history":[{"count":6,"href":"https:\/\/www.traxgo.be\/fr\/wp-json\/wp\/v2\/pages\/11722\/revisions"}],"predecessor-version":[{"id":14684,"href":"https:\/\/www.traxgo.be\/fr\/wp-json\/wp\/v2\/pages\/11722\/revisions\/14684"}],"wp:featuredmedia":[{"embeddable":true,"href":"https:\/\/www.traxgo.be\/fr\/wp-json\/wp\/v2\/media\/6674"}],"wp:attachment":[{"href":"https:\/\/www.traxgo.be\/fr\/wp-json\/wp\/v2\/media?parent=11722"}],"curies":[{"name":"wp","href":"https:\/\/api.w.org\/{rel}","templated":true}]}}