{"id":11739,"date":"2022-06-08T11:48:59","date_gmt":"2022-06-08T11:48:59","guid":{"rendered":"https:\/\/www.traxgo.be\/?page_id=11739"},"modified":"2023-04-21T11:52:36","modified_gmt":"2023-04-21T11:52:36","slug":"le-systeme-de-geolocalisation-de-vehicule-ultime","status":"publish","type":"page","link":"https:\/\/www.traxgo.be\/fr\/le-systeme-de-geolocalisation-de-vehicule-ultime\/","title":{"rendered":"Le syst\u00e8me de g\u00e9olocalisation de v\u00e9hicule ultime"},"content":{"rendered":"<h1>Le syst\u00e8me de g\u00e9olocalisation de v\u00e9hicule ultime<\/h1>\n<p><img loading=\"lazy\" decoding=\"async\" class=\"alignright wp-image-5621 size-large\" src=\"https:\/\/www.traxgo.be\/wp-content\/uploads\/2020\/07\/asphalt-auto-autobahn-automobile-133826-1024x576.jpg\" alt=\"Syst\u00e8me de suivi des v\u00e9hicules | Traceur | Suivi de voiture | Traxgo\" width=\"640\" height=\"360\" srcset=\"https:\/\/www.traxgo.be\/wp-content\/uploads\/2020\/07\/asphalt-auto-autobahn-automobile-133826-1024x576.jpg 1024w, https:\/\/www.traxgo.be\/wp-content\/uploads\/2020\/07\/asphalt-auto-autobahn-automobile-133826-300x169.jpg 300w, https:\/\/www.traxgo.be\/wp-content\/uploads\/2020\/07\/asphalt-auto-autobahn-automobile-133826-768x432.jpg 768w\" sizes=\"auto, (max-width: 640px) 100vw, 640px\" \/><\/p>\n<p>En tant qu'entreprise dans un secteur o\u00f9 vous avez beaucoup \u00e0 voir avec le transport, un syst\u00e8me de <a href=\"https:\/\/www.traxgo.be\/fr\/online-track-et-trace-et-systemes-de-localisation\/localisation-vehicules\/\">g\u00e9olocalisation de v\u00e9hicule<\/a> n'est certainement pas un luxe inutile. En s'associant \u00e0 Traxgo, un <a href=\"https:\/\/www.traxgo.be\/fr\/track-trace-traceur-gps\/\">traceur GPS<\/a> est plac\u00e9 dans tous vos v\u00e9hicules. Ce tracker transmet ensuite les donn\u00e9es les plus importantes \u00e0 la plateforme Traxgo enti\u00e8rement s\u00e9curis\u00e9e. Cela donne un aper\u00e7u des donn\u00e9es des diff\u00e9rents v\u00e9hicules tels que:<\/p>\n<ul>\n<li>Les emplacements<\/li>\n<li>Les vitesses<\/li>\n<li>Les routes parcourues<\/li>\n<\/ul>\n<p>Une connexion GPRS\/GSM est utilis\u00e9e pour transmettre ces donn\u00e9es. Traxgo re\u00e7oit alors tout sur un serveur s\u00e9curis\u00e9 via cette connexion. Il vous suffit ensuite de vous connecter en tant que client pour tout obtenir dans un bel aper\u00e7u pour vous. \u00c0 la fois sous forme de carte et \u00e0 l'aide de rapports. Cela donne des informations et un contr\u00f4le \u00e9tendus sur tous vos v\u00e9hicules au sein de l'entreprise.<\/p>\n<h3>Les avantages du syst\u00e8me de g\u00e9olocalisation de v\u00e9hicules<\/h3>\n<p>Bien s\u00fbr, il existe un certain nombre d'avantages \u00e9vidents associ\u00e9s \u00e0 l'utilisation de ce syst\u00e8me GPS Tracker. Vous pouvez penser \u00e0 des choses comme:<\/p>\n<ul class=\"advantages\">\n<li><strong><a href=\"https:\/\/www.traxgo.be\/fr\/online-track-et-trace-et-systemes-de-localisation\/traxone\/traxone-logiciel-pour-la-gestion-du-personnel-rh\/\">Administration du personnel<\/a> simplifi\u00e9e<\/strong>: Les heures de d\u00e9marrage et d'arr\u00eat de vos v\u00e9hicules sont automatiquement suivies. Ceux-ci sont donc connus \u00e0 tout moment. Les kilom\u00e8tres parcourus n'ont pas besoin d'\u00eatre suivis \u00e0 fond. Tout dans ce domaine est automatique. Cela rend l'administration du personnel plus facile que jamais.<\/li>\n<li><strong>Cartes d'itin\u00e9raire d\u00e9taill\u00e9es<\/strong>: Vous pouvez \u00e9galement voir clairement quel itin\u00e9raire un employ\u00e9 a emprunt\u00e9. Gr\u00e2ce \u00e0 l'enregistrement en temps r\u00e9el, vous pouvez m\u00eame voir en direct o\u00f9 se trouve un employ\u00e9. Il est alors possible de r\u00e9agir imm\u00e9diatement \u00e0 une certaine situation, si l'itin\u00e9raire n'est pas correct, par exemple. Gr\u00e2ce aux cartes routi\u00e8res d\u00e9taill\u00e9es, tout devient beaucoup plus clair.<\/li>\n<li><strong>Interruption avec antid\u00e9marrage<\/strong>: Y a-t-il une activit\u00e9 suspecte ou ind\u00e9sirable que vous souhaiteriez voir interrompue au plus vite ? Ensuite vous pouvez intervenir \u00e0 l'aide d'un <a href=\"https:\/\/www.traxgo.be\/fr\/antidemarrage-pour-vehicules-et-machines\/\">antid\u00e9marrage<\/a>. Un v\u00e9hicule ne peut alors plus rouler. Cela garantit la s\u00e9curit\u00e9 de vos v\u00e9hicules.<\/li>\n<li><strong>Donn\u00e9es par v\u00e9hicule<\/strong>: Les liens int\u00e9gr\u00e9s ont l'avantage de fournir un aper\u00e7u des donn\u00e9es uniques par v\u00e9hicule. Par exemple, vous savez exactement quel est le niveau de carburant ou la vitesse d'un v\u00e9hicule sp\u00e9cifique. Ces informations peuvent \u00eatre tr\u00e8s utiles pour \u00e9viter des situations ind\u00e9sirables.<\/li>\n<li><strong>Gain de temps<\/strong>: Dans l'ensemble, l'utilisation de la plateforme Traxgo entra\u00eenera un gain de temps consid\u00e9rable. En raison de la r\u00e9duction de l'administration du personnel et de la meilleure compr\u00e9hension des d\u00e9tails individuels, il y a beaucoup moins de questions qui doivent encore \u00eatre v\u00e9rifi\u00e9es ou r\u00e9gl\u00e9es. Tout fonctionne en grande partie par lui-m\u00eame. Cela vous fera non seulement gagner du temps, mais vous \u00e9conomiserez \u00e9galement beaucoup d'argent.<\/li>\n<\/ul>\n<p><a class=\"button cta\" href=\"#contact\">Plus d'information? <strong>Contactez-nous<\/strong><\/a><\/p>\n<h3>Un syst\u00e8me de g\u00e9olocalisation de v\u00e9hicules pour votre entreprise<\/h3>\n<p>Vous souhaitez am\u00e9liorer les processus au sein de l'entreprise? Et aimeriez-vous le faire d'une mani\u00e8re \u00e9prouv\u00e9e, qui offre d\u00e9j\u00e0 des avantages pour de nombreuses entreprises diff\u00e9rentes? Alors vous feriez bien de <a href=\"#contact\">nous contacter<\/a>.<\/p>\n<p>Faites-nous savoir d\u00e8s que possible si vous avez des questions ou avez besoin de plus d'informations. Nous sommes heureux de vous aider \u00e0 porter la surveillance en temps r\u00e9el de vos voitures, camions et bateaux au plus haut niveau.<\/p>\n","protected":false},"excerpt":{"rendered":"<p>Le syst\u00e8me de g\u00e9olocalisation de v\u00e9hicule ultime En tant qu'entreprise dans un secteur o\u00f9 vous avez beaucoup \u00e0 voir avec le transport, un syst\u00e8me de g\u00e9olocalisation de v\u00e9hicule n'est certainement pas un luxe inutile. En s'associant \u00e0 Traxgo, un traceur GPS est plac\u00e9 dans tous vos v\u00e9hicules. Ce tracker transmet ensuite les donn\u00e9es les plus [&hellip;]<\/p>\n","protected":false},"author":1,"featured_media":6764,"parent":0,"menu_order":0,"comment_status":"closed","ping_status":"closed","template":"","meta":{"_acf_changed":false,"footnotes":""},"class_list":["post-11739","page","type-page","status-publish","has-post-thumbnail","hentry"],"acf":[],"_links":{"self":[{"href":"https:\/\/www.traxgo.be\/fr\/wp-json\/wp\/v2\/pages\/11739","targetHints":{"allow":["GET"]}}],"collection":[{"href":"https:\/\/www.traxgo.be\/fr\/wp-json\/wp\/v2\/pages"}],"about":[{"href":"https:\/\/www.traxgo.be\/fr\/wp-json\/wp\/v2\/types\/page"}],"author":[{"embeddable":true,"href":"https:\/\/www.traxgo.be\/fr\/wp-json\/wp\/v2\/users\/1"}],"replies":[{"embeddable":true,"href":"https:\/\/www.traxgo.be\/fr\/wp-json\/wp\/v2\/comments?post=11739"}],"version-history":[{"count":9,"href":"https:\/\/www.traxgo.be\/fr\/wp-json\/wp\/v2\/pages\/11739\/revisions"}],"predecessor-version":[{"id":14160,"href":"https:\/\/www.traxgo.be\/fr\/wp-json\/wp\/v2\/pages\/11739\/revisions\/14160"}],"wp:featuredmedia":[{"embeddable":true,"href":"https:\/\/www.traxgo.be\/fr\/wp-json\/wp\/v2\/media\/6764"}],"wp:attachment":[{"href":"https:\/\/www.traxgo.be\/fr\/wp-json\/wp\/v2\/media?parent=11739"}],"curies":[{"name":"wp","href":"https:\/\/api.w.org\/{rel}","templated":true}]}}