{"id":11757,"date":"2022-06-08T12:18:20","date_gmt":"2022-06-08T12:18:20","guid":{"rendered":"https:\/\/www.traxgo.be\/?page_id=11757"},"modified":"2023-04-21T11:53:35","modified_gmt":"2023-04-21T11:53:35","slug":"location-de-machines","status":"publish","type":"page","link":"https:\/\/www.traxgo.be\/fr\/location-de-machines\/","title":{"rendered":"Location de machines"},"content":{"rendered":"<h1>Suivi et de tra\u00e7abilit\u00e9 pour la location de machines<\/h1>\n<p><img loading=\"lazy\" decoding=\"async\" class=\"alignright wp-image-5423\" src=\"https:\/\/www.traxgo.be\/wp-content\/uploads\/2020\/04\/bulldozer-2195329_1920-1024x683.jpg\" alt=\"Location de machines: gestion des machines et \u00e9quipements avec logiciel de suivi\" width=\"580\" height=\"387\" srcset=\"https:\/\/www.traxgo.be\/wp-content\/uploads\/2020\/04\/bulldozer-2195329_1920-1024x683.jpg 1024w, https:\/\/www.traxgo.be\/wp-content\/uploads\/2020\/04\/bulldozer-2195329_1920-300x200.jpg 300w, https:\/\/www.traxgo.be\/wp-content\/uploads\/2020\/04\/bulldozer-2195329_1920-768x512.jpg 768w, https:\/\/www.traxgo.be\/wp-content\/uploads\/2020\/04\/bulldozer-2195329_1920.jpg 1920w\" sizes=\"auto, (max-width: 580px) 100vw, 580px\" \/>Des millions de machines sont lou\u00e9es chaque jour, ce qui pose souvent des probl\u00e8mes logistiques. Les soci\u00e9t\u00e9s de location ne savent pas toujours o\u00f9 se trouvent leurs machines et il arrive parfois que les machines ne soient pas restitu\u00e9es. Vous pouvez mettre fin \u00e0 cela avec le suivi et la localisation pour la location de machines!<\/p>\n<h3>Location de machines - Track and Trace<\/h3>\n<p>Une machine qui est rendue trop tard ou pas du tout? Cela arrive plus souvent que vous ne le pensez. Gr\u00e2ce \u00e0 notre solution Track and Trace, vous pouvez suivre chaque machine \u00e0 la minute pr\u00e8s. Sur une carte claire, vous pouvez voir exactement o\u00f9 se trouvent vos machines.<\/p>\n<p>De plus, il y a aussi la possibilit\u00e9 d'installer une alarme sur vos machines et d'<a href=\"https:\/\/www.traxgo.be\/fr\/antidemarrage-pour-vehicules-et-machines\/\">installer un antid\u00e9marrage sur les machines<\/a> \u00e9lectriques. De cette fa\u00e7on, vous pouvez toujours suivre, g\u00e9rer et arr\u00eater vos machines si n\u00e9cessaire. <a href=\"https:\/\/www.traxgo.be\/fr\/secteur-de-la-location\/\">La location<\/a> de machines n'a jamais \u00e9t\u00e9 aussi efficace!<\/p>\n<p><a class=\"button\" title=\"Localisation de machines\" href=\"https:\/\/www.traxgo.be\/fr\/online-track-et-trace-et-systemes-de-localisation\/localisation-machines\/\">Localisation de machines<\/a><\/p>\n<h3>Surveillance des heures de fonctionnement<\/h3>\n<p>Gr\u00e2ce aux solutions Traxgo, les heures de fonctionnement sont suivies sur <a href=\"https:\/\/www.traxgo.be\/fr\/logiciel-track-trace\/\">la plateforme en ligne Traxgo<\/a>. Sur cette plate-forme, vous pouvez consulter toutes les donn\u00e9es en un coup d'\u0153il. La plateforme en ligne Traxgo est l'outil parfait pour la facturation et l'optimisation de l'efficacit\u00e9 de votre machine. La plateforme vous avertit automatiquement lorsqu'il est temps de proc\u00e9der \u00e0 la maintenance.<\/p>\n<p>La surveillance des heures de fonctionnement garantit plus de profit, des co\u00fbts r\u00e9duits et une gestion efficace de vos machines.<\/p>\n<p><a class=\"button\" title=\"Enregistrement des heures de service\" href=\"https:\/\/www.traxgo.be\/fr\/online-track-et-trace-et-systemes-de-localisation\/enregistrement-des-heures-de-services\/\">Enregistrement des heures de service<\/a><\/p>\n<h3>Les solutions de Traxgo offrent de nombreux avantages:<\/h3>\n<ul class=\"advantages\">\n<li>toujours et partout un aper\u00e7u de toutes les machines et des heures de fonctionnement;<\/li>\n<li>moins de stress;<\/li>\n<li>plus d'efficacit\u00e9;<\/li>\n<li>possibilit\u00e9 d'installer un antid\u00e9marrage, ce qui augmente la s\u00e9curit\u00e9;<\/li>\n<\/ul>\n<p>Souhaitez-vous recevoir plus d'informations sur nos options de location de machines? N'h\u00e9sitez pas \u00e0 <a href=\"#contact\">nous contacter<\/a>.<\/p>\n<p>&nbsp;<\/p>\n<p><img loading=\"lazy\" decoding=\"async\" class=\" wp-image-5113 alignnone\" src=\"https:\/\/www.traxgo.be\/wp-content\/uploads\/2020\/01\/machineverhuur-300x67.jpg\" alt=\"Logiciel de suivi pour une gestion de flotte efficace\" width=\"1701\" height=\"380\" srcset=\"https:\/\/www.traxgo.be\/wp-content\/uploads\/2020\/01\/machineverhuur-300x67.jpg 300w, https:\/\/www.traxgo.be\/wp-content\/uploads\/2020\/01\/machineverhuur-768x172.jpg 768w, https:\/\/www.traxgo.be\/wp-content\/uploads\/2020\/01\/machineverhuur-1024x229.jpg 1024w, https:\/\/www.traxgo.be\/wp-content\/uploads\/2020\/01\/machineverhuur.jpg 1512w\" sizes=\"auto, (max-width: 1701px) 100vw, 1701px\" \/><\/p>\n","protected":false},"excerpt":{"rendered":"<p>Suivi et de tra\u00e7abilit\u00e9 pour la location de machines Des millions de machines sont lou\u00e9es chaque jour, ce qui pose souvent des probl\u00e8mes logistiques. Les soci\u00e9t\u00e9s de location ne savent pas toujours o\u00f9 se trouvent leurs machines et il arrive parfois que les machines ne soient pas restitu\u00e9es. Vous pouvez mettre fin \u00e0 cela avec [&hellip;]<\/p>\n","protected":false},"author":1,"featured_media":6688,"parent":0,"menu_order":0,"comment_status":"closed","ping_status":"closed","template":"","meta":{"_acf_changed":false,"footnotes":""},"class_list":["post-11757","page","type-page","status-publish","has-post-thumbnail","hentry"],"acf":[],"_links":{"self":[{"href":"https:\/\/www.traxgo.be\/fr\/wp-json\/wp\/v2\/pages\/11757","targetHints":{"allow":["GET"]}}],"collection":[{"href":"https:\/\/www.traxgo.be\/fr\/wp-json\/wp\/v2\/pages"}],"about":[{"href":"https:\/\/www.traxgo.be\/fr\/wp-json\/wp\/v2\/types\/page"}],"author":[{"embeddable":true,"href":"https:\/\/www.traxgo.be\/fr\/wp-json\/wp\/v2\/users\/1"}],"replies":[{"embeddable":true,"href":"https:\/\/www.traxgo.be\/fr\/wp-json\/wp\/v2\/comments?post=11757"}],"version-history":[{"count":10,"href":"https:\/\/www.traxgo.be\/fr\/wp-json\/wp\/v2\/pages\/11757\/revisions"}],"predecessor-version":[{"id":14162,"href":"https:\/\/www.traxgo.be\/fr\/wp-json\/wp\/v2\/pages\/11757\/revisions\/14162"}],"wp:featuredmedia":[{"embeddable":true,"href":"https:\/\/www.traxgo.be\/fr\/wp-json\/wp\/v2\/media\/6688"}],"wp:attachment":[{"href":"https:\/\/www.traxgo.be\/fr\/wp-json\/wp\/v2\/media?parent=11757"}],"curies":[{"name":"wp","href":"https:\/\/api.w.org\/{rel}","templated":true}]}}