{"id":11795,"date":"2022-06-08T13:32:45","date_gmt":"2022-06-08T13:32:45","guid":{"rendered":"https:\/\/www.traxgo.be\/?page_id=11795"},"modified":"2023-10-23T12:04:36","modified_gmt":"2023-10-23T12:04:36","slug":"enregistrement-du-temps-des-employes","status":"publish","type":"page","link":"https:\/\/www.traxgo.be\/fr\/enregistrement-du-temps-des-employes\/","title":{"rendered":"Enregistrement du temps des employ\u00e9s"},"content":{"rendered":"<h2>Enregistrement du temps des employ\u00e9s<\/h2>\n<p><img loading=\"lazy\" decoding=\"async\" class=\"alignright wp-image-3826\" src=\"https:\/\/www.traxgo.be\/wp-content\/uploads\/2019\/04\/Tijdregistratie5-3.jpg\" alt=\"Enregistrement du temps des employ\u00e9s\" width=\"580\" height=\"386\" srcset=\"https:\/\/www.traxgo.be\/wp-content\/uploads\/2019\/04\/Tijdregistratie5-3.jpg 626w, https:\/\/www.traxgo.be\/wp-content\/uploads\/2019\/04\/Tijdregistratie5-3-300x200.jpg 300w\" sizes=\"auto, (max-width: 580px) 100vw, 580px\" \/>Le temps ne s'arr\u00eate pas et la num\u00e9risation des processus commerciaux devient de plus en plus importante de nos jours. Vous \u00eates, en tant qu'employeur, \u00e0 la recherche d'un simple enregistrement des temps de vos employ\u00e9s pour votre entreprise? Avec un syst\u00e8me d'enregistrement du temps <strong>convivial<\/strong>, vous pouvez suivre les heures de travail de votre personnel de mani\u00e8re rapide et s\u00fbre. Vos employ\u00e9s peuvent facilement se connecter et se d\u00e9connecter eux-m\u00eames \u00e0 l'aide d'un badge. Dans le traitement de la paie, une distinction est automatiquement faite entre la planification et les heures effectivement travaill\u00e9es.<\/p>\n<h3>Application de suivi du temps pour les employ\u00e9s<\/h3>\n<p>Avec une application d'enregistrement du temps pour les <strong>appareils mobiles<\/strong>, vos employ\u00e9s peuvent facilement se connecter et se d\u00e9connecter en un clic, sur leur smartphone ou leur tablette. Les heures de travail enregistr\u00e9es sont ensuite soigneusement trait\u00e9es puis transmises par e-mail dans un bel aper\u00e7u. En tant qu'employeur, cela vous donne un bien meilleur aper\u00e7u de la planification ex\u00e9cut\u00e9e et vous savez \u00e9galement en un coup d'\u0153il quand un employ\u00e9 s'est absent\u00e9. Il va sans dire que de cette fa\u00e7on votre administration fonctionnera beaucoup <strong>plus facilement<\/strong> et que plus de temps sera lib\u00e9r\u00e9 pour d'autres t\u00e2ches.<\/p>\n<h3>Quelques avantages en un coup d'\u0153il<\/h3>\n<ul class=\"advantages\">\n<li>Horaires de travail flexibles<\/li>\n<li>B\u00e2tir la confiance<\/li>\n<li>Motiver les employ\u00e9s<\/li>\n<li>Respecter les horaires de travail<\/li>\n<li>Planification optimale du personnel<\/li>\n<\/ul>\n<p><a class=\"button cta\" href=\"#contact\">Plus d'information? <strong>Contactez-nous<\/strong><\/a><\/p>\n","protected":false},"excerpt":{"rendered":"<p>Enregistrement du temps des employ\u00e9s Le temps ne s'arr\u00eate pas et la num\u00e9risation des processus commerciaux devient de plus en plus importante de nos jours. Vous \u00eates, en tant qu'employeur, \u00e0 la recherche d'un simple enregistrement des temps de vos employ\u00e9s pour votre entreprise? Avec un syst\u00e8me d'enregistrement du temps convivial, vous pouvez suivre les [&hellip;]<\/p>\n","protected":false},"author":1,"featured_media":6434,"parent":0,"menu_order":0,"comment_status":"closed","ping_status":"closed","template":"","meta":{"_acf_changed":false,"footnotes":""},"class_list":["post-11795","page","type-page","status-publish","has-post-thumbnail","hentry"],"acf":[],"_links":{"self":[{"href":"https:\/\/www.traxgo.be\/fr\/wp-json\/wp\/v2\/pages\/11795","targetHints":{"allow":["GET"]}}],"collection":[{"href":"https:\/\/www.traxgo.be\/fr\/wp-json\/wp\/v2\/pages"}],"about":[{"href":"https:\/\/www.traxgo.be\/fr\/wp-json\/wp\/v2\/types\/page"}],"author":[{"embeddable":true,"href":"https:\/\/www.traxgo.be\/fr\/wp-json\/wp\/v2\/users\/1"}],"replies":[{"embeddable":true,"href":"https:\/\/www.traxgo.be\/fr\/wp-json\/wp\/v2\/comments?post=11795"}],"version-history":[{"count":5,"href":"https:\/\/www.traxgo.be\/fr\/wp-json\/wp\/v2\/pages\/11795\/revisions"}],"predecessor-version":[{"id":14941,"href":"https:\/\/www.traxgo.be\/fr\/wp-json\/wp\/v2\/pages\/11795\/revisions\/14941"}],"wp:featuredmedia":[{"embeddable":true,"href":"https:\/\/www.traxgo.be\/fr\/wp-json\/wp\/v2\/media\/6434"}],"wp:attachment":[{"href":"https:\/\/www.traxgo.be\/fr\/wp-json\/wp\/v2\/media?parent=11795"}],"curies":[{"name":"wp","href":"https:\/\/api.w.org\/{rel}","templated":true}]}}