{"id":1181,"date":"2018-02-22T14:33:58","date_gmt":"2018-02-22T14:33:58","guid":{"rendered":"http:\/\/www.traxgo.be\/container-tracking\/"},"modified":"2025-12-15T14:08:53","modified_gmt":"2025-12-15T14:08:53","slug":"localisation-de-conteneurs","status":"publish","type":"page","link":"https:\/\/www.traxgo.be\/fr\/localisation-de-conteneurs\/","title":{"rendered":"Localisation de conteneurs"},"content":{"rendered":"<h2>Localisation de conteneurs<\/h2>\n<h3>Retrouvez vos conteneurs \u00e0 tout moment et partout<\/h3>\n<p><img loading=\"lazy\" decoding=\"async\" class=\"alignright wp-image-302 size-full\" title=\"Container tracking Traxgo\" src=\"http:\/\/www.traxgo.be\/wp-content\/uploads\/2018\/02\/Containerpark-transparant.jpg\" alt=\"Syst\u00e8me de suivi des conteneurs\" width=\"496\" height=\"462\" srcset=\"https:\/\/www.traxgo.be\/wp-content\/uploads\/2018\/02\/Containerpark-transparant.jpg 496w, https:\/\/www.traxgo.be\/wp-content\/uploads\/2018\/02\/Containerpark-transparant-300x279.jpg 300w\" sizes=\"auto, (max-width: 496px) 100vw, 496px\" \/>O\u00f9 se trouvent vos conteneurs, remorques ou autres mat\u00e9riaux\u00a0? Notre outil de localisation de conteneurs les retrouve en un rien de temps. O\u00f9 que vous soyez. \u00c0 n\u2019importe quel moment de la journ\u00e9e. Notre gamme propose des syst\u00e8mes de localisation dans diff\u00e9rentes variantes. Toujours adapt\u00e9 \u00e0 l\u2019application ou \u00e0 la solution que vous recherchez.<\/p>\n<h3>Localisez votre conteneur sur la carte<\/h3>\n<p>Notre syst\u00e8me de localisation avanc\u00e9 affiche<strong> l\u2019emplacement et le parcours<\/strong> de votre conteneur ou<strong> remorque de mani\u00e8re d\u00e9taill\u00e9e<\/strong> sur la carte.\u00a0 Le syst\u00e8me de localisation <strong>\u00e9tanche<\/strong> fonctionne de mani\u00e8re enti\u00e8rement autonome gr\u00e2ce \u00e0<strong> une batterie d\u2019une dur\u00e9e de vie jusqu'\u00e0 8 ans<\/strong> (GPS). Sans alimentation fixe, donc. Vous avez ainsi la possibilit\u00e9 de suivre tous vos mat\u00e9riaux depuis le bureau, et depuis l\u2019endroit o\u00f9 vous vous trouvez avec votre tablette ou votre smartphone.<\/p>\n<h3>Localisation de conteneurs sans souci<\/h3>\n<p>Votre conteneur est d\u00e9plac\u00e9 alors que ce n\u2019est pas pr\u00e9vu\u00a0? Vous en \u00eates imm\u00e9diatement inform\u00e9(e) gr\u00e2ce aux <strong>messages d\u2019alarme programm\u00e9s<\/strong> ou au g\u00e9orep\u00e9rage. Vos autres avantages\u00a0:<\/p>\n<ul class=\"advantages\">\n<li>Vous pouvez<strong> intervenir instantan\u00e9ment dans n\u2019importe quelle situation.<\/strong><\/li>\n<li>Vous<strong> \u00e9conomisez temps et argent<\/strong> gr\u00e2ce \u00e0 la diminution des t\u00e2ches administratives.<\/li>\n<li>Vous<strong> travaillez dans des conditions optimales<\/strong> avec la plate-forme Traxgo conviviale.<\/li>\n<li>Un <strong>affichage clair sur une carte<\/strong> vous permet de situer tous vos mat\u00e9riaux.<\/li>\n<\/ul>\n<p><a class=\"button cta\" href=\"#contact\">Plus d'information? <strong>Contactez-nous<\/strong><\/a><\/p>\n<div style=\"padding: 10px 15px; border-left: Solid 3px #75a3a3; background: linear-gradient(90deg,rgba(238, 238, 238, 1) 0%, rgba(255, 255, 255, 1) 75%);\">\n<h4 style=\"padding: 0; margin: 0; padding-bottom: 5px;\">Propre \u00e9quipe d'installation, unique dans le secteur du suivi et tra\u00e7abilit\u00e9<\/h4>\n<div style=\"display: inline-block; margin-right: 10px;\"><i class=\"fa fa-star-o\" style=\"color: #75a3a3;\" aria-hidden=\"true\"><\/i> Collaborateurs comp\u00e9tent<\/div>\n<div style=\"display: inline-block; margin-right: 10px;\"><i class=\"fa fa-star-o\" style=\"color: #75a3a3;\" aria-hidden=\"true\"><\/i> Installation rapide et ponctuelle<\/div>\n<div style=\"display: inline-block; margin-right: 10px;\"><i class=\"fa fa-star-o\" style=\"color: #75a3a3;\" aria-hidden=\"true\"><\/i> Prix fixe, sans frais suppl\u00e9mentaires<\/div>\n<\/div>\n<p>&nbsp;<\/p>\n<h3>Localisez tous vos mat\u00e9riaux<\/h3>\n<p><img loading=\"lazy\" decoding=\"async\" class=\"alignright wp-image-743\" src=\"https:\/\/www.traxgo.be\/wp-content\/uploads\/2018\/02\/GS330-materiaal_tekst_1488460135-1.jpg\" alt=\"Tracking pour conteneurs et autres mat\u00e9riaux\" width=\"580\" height=\"435\" srcset=\"https:\/\/www.traxgo.be\/wp-content\/uploads\/2018\/02\/GS330-materiaal_tekst_1488460135-1.jpg 780w, https:\/\/www.traxgo.be\/wp-content\/uploads\/2018\/02\/GS330-materiaal_tekst_1488460135-1-300x225.jpg 300w, https:\/\/www.traxgo.be\/wp-content\/uploads\/2018\/02\/GS330-materiaal_tekst_1488460135-1-768x576.jpg 768w\" sizes=\"auto, (max-width: 580px) 100vw, 580px\" \/>Souhaitez-vous prot\u00e9ger d\u2019autres mat\u00e9riaux pr\u00e9cieux \u00e0 l\u2019aide d\u2019un syst\u00e8me de localisation\u00a0? Bien s\u00fbr\u00a0! Demandez notre syst\u00e8me de localisation:<\/p>\n<ul>\n<li>Conteneurs et bennes<\/li>\n<li><a href=\"https:\/\/www.traxgo.be\/fr\/localisation-de-remorques\/\">Semi-remorques et remorques<\/a><\/li>\n<li><a href=\"https:\/\/www.traxgo.be\/fr\/online-track-et-trace-et-systemes-de-localisation\/localisation-vehicules\/\">Localisation de v\u00e9hicules<\/a><\/li>\n<li><a href=\"https:\/\/www.traxgo.be\/fr\/online-track-et-trace-et-systemes-de-localisation\/localisation-machines\/\">Localisation de machines<\/a><\/li>\n<li><a href=\"https:\/\/www.traxgo.be\/fr\/online-track-et-trace-et-systemes-de-localisation\/localisation-materiaux\/\">Location de mat\u00e9riaux<\/a><\/li>\n<li>Chargements pr\u00e9cieux<\/li>\n<li>Toilettes mobiles<\/li>\n<li>Mat\u00e9riaux de construction tels que grues, monte-charges, silos, \u00e9chafaudages, b\u00e9tonni\u00e8res, panneaux de signalisation...<\/li>\n<li>Tout votre mat\u00e9riel de travail<\/li>\n<\/ul>\n<p>Vous voulez en savoir plus sur la localisation de conteneurs et nos syst\u00e8mes de localisation ? Contactez-nous et nous vous soumettrons une proposition personnalis\u00e9e, gratuitement et sans engagement. Nous nous ferons un plaisir de vous aider.<\/p>\n<p><a class=\"button cta\" href=\"#contact\">Plus d'information? <strong>Contactez-nous<\/strong><\/a><\/p>\n<p>&nbsp;<\/p>\n<p><strong>Consultez des informations d\u00e9taill\u00e9es sur:<\/strong><\/p>\n<ul>\n<li><a href=\"http:\/\/www.traxgo.be\/fr\/online-track-et-trace-et-systemes-de-localisation\/enregistrement-des-presences-checkinatwork\/\">Checkinatwork<\/a><\/li>\n<li><a href=\"http:\/\/www.traxgo.be\/fr\/pointeuse\/\">La pointeuse<\/a><\/li>\n<li><a href=\"http:\/\/www.traxgo.be\/fr\/online-track-et-trace-et-systemes-de-localisation\/localisation-machines\/\">Localisation de vos machines\u00a0<\/a> <a href=\"http:\/\/www.traxgo.be\/fr\/localisation-de-remorques\/\">et de vos remorques<\/a><\/li>\n<li><a href=\"https:\/\/www.traxgo.be\/fr\/le-suivi-accroit-la-securite-du-personnel-portuaire\/\">Le suivi accro\u00eet la s\u00e9curit\u00e9 du personnel portuaire<\/a><\/li>\n<li><a href=\"https:\/\/www.traxgo.be\/fr\/ameliorer-votre-gestion-du-materiel\/\">Am\u00e9liorer votre gestion du mat\u00e9riel<\/a><\/li>\n<li><a href=\"https:\/\/www.traxgo.be\/fr\/conseils-pour-prevenir-le-vol-de-vos-equipements-de-travail\/\">Antivol \u00e9quipement de travail<\/a><\/li>\n<li><a href=\"http:\/\/www.traxgo.be\/fr\/online-track-et-trace-et-systemes-de-localisation\/\">Autres solutions<\/a><\/li>\n<\/ul>\n<p>&nbsp;<\/p>\n","protected":false},"excerpt":{"rendered":"<p>Localisation de conteneurs Retrouvez vos conteneurs \u00e0 tout moment et partout O\u00f9 se trouvent vos conteneurs, remorques ou autres mat\u00e9riaux\u00a0? Notre outil de localisation de conteneurs les retrouve en un rien de temps. O\u00f9 que vous soyez. \u00c0 n\u2019importe quel moment de la journ\u00e9e. Notre gamme propose des syst\u00e8mes de localisation dans diff\u00e9rentes variantes. Toujours [&hellip;]<\/p>\n","protected":false},"author":2,"featured_media":5788,"parent":0,"menu_order":0,"comment_status":"closed","ping_status":"closed","template":"","meta":{"_acf_changed":false,"footnotes":""},"class_list":["post-1181","page","type-page","status-publish","has-post-thumbnail","hentry"],"acf":[],"_links":{"self":[{"href":"https:\/\/www.traxgo.be\/fr\/wp-json\/wp\/v2\/pages\/1181","targetHints":{"allow":["GET"]}}],"collection":[{"href":"https:\/\/www.traxgo.be\/fr\/wp-json\/wp\/v2\/pages"}],"about":[{"href":"https:\/\/www.traxgo.be\/fr\/wp-json\/wp\/v2\/types\/page"}],"author":[{"embeddable":true,"href":"https:\/\/www.traxgo.be\/fr\/wp-json\/wp\/v2\/users\/2"}],"replies":[{"embeddable":true,"href":"https:\/\/www.traxgo.be\/fr\/wp-json\/wp\/v2\/comments?post=1181"}],"version-history":[{"count":23,"href":"https:\/\/www.traxgo.be\/fr\/wp-json\/wp\/v2\/pages\/1181\/revisions"}],"predecessor-version":[{"id":17940,"href":"https:\/\/www.traxgo.be\/fr\/wp-json\/wp\/v2\/pages\/1181\/revisions\/17940"}],"wp:featuredmedia":[{"embeddable":true,"href":"https:\/\/www.traxgo.be\/fr\/wp-json\/wp\/v2\/media\/5788"}],"wp:attachment":[{"href":"https:\/\/www.traxgo.be\/fr\/wp-json\/wp\/v2\/media?parent=1181"}],"curies":[{"name":"wp","href":"https:\/\/api.w.org\/{rel}","templated":true}]}}