{"id":11810,"date":"2022-06-09T08:40:17","date_gmt":"2022-06-09T08:40:17","guid":{"rendered":"https:\/\/www.traxgo.be\/?page_id=11810"},"modified":"2026-02-11T12:05:42","modified_gmt":"2026-02-11T12:05:42","slug":"equipement-portuaire","status":"publish","type":"page","link":"https:\/\/www.traxgo.be\/fr\/online-track-et-trace-et-systemes-de-localisation\/equipement-portuaire\/","title":{"rendered":"\u00c9quipement portuaire"},"content":{"rendered":"<p><img loading=\"lazy\" decoding=\"async\" class=\"alignright wp-image-11698\" src=\"https:\/\/www.traxgo.be\/wp-content\/uploads\/2022\/06\/reachstackers.jpg\" alt=\"Tracking pour des entreprises portuaires: reachstackers, les grues portuaires, les grues \u00e0 portique, les conteneurs maritimes, ...\" width=\"580\" height=\"405\" srcset=\"https:\/\/www.traxgo.be\/wp-content\/uploads\/2022\/06\/reachstackers.jpg 1000w, https:\/\/www.traxgo.be\/wp-content\/uploads\/2022\/06\/reachstackers-300x210.jpg 300w, https:\/\/www.traxgo.be\/wp-content\/uploads\/2022\/06\/reachstackers-768x537.jpg 768w\" sizes=\"auto, (max-width: 580px) 100vw, 580px\" \/><\/p>\n<p>Les entreprises actives dans la zone portuaire disposent souvent d\u2019un vaste parc de reachstackers (ou gerbeurs de conteneurs). Ces machines lourdes - de marques connues telles que <em>Kalmar<\/em>, <em>Liebherr<\/em>, <em>Linde<\/em>, etc. - dot\u00e9es d\u2019une excellente capacit\u00e9 de levage disposent d\u2019un bras t\u00e9lescopique pour d\u00e9placer et empiler les conteneurs sur le site.<\/p>\n<p>Il va sans dire que les risques de s\u00e9curit\u00e9 lors de ces man\u0153uvres sont immenses. Traxgo a donc mis au point une application sp\u00e9cifique qui permet que seuls les op\u00e9rateurs poss\u00e9dant les comp\u00e9tences techniques requises puissent utiliser les reachstackers. Apr\u00e8s tout, la <strong>s\u00e9curit\u00e9<\/strong> des collaborateurs est une <strong>priorit\u00e9<\/strong> absolue pour les entreprises portuaires!<\/p>\n<h3>Cartographier les activit\u00e9s des reachstackers<\/h3>\n<p>En outre, notre application offre de nombreux avantages suppl\u00e9mentaires. Par exemple, gr\u00e2ce au <a href=\"https:\/\/www.traxgo.be\/fr\/acheter-tracker-systeme-de-suivi\/\">tracker<\/a> int\u00e9gr\u00e9, il est possible pour le gestionnaire de flotte de visualiser les <strong>positions<\/strong> des diff\u00e9rents reachstackers sur le terrain, de d\u00e9limiter sur une carte la <strong>zone<\/strong> dans laquelle ils peuvent exercer leurs activit\u00e9s, de suivre les heures de fonctionnement et\/ou le nombre de <a href=\"https:\/\/www.traxgo.be\/fr\/localisation-de-conteneurs\/\">conteneurs<\/a> d\u00e9plac\u00e9s par machine, de contr\u00f4ler les diff\u00e9rents param\u00e8tres relatifs \u00e0 la <strong>maintenance<\/strong> p\u00e9riodique, etc. Tout ceci permet aux entreprises portuaires d\u2019augmenter significativement l\u2019efficacit\u00e9 de leurs activit\u00e9s.<\/p>\n<h3>Vos avantages<\/h3>\n<ul class=\"advantages\">\n<li>Augmenter la <strong>s\u00e9curit\u00e9<\/strong> de vos collaborateurs<\/li>\n<li>Seul le <strong>personnel form\u00e9<\/strong> peut utiliser les machines<\/li>\n<li>Aper\u00e7u du nombre de <strong>conteneurs <\/strong>d\u00e9plac\u00e9s<\/li>\n<li><strong>R\u00e9duction des co\u00fbts<\/strong> gr\u00e2ce \u00e0 une maintenance en temps opportun<\/li>\n<li><strong>D\u00e9terminer la position<\/strong> des reachstackers<\/li>\n<li>D\u00e9limiter leur champ d'action avec le <strong>g\u00e9orep\u00e9rage<\/strong><\/li>\n<\/ul>\n<p><a class=\"button cta\" href=\"#contact\">D\u00e9mo gratuite ou plus d'info? <strong>Contactez-nous<\/strong><\/a><\/p>\n<p>En outre, nos applications de tracking (et de monitoring) sont \u00e9galement parfaitement adapt\u00e9es \u00e0 d\u2019autres types d\u2019\u00e9quipements portuaires sp\u00e9cialis\u00e9s, tels que les grues portuaires, les grues \u00e0 portique et les conteneurs maritimes.<\/p>\n<p>&nbsp;<\/p>\n<h4>Consultez des informations d\u00e9taill\u00e9es sur:<\/h4>\n<ul>\n<li><a href=\"https:\/\/www.traxgo.be\/fr\/le-suivi-accroit-la-securite-du-personnel-portuaire\/\">Le suivi accro\u00eet la s\u00e9curit\u00e9 du personnel portuaire<\/a><\/li>\n<li><a href=\"https:\/\/www.traxgo.be\/fr\/les-entreprises-portuaires-danvers-font-confiance-a-traxgo\/\">Entreprises portuaires d'Anvers font confiance \u00e0 Traxgo<\/a><\/li>\n<li><a href=\"https:\/\/www.traxgo.be\/fr\/plateforme-numerique-facilite-un-flux-de-travail-plus-fluide\/\">La plateforme num\u00e9rique facilite le flux de travail de la soci\u00e9t\u00e9 portuaire de Gand<\/a><\/li>\n<li><a href=\"https:\/\/www.traxgo.be\/fr\/le-suivi-augmente-lefficacite-des-entreprises-de-recyclage\/\">Le suivi augmente l'efficacit\u00e9 des entreprises de recyclage<\/a><\/li>\n<li><a href=\"https:\/\/www.traxgo.be\/fr\/localisation-precise-des-conteneurs-avec-suivi\/\">Localisation pr\u00e9cise des conteneurs avec suivi<\/a><\/li>\n<\/ul>\n","protected":false},"excerpt":{"rendered":"<p>Les entreprises actives dans la zone portuaire disposent souvent d\u2019un vaste parc de reachstackers (ou gerbeurs de conteneurs). Ces machines lourdes - de marques connues telles que Kalmar, Liebherr, Linde, etc. - dot\u00e9es d\u2019une excellente capacit\u00e9 de levage disposent d\u2019un bras t\u00e9lescopique pour d\u00e9placer et empiler les conteneurs sur le site. Il va sans dire [&hellip;]<\/p>\n","protected":false},"author":1,"featured_media":11712,"parent":553,"menu_order":0,"comment_status":"closed","ping_status":"closed","template":"","meta":{"_acf_changed":false,"footnotes":""},"class_list":["post-11810","page","type-page","status-publish","has-post-thumbnail","hentry"],"acf":[],"_links":{"self":[{"href":"https:\/\/www.traxgo.be\/fr\/wp-json\/wp\/v2\/pages\/11810","targetHints":{"allow":["GET"]}}],"collection":[{"href":"https:\/\/www.traxgo.be\/fr\/wp-json\/wp\/v2\/pages"}],"about":[{"href":"https:\/\/www.traxgo.be\/fr\/wp-json\/wp\/v2\/types\/page"}],"author":[{"embeddable":true,"href":"https:\/\/www.traxgo.be\/fr\/wp-json\/wp\/v2\/users\/1"}],"replies":[{"embeddable":true,"href":"https:\/\/www.traxgo.be\/fr\/wp-json\/wp\/v2\/comments?post=11810"}],"version-history":[{"count":10,"href":"https:\/\/www.traxgo.be\/fr\/wp-json\/wp\/v2\/pages\/11810\/revisions"}],"predecessor-version":[{"id":18136,"href":"https:\/\/www.traxgo.be\/fr\/wp-json\/wp\/v2\/pages\/11810\/revisions\/18136"}],"up":[{"embeddable":true,"href":"https:\/\/www.traxgo.be\/fr\/wp-json\/wp\/v2\/pages\/553"}],"wp:featuredmedia":[{"embeddable":true,"href":"https:\/\/www.traxgo.be\/fr\/wp-json\/wp\/v2\/media\/11712"}],"wp:attachment":[{"href":"https:\/\/www.traxgo.be\/fr\/wp-json\/wp\/v2\/media?parent=11810"}],"curies":[{"name":"wp","href":"https:\/\/api.w.org\/{rel}","templated":true}]}}