{"id":11826,"date":"2022-06-09T11:04:24","date_gmt":"2022-06-09T11:04:24","guid":{"rendered":"https:\/\/www.traxgo.be\/?page_id=11826"},"modified":"2022-06-09T11:19:29","modified_gmt":"2022-06-09T11:19:29","slug":"secteur-de-lentretien","status":"publish","type":"page","link":"https:\/\/www.traxgo.be\/fr\/secteur-de-lentretien\/","title":{"rendered":"Secteur de l'entretien"},"content":{"rendered":"<h1>Track and Trace pour le secteur du service et de la maintenance<\/h1>\n<h3><img loading=\"lazy\" decoding=\"async\" class=\"alignright wp-image-5106\" src=\"https:\/\/www.traxgo.be\/wp-content\/uploads\/2020\/01\/neonbrand-60krlMMeWxU-unsplash1-300x153.jpg\" alt=\"Track and trace pour le secteur du service et de la maintenance\" width=\"580\" height=\"295\" srcset=\"https:\/\/www.traxgo.be\/wp-content\/uploads\/2020\/01\/neonbrand-60krlMMeWxU-unsplash1-300x153.jpg 300w, https:\/\/www.traxgo.be\/wp-content\/uploads\/2020\/01\/neonbrand-60krlMMeWxU-unsplash1-768x391.jpg 768w, https:\/\/www.traxgo.be\/wp-content\/uploads\/2020\/01\/neonbrand-60krlMMeWxU-unsplash1-1024x521.jpg 1024w\" sizes=\"auto, (max-width: 580px) 100vw, 580px\" \/><strong>Track and Trace secteur de l'entretien<\/strong><\/h3>\n<p>Appeler une \u00e9quipe ou planifier une r\u00e9paration? Notre syst\u00e8me Track and Trace offre une solution \u00e0 ce genre de questions. Gr\u00e2ce au Track and Trace pour le secteur de la maintenance, vous pouvez facilement d\u00e9ployer des personnes et des \u00e9quipes l\u00e0 et quand elles sont n\u00e9cessaires.<\/p>\n<p>Avec notre syst\u00e8me, vous avez la garantie de travailler plus efficacement, sans perdre de temps et avec une meilleure communication. Non seulement vous \u00e9conomisez du temps et de l'argent, mais vous gardez \u00e9galement vos clients et vos employ\u00e9s heureux. Lorsque vous avez install\u00e9 le syst\u00e8me Traxgo Track and Trace, vous pouvez suivre tout le monde via PC, smartphone et\/ou tablette.<\/p>\n<p><a class=\"button\" title=\"Localisation de v\u00e9hicules\" href=\"https:\/\/www.traxgo.be\/fr\/online-track-et-trace-et-systemes-de-localisation\/localisation-vehicules\/\">Localisation de v\u00e9hicules<\/a><\/p>\n<h3>Enregistrement rapide et facile des progr\u00e8s<\/h3>\n<p>Il peut parfois arriver que vous ou vos employ\u00e9s oubliiez de remplir un bon de travail. Avec le LisaBadge, vous pouvez simplifier la facturation et l'administration. Vous n'avez plus besoin de remplir les bons de travail. Si ce n'est pas fantastique.<\/p>\n<p>Vous pouvez facilement saisir toutes les heures travaill\u00e9es, les distances, l'administration, etc. dans notre logiciel, le 'LisaBadge'. Ces documents peuvent \u00eatre facilement v\u00e9rifi\u00e9s, corrig\u00e9s et trait\u00e9s. Travaillez beaucoup plus facilement gr\u00e2ce au LisaBadge.<\/p>\n<p><a class=\"button\" title=\"Plus sur LisaBadges\" href=\"https:\/\/www.traxgo.be\/fr\/online-track-et-trace-et-systemes-de-localisation\/enregistrement-des-presences-checkinatwork\/lisabadge\/\">Plus sur LisaBadges<\/a><\/p>\n<h3>Protection contre le vol de mat\u00e9riel gr\u00e2ce \u00e0 la gestion du mat\u00e9riel Traxgo<\/h3>\n<p>Avez-vous le contr\u00f4le de tout votre mat\u00e9riel ou quelque chose a-t-il d\u00e9j\u00e0 \u00e9t\u00e9 vol\u00e9 ? La protection contre le vol de Traxgo facilite le suivi de votre \u00e9quipement en temps r\u00e9el. Vous avez toujours et partout une vue d'ensemble de l'endroit o\u00f9 tout se trouve. Prot\u00e9gez votre \u00e9quipement contre le vol avec nos syst\u00e8mes de protection contre le vol. Fait avec le mat\u00e9riel de rachat.<\/p>\n<p>La gestion des mat\u00e9riaux offre de nombreux avantages. Vous pouvez facilement localiser votre \u00e9quipement, faire un inventaire, r\u00e9duire les risques de vol et augmenter la s\u00e9curit\u00e9. Gagnez du temps et de l'argent !<\/p>\n<p>Vous souhaitez plus d'informations sur nos solutions pour le secteur du service et de la maintenance? N'h\u00e9sitez pas \u00e0 nous contacter.<\/p>\n<p><a class=\"button cta\" href=\"#contact\">Plus d'information? <strong>Contactez-nous<\/strong><\/a><\/p>\n","protected":false},"excerpt":{"rendered":"<p>Track and Trace pour le secteur du service et de la maintenance Track and Trace secteur de l'entretien Appeler une \u00e9quipe ou planifier une r\u00e9paration? Notre syst\u00e8me Track and Trace offre une solution \u00e0 ce genre de questions. Gr\u00e2ce au Track and Trace pour le secteur de la maintenance, vous pouvez facilement d\u00e9ployer des personnes [&hellip;]<\/p>\n","protected":false},"author":1,"featured_media":6682,"parent":0,"menu_order":0,"comment_status":"closed","ping_status":"closed","template":"","meta":{"_acf_changed":false,"footnotes":""},"class_list":["post-11826","page","type-page","status-publish","has-post-thumbnail","hentry"],"acf":[],"_links":{"self":[{"href":"https:\/\/www.traxgo.be\/fr\/wp-json\/wp\/v2\/pages\/11826","targetHints":{"allow":["GET"]}}],"collection":[{"href":"https:\/\/www.traxgo.be\/fr\/wp-json\/wp\/v2\/pages"}],"about":[{"href":"https:\/\/www.traxgo.be\/fr\/wp-json\/wp\/v2\/types\/page"}],"author":[{"embeddable":true,"href":"https:\/\/www.traxgo.be\/fr\/wp-json\/wp\/v2\/users\/1"}],"replies":[{"embeddable":true,"href":"https:\/\/www.traxgo.be\/fr\/wp-json\/wp\/v2\/comments?post=11826"}],"version-history":[{"count":6,"href":"https:\/\/www.traxgo.be\/fr\/wp-json\/wp\/v2\/pages\/11826\/revisions"}],"predecessor-version":[{"id":11832,"href":"https:\/\/www.traxgo.be\/fr\/wp-json\/wp\/v2\/pages\/11826\/revisions\/11832"}],"wp:featuredmedia":[{"embeddable":true,"href":"https:\/\/www.traxgo.be\/fr\/wp-json\/wp\/v2\/media\/6682"}],"wp:attachment":[{"href":"https:\/\/www.traxgo.be\/fr\/wp-json\/wp\/v2\/media?parent=11826"}],"curies":[{"name":"wp","href":"https:\/\/api.w.org\/{rel}","templated":true}]}}