{"id":11844,"date":"2022-06-09T11:31:35","date_gmt":"2022-06-09T11:31:35","guid":{"rendered":"https:\/\/www.traxgo.be\/?page_id=11844"},"modified":"2022-06-09T11:35:27","modified_gmt":"2022-06-09T11:35:27","slug":"automatiser-lenregistrement-des-heures-de-travail","status":"publish","type":"page","link":"https:\/\/www.traxgo.be\/fr\/automatiser-lenregistrement-des-heures-de-travail\/","title":{"rendered":"Automatiser l'enregistrement des heures de travail"},"content":{"rendered":"<h2>Automatiser l'enregistrement des heures de travail<\/h2>\n<p><img loading=\"lazy\" decoding=\"async\" class=\"alignright size-large wp-image-5390\" src=\"https:\/\/www.traxgo.be\/wp-content\/uploads\/2020\/04\/brad-neathery-nPy0X4xew60-unsplash-1024x683.jpg\" alt=\"Automatiser l'enregistrement des heures de travail\" width=\"640\" height=\"427\" srcset=\"https:\/\/www.traxgo.be\/wp-content\/uploads\/2020\/04\/brad-neathery-nPy0X4xew60-unsplash-1024x683.jpg 1024w, https:\/\/www.traxgo.be\/wp-content\/uploads\/2020\/04\/brad-neathery-nPy0X4xew60-unsplash-300x200.jpg 300w, https:\/\/www.traxgo.be\/wp-content\/uploads\/2020\/04\/brad-neathery-nPy0X4xew60-unsplash-768x512.jpg 768w\" sizes=\"auto, (max-width: 640px) 100vw, 640px\" \/><\/p>\n<p>L'enregistrement des heures de travail n'est souvent pas une priorit\u00e9, mais il est n\u00e9cessaire. En automatisant <a href=\"https:\/\/www.traxgo.be\/fr\/pointeuse\/\">l'enregistrement des heures de travail<\/a>, vous r\u00e9duisez la charge administrative et tout est conserv\u00e9 de mani\u00e8re beaucoup plus pr\u00e9cise et en temps r\u00e9el. Cela signifie que vous ou vos employ\u00e9s qui s'occupent de l'administration au bureau pouvez consulter toutes les donn\u00e9es \u00e0 tout moment.<\/p>\n<p>Le syst\u00e8me de <strong>pointage<\/strong> automatis\u00e9 enregistre tout (par exemple par projet ou par client) afin que vous puissiez faire un rapport tr\u00e8s rapidement. L'enregistrement automatique vous aide non seulement \u00e0 travailler de mani\u00e8re plus ad\u00e9quate, mais aussi beaucoup plus efficacement.<\/p>\n<h3>Avantages de l'enregistrement automatique<\/h3>\n<p>L'enregistrement des heures de travail et son automatisation apporte de nombreux avantages. Vous trouverez ci-dessous certains de ces avantages qui pourraient vous convaincre de franchir cette \u00e9tape.<\/p>\n<ul class=\"advantages\">\n<li>Un <strong>enregistrement du temps<\/strong> sans erreur<\/li>\n<li>Administration tr\u00e8s <strong>simplifi\u00e9e<\/strong><\/li>\n<li>Rapports num\u00e9riques<\/li>\n<\/ul>\n<p>Dans la soci\u00e9t\u00e9 actuelle, la <strong>num\u00e9risation<\/strong> des processus m\u00e9tier est indispensable. Nous offrons une gamme de solutions et d'options qui peuvent aider les chefs d'entreprise d'aujourd'hui qui l'utilisent dans une optimisation plus pouss\u00e9e. Vous souhaitez automatiser l'enregistrement des heures de travail dans votre entreprise ? Contactez Traxgo sans engagement au num\u00e9ro de t\u00e9l\u00e9phone indiqu\u00e9 ou via le formulaire au bas de cette page et d\u00e9couvrez ce que nous pouvons faire pour vous.<\/p>\n<p><a class=\"button cta\" href=\"#contact\">Plus d'information? <strong>Contactez-nous<\/strong><\/a><\/p>\n","protected":false},"excerpt":{"rendered":"<p>Automatiser l'enregistrement des heures de travail L'enregistrement des heures de travail n'est souvent pas une priorit\u00e9, mais il est n\u00e9cessaire. En automatisant l'enregistrement des heures de travail, vous r\u00e9duisez la charge administrative et tout est conserv\u00e9 de mani\u00e8re beaucoup plus pr\u00e9cise et en temps r\u00e9el. Cela signifie que vous ou vos employ\u00e9s qui s'occupent de [&hellip;]<\/p>\n","protected":false},"author":1,"featured_media":6730,"parent":0,"menu_order":0,"comment_status":"closed","ping_status":"closed","template":"","meta":{"_acf_changed":false,"footnotes":""},"class_list":["post-11844","page","type-page","status-publish","has-post-thumbnail","hentry"],"acf":[],"_links":{"self":[{"href":"https:\/\/www.traxgo.be\/fr\/wp-json\/wp\/v2\/pages\/11844","targetHints":{"allow":["GET"]}}],"collection":[{"href":"https:\/\/www.traxgo.be\/fr\/wp-json\/wp\/v2\/pages"}],"about":[{"href":"https:\/\/www.traxgo.be\/fr\/wp-json\/wp\/v2\/types\/page"}],"author":[{"embeddable":true,"href":"https:\/\/www.traxgo.be\/fr\/wp-json\/wp\/v2\/users\/1"}],"replies":[{"embeddable":true,"href":"https:\/\/www.traxgo.be\/fr\/wp-json\/wp\/v2\/comments?post=11844"}],"version-history":[{"count":5,"href":"https:\/\/www.traxgo.be\/fr\/wp-json\/wp\/v2\/pages\/11844\/revisions"}],"predecessor-version":[{"id":11850,"href":"https:\/\/www.traxgo.be\/fr\/wp-json\/wp\/v2\/pages\/11844\/revisions\/11850"}],"wp:featuredmedia":[{"embeddable":true,"href":"https:\/\/www.traxgo.be\/fr\/wp-json\/wp\/v2\/media\/6730"}],"wp:attachment":[{"href":"https:\/\/www.traxgo.be\/fr\/wp-json\/wp\/v2\/media?parent=11844"}],"curies":[{"name":"wp","href":"https:\/\/api.w.org\/{rel}","templated":true}]}}