{"id":11904,"date":"2022-06-13T08:53:05","date_gmt":"2022-06-13T08:53:05","guid":{"rendered":"https:\/\/www.traxgo.be\/?page_id=11904"},"modified":"2022-07-18T08:38:32","modified_gmt":"2022-07-18T08:38:32","slug":"numerisation-dans-les-municipalites-et-le-gouvernement","status":"publish","type":"page","link":"https:\/\/www.traxgo.be\/fr\/numerisation-dans-les-municipalites-et-le-gouvernement\/","title":{"rendered":"Num\u00e9risation dans les municipalit\u00e9s et le gouvernement"},"content":{"rendered":"<h2>Les municipalit\u00e9s et le gouvernement optent pour la num\u00e9risation<\/h2>\n<p><img loading=\"lazy\" decoding=\"async\" class=\"alignright wp-image-4530\" src=\"https:\/\/www.traxgo.be\/wp-content\/uploads\/2019\/07\/clouds-houses-sky-111963-1024x683.jpg\" alt=\"Num\u00e9risation dans les municipalit\u00e9s et le gouvernement\" width=\"580\" height=\"387\" srcset=\"https:\/\/www.traxgo.be\/wp-content\/uploads\/2019\/07\/clouds-houses-sky-111963-1024x683.jpg 1024w, https:\/\/www.traxgo.be\/wp-content\/uploads\/2019\/07\/clouds-houses-sky-111963-300x200.jpg 300w, https:\/\/www.traxgo.be\/wp-content\/uploads\/2019\/07\/clouds-houses-sky-111963-768x512.jpg 768w\" sizes=\"auto, (max-width: 580px) 100vw, 580px\" \/><\/p>\n<p>Traxgo peut aussi signifier quelque chose pour les municipalit\u00e9s et les gouvernements. Avec l'aide de nos syst\u00e8mes intelligents, vous pouvez devenir une municipalit\u00e9 ou un gouvernement efficace. Alors pensez par ex. au <a href=\"https:\/\/www.traxgo.be\/fr\/tracking\/\">suivi<\/a> et \u00e0 <a href=\"https:\/\/www.traxgo.be\/fr\/online-track-et-trace-et-systemes-de-localisation\/monitoring\/\">la surveillance<\/a> de la flotte, \u00e9ventuellement li\u00e9s \u00e0 un progiciel de pointe. Il existe de nombreuses possibilit\u00e9s.<\/p>\n<p>Les syst\u00e8mes collectent des donn\u00e9es. Ces donn\u00e9es peuvent ensuite \u00eatre analys\u00e9es et interpr\u00e9t\u00e9es. De cette mani\u00e8re, les probl\u00e8mes peuvent \u00eatre r\u00e9solus ou \u00e9vit\u00e9s en utilisant de mani\u00e8re optimale les donn\u00e9es. Les syst\u00e8mes de Traxgo peuvent \u00eatre introduits progressivement et offrent un aper\u00e7u, d'\u00e9normes gains de temps et un bon r\u00e9sultat.<\/p>\n<h3>Avantages des solutions de suivi et de surveillance<\/h3>\n<p>La <strong>num\u00e9risation<\/strong> offre de nombreuses possibilit\u00e9s. Par exemple, il peut \u00eatre utilis\u00e9 dans les parkings publics pour afficher l'occupation. En outre, il peut \u00e9galement \u00eatre utilis\u00e9 pour localiser des v\u00e9hicules ou d'autres \u00e9quipements.<\/p>\n<p>Outre les nombreuses possibilit\u00e9s d'utilisation, les syst\u00e8mes pr\u00e9sentent \u00e9galement de nombreux avantages. Parce que tout est num\u00e9rique, la communication est plus fluide et plus facile. De plus, il y a moins de temps perdu et il y a moins de co\u00fbts.<\/p>\n<p><a class=\"button cta\" href=\"#contact\">Plus d'information? <strong>Contactez-nous<\/strong><\/a><\/p>\n<p>&nbsp;<\/p>\n<p>D\u00e9couvrez \u00e9galement nos solutions de track-and-trace et de monitoring pour de nombreux autres secteurs:<\/p>\n<ul>\n<li><a href=\"https:\/\/www.traxgo.be\/fr\/numerisation-dans-les-services-durgence\/\">Num\u00e9risation dans les services d'urgence<\/a><\/li>\n<li><a href=\"https:\/\/www.traxgo.be\/fr\/numerisation-au-service-de-messagerie\/\">Num\u00e9risation au service de messagerie<\/a><\/li>\n<li><a href=\"https:\/\/www.traxgo.be\/fr\/numerisation-dans-les-entreprises-de-nettoyage\/\">Num\u00e9risation dans les entreprises de nettoyage<\/a><\/li>\n<li><a href=\"https:\/\/www.traxgo.be\/fr\/la-digitalisation-du-service-et-du-service-apres-vente\/\">La digitalisation du service et du service apr\u00e8s-vente<\/a><\/li>\n<li><a href=\"https:\/\/www.traxgo.be\/fr\/numerisation-dans-les-services-de-taxi\/\">Num\u00e9risation dans les services de taxi<\/a><\/li>\n<li><a href=\"https:\/\/www.traxgo.be\/fr\/numerisation-dans-le-secteur-des-transports\/\">Num\u00e9risation dans le secteur des transports<\/a><\/li>\n<li><a href=\"https:\/\/www.traxgo.be\/fr\/\">Syst\u00e8mes de g\u00e9olocalisation<\/a><\/li>\n<li><a href=\"https:\/\/www.traxgo.be\/fr\/online-track-et-trace-et-systemes-de-localisation\/monitoring\/\">Surveillance de votre flotte<\/a><\/li>\n<li><a href=\"https:\/\/www.traxgo.be\/fr\/tracking\/\">Syst\u00e8mes de suivi<\/a><\/li>\n<\/ul>\n","protected":false},"excerpt":{"rendered":"<p>Les municipalit\u00e9s et le gouvernement optent pour la num\u00e9risation Traxgo peut aussi signifier quelque chose pour les municipalit\u00e9s et les gouvernements. Avec l'aide de nos syst\u00e8mes intelligents, vous pouvez devenir une municipalit\u00e9 ou un gouvernement efficace. Alors pensez par ex. au suivi et \u00e0 la surveillance de la flotte, \u00e9ventuellement li\u00e9s \u00e0 un progiciel de [&hellip;]<\/p>\n","protected":false},"author":1,"featured_media":6568,"parent":0,"menu_order":0,"comment_status":"closed","ping_status":"closed","template":"","meta":{"_acf_changed":false,"footnotes":""},"class_list":["post-11904","page","type-page","status-publish","has-post-thumbnail","hentry"],"acf":[],"_links":{"self":[{"href":"https:\/\/www.traxgo.be\/fr\/wp-json\/wp\/v2\/pages\/11904","targetHints":{"allow":["GET"]}}],"collection":[{"href":"https:\/\/www.traxgo.be\/fr\/wp-json\/wp\/v2\/pages"}],"about":[{"href":"https:\/\/www.traxgo.be\/fr\/wp-json\/wp\/v2\/types\/page"}],"author":[{"embeddable":true,"href":"https:\/\/www.traxgo.be\/fr\/wp-json\/wp\/v2\/users\/1"}],"replies":[{"embeddable":true,"href":"https:\/\/www.traxgo.be\/fr\/wp-json\/wp\/v2\/comments?post=11904"}],"version-history":[{"count":11,"href":"https:\/\/www.traxgo.be\/fr\/wp-json\/wp\/v2\/pages\/11904\/revisions"}],"predecessor-version":[{"id":12606,"href":"https:\/\/www.traxgo.be\/fr\/wp-json\/wp\/v2\/pages\/11904\/revisions\/12606"}],"wp:featuredmedia":[{"embeddable":true,"href":"https:\/\/www.traxgo.be\/fr\/wp-json\/wp\/v2\/media\/6568"}],"wp:attachment":[{"href":"https:\/\/www.traxgo.be\/fr\/wp-json\/wp\/v2\/media?parent=11904"}],"curies":[{"name":"wp","href":"https:\/\/api.w.org\/{rel}","templated":true}]}}