{"id":11923,"date":"2022-06-13T09:29:02","date_gmt":"2022-06-13T09:29:02","guid":{"rendered":"https:\/\/www.traxgo.be\/?page_id=11923"},"modified":"2022-07-18T08:38:58","modified_gmt":"2022-07-18T08:38:58","slug":"numerisation-dans-les-services-durgence","status":"publish","type":"page","link":"https:\/\/www.traxgo.be\/fr\/numerisation-dans-les-services-durgence\/","title":{"rendered":"Num\u00e9risation dans les services d'urgence"},"content":{"rendered":"<h2>Num\u00e9risation dans les services d'urgence<\/h2>\n<p><img loading=\"lazy\" decoding=\"async\" class=\"alignright wp-image-4519\" src=\"https:\/\/www.traxgo.be\/wp-content\/uploads\/2019\/07\/action-building-equipment-896568-1024x679.jpg\" alt=\"Num\u00e9risation dans les services d'urgence\" width=\"580\" height=\"384\" srcset=\"https:\/\/www.traxgo.be\/wp-content\/uploads\/2019\/07\/action-building-equipment-896568-1024x679.jpg 1024w, https:\/\/www.traxgo.be\/wp-content\/uploads\/2019\/07\/action-building-equipment-896568-300x199.jpg 300w, https:\/\/www.traxgo.be\/wp-content\/uploads\/2019\/07\/action-building-equipment-896568-768x509.jpg 768w\" sizes=\"auto, (max-width: 580px) 100vw, 580px\" \/><\/p>\n<p>Qu'est-ce qui est important pour les services d'urgence ? Un service rapide et efficace. Les <a href=\"https:\/\/www.traxgo.be\/fr\/\">syst\u00e8mes intelligents de Traxgo<\/a> vous permettent d'utiliser efficacement vos ressources et votre personnel. Des donn\u00e9es d\u00e9taill\u00e9es sont stock\u00e9es et peuvent \u00eatre analys\u00e9es. De cette fa\u00e7on, vous obtenez plus d'informations sur le flux de travail.<\/p>\n<p>Un service d'urgence est charg\u00e9 de la prise en charge des personnes. Traxgo garantit d\u00e9sormais que le flux de travail peut \u00eatre beaucoup plus efficace. Les t\u00e2ches peuvent \u00eatre facilement suivies, la communication est directe et fluide et vous savez o\u00f9 se trouvent vos employ\u00e9s et vos v\u00e9hicules \u00e0 tout moment.<\/p>\n<h3>Plus qu'un syst\u00e8me de suivi et de localisation pour les services d'urgence<\/h3>\n<p>La technologie intelligente assure un meilleur service. Par exemple, les syst\u00e8mes d'<a href=\"https:\/\/www.traxgo.be\/fr\/enregistrement-des-temps\/\">enregistrement du temps<\/a> et <a href=\"https:\/\/www.traxgo.be\/fr\/tracking\/\">de suivi<\/a> et de tra\u00e7abilit\u00e9 peuvent fournir d'\u00e9normes gains de temps. Les employ\u00e9s peuvent \u00eatre d\u00e9ploy\u00e9s de mani\u00e8re optimale et chacun a une vue d'ensemble des t\u00e2ches. Les donn\u00e9es collect\u00e9es vous donnent un meilleur aper\u00e7u du flux de travail et vous permettent d'optimiser l'op\u00e9ration.<\/p>\n<p>Comme tout se fait num\u00e9riquement, la paperasse est presque superflue. Cela offre \u00e0 nouveau un \u00e9norme gain de temps. Traxgo vous permet de vous concentrer sur le fonctionnement et l'efficacit\u00e9 de votre entreprise. Souhaitez-vous \u00e9galement vous concentrer sur la poursuite de la num\u00e9risation pour vos employ\u00e9s et augmenter l'efficacit\u00e9 de votre service d'urgence\u00a0? N'h\u00e9sitez pas \u00e0 nous contacter, nous chercherons avec vous la meilleure solution.<\/p>\n<p><a class=\"button cta\" href=\"#contact\">Plus d'information? <strong>Contactez-nous<\/strong><\/a><\/p>\n<p>&nbsp;<\/p>\n<p>D\u00e9couvrez \u00e9galement nos solutions de track-and-trace et de monitoring pour de nombreux autres secteurs:<\/p>\n<ul>\n<li><a href=\"https:\/\/www.traxgo.be\/fr\/numerisation-dans-les-municipalites-et-le-gouvernement\/\">Num\u00e9risation dans les municipalit\u00e9s et le gouvernement<\/a><\/li>\n<li><a href=\"https:\/\/www.traxgo.be\/fr\/numerisation-au-service-de-messagerie\/\">Num\u00e9risation au service de messagerie<\/a><\/li>\n<li><a href=\"https:\/\/www.traxgo.be\/fr\/numerisation-dans-les-entreprises-de-nettoyage\/\">Num\u00e9risation dans les entreprises de nettoyage<\/a><\/li>\n<li><a href=\"https:\/\/www.traxgo.be\/fr\/la-digitalisation-du-service-et-du-service-apres-vente\/\">La digitalisation du service et du service apr\u00e8s-vente<\/a><\/li>\n<li><a href=\"https:\/\/www.traxgo.be\/fr\/numerisation-dans-les-services-de-taxi\/\">Num\u00e9risation dans les services de taxi<\/a><\/li>\n<li><a href=\"https:\/\/www.traxgo.be\/fr\/numerisation-dans-le-secteur-des-transports\/\">Num\u00e9risation dans le secteur des transports<\/a><\/li>\n<li><a href=\"https:\/\/www.traxgo.be\/fr\/\">Syst\u00e8mes de g\u00e9olocalisation<\/a><\/li>\n<li><a href=\"https:\/\/www.traxgo.be\/fr\/online-track-et-trace-et-systemes-de-localisation\/monitoring\/\">Surveillance de votre flotte<\/a><\/li>\n<li><a href=\"https:\/\/www.traxgo.be\/fr\/tracking\/\">Syst\u00e8mes de suivi<\/a><\/li>\n<\/ul>\n","protected":false},"excerpt":{"rendered":"<p>Num\u00e9risation dans les services d'urgence Qu'est-ce qui est important pour les services d'urgence ? Un service rapide et efficace. Les syst\u00e8mes intelligents de Traxgo vous permettent d'utiliser efficacement vos ressources et votre personnel. Des donn\u00e9es d\u00e9taill\u00e9es sont stock\u00e9es et peuvent \u00eatre analys\u00e9es. De cette fa\u00e7on, vous obtenez plus d'informations sur le flux de travail. Un [&hellip;]<\/p>\n","protected":false},"author":1,"featured_media":6554,"parent":0,"menu_order":0,"comment_status":"closed","ping_status":"closed","template":"","meta":{"_acf_changed":false,"footnotes":""},"class_list":["post-11923","page","type-page","status-publish","has-post-thumbnail","hentry"],"acf":[],"_links":{"self":[{"href":"https:\/\/www.traxgo.be\/fr\/wp-json\/wp\/v2\/pages\/11923","targetHints":{"allow":["GET"]}}],"collection":[{"href":"https:\/\/www.traxgo.be\/fr\/wp-json\/wp\/v2\/pages"}],"about":[{"href":"https:\/\/www.traxgo.be\/fr\/wp-json\/wp\/v2\/types\/page"}],"author":[{"embeddable":true,"href":"https:\/\/www.traxgo.be\/fr\/wp-json\/wp\/v2\/users\/1"}],"replies":[{"embeddable":true,"href":"https:\/\/www.traxgo.be\/fr\/wp-json\/wp\/v2\/comments?post=11923"}],"version-history":[{"count":10,"href":"https:\/\/www.traxgo.be\/fr\/wp-json\/wp\/v2\/pages\/11923\/revisions"}],"predecessor-version":[{"id":12607,"href":"https:\/\/www.traxgo.be\/fr\/wp-json\/wp\/v2\/pages\/11923\/revisions\/12607"}],"wp:featuredmedia":[{"embeddable":true,"href":"https:\/\/www.traxgo.be\/fr\/wp-json\/wp\/v2\/media\/6554"}],"wp:attachment":[{"href":"https:\/\/www.traxgo.be\/fr\/wp-json\/wp\/v2\/media?parent=11923"}],"curies":[{"name":"wp","href":"https:\/\/api.w.org\/{rel}","templated":true}]}}