{"id":11942,"date":"2022-06-13T10:42:03","date_gmt":"2022-06-13T10:42:03","guid":{"rendered":"https:\/\/www.traxgo.be\/?page_id=11942"},"modified":"2022-07-18T08:39:11","modified_gmt":"2022-07-18T08:39:11","slug":"numerisation-au-service-de-messagerie","status":"publish","type":"page","link":"https:\/\/www.traxgo.be\/fr\/numerisation-au-service-de-messagerie\/","title":{"rendered":"Num\u00e9risation au service de messagerie"},"content":{"rendered":"<h2>Service de messagerie: le suivi comme base de la num\u00e9risation<\/h2>\n<p><img loading=\"lazy\" decoding=\"async\" class=\"alignright wp-image-4523\" src=\"https:\/\/www.traxgo.be\/wp-content\/uploads\/2019\/07\/architecture-building-city-2047397-768x1024.jpg\" alt=\"Num\u00e9risation au service de messagerie\" width=\"435\" height=\"580\" srcset=\"https:\/\/www.traxgo.be\/wp-content\/uploads\/2019\/07\/architecture-building-city-2047397-768x1024.jpg 768w, https:\/\/www.traxgo.be\/wp-content\/uploads\/2019\/07\/architecture-building-city-2047397-225x300.jpg 225w\" sizes=\"auto, (max-width: 435px) 100vw, 435px\" \/><\/p>\n<p>En tant que service de messagerie, il est tr\u00e8s avantageux de pouvoir suivre vos v\u00e9hicules en temps r\u00e9el. Ceci est d\u00e9sormais possible en utilisant <a href=\"https:\/\/www.traxgo.be\/fr\/tracking\/\">les syst\u00e8mes de suivi et de tra\u00e7abilit\u00e9<\/a> de Traxgo. Le logiciel de suivi pratique et efficace vous donne \u00e9galement un meilleur aper\u00e7u des itin\u00e9raires et de la consommation. Par exemple, des itin\u00e9raires plus courts ou alternatifs peuvent \u00eatre envoy\u00e9s \u00e0 l'employ\u00e9 au travail.<\/p>\n<p>Traxgo facilite le stockage et l'analyse <strong>centralis\u00e9e<\/strong> de toutes vos donn\u00e9es. Les adresses et les itin\u00e9raires peuvent \u00eatre facilement fournis et les rendez-vous peuvent \u00eatre programm\u00e9s. De cette fa\u00e7on, vous pouvez gagner du temps et assurer un meilleur flux de travail.<\/p>\n<p>La <strong>technologie intelligente<\/strong> de Traxgo assure logiquement la num\u00e9risation. De cette fa\u00e7on, tous les v\u00e9hicules peuvent \u00eatre localis\u00e9s, des documents peuvent \u00eatre envoy\u00e9s, etc. La communication s'am\u00e9liore, tout comme le flux de travail.<\/p>\n<p>Avec un petit ajustement, vous pouvez donc facilement \u00e9conomiser des co\u00fbts et du temps. Moins de paperasse, un meilleur flux de travail, un gain de temps\u2026 Ce ne sont l\u00e0 que quelques-uns des nombreux avantages de la num\u00e9risation. Souhaitez-vous \u00e9galement vous concentrer sur la num\u00e9risation de vos services de messagerie et augmenter l'efficacit\u00e9 de votre entreprise\u00a0? N'h\u00e9sitez pas \u00e0 nous contacter, nous chercherons avec vous la meilleure solution.<\/p>\n<p><a class=\"button cta\" href=\"#contact\">Plus d'information? <strong>Contactez-nous<\/strong><\/a><\/p>\n<p>&nbsp;<\/p>\n<p>D\u00e9couvrez \u00e9galement nos solutions de track-and-trace et de monitoring pour de nombreux autres secteurs:<\/p>\n<ul>\n<li><a href=\"https:\/\/www.traxgo.be\/fr\/numerisation-dans-les-municipalites-et-le-gouvernement\/\">Num\u00e9risation dans les municipalit\u00e9s et le gouvernement<\/a><\/li>\n<li><a href=\"https:\/\/www.traxgo.be\/fr\/numerisation-dans-les-services-durgence\/\">Num\u00e9risation dans les services d'urgence<\/a><\/li>\n<li><a href=\"https:\/\/www.traxgo.be\/fr\/numerisation-dans-les-entreprises-de-nettoyage\/\">Num\u00e9risation dans les entreprises de nettoyage<\/a><\/li>\n<li><a href=\"https:\/\/www.traxgo.be\/fr\/la-digitalisation-du-service-et-du-service-apres-vente\/\">La digitalisation du service et du service apr\u00e8s-vente<\/a><\/li>\n<li><a href=\"https:\/\/www.traxgo.be\/fr\/numerisation-dans-les-services-de-taxi\/\">Num\u00e9risation dans les services de taxi<\/a><\/li>\n<li><a href=\"https:\/\/www.traxgo.be\/fr\/numerisation-dans-le-secteur-des-transports\/\">Num\u00e9risation dans le secteur des transports<\/a><\/li>\n<li><a href=\"https:\/\/www.traxgo.be\/fr\/\">Syst\u00e8mes de g\u00e9olocalisation<\/a><\/li>\n<li><a href=\"https:\/\/www.traxgo.be\/fr\/online-track-et-trace-et-systemes-de-localisation\/monitoring\/\">Surveillance de votre flotte<\/a><\/li>\n<li><a href=\"https:\/\/www.traxgo.be\/fr\/tracking\/\">Syst\u00e8mes de suivi<\/a><\/li>\n<\/ul>\n","protected":false},"excerpt":{"rendered":"<p>Service de messagerie: le suivi comme base de la num\u00e9risation En tant que service de messagerie, il est tr\u00e8s avantageux de pouvoir suivre vos v\u00e9hicules en temps r\u00e9el. Ceci est d\u00e9sormais possible en utilisant les syst\u00e8mes de suivi et de tra\u00e7abilit\u00e9 de Traxgo. Le logiciel de suivi pratique et efficace vous donne \u00e9galement un meilleur [&hellip;]<\/p>\n","protected":false},"author":1,"featured_media":6558,"parent":0,"menu_order":0,"comment_status":"closed","ping_status":"closed","template":"","meta":{"_acf_changed":false,"footnotes":""},"class_list":["post-11942","page","type-page","status-publish","has-post-thumbnail","hentry"],"acf":[],"_links":{"self":[{"href":"https:\/\/www.traxgo.be\/fr\/wp-json\/wp\/v2\/pages\/11942","targetHints":{"allow":["GET"]}}],"collection":[{"href":"https:\/\/www.traxgo.be\/fr\/wp-json\/wp\/v2\/pages"}],"about":[{"href":"https:\/\/www.traxgo.be\/fr\/wp-json\/wp\/v2\/types\/page"}],"author":[{"embeddable":true,"href":"https:\/\/www.traxgo.be\/fr\/wp-json\/wp\/v2\/users\/1"}],"replies":[{"embeddable":true,"href":"https:\/\/www.traxgo.be\/fr\/wp-json\/wp\/v2\/comments?post=11942"}],"version-history":[{"count":9,"href":"https:\/\/www.traxgo.be\/fr\/wp-json\/wp\/v2\/pages\/11942\/revisions"}],"predecessor-version":[{"id":12608,"href":"https:\/\/www.traxgo.be\/fr\/wp-json\/wp\/v2\/pages\/11942\/revisions\/12608"}],"wp:featuredmedia":[{"embeddable":true,"href":"https:\/\/www.traxgo.be\/fr\/wp-json\/wp\/v2\/media\/6558"}],"wp:attachment":[{"href":"https:\/\/www.traxgo.be\/fr\/wp-json\/wp\/v2\/media?parent=11942"}],"curies":[{"name":"wp","href":"https:\/\/api.w.org\/{rel}","templated":true}]}}