{"id":11955,"date":"2022-06-13T11:08:09","date_gmt":"2022-06-13T11:08:09","guid":{"rendered":"https:\/\/www.traxgo.be\/?page_id=11955"},"modified":"2022-07-18T08:39:24","modified_gmt":"2022-07-18T08:39:24","slug":"numerisation-dans-les-entreprises-de-nettoyage","status":"publish","type":"page","link":"https:\/\/www.traxgo.be\/fr\/numerisation-dans-les-entreprises-de-nettoyage\/","title":{"rendered":"Num\u00e9risation dans les entreprises de nettoyage"},"content":{"rendered":"<h2>Logiciel et suivi pour les entreprises de nettoyage<\/h2>\n<p><img loading=\"lazy\" decoding=\"async\" class=\"alignright wp-image-4534\" src=\"https:\/\/www.traxgo.be\/wp-content\/uploads\/2019\/07\/bucket-building-cleaner-756883-1024x640.jpg\" alt=\"Num\u00e9risation dans les entreprises de nettoyage\" width=\"580\" height=\"363\" srcset=\"https:\/\/www.traxgo.be\/wp-content\/uploads\/2019\/07\/bucket-building-cleaner-756883-1024x640.jpg 1024w, https:\/\/www.traxgo.be\/wp-content\/uploads\/2019\/07\/bucket-building-cleaner-756883-300x188.jpg 300w, https:\/\/www.traxgo.be\/wp-content\/uploads\/2019\/07\/bucket-building-cleaner-756883-768x480.jpg 768w\" sizes=\"auto, (max-width: 580px) 100vw, 580px\" \/><\/p>\n<p>L'efficacit\u00e9 et la productivit\u00e9 sont tr\u00e8s importantes pour la poursuite de la num\u00e9risation dans les entreprises de nettoyage. C'est pourquoi Traxgo propose divers logiciels et solutions de suivi qui stockent de mani\u00e8re centralis\u00e9e les donn\u00e9es de votre entreprise. Vous pouvez ensuite analyser cela vous-m\u00eame, ce qui vous donne une meilleure id\u00e9e du fonctionnement de votre entreprise.<\/p>\n<p>Le logiciel garantit que vous recevez des notifications lorsque les statuts ou les emplacements changent. De cette fa\u00e7on, vous pouvez analyser et capturer cela. Les informations que vous obtiendrez augmenteront la productivit\u00e9 et le flux de travail au sein de votre entreprise.<\/p>\n<p>La communication s'am\u00e9liorera car tout se fera num\u00e9riquement. Il y aura moins de stress et moins de temps perdu. Les t\u00e2ches et les horaires peuvent \u00eatre transmis directement. Gr\u00e2ce \u00e0 <a href=\"https:\/\/www.traxgo.be\/fr\/online-track-et-trace-et-systemes-de-localisation\/traxone\/traxone-logiciel-de-planification\/\">une planification fluide<\/a>, vous pouvez mieux tout surveiller et intervenir si n\u00e9cessaire.<\/p>\n<p>Traxgo propose \u00e9galement des <a href=\"https:\/\/www.traxgo.be\/fr\/tracking\/\">syst\u00e8mes de suivi<\/a> int\u00e9ressants ou des <a href=\"https:\/\/www.traxgo.be\/fr\/online-track-et-trace-et-systemes-de-localisation\/localisation-vehicules\/\">solutions de suivi et de tra\u00e7abilit\u00e9 pour les v\u00e9hicules<\/a> des entreprises de nettoyage. De cette fa\u00e7on, tous ces \u00e9l\u00e9ments peuvent \u00eatre localis\u00e9s en temps r\u00e9el. De plus, vous pouvez \u00e9galement v\u00e9rifier la consommation et les co\u00fbts gr\u00e2ce aux donn\u00e9es stock\u00e9es. De cette fa\u00e7on, vous ne serez pas confront\u00e9 \u00e0 des surprises. Souhaitez-vous \u00e9galement vous concentrer sur une num\u00e9risation plus pouss\u00e9e pour vos employ\u00e9s et augmenter l'efficacit\u00e9 de votre entreprise de nettoyage ? N'h\u00e9sitez pas \u00e0 nous contacter, nous chercherons avec vous la meilleure solution.<\/p>\n<p><a class=\"button cta\" href=\"#contact\">Plus d'information? <strong>Contactez-nous<\/strong><\/a><\/p>\n<p>&nbsp;<\/p>\n<p>D\u00e9couvrez \u00e9galement nos solutions de track-and-trace et de monitoring pour de nombreux autres secteurs:<\/p>\n<ul>\n<li><a href=\"https:\/\/www.traxgo.be\/fr\/numerisation-dans-les-municipalites-et-le-gouvernement\/\">Num\u00e9risation dans les municipalit\u00e9s et le gouvernement<\/a><\/li>\n<li><a href=\"https:\/\/www.traxgo.be\/fr\/numerisation-dans-les-services-durgence\/\">Num\u00e9risation dans les services d'urgence<\/a><\/li>\n<li><a href=\"https:\/\/www.traxgo.be\/fr\/numerisation-au-service-de-messagerie\/\">Num\u00e9risation au service de messagerie<\/a><\/li>\n<li><a href=\"https:\/\/www.traxgo.be\/fr\/la-digitalisation-du-service-et-du-service-apres-vente\/\">La digitalisation du service et du service apr\u00e8s-vente<\/a><\/li>\n<li><a href=\"https:\/\/www.traxgo.be\/fr\/numerisation-dans-les-services-de-taxi\/\">Num\u00e9risation dans les services de taxi<\/a><\/li>\n<li><a href=\"https:\/\/www.traxgo.be\/fr\/numerisation-dans-le-secteur-des-transports\/\">Num\u00e9risation dans le secteur des transports<\/a><\/li>\n<li><a href=\"https:\/\/www.traxgo.be\/fr\/\">Syst\u00e8mes de g\u00e9olocalisation<\/a><\/li>\n<li><a href=\"https:\/\/www.traxgo.be\/fr\/online-track-et-trace-et-systemes-de-localisation\/monitoring\/\">Surveillance de votre flotte<\/a><\/li>\n<li><a href=\"https:\/\/www.traxgo.be\/fr\/tracking\/\">Syst\u00e8mes de suivi<\/a><\/li>\n<\/ul>\n","protected":false},"excerpt":{"rendered":"<p>Logiciel et suivi pour les entreprises de nettoyage L'efficacit\u00e9 et la productivit\u00e9 sont tr\u00e8s importantes pour la poursuite de la num\u00e9risation dans les entreprises de nettoyage. C'est pourquoi Traxgo propose divers logiciels et solutions de suivi qui stockent de mani\u00e8re centralis\u00e9e les donn\u00e9es de votre entreprise. Vous pouvez ensuite analyser cela vous-m\u00eame, ce qui vous [&hellip;]<\/p>\n","protected":false},"author":1,"featured_media":6572,"parent":0,"menu_order":0,"comment_status":"closed","ping_status":"closed","template":"","meta":{"_acf_changed":false,"footnotes":""},"class_list":["post-11955","page","type-page","status-publish","has-post-thumbnail","hentry"],"acf":[],"_links":{"self":[{"href":"https:\/\/www.traxgo.be\/fr\/wp-json\/wp\/v2\/pages\/11955","targetHints":{"allow":["GET"]}}],"collection":[{"href":"https:\/\/www.traxgo.be\/fr\/wp-json\/wp\/v2\/pages"}],"about":[{"href":"https:\/\/www.traxgo.be\/fr\/wp-json\/wp\/v2\/types\/page"}],"author":[{"embeddable":true,"href":"https:\/\/www.traxgo.be\/fr\/wp-json\/wp\/v2\/users\/1"}],"replies":[{"embeddable":true,"href":"https:\/\/www.traxgo.be\/fr\/wp-json\/wp\/v2\/comments?post=11955"}],"version-history":[{"count":10,"href":"https:\/\/www.traxgo.be\/fr\/wp-json\/wp\/v2\/pages\/11955\/revisions"}],"predecessor-version":[{"id":12609,"href":"https:\/\/www.traxgo.be\/fr\/wp-json\/wp\/v2\/pages\/11955\/revisions\/12609"}],"wp:featuredmedia":[{"embeddable":true,"href":"https:\/\/www.traxgo.be\/fr\/wp-json\/wp\/v2\/media\/6572"}],"wp:attachment":[{"href":"https:\/\/www.traxgo.be\/fr\/wp-json\/wp\/v2\/media?parent=11955"}],"curies":[{"name":"wp","href":"https:\/\/api.w.org\/{rel}","templated":true}]}}