{"id":11971,"date":"2022-06-13T12:22:41","date_gmt":"2022-06-13T12:22:41","guid":{"rendered":"https:\/\/www.traxgo.be\/?page_id=11971"},"modified":"2022-06-13T12:24:35","modified_gmt":"2022-06-13T12:24:35","slug":"suivi-des-heures-de-travail","status":"publish","type":"page","link":"https:\/\/www.traxgo.be\/fr\/suivi-des-heures-de-travail\/","title":{"rendered":"Suivi des heures de travail"},"content":{"rendered":"<h2>Suivi des heures de travail<\/h2>\n<p><img loading=\"lazy\" decoding=\"async\" class=\"alignright wp-image-8298\" src=\"https:\/\/www.traxgo.be\/wp-content\/uploads\/2021\/04\/werkuren-bijhouden.jpg\" alt=\"Suivre les heures de travail avec des feuilles de temps en ligne\" width=\"580\" height=\"387\" srcset=\"https:\/\/www.traxgo.be\/wp-content\/uploads\/2021\/04\/werkuren-bijhouden.jpg 847w, https:\/\/www.traxgo.be\/wp-content\/uploads\/2021\/04\/werkuren-bijhouden-300x200.jpg 300w, https:\/\/www.traxgo.be\/wp-content\/uploads\/2021\/04\/werkuren-bijhouden-768x512.jpg 768w\" sizes=\"auto, (max-width: 580px) 100vw, 580px\" \/><\/p>\n<p>Le suivi manuel des heures de travail est une activit\u00e9 chronophage. Auparavant, les employ\u00e9s saisissaient manuellement leurs heures sur un formulaire que les RH devaient ensuite traiter pour calculer les salaires. Gr\u00e2ce \u00e0 l'av\u00e8nement d'internet et de nombreuses applications num\u00e9riques, cette m\u00e9thode de travail fastidieuse appartient au pass\u00e9. Gr\u00e2ce \u00e0 l'enregistrement du temps en ligne, le suivi des heures de travail est beaucoup plus facile.<\/p>\n<p>L'application de suivi et de tra\u00e7abilit\u00e9 de Traxgo permet aux employ\u00e9s d'effectuer et d'ajuster leur enregistrement du temps \u00e0 tout moment. Le syst\u00e8me enregistre ensuite automatiquement ces informations. Le traitement suppl\u00e9mentaire par HR n'est donc plus n\u00e9cessaire. Apr\u00e8s tout, un bon enregistrement du temps est d'une grande importance pour chaque entreprise.<\/p>\n<h3>La valeur ajout\u00e9e de l'enregistrement du temps en ligne<\/h3>\n<p>Le suivi des heures de travail contribue au succ\u00e8s de votre entreprise. Il assure une bonne comptabilit\u00e9, vous permet de contr\u00f4ler les co\u00fbts et peut \u00e9galement optimiser votre gestion de projet. Gr\u00e2ce au logiciel d'enregistrement du temps, vous et vos employ\u00e9s pouvez \u00eatre s\u00fbrs que l'enregistrement des heures de travail est pr\u00e9cis et correct. Vous avez acc\u00e8s aux heures travaill\u00e9es en tout temps et pouvez faire des ajustements si n\u00e9cessaire.<\/p>\n<p>La <strong>num\u00e9risation<\/strong> et l'automatisation pouss\u00e9es des t\u00e2ches dans les entreprises est une \u00e9volution logique dans une soci\u00e9t\u00e9 o\u00f9 l'informatique et la technologie jouent un r\u00f4le de plus en plus important. Les nombreux avantages qui en d\u00e9coulent ne sont donc pas n\u00e9gligeables, il va sans dire qu'il y a <strong>un gain de temps<\/strong> important du fait d'une plus grande simplification de l'administration, temps que vos collaborateurs au sein de l'organisation - quelle que soit leur taille - sont probablement beaucoup plus utiles et\/ou de d\u00e9penser plus efficacement pour d'autres choses. De cette fa\u00e7on, Traxgo vous aide \u00e0 optimiser vos processus commerciaux et vous fait gagner du temps et de l'argent.<\/p>\n<p><a class=\"button cta\" href=\"#contact\">Plus d'information? <strong>Contactez-nous<\/strong><\/a><\/p>\n","protected":false},"excerpt":{"rendered":"<p>Suivi des heures de travail Le suivi manuel des heures de travail est une activit\u00e9 chronophage. Auparavant, les employ\u00e9s saisissaient manuellement leurs heures sur un formulaire que les RH devaient ensuite traiter pour calculer les salaires. Gr\u00e2ce \u00e0 l'av\u00e8nement d'internet et de nombreuses applications num\u00e9riques, cette m\u00e9thode de travail fastidieuse appartient au pass\u00e9. Gr\u00e2ce \u00e0 [&hellip;]<\/p>\n","protected":false},"author":1,"featured_media":6348,"parent":0,"menu_order":0,"comment_status":"closed","ping_status":"closed","template":"","meta":{"_acf_changed":false,"footnotes":""},"class_list":["post-11971","page","type-page","status-publish","has-post-thumbnail","hentry"],"acf":[],"_links":{"self":[{"href":"https:\/\/www.traxgo.be\/fr\/wp-json\/wp\/v2\/pages\/11971","targetHints":{"allow":["GET"]}}],"collection":[{"href":"https:\/\/www.traxgo.be\/fr\/wp-json\/wp\/v2\/pages"}],"about":[{"href":"https:\/\/www.traxgo.be\/fr\/wp-json\/wp\/v2\/types\/page"}],"author":[{"embeddable":true,"href":"https:\/\/www.traxgo.be\/fr\/wp-json\/wp\/v2\/users\/1"}],"replies":[{"embeddable":true,"href":"https:\/\/www.traxgo.be\/fr\/wp-json\/wp\/v2\/comments?post=11971"}],"version-history":[{"count":2,"href":"https:\/\/www.traxgo.be\/fr\/wp-json\/wp\/v2\/pages\/11971\/revisions"}],"predecessor-version":[{"id":11973,"href":"https:\/\/www.traxgo.be\/fr\/wp-json\/wp\/v2\/pages\/11971\/revisions\/11973"}],"wp:featuredmedia":[{"embeddable":true,"href":"https:\/\/www.traxgo.be\/fr\/wp-json\/wp\/v2\/media\/6348"}],"wp:attachment":[{"href":"https:\/\/www.traxgo.be\/fr\/wp-json\/wp\/v2\/media?parent=11971"}],"curies":[{"name":"wp","href":"https:\/\/api.w.org\/{rel}","templated":true}]}}