{"id":11998,"date":"2022-06-15T08:37:49","date_gmt":"2022-06-15T08:37:49","guid":{"rendered":"https:\/\/www.traxgo.be\/?page_id=11998"},"modified":"2022-07-27T10:52:17","modified_gmt":"2022-07-27T10:52:17","slug":"lora-wan","status":"publish","type":"page","link":"https:\/\/www.traxgo.be\/fr\/lora-wan\/","title":{"rendered":"LoRa WAN"},"content":{"rendered":"<h2>Qu'est-ce que LoRaWAN?<\/h2>\n<p><strong>LoRaWAN est une sp\u00e9cification pour un r\u00e9seau de t\u00e9l\u00e9communications et convient aux communications longue distance \u00e0 faible puissance. Il est parfait pour \u00e9changer des donn\u00e9es entre diff\u00e9rents objets, tels que des parcom\u00e8tres, des voitures, des abribus et bien plus encore.<\/strong><\/p>\n<p><img loading=\"lazy\" decoding=\"async\" class=\"alignright wp-image-4319\" src=\"https:\/\/www.traxgo.be\/wp-content\/uploads\/2019\/06\/media-2082641_1280-1024x576.jpg\" alt=\"LoRaWAN | Technologie LoRa pour l'Internet des objets | Traxgo\" width=\"580\" height=\"326\" srcset=\"https:\/\/www.traxgo.be\/wp-content\/uploads\/2019\/06\/media-2082641_1280-1024x576.jpg 1024w, https:\/\/www.traxgo.be\/wp-content\/uploads\/2019\/06\/media-2082641_1280-300x169.jpg 300w, https:\/\/www.traxgo.be\/wp-content\/uploads\/2019\/06\/media-2082641_1280-768x432.jpg 768w, https:\/\/www.traxgo.be\/wp-content\/uploads\/2019\/06\/media-2082641_1280.jpg 1280w\" sizes=\"auto, (max-width: 580px) 100vw, 580px\" \/><\/p>\n<p>Avec l'aide de <a href=\"https:\/\/www.traxgo.be\/fr\/lora\/\">LoRa<\/a>, toutes sortes de choses peuvent communiquer avec Internet sans avoir \u00e0 utiliser la 3G ou le Wi-Fi. La consommation de la batterie est faible, la port\u00e9e est longue et la bande passante est limit\u00e9e. En d'autres termes, parfait pour l'IoT (Internet des objets). Il est possible de communiquer avec des capteurs sans fil sur ce r\u00e9seau. De cette mani\u00e8re, de nombreuses nouvelles applications sont possibles. Par exemple, localiser votre v\u00e9lo, votre animal de compagnie ou votre sac \u00e0 main. Cela permet \u00e9galement d'ouvrir et de fermer des portails, des cl\u00f4tures ou d'autres choses \u00e0 distance.<\/p>\n<p>LoRa signifie <strong>longue port\u00e9e<\/strong> et est une sp\u00e9cification pour un WAN (Wide Area Network). L'\u00e9quipement transmet occasionnellement certaines donn\u00e9es et ne n\u00e9cessite donc pas une connexion Internet constante. La connexion a une port\u00e9e de 2,5 \u00e0 15 km par m\u00e2t. La vitesse de la connexion est comprise entre 0,3 et 50 kbits\/s. De plus, la batterie dure \u00e9galement tr\u00e8s longtemps.<\/p>\n<h3>Comment fonctionne la communication LoRA?<\/h3>\n<p>La technologie LoRa se compose de passerelles, de serveurs de r\u00e9seau et de serveurs d'applications. Les puces radiofr\u00e9quence transmettent un spectre \u00e9tal\u00e9. Un spectre \u00e9tal\u00e9 est une forme de communication sans fil dans laquelle l'\u00e9nergie du signal est d\u00e9lib\u00e9r\u00e9ment r\u00e9partie sur un domaine de fr\u00e9quence sp\u00e9cifique. Ces signaux ont une bande passante beaucoup plus large que les informations qu'ils contiennent. Par cons\u00e9quent, le signal est bruyant et difficile \u00e0 d\u00e9tecter ou \u00e0 intercepter.<\/p>\n<p><a class=\"button cta\" href=\"#contact\">Plus d'information? <strong>Contactez-nous<\/strong><\/a><\/p>\n<h4>D\u00e9couvrez encore plus sur cette technologie IoT:<\/h4>\n<ul>\n<li><a href=\"https:\/\/www.traxgo.be\/fr\/lora\/\">Technologie sans fil LoRa<\/a><\/li>\n<li><a href=\"https:\/\/www.traxgo.be\/fr\/caracteristiques-lora\/\">Caract\u00e9ristiques de la technologie LoRa<\/a><\/li>\n<\/ul>\n","protected":false},"excerpt":{"rendered":"<p>Qu'est-ce que LoRaWAN? LoRaWAN est une sp\u00e9cification pour un r\u00e9seau de t\u00e9l\u00e9communications et convient aux communications longue distance \u00e0 faible puissance. Il est parfait pour \u00e9changer des donn\u00e9es entre diff\u00e9rents objets, tels que des parcom\u00e8tres, des voitures, des abribus et bien plus encore. Avec l'aide de LoRa, toutes sortes de choses peuvent communiquer avec Internet [&hellip;]<\/p>\n","protected":false},"author":1,"featured_media":6524,"parent":0,"menu_order":0,"comment_status":"closed","ping_status":"closed","template":"","meta":{"_acf_changed":false,"footnotes":""},"class_list":["post-11998","page","type-page","status-publish","has-post-thumbnail","hentry"],"acf":[],"_links":{"self":[{"href":"https:\/\/www.traxgo.be\/fr\/wp-json\/wp\/v2\/pages\/11998","targetHints":{"allow":["GET"]}}],"collection":[{"href":"https:\/\/www.traxgo.be\/fr\/wp-json\/wp\/v2\/pages"}],"about":[{"href":"https:\/\/www.traxgo.be\/fr\/wp-json\/wp\/v2\/types\/page"}],"author":[{"embeddable":true,"href":"https:\/\/www.traxgo.be\/fr\/wp-json\/wp\/v2\/users\/1"}],"replies":[{"embeddable":true,"href":"https:\/\/www.traxgo.be\/fr\/wp-json\/wp\/v2\/comments?post=11998"}],"version-history":[{"count":7,"href":"https:\/\/www.traxgo.be\/fr\/wp-json\/wp\/v2\/pages\/11998\/revisions"}],"predecessor-version":[{"id":12929,"href":"https:\/\/www.traxgo.be\/fr\/wp-json\/wp\/v2\/pages\/11998\/revisions\/12929"}],"wp:featuredmedia":[{"embeddable":true,"href":"https:\/\/www.traxgo.be\/fr\/wp-json\/wp\/v2\/media\/6524"}],"wp:attachment":[{"href":"https:\/\/www.traxgo.be\/fr\/wp-json\/wp\/v2\/media?parent=11998"}],"curies":[{"name":"wp","href":"https:\/\/api.w.org\/{rel}","templated":true}]}}