{"id":12012,"date":"2022-06-15T08:55:23","date_gmt":"2022-06-15T08:55:23","guid":{"rendered":"https:\/\/www.traxgo.be\/?page_id=12012"},"modified":"2022-07-20T08:47:11","modified_gmt":"2022-07-20T08:47:11","slug":"narrowband","status":"publish","type":"page","link":"https:\/\/www.traxgo.be\/fr\/narrowband\/","title":{"rendered":"Narrowband"},"content":{"rendered":"<h2>Qu'est-ce que la bande \u00e9troite (Narrowband)?<\/h2>\n<p><img loading=\"lazy\" decoding=\"async\" class=\"alignright wp-image-4323\" src=\"https:\/\/www.traxgo.be\/wp-content\/uploads\/2019\/06\/gsm-relay-1160277_1920-1024x683.jpg\" alt=\"Narrowband | Narrowband Internet of Things | Traxgo\" width=\"580\" height=\"387\" srcset=\"https:\/\/www.traxgo.be\/wp-content\/uploads\/2019\/06\/gsm-relay-1160277_1920-1024x683.jpg 1024w, https:\/\/www.traxgo.be\/wp-content\/uploads\/2019\/06\/gsm-relay-1160277_1920-300x200.jpg 300w, https:\/\/www.traxgo.be\/wp-content\/uploads\/2019\/06\/gsm-relay-1160277_1920-768x512.jpg 768w, https:\/\/www.traxgo.be\/wp-content\/uploads\/2019\/06\/gsm-relay-1160277_1920.jpg 1920w\" sizes=\"auto, (max-width: 580px) 100vw, 580px\" \/><\/p>\n<p>Le nom 'NB-IoT' signifie Internet des objets \u00e0 bande \u00e9troite. Il s'agit d'une technologie Low Power Wide Area (LPWA). Il a \u00e9t\u00e9 d\u00e9velopp\u00e9 pour prendre en charge efficacement un grand nombre de nouveaux appareils et services IoT (Internet des objets).<\/p>\n<p>Le r\u00e9seau fonctionne sur les tours cellulaires existantes. La force du signal peut \u00eatre jusqu'\u00e0 10 fois sup\u00e9rieure \u00e0 celle d'un GSM. De ce fait, il est disponible presque partout et depuis longtemps.<\/p>\n<p>NB-IoT est une solution lente qui ne transmet pas d'informations en temps r\u00e9el. Les donn\u00e9es sont lues sur une base d'intervalle avec un l\u00e9ger retard. La bande \u00e9troite ne peut \u00e9galement \u00eatre utilis\u00e9e qu'\u00e0 partir d'un emplacement fixe.<\/p>\n<h3>Utilisation de la technologie<\/h3>\n<p>La bande \u00e9troite est tr\u00e8s appropri\u00e9e pour les applications o\u00f9 de petites quantit\u00e9s de donn\u00e9es sont envoy\u00e9es. Cela se produit constamment sur une plus longue p\u00e9riode de temps. Il n'est donc pas adapt\u00e9 aux applications o\u00f9 de grandes quantit\u00e9s de donn\u00e9es doivent \u00eatre envoy\u00e9es. M\u00eame si les donn\u00e9es doivent \u00eatre obtenues en temps r\u00e9el, ce n'est pas une connexion appropri\u00e9e. Des exemples d'applications NB-IoT actuelles peuvent \u00eatre trouv\u00e9es dans les applications\u00a0Smart Home\u00a0et\u00a0Smart Office. Ils exploitent toutes les forces du syst\u00e8me.<\/p>\n<p><a class=\"button cta\" href=\"#contact\">Plus d'information? <strong>Contactez-nous<\/strong><\/a><\/p>\n<p>&nbsp;<\/p>\n<h4>D\u00e9couvrez encore plus sur cette technologie IoT:<\/h4>\n<ul>\n<li><a href=\"https:\/\/www.traxgo.be\/fr\/bande-etroite-portee-et-application\/\">Bande \u00e9troite, port\u00e9e et application<\/a><\/li>\n<li><a href=\"https:\/\/www.traxgo.be\/fr\/avantages-de-la-bande-etroite\/\">Avantages de la bande \u00e9troite<\/a><\/li>\n<\/ul>\n","protected":false},"excerpt":{"rendered":"<p>Qu'est-ce que la bande \u00e9troite (Narrowband)? Le nom 'NB-IoT' signifie Internet des objets \u00e0 bande \u00e9troite. Il s'agit d'une technologie Low Power Wide Area (LPWA). Il a \u00e9t\u00e9 d\u00e9velopp\u00e9 pour prendre en charge efficacement un grand nombre de nouveaux appareils et services IoT (Internet des objets). Le r\u00e9seau fonctionne sur les tours cellulaires existantes. La [&hellip;]<\/p>\n","protected":false},"author":1,"featured_media":6528,"parent":0,"menu_order":0,"comment_status":"closed","ping_status":"closed","template":"","meta":{"_acf_changed":false,"footnotes":""},"class_list":["post-12012","page","type-page","status-publish","has-post-thumbnail","hentry"],"acf":[],"_links":{"self":[{"href":"https:\/\/www.traxgo.be\/fr\/wp-json\/wp\/v2\/pages\/12012","targetHints":{"allow":["GET"]}}],"collection":[{"href":"https:\/\/www.traxgo.be\/fr\/wp-json\/wp\/v2\/pages"}],"about":[{"href":"https:\/\/www.traxgo.be\/fr\/wp-json\/wp\/v2\/types\/page"}],"author":[{"embeddable":true,"href":"https:\/\/www.traxgo.be\/fr\/wp-json\/wp\/v2\/users\/1"}],"replies":[{"embeddable":true,"href":"https:\/\/www.traxgo.be\/fr\/wp-json\/wp\/v2\/comments?post=12012"}],"version-history":[{"count":6,"href":"https:\/\/www.traxgo.be\/fr\/wp-json\/wp\/v2\/pages\/12012\/revisions"}],"predecessor-version":[{"id":12749,"href":"https:\/\/www.traxgo.be\/fr\/wp-json\/wp\/v2\/pages\/12012\/revisions\/12749"}],"wp:featuredmedia":[{"embeddable":true,"href":"https:\/\/www.traxgo.be\/fr\/wp-json\/wp\/v2\/media\/6528"}],"wp:attachment":[{"href":"https:\/\/www.traxgo.be\/fr\/wp-json\/wp\/v2\/media?parent=12012"}],"curies":[{"name":"wp","href":"https:\/\/api.w.org\/{rel}","templated":true}]}}