{"id":12021,"date":"2022-06-15T09:26:43","date_gmt":"2022-06-15T09:26:43","guid":{"rendered":"https:\/\/www.traxgo.be\/?page_id=12021"},"modified":"2022-07-20T12:21:14","modified_gmt":"2022-07-20T12:21:14","slug":"reseau-sigfox","status":"publish","type":"page","link":"https:\/\/www.traxgo.be\/fr\/reseau-sigfox\/","title":{"rendered":"R\u00e9seau Sigfox"},"content":{"rendered":"<h2>Le r\u00e9seau Sigfox<\/h2>\n<p><img loading=\"lazy\" decoding=\"async\" class=\"alignright wp-image-4333\" src=\"https:\/\/www.traxgo.be\/wp-content\/uploads\/2019\/06\/chip-chipset-closeup-40879-1024x683.jpg\" alt=\"Le r\u00e9seau Sigfox et les nombreuses applications Sigfox | Traxgo\" width=\"580\" height=\"387\" srcset=\"https:\/\/www.traxgo.be\/wp-content\/uploads\/2019\/06\/chip-chipset-closeup-40879-1024x683.jpg 1024w, https:\/\/www.traxgo.be\/wp-content\/uploads\/2019\/06\/chip-chipset-closeup-40879-300x200.jpg 300w, https:\/\/www.traxgo.be\/wp-content\/uploads\/2019\/06\/chip-chipset-closeup-40879-768x512.jpg 768w\" sizes=\"auto, (max-width: 580px) 100vw, 580px\" \/><\/p>\n<p>Les capteurs, les compteurs \u00e9lectriques, les montres intelligentes et m\u00eame les machines \u00e0 laver peuvent \u00eatre reli\u00e9s \u00e0 Internet via les r\u00e9seaux de Sigfox. Avec une infrastructure \u00e0 faible co\u00fbt, le r\u00e9seau Sigfox permet efficacement l'Internet des objets.<\/p>\n<p>Les capteurs des appareils connect\u00e9s doivent toujours \u00eatre connect\u00e9s \u00e0 Internet. Ils envoient ensuite r\u00e9guli\u00e8rement de petites quantit\u00e9s de donn\u00e9es sur le r\u00e9seau au backend du propri\u00e9taire. Sigfox assume ici le r\u00f4le d'op\u00e9rateur. Pour cela, ils utilisent le spectre 2G librement disponible pour permettre la connexion.<\/p>\n<p><strong>Sigfox<\/strong> entre en quelque sorte dans le royaume des op\u00e9rateurs traditionnels. Mais les puces dont ils ont besoin pour envoyer des donn\u00e9es sont beaucoup moins ch\u00e8res que les capteurs des autres op\u00e9rateurs. De plus, ces puces durent jusqu'\u00e0 20 ans. Il s'appelait d\u00e9j\u00e0 le Twitter des t\u00e9l\u00e9coms. Ils permettent de transporter des paquets de donn\u00e9es. Mais les photos ou les sessions de chat ne peuvent tout simplement pas \u00eatre envoy\u00e9es sur leur r\u00e9seau car elles sont trop lourdes.<\/p>\n<p>Le r\u00e9seau est donc actuellement per\u00e7u comme un partenaire int\u00e9ressant et non comme une menace. De nombreux investisseurs croient au potentiel du starter dans la mesure intelligente, la mobilit\u00e9 et les villes intelligentes.<\/p>\n<p><a class=\"button cta\" href=\"#contact\">Plus d'information? <strong>Contactez-nous<\/strong><\/a><\/p>\n<p>&nbsp;<\/p>\n<h4>D\u00e9couvrez encore plus sur cette technologie IoT:<\/h4>\n<ul>\n<li><a href=\"https:\/\/www.traxgo.be\/fr\/quest-ce-que-sigfox\/\">Fonctionnalit\u00e9s Sigfox, qu'est-ce que Sigfox?<\/a><\/li>\n<li><a href=\"https:\/\/www.traxgo.be\/fr\/online-track-et-trace-et-systemes-de-localisation\/sigfox-en-belgique\/\">Sigfox en Belgique<\/a><\/li>\n<\/ul>\n","protected":false},"excerpt":{"rendered":"<p>Le r\u00e9seau Sigfox Les capteurs, les compteurs \u00e9lectriques, les montres intelligentes et m\u00eame les machines \u00e0 laver peuvent \u00eatre reli\u00e9s \u00e0 Internet via les r\u00e9seaux de Sigfox. Avec une infrastructure \u00e0 faible co\u00fbt, le r\u00e9seau Sigfox permet efficacement l'Internet des objets. Les capteurs des appareils connect\u00e9s doivent toujours \u00eatre connect\u00e9s \u00e0 Internet. Ils envoient ensuite [&hellip;]<\/p>\n","protected":false},"author":1,"featured_media":6536,"parent":0,"menu_order":0,"comment_status":"closed","ping_status":"closed","template":"","meta":{"_acf_changed":false,"footnotes":""},"class_list":["post-12021","page","type-page","status-publish","has-post-thumbnail","hentry"],"acf":[],"_links":{"self":[{"href":"https:\/\/www.traxgo.be\/fr\/wp-json\/wp\/v2\/pages\/12021","targetHints":{"allow":["GET"]}}],"collection":[{"href":"https:\/\/www.traxgo.be\/fr\/wp-json\/wp\/v2\/pages"}],"about":[{"href":"https:\/\/www.traxgo.be\/fr\/wp-json\/wp\/v2\/types\/page"}],"author":[{"embeddable":true,"href":"https:\/\/www.traxgo.be\/fr\/wp-json\/wp\/v2\/users\/1"}],"replies":[{"embeddable":true,"href":"https:\/\/www.traxgo.be\/fr\/wp-json\/wp\/v2\/comments?post=12021"}],"version-history":[{"count":5,"href":"https:\/\/www.traxgo.be\/fr\/wp-json\/wp\/v2\/pages\/12021\/revisions"}],"predecessor-version":[{"id":12830,"href":"https:\/\/www.traxgo.be\/fr\/wp-json\/wp\/v2\/pages\/12021\/revisions\/12830"}],"wp:featuredmedia":[{"embeddable":true,"href":"https:\/\/www.traxgo.be\/fr\/wp-json\/wp\/v2\/media\/6536"}],"wp:attachment":[{"href":"https:\/\/www.traxgo.be\/fr\/wp-json\/wp\/v2\/media?parent=12021"}],"curies":[{"name":"wp","href":"https:\/\/api.w.org\/{rel}","templated":true}]}}