{"id":12040,"date":"2022-06-15T11:04:47","date_gmt":"2022-06-15T11:04:47","guid":{"rendered":"https:\/\/www.traxgo.be\/?page_id=12040"},"modified":"2025-04-16T12:30:38","modified_gmt":"2025-04-16T12:30:38","slug":"location-de-voiture","status":"publish","type":"page","link":"https:\/\/www.traxgo.be\/fr\/location-de-voiture\/","title":{"rendered":"Location de voiture"},"content":{"rendered":"<h1>Track &amp; trace pour la location de voiture<\/h1>\n<p><img loading=\"lazy\" decoding=\"async\" class=\"alignright wp-image-2503\" src=\"https:\/\/www.traxgo.be\/wp-content\/uploads\/2018\/09\/Bestelwagen.jpg\" alt=\"Protection optimale contre le vol de vos camionnettes: un syst\u00e8me de suivi et de localisation pour la location de voitures\" width=\"580\" height=\"326\" srcset=\"https:\/\/www.traxgo.be\/wp-content\/uploads\/2018\/09\/Bestelwagen.jpg 1280w, https:\/\/www.traxgo.be\/wp-content\/uploads\/2018\/09\/Bestelwagen-300x169.jpg 300w, https:\/\/www.traxgo.be\/wp-content\/uploads\/2018\/09\/Bestelwagen-768x432.jpg 768w, https:\/\/www.traxgo.be\/wp-content\/uploads\/2018\/09\/Bestelwagen-1024x576.jpg 1024w\" sizes=\"auto, (max-width: 580px) 100vw, 580px\" \/>La location de camionnettes pose souvent des probl\u00e8mes logistiques. Les loueurs ne savent pas toujours o\u00f9 se trouvent leurs vans. Il arrive aussi parfois que des v\u00e9hicules soient restitu\u00e9s en retard ou non restitu\u00e9s, l'entretien est effectu\u00e9 trop tard\u2026. Le suivi et la localisation pour la location de voiture est une r\u00e9ponse \u00e0 ce genre de probl\u00e8mes.<\/p>\n<h3>Gardez un \u0153il sur vos camionnettes gr\u00e2ce \u00e0 Traxgo<\/h3>\n<p>Vous souhaitez conna\u00eetre l'emplacement de vos vans de location?<\/p>\n<p>Gr\u00e2ce \u00e0 nos solutions Track and Trace, vous pouvez suivre n'importe quel van o\u00f9 et quand vous le souhaitez. \u00c0 l'aide d'une carte claire, vous savez exactement o\u00f9 se trouvent vos camionnettes.<\/p>\n<p>De plus, vous pouvez choisir d'installer une alarme et une serrure antivol sur vos fourgons. De cette fa\u00e7on, vous pouvez toujours suivre, g\u00e9rer et arr\u00eater vos camionnettes si n\u00e9cessaire. Traxgo est un partenaire fiable en mati\u00e8re de <a href=\"https:\/\/www.traxgo.be\/fr\/systeme-track-and-trace-comme-securite-contre-le-vol-des-camionnettes\/\">protection contre le vol des camionnettes<\/a>. Les solutions <a href=\"https:\/\/www.traxgo.be\/fr\/secteur-de-la-location\/\">Track and Trace pour la location<\/a> de voitures offrent de nombreuses possibilit\u00e9s.<\/p>\n<p><a class=\"button\" href=\"https:\/\/www.traxgo.be\/fr\/online-track-et-trace-et-systemes-de-localisation\/localisation-vehicules\/\">Localisation de v\u00e9hicules<\/a><\/p>\n<h3>Avantages du suivi pour la location de voiture<\/h3>\n<ul class=\"advantages\">\n<li><strong>d\u00e9termination de l'emplacement<\/strong> - sachez toujours o\u00f9 se trouvent vos camionnettes;<\/li>\n<li><strong>solution rapide<\/strong> - demander les informations n\u00e9cessaires \u00e0 tout moment, n'importe o\u00f9;<\/li>\n<li><strong>protection contre le vol de camionnette<\/strong> - alarmes, antid\u00e9marrage et surveillance en temps r\u00e9el assurent un contr\u00f4le parfait;<\/li>\n<li><strong>charge de la preuve<\/strong> - savoir qui a conduit vos camionnettes en cas de dommage;<\/li>\n<\/ul>\n<h3>La gestion et l'entretien de votre flotte logistique<\/h3>\n<p>La gestion d'une flotte est compliqu\u00e9e. Il est impossible d'\u00eatre partout dans chaque camionnette \u00e0 tout moment de la journ\u00e9e. Mais vous pouvez savoir o\u00f9 se trouvent vos camionnettes en temps r\u00e9el \u00e0 tout moment de la journ\u00e9e.<\/p>\n<p>Gr\u00e2ce \u00e0 nos solutions intelligentes, vous obtenez toutes les informations dont vous avez besoin pour g\u00e9rer et entretenir efficacement votre flotte.<\/p>\n<p>Vous pouvez \u00e9galement garder un \u0153il sur le comportement de conduite de vos locataires.<\/p>\n<p><a class=\"button\" href=\"https:\/\/www.traxgo.be\/fr\/online-track-et-trace-et-systemes-de-localisation\/enregistrement-du-kilometrage\/\">Enregistrement du kilom\u00e9trage<\/a><\/p>\n<h3>Surveillance des heures de fonctionnement<\/h3>\n<p>Avec les solutions Traxgo, vous pouvez suivre les heures de fonctionnement de vos camionnettes sur <a href=\"https:\/\/www.traxgo.be\/fr\/logiciel-track-trace\/\">la plateforme en ligne<\/a> Traxgo. Sur cette plate-forme, vous pouvez afficher toutes les donn\u00e9es en un coup d'\u0153il. La plateforme Traxgo est l'outil id\u00e9al pour facturer et optimiser vos fourgons. La plateforme vous avertit automatiquement lorsqu'une maintenance est n\u00e9cessaire.<\/p>\n<p><a class=\"button\" href=\"https:\/\/www.traxgo.be\/fr\/online-track-et-trace-et-systemes-de-localisation\/localisation-machines\/\">Localisation de machines<\/a><\/p>\n<p>Vous souhaitez recevoir plus d'informations sur nos solutions ? N'h\u00e9sitez pas \u00e0 <a href=\"#contact\">nous contacter<\/a>.<\/p>\n<p><img loading=\"lazy\" decoding=\"async\" class=\" wp-image-4906 alignnone\" src=\"https:\/\/www.traxgo.be\/wp-content\/uploads\/2019\/12\/james-darlington-ykD_CO7RH38-unsplash-300x300.jpg\" alt=\"Surveillance des v\u00e9hicules | Localisation de v\u00e9hicules - Protection contre le vol de camionnettes\" width=\"479\" height=\"479\" srcset=\"https:\/\/www.traxgo.be\/wp-content\/uploads\/2019\/12\/james-darlington-ykD_CO7RH38-unsplash-300x300.jpg 300w, https:\/\/www.traxgo.be\/wp-content\/uploads\/2019\/12\/james-darlington-ykD_CO7RH38-unsplash-150x150.jpg 150w, https:\/\/www.traxgo.be\/wp-content\/uploads\/2019\/12\/james-darlington-ykD_CO7RH38-unsplash-768x768.jpg 768w, https:\/\/www.traxgo.be\/wp-content\/uploads\/2019\/12\/james-darlington-ykD_CO7RH38-unsplash-1024x1024.jpg 1024w\" sizes=\"auto, (max-width: 479px) 100vw, 479px\" \/><\/p>\n","protected":false},"excerpt":{"rendered":"<p>Track &amp; trace pour la location de voiture La location de camionnettes pose souvent des probl\u00e8mes logistiques. Les loueurs ne savent pas toujours o\u00f9 se trouvent leurs vans. Il arrive aussi parfois que des v\u00e9hicules soient restitu\u00e9s en retard ou non restitu\u00e9s, l'entretien est effectu\u00e9 trop tard\u2026. Le suivi et la localisation pour la location [&hellip;]<\/p>\n","protected":false},"author":1,"featured_media":6660,"parent":0,"menu_order":0,"comment_status":"closed","ping_status":"closed","template":"","meta":{"_acf_changed":false,"footnotes":""},"class_list":["post-12040","page","type-page","status-publish","has-post-thumbnail","hentry"],"acf":[],"_links":{"self":[{"href":"https:\/\/www.traxgo.be\/fr\/wp-json\/wp\/v2\/pages\/12040","targetHints":{"allow":["GET"]}}],"collection":[{"href":"https:\/\/www.traxgo.be\/fr\/wp-json\/wp\/v2\/pages"}],"about":[{"href":"https:\/\/www.traxgo.be\/fr\/wp-json\/wp\/v2\/types\/page"}],"author":[{"embeddable":true,"href":"https:\/\/www.traxgo.be\/fr\/wp-json\/wp\/v2\/users\/1"}],"replies":[{"embeddable":true,"href":"https:\/\/www.traxgo.be\/fr\/wp-json\/wp\/v2\/comments?post=12040"}],"version-history":[{"count":9,"href":"https:\/\/www.traxgo.be\/fr\/wp-json\/wp\/v2\/pages\/12040\/revisions"}],"predecessor-version":[{"id":17474,"href":"https:\/\/www.traxgo.be\/fr\/wp-json\/wp\/v2\/pages\/12040\/revisions\/17474"}],"wp:featuredmedia":[{"embeddable":true,"href":"https:\/\/www.traxgo.be\/fr\/wp-json\/wp\/v2\/media\/6660"}],"wp:attachment":[{"href":"https:\/\/www.traxgo.be\/fr\/wp-json\/wp\/v2\/media?parent=12040"}],"curies":[{"name":"wp","href":"https:\/\/api.w.org\/{rel}","templated":true}]}}