{"id":1205,"date":"2018-02-22T15:39:16","date_gmt":"2018-02-22T15:39:16","guid":{"rendered":"http:\/\/www.traxgo.be\/urenregistratie-en-rittenregistratie-traxgo-platform\/"},"modified":"2018-03-07T12:32:38","modified_gmt":"2018-03-07T12:32:38","slug":"enregistrement-des-heures-et-enregistrement-des-trajets-sur-la-plate-forme-traxgo","status":"publish","type":"page","link":"https:\/\/www.traxgo.be\/fr\/enregistrement-des-heures-et-enregistrement-des-trajets-sur-la-plate-forme-traxgo\/","title":{"rendered":"Enregistrement des heures et enregistrement des trajets sur la plate-forme Traxgo"},"content":{"rendered":"<h2>Enregistrement des heures et enregistrement des trajets sur la plate-forme Traxgo<\/h2>\n<p><img loading=\"lazy\" decoding=\"async\" class=\"alignright wp-image-1020\" src=\"http:\/\/www.traxgo.be\/wp-content\/uploads\/2018\/02\/check-in-at-work.jpg\" alt=\"opvolgen werknemer\" width=\"510\" height=\"364\" srcset=\"https:\/\/www.traxgo.be\/wp-content\/uploads\/2018\/02\/check-in-at-work.jpg 960w, https:\/\/www.traxgo.be\/wp-content\/uploads\/2018\/02\/check-in-at-work-300x214.jpg 300w, https:\/\/www.traxgo.be\/wp-content\/uploads\/2018\/02\/check-in-at-work-768x548.jpg 768w\" sizes=\"auto, (max-width: 510px) 100vw, 510px\" \/><\/p>\n<p>L\u2019enregistrement des heures des travailleurs mobiles peut prendre \u00e9norm\u00e9ment de temps. Traxgo vous aide \u00e0 simplifier au maximum cette op\u00e9ration. Les heures peuvent \u00eatre enregistr\u00e9es de mani\u00e8re rapide et efficace avec ou sans module de badge. Vous pouvez suivre les heures prest\u00e9es dans Excel ou les traiter avec le progiciel ERP de Traxgo et d\u2019autres programmes logiciels que vous utilisez.<\/p>\n<p><strong>Un outil id\u00e9al pouvant \u00eatre utilis\u00e9 comme <a href=\"http:\/\/www.traxgo.be\/fr\/enregistrement-des-heures-et-enregistrement-des-trajets-sur-la-plate-forme-traxgo\/\">logiciel de planification<\/a>. Vous disposez automatiquement d\u2019une vue d\u2019ensemble.<\/strong><\/p>\n<p>Gagnez du temps et de l\u2019argent et profitez d\u2019un enregistrement de temps automatique gr\u00e2ce \u00e0 Traxgo.<\/p>\n<p><a class=\"button\" href=\"#contact\">CONTACTEZ-NOUS POUR EN SAVOIR PLUS<\/a><\/p>\n<p>&nbsp;<\/p>\n<p>&nbsp;<\/p>\n<p><strong>Consultez des informations d\u00e9taill\u00e9es sur:<\/strong><\/p>\n<ul>\n<li><a href=\"http:\/\/www.traxgo.be\/fr\/online-track-et-trace-et-systemes-de-localisation\/enregistrement-des-presences-checkinatwork\/\">Checkinatwork<\/a><\/li>\n<li><a href=\"http:\/\/www.traxgo.be\/fr\/pointeuse\/\">La pointeuse<\/a><\/li>\n<li><a href=\"http:\/\/www.traxgo.be\/fr\/online-track-et-trace-et-systemes-de-localisation\/localisation-machines\/\">Localisation de vos machines\u00a0<\/a> <a href=\"http:\/\/www.traxgo.be\/fr\/localisation-de-remorques\/\">et de vos remorques<\/a><\/li>\n<li><a href=\"http:\/\/www.traxgo.be\/fr\/online-track-et-trace-et-systemes-de-localisation\/\">Autres solutions<\/a><\/li>\n<\/ul>\n","protected":false},"excerpt":{"rendered":"<p>Enregistrement des heures et enregistrement des trajets sur la plate-forme Traxgo L\u2019enregistrement des heures des travailleurs mobiles peut prendre \u00e9norm\u00e9ment de temps. Traxgo vous aide \u00e0 simplifier au maximum cette op\u00e9ration. Les heures peuvent \u00eatre enregistr\u00e9es de mani\u00e8re rapide et efficace avec ou sans module de badge. Vous pouvez suivre les heures prest\u00e9es dans Excel [&hellip;]<\/p>\n","protected":false},"author":2,"featured_media":472,"parent":0,"menu_order":0,"comment_status":"closed","ping_status":"closed","template":"","meta":{"_acf_changed":false,"footnotes":""},"class_list":["post-1205","page","type-page","status-publish","has-post-thumbnail","hentry"],"acf":[],"_links":{"self":[{"href":"https:\/\/www.traxgo.be\/fr\/wp-json\/wp\/v2\/pages\/1205","targetHints":{"allow":["GET"]}}],"collection":[{"href":"https:\/\/www.traxgo.be\/fr\/wp-json\/wp\/v2\/pages"}],"about":[{"href":"https:\/\/www.traxgo.be\/fr\/wp-json\/wp\/v2\/types\/page"}],"author":[{"embeddable":true,"href":"https:\/\/www.traxgo.be\/fr\/wp-json\/wp\/v2\/users\/2"}],"replies":[{"embeddable":true,"href":"https:\/\/www.traxgo.be\/fr\/wp-json\/wp\/v2\/comments?post=1205"}],"version-history":[{"count":5,"href":"https:\/\/www.traxgo.be\/fr\/wp-json\/wp\/v2\/pages\/1205\/revisions"}],"predecessor-version":[{"id":1258,"href":"https:\/\/www.traxgo.be\/fr\/wp-json\/wp\/v2\/pages\/1205\/revisions\/1258"}],"wp:featuredmedia":[{"embeddable":true,"href":"https:\/\/www.traxgo.be\/fr\/wp-json\/wp\/v2\/media\/472"}],"wp:attachment":[{"href":"https:\/\/www.traxgo.be\/fr\/wp-json\/wp\/v2\/media?parent=1205"}],"curies":[{"name":"wp","href":"https:\/\/api.w.org\/{rel}","templated":true}]}}