{"id":12053,"date":"2022-06-15T12:36:32","date_gmt":"2022-06-15T12:36:32","guid":{"rendered":"https:\/\/www.traxgo.be\/?page_id=12053"},"modified":"2022-07-19T07:35:43","modified_gmt":"2022-07-19T07:35:43","slug":"liaison-facile-avec-vos-autres-applications","status":"publish","type":"page","link":"https:\/\/www.traxgo.be\/fr\/liaison-facile-avec-vos-autres-applications\/","title":{"rendered":"Liaison facile avec vos autres applications"},"content":{"rendered":"<h2>Liaison facile avec vos autres applications<\/h2>\n<p><img loading=\"lazy\" decoding=\"async\" class=\"alignright wp-image-4696\" src=\"https:\/\/www.traxgo.be\/wp-content\/uploads\/2019\/09\/notebook-1850613_1920-1024x626.jpg\" alt=\"Modules ERP | Syst\u00e8me ERP | Logiciel ERP\" width=\"580\" height=\"354\" srcset=\"https:\/\/www.traxgo.be\/wp-content\/uploads\/2019\/09\/notebook-1850613_1920-1024x626.jpg 1024w, https:\/\/www.traxgo.be\/wp-content\/uploads\/2019\/09\/notebook-1850613_1920-300x183.jpg 300w, https:\/\/www.traxgo.be\/wp-content\/uploads\/2019\/09\/notebook-1850613_1920-768x469.jpg 768w, https:\/\/www.traxgo.be\/wp-content\/uploads\/2019\/09\/notebook-1850613_1920.jpg 1920w\" sizes=\"auto, (max-width: 580px) 100vw, 580px\" \/><\/p>\n<p>Il est important que vos modules ERP puissent \u00eatre facilement combin\u00e9s avec votre logiciel administratif existant.<\/p>\n<p>Les modules ERP et autres logiciels tels que les applications CRM, SharePoint, Office et BI ont une grande capacit\u00e9. Cela est n\u00e9cessaire pour que vous puissiez mieux g\u00e9rer vos activit\u00e9s. Le logiciel est un outil qui vous aide \u00e0 optimiser les processus m\u00e9tier, \u00e0 structurer les flux de travail, \u00e0 augmenter la productivit\u00e9 et \u00e0 vous donner un meilleur aper\u00e7u de votre entreprise.<\/p>\n<p>Si vos nouveaux modules ne r\u00e9pondent pas bien \u00e0 votre logiciel existant, cela causera des probl\u00e8mes. \u00c9tant donn\u00e9 que le syst\u00e8me ERP n'est pas connect\u00e9 \u00e0 d'autres programmes, vous devez saisir des donn\u00e9es plusieurs fois, vous manquez des informations, les co\u00fbts augmentent et les r\u00e9sultats diminuent. En n'ayant pas de lien entre toutes vos informations, vous perdez un temps pr\u00e9cieux. Assurez-vous d'une bonne <a href=\"https:\/\/www.traxgo.be\/fr\/implementation-erp\/\">impl\u00e9mentation<\/a> du nouveau logiciel et d'une bonne connexion avec votre logiciel existant.<\/p>\n<h3>D\u00e9couvrez les possibilit\u00e9s des modules ERP<\/h3>\n<p>Optez pour une int\u00e9gration compl\u00e8te du logiciel m\u00e9tier. Avec une version simplifi\u00e9e d'un <strong>progiciel ERP<\/strong>, vous pouvez \u00e9conomiser des co\u00fbts \u00e0 court terme, mais \u00e0 plus long terme, cela peut \u00eatre douloureux. Le logiciel doit prendre en charge votre entreprise et cela n'est possible que si le syst\u00e8me ERP est complet.<\/p>\n<p>Pour impl\u00e9menter correctement les modules ERP, vous pouvez compter sur l'assistance technique de vos partenaires. Ils vous aideront \u00e0 relier vos donn\u00e9es et vos applications \u00e0 l'am\u00e9lioration des processus m\u00e9tier de bout en bout comme r\u00e9sultat final.<\/p>\n<p>Vous souhaitez \u00e9galement optimiser vos processus m\u00e9tier? En savoir plus sur les <strong>syst\u00e8mes ERP<\/strong>.<\/p>\n<p><a class=\"button cta\" href=\"#contact\">Plus d'information? <strong>Contactez-nous<\/strong><\/a><\/p>\n","protected":false},"excerpt":{"rendered":"<p>Liaison facile avec vos autres applications Il est important que vos modules ERP puissent \u00eatre facilement combin\u00e9s avec votre logiciel administratif existant. Les modules ERP et autres logiciels tels que les applications CRM, SharePoint, Office et BI ont une grande capacit\u00e9. Cela est n\u00e9cessaire pour que vous puissiez mieux g\u00e9rer vos activit\u00e9s. Le logiciel est [&hellip;]<\/p>\n","protected":false},"author":1,"featured_media":6304,"parent":0,"menu_order":0,"comment_status":"closed","ping_status":"closed","template":"","meta":{"_acf_changed":false,"footnotes":""},"class_list":["post-12053","page","type-page","status-publish","has-post-thumbnail","hentry"],"acf":[],"_links":{"self":[{"href":"https:\/\/www.traxgo.be\/fr\/wp-json\/wp\/v2\/pages\/12053","targetHints":{"allow":["GET"]}}],"collection":[{"href":"https:\/\/www.traxgo.be\/fr\/wp-json\/wp\/v2\/pages"}],"about":[{"href":"https:\/\/www.traxgo.be\/fr\/wp-json\/wp\/v2\/types\/page"}],"author":[{"embeddable":true,"href":"https:\/\/www.traxgo.be\/fr\/wp-json\/wp\/v2\/users\/1"}],"replies":[{"embeddable":true,"href":"https:\/\/www.traxgo.be\/fr\/wp-json\/wp\/v2\/comments?post=12053"}],"version-history":[{"count":3,"href":"https:\/\/www.traxgo.be\/fr\/wp-json\/wp\/v2\/pages\/12053\/revisions"}],"predecessor-version":[{"id":12676,"href":"https:\/\/www.traxgo.be\/fr\/wp-json\/wp\/v2\/pages\/12053\/revisions\/12676"}],"wp:featuredmedia":[{"embeddable":true,"href":"https:\/\/www.traxgo.be\/fr\/wp-json\/wp\/v2\/media\/6304"}],"wp:attachment":[{"href":"https:\/\/www.traxgo.be\/fr\/wp-json\/wp\/v2\/media?parent=12053"}],"curies":[{"name":"wp","href":"https:\/\/api.w.org\/{rel}","templated":true}]}}