{"id":12066,"date":"2022-06-15T13:05:51","date_gmt":"2022-06-15T13:05:51","guid":{"rendered":"https:\/\/www.traxgo.be\/?page_id=12066"},"modified":"2022-12-01T12:47:00","modified_gmt":"2022-12-01T12:47:00","slug":"ameliorer-votre-gestion-du-materiel","status":"publish","type":"page","link":"https:\/\/www.traxgo.be\/fr\/ameliorer-votre-gestion-du-materiel\/","title":{"rendered":"Am\u00e9liorer votre gestion du mat\u00e9riel"},"content":{"rendered":"<h1>Am\u00e9liorer votre gestion du mat\u00e9riel<\/h1>\n<p><img loading=\"lazy\" decoding=\"async\" class=\"alignright wp-image-5631 size-large\" src=\"https:\/\/www.traxgo.be\/wp-content\/uploads\/2020\/07\/three-yellow-excavators-near-front-end-loader-1238864-1024x683.jpg\" alt=\"Gestion des mat\u00e9riaux | Syst\u00e8me de suivi | G\u00e9rer l'\u00e9quipement | Traxgo\" width=\"640\" height=\"427\" srcset=\"https:\/\/www.traxgo.be\/wp-content\/uploads\/2020\/07\/three-yellow-excavators-near-front-end-loader-1238864-1024x683.jpg 1024w, https:\/\/www.traxgo.be\/wp-content\/uploads\/2020\/07\/three-yellow-excavators-near-front-end-loader-1238864-300x200.jpg 300w, https:\/\/www.traxgo.be\/wp-content\/uploads\/2020\/07\/three-yellow-excavators-near-front-end-loader-1238864-768x513.jpg 768w, https:\/\/www.traxgo.be\/wp-content\/uploads\/2020\/07\/three-yellow-excavators-near-front-end-loader-1238864.jpg 1428w\" sizes=\"auto, (max-width: 640px) 100vw, 640px\" \/>La gestion des mat\u00e9riaux est un \u00e9l\u00e9ment important d'une bonne gestion d'entreprise. Vous pr\u00e9f\u00e9reriez recevoir autant d'informations que possible sur l'emplacement de vos mat\u00e9riaux. Cela offre une s\u00e9curit\u00e9 et une meilleure vue d'ensemble. Chez Traxgo, nous utilisons donc une technologie RFID sp\u00e9cifique pour am\u00e9liorer encore la disponibilit\u00e9 des informations sur vos mat\u00e9riaux. Cela signifie que:<\/p>\n<ul>\n<li>Vous avez acc\u00e8s aux donn\u00e9es de localisation de tous vos mat\u00e9riels 24h\/24 et 7j\/7;<\/li>\n<li>Votre mat\u00e9riel sera muni d'une petite \u00e9tiquette;<\/li>\n<li>Les \u00e9tiquettes sont directement connect\u00e9es \u00e0 un vaste syst\u00e8me <a href=\"https:\/\/www.traxgo.be\/fr\/logiciel-track-trace\/\">logiciel Track and Trace<\/a>.<\/li>\n<\/ul>\n<p>Par exemple, les donn\u00e9es sont automatiquement transmises \u00e0 la plateforme Traxgo jour apr\u00e8s jour. Ainsi, vous savez exactement o\u00f9 se trouve votre mat\u00e9riel \u00e0 tout moment de la journ\u00e9e. L'\u00e9tiquette RFID garantit que cela se produit imm\u00e9diatement et sans aucun probl\u00e8me. Votre gestion du mat\u00e9riel (par exemple, mat\u00e9riaux de construction, <a title=\"G\u00e9olocalisation de conteneurs\" href=\"https:\/\/www.traxgo.be\/fr\/localisation-de-conteneurs\/\">conteneurs<\/a>, <a title=\"G\u00e9olocalisation de remorques\" href=\"https:\/\/www.traxgo.be\/fr\/localisation-de-remorques\/\">remorques<\/a>, <a title=\"G\u00e9olocalisation de machines\" href=\"https:\/\/www.traxgo.be\/fr\/online-track-et-trace-et-systemes-de-localisation\/localisation-machines\/\">machines<\/a>, grues et rayonnages) sera alors plus claire que jamais.<\/p>\n<h3>Les avantages de la gestion du mat\u00e9riel via Traxgo<\/h3>\n<p>De nombreuses entreprises choisissent aujourd'hui de g\u00e9rer la gestion du mat\u00e9riel via la technologie RFID susmentionn\u00e9e. En effet, certains avantages tr\u00e8s sp\u00e9cifiques sont associ\u00e9s \u00e0 son utilisation. En tant qu'entreprise, cela vous aidera beaucoup. Entre autres choses, cela signifie ce qui suit:<\/p>\n<ul class=\"advantages\">\n<li><strong>Moins d'administration<\/strong>: Beaucoup moins d'administration est n\u00e9cessaire lorsque l'emplacement de votre mat\u00e9riel est automatiquement transmis. Au lieu de devoir enregistrer quelque chose manuellement apr\u00e8s chaque d\u00e9m\u00e9nagement, cela se fait automatiquement via la plateforme Traxgo. Au final, cela vous fera gagner beaucoup de temps. Cela laisse plus de temps \u00e0 consacrer \u00e0 d'autres choses. Il permet \u00e9galement d'\u00e9conomiser de l'argent de cette fa\u00e7on.<\/li>\n<li><strong>S\u00e9curit\u00e9 du mat\u00e9riel<\/strong>: Gr\u00e2ce \u00e0 l'\u00e9tiquette attach\u00e9e, vous savez exactement o\u00f9 se trouve votre mat\u00e9riel. Cela signifie \u00e9galement que la s\u00e9curit\u00e9 de votre mat\u00e9riel est bien mieux garantie. Recevez-vous un mouvement \u00e9trange du mat\u00e9riel via la plate-forme Traxgo ? Ensuite, vous prenez des mesures imm\u00e9diates. Cela rend le vol de votre mat\u00e9riel presque impossible.<\/li>\n<li><strong>M\u00e9thode facile \u00e0 utiliser<\/strong>: Le placement des \u00e9tiquettes en combinaison avec la plate-forme Traxgo simple signifie la m\u00e9thode ultime de gestion du mat\u00e9riel facile \u00e0 utiliser. Vous n'avez presque plus \u00e0 vous soucier de rien. Et vous \u00eates curieux de certaines informations concernant votre gestion de mat\u00e9riel ? Ensuite, vous pouvez facilement le voir en vous connectant.<\/li>\n<\/ul>\n<p><a class=\"button cta\" href=\"#contact\">Plus d'information? <strong>Contactez-nous<\/strong><\/a><\/p>\n<p>Dans l'ensemble, la collaboration avec Traxgo vous permettra, en tant qu'entreprise, de faire un pas en avant. Les processus sont encore optimis\u00e9s, ce qui ne profite qu'\u00e0 l'entreprise dans son ensemble. Cela cr\u00e9e plus d'espace pour d\u00e9penser de l'argent et de l'attention sur d'autres choses qui peuvent aider votre entreprise \u00e0 aller de l'avant.<\/p>\n<p>Alors, \u00eates-vous int\u00e9ress\u00e9 par une gestion du mat\u00e9riel grandement am\u00e9lior\u00e9e? Et souhaitez-vous recevoir plus d'informations ou poser des questions sur le fonctionnement de Traxgo ? Alors bien s\u00fbr, il y a beaucoup de place pour cela.<\/p>\n<p>Faites-le nous savoir imm\u00e9diatement en <a href=\"#contact\">nous contactant<\/a>. Nous nous mettrons alors au travail d\u00e8s que possible pour vous aider davantage dans le domaine de la gestion du mat\u00e9riel. Traxgo est toujours l\u00e0 pour vous dans ce domaine.<\/p>\n<p>&nbsp;<\/p>\n<h4><strong>Consultez des informations d\u00e9taill\u00e9es sur:<\/strong><\/h4>\n<ul>\n<li><a href=\"https:\/\/www.traxgo.be\/fr\/gestion-des-machines-et-du-materiel\/\">Gestion des machines et du mat\u00e9riel<\/a><\/li>\n<li><a href=\"https:\/\/www.traxgo.be\/fr\/online-track-et-trace-et-systemes-de-localisation\/localisation-materiaux\/\">Localisation de mat\u00e9riaux en temps r\u00e9el<\/a><\/li>\n<li><a href=\"https:\/\/www.traxgo.be\/fr\/online-track-et-trace-et-systemes-de-localisation\/\">Syst\u00e8mes de localisation et online track-and-trace<\/a><\/li>\n<\/ul>\n","protected":false},"excerpt":{"rendered":"<p>Am\u00e9liorer votre gestion du mat\u00e9riel La gestion des mat\u00e9riaux est un \u00e9l\u00e9ment important d'une bonne gestion d'entreprise. Vous pr\u00e9f\u00e9reriez recevoir autant d'informations que possible sur l'emplacement de vos mat\u00e9riaux. Cela offre une s\u00e9curit\u00e9 et une meilleure vue d'ensemble. Chez Traxgo, nous utilisons donc une technologie RFID sp\u00e9cifique pour am\u00e9liorer encore la disponibilit\u00e9 des informations sur [&hellip;]<\/p>\n","protected":false},"author":1,"featured_media":6772,"parent":0,"menu_order":0,"comment_status":"closed","ping_status":"closed","template":"","meta":{"_acf_changed":false,"footnotes":""},"class_list":["post-12066","page","type-page","status-publish","has-post-thumbnail","hentry"],"acf":[],"_links":{"self":[{"href":"https:\/\/www.traxgo.be\/fr\/wp-json\/wp\/v2\/pages\/12066","targetHints":{"allow":["GET"]}}],"collection":[{"href":"https:\/\/www.traxgo.be\/fr\/wp-json\/wp\/v2\/pages"}],"about":[{"href":"https:\/\/www.traxgo.be\/fr\/wp-json\/wp\/v2\/types\/page"}],"author":[{"embeddable":true,"href":"https:\/\/www.traxgo.be\/fr\/wp-json\/wp\/v2\/users\/1"}],"replies":[{"embeddable":true,"href":"https:\/\/www.traxgo.be\/fr\/wp-json\/wp\/v2\/comments?post=12066"}],"version-history":[{"count":8,"href":"https:\/\/www.traxgo.be\/fr\/wp-json\/wp\/v2\/pages\/12066\/revisions"}],"predecessor-version":[{"id":13516,"href":"https:\/\/www.traxgo.be\/fr\/wp-json\/wp\/v2\/pages\/12066\/revisions\/13516"}],"wp:featuredmedia":[{"embeddable":true,"href":"https:\/\/www.traxgo.be\/fr\/wp-json\/wp\/v2\/media\/6772"}],"wp:attachment":[{"href":"https:\/\/www.traxgo.be\/fr\/wp-json\/wp\/v2\/media?parent=12066"}],"curies":[{"name":"wp","href":"https:\/\/api.w.org\/{rel}","templated":true}]}}