{"id":12103,"date":"2022-06-16T12:10:31","date_gmt":"2022-06-16T12:10:31","guid":{"rendered":"https:\/\/www.traxgo.be\/?page_id=12103"},"modified":"2025-03-27T14:35:14","modified_gmt":"2025-03-27T14:35:14","slug":"secteur-des-transports","status":"publish","type":"page","link":"https:\/\/www.traxgo.be\/fr\/secteur-des-transports\/","title":{"rendered":"Secteur des transports"},"content":{"rendered":"<div class=\"column\">\n<h1 style=\"text-align: left;\">Solutions dans le secteur des transports<\/h1>\n<p style=\"text-align: left;\">Le secteur des transports est un secteur qui ne cesse de cro\u00eetre. Partout o\u00f9 vous conduisez, vous rencontrerez un camion ou une camionnette. Nous n'avons donc pas d'autre choix que de continuer \u00e0 grandir. Nous sommes sp\u00e9cialis\u00e9s dans les solutions technologiques pour le secteur du transport. Vous pouvez nous contacter pour <a href=\"https:\/\/www.traxgo.be\/fr\/tracking\/\">les syst\u00e8mes Track and Trace<\/a>, <a href=\"https:\/\/www.traxgo.be\/fr\/online-track-et-trace-et-systemes-de-localisation\/systeme-de-controle-de-pression-des-pneus\/\">les syst\u00e8mes de surveillance de la pression des pneus<\/a>, <a href=\"https:\/\/www.traxgo.be\/fr\/online-track-et-trace-et-systemes-de-localisation\/enregistrement-de-temps\/\">l'enregistrement du temps<\/a>, <a href=\"https:\/\/www.traxgo.be\/fr\/online-track-et-trace-et-systemes-de-localisation\/enregistrement-du-kilometrage\/\">la surveillance des v\u00e9hicules<\/a>, etc.<\/p>\n<\/div>\n<div class=\"row\">\n<div style=\"text-align: center;\"><\/div>\n<div style=\"text-align: center;\">\n<div class=\"box-responsive\">\n<p><img loading=\"lazy\" decoding=\"async\" class=\"alignleft wp-image-4869\" src=\"https:\/\/www.traxgo.be\/wp-content\/uploads\/2019\/12\/three-white-enclosed-trailers-12673251-300x300.jpg\" alt=\"Suivez vos v\u00e9hicules avec nos solutions Track and Trace\" width=\"595\" height=\"595\" srcset=\"https:\/\/www.traxgo.be\/wp-content\/uploads\/2019\/12\/three-white-enclosed-trailers-12673251-300x300.jpg 300w, https:\/\/www.traxgo.be\/wp-content\/uploads\/2019\/12\/three-white-enclosed-trailers-12673251-150x150.jpg 150w, https:\/\/www.traxgo.be\/wp-content\/uploads\/2019\/12\/three-white-enclosed-trailers-12673251-768x768.jpg 768w, https:\/\/www.traxgo.be\/wp-content\/uploads\/2019\/12\/three-white-enclosed-trailers-12673251-1024x1024.jpg 1024w\" sizes=\"auto, (max-width: 595px) 100vw, 595px\" \/><\/p>\n<div class=\"text-box\" style=\"text-align: left;\">\n<h3>Suivez vos v\u00e9hicules avec nos solutions Track and Trace<\/h3>\n<p>O\u00f9 se trouvent mes employ\u00e9s? Quelque chose aurait-il pu se passer en cours de route? Notre syst\u00e8me Track and Trace vous donne des r\u00e9ponses \u00e0 ce genre de questions. Gr\u00e2ce \u00e0 notre solution Track and Trace, vous pouvez suivre chaque v\u00e9hicule \u00e0 la minute \u00e0 l'aide d'une carte bien organis\u00e9e et vous savez exactement o\u00f9 se trouvent vos employ\u00e9s. Via Track and Trace, vous recevez des informations sur les temps de conduite et de repos de vos employ\u00e9s, afin que vous puissiez planifier efficacement les missions. De plus, vous recevez \u00e9galement les heures d'arriv\u00e9e estim\u00e9es et pouvez ainsi facilement informer vos clients. Non seulement vous \u00e9conomisez du temps et de l'argent avec notre syst\u00e8me, mais vous gardez \u00e9galement vos clients et vos employ\u00e9s heureux. Les solutions Track and Trace de Traxgo offrent plusieurs avantages. De cette fa\u00e7on, vous avez toujours et partout une vue d'ensemble de tous les v\u00e9hicules et donc de tous les employ\u00e9s. De plus, c'est moins stressant et tout fonctionne beaucoup plus efficacement.<\/p>\n<p style=\"text-align: center;\"><a class=\"button\" title=\"Localisation de v\u00e9hicules\" href=\"https:\/\/www.traxgo.be\/fr\/online-track-et-trace-et-systemes-de-localisation\/localisation-vehicules\/\">Localisation de v\u00e9hicules<\/a><\/p>\n<\/div>\n<\/div>\n<\/div>\n<\/div>\n<div class=\"row\">\n<div style=\"text-align: center;\">\n<div class=\"box-responsive\">\n<p><img loading=\"lazy\" decoding=\"async\" class=\"alignright wp-image-4874\" src=\"https:\/\/www.traxgo.be\/wp-content\/uploads\/2019\/12\/action-asphalt-auto-automobile-193667-300x300.jpg\" alt=\"Enregistrement de la temp\u00e9rature pendant le transport\" width=\"642\" height=\"642\" srcset=\"https:\/\/www.traxgo.be\/wp-content\/uploads\/2019\/12\/action-asphalt-auto-automobile-193667-300x300.jpg 300w, https:\/\/www.traxgo.be\/wp-content\/uploads\/2019\/12\/action-asphalt-auto-automobile-193667-150x150.jpg 150w, https:\/\/www.traxgo.be\/wp-content\/uploads\/2019\/12\/action-asphalt-auto-automobile-193667-768x768.jpg 768w, https:\/\/www.traxgo.be\/wp-content\/uploads\/2019\/12\/action-asphalt-auto-automobile-193667-1024x1024.jpg 1024w\" sizes=\"auto, (max-width: 642px) 100vw, 642px\" \/><\/p>\n<div class=\"text-box\" style=\"text-align: left;\">\n<h3>Enregistrement de la temp\u00e9rature pendant le transport<\/h3>\n<p>Vous savez certainement que <strong>la mesure et l'enregistrement de la temp\u00e9rature sont obligatoires dans le secteur des transports<\/strong>. Lors du transport de denr\u00e9es alimentaires, de liquidit\u00e9s, de produits pharmaceutiques, ... il est important qu'ils maintiennent une temp\u00e9rature constante. Si les marchandises sont transport\u00e9es \u00e0 une temp\u00e9rature trop froide ou trop chaude, la qualit\u00e9 en souffrira.En tant qu'entreprise de transport professionnelle, vous ne pouvez pas garantir que les marchandises transport\u00e9es arrivent g\u00e2t\u00e9es ou endommag\u00e9es chez vos clients. C'est pourquoi l'enregistrement de la temp\u00e9rature est devenu indispensable dans le secteur des transports. Gr\u00e2ce \u00e0 notre syst\u00e8me, un <a href=\"https:\/\/www.traxgo.be\/fr\/capteur-de-temperature\/\">capteur de temp\u00e9rature<\/a> est mont\u00e9 dans une zone refroidie\/chauff\u00e9e et est en communication directe avec le <a href=\"https:\/\/www.traxgo.be\/fr\/traceur-gps\/\">traceur GPS<\/a>. Si la temp\u00e9rature est trop \u00e9lev\u00e9e ou trop basse, un message d'alarme est automatiquement envoy\u00e9 au chauffeur. Gr\u00e2ce \u00e0 l'enregistrement de la temp\u00e9rature, vous recevez \u00e9galement la preuve que tout est conforme \u00e0 la norme et vous pouvez rassurer vos clients. L'enregistrement de la temp\u00e9rature offre plusieurs avantages, comme la possibilit\u00e9 de r\u00e9agir rapidement et efficacement.<\/p>\n<p><i class=\"fa fa-info-circle\" aria-hidden=\"true\"><\/i> <em><strong>Conseil de lecture:<\/strong> <a href=\"https:\/\/www.traxgo.be\/fr\/surveillance-de-la-temperature-avec-des-capteurs-calibres\/\">surveillance de la temp\u00e9rature<\/a>.<\/em><\/p>\n<p style=\"text-align: center;\"><a class=\"button\" title=\"L'enregistrement de temp\u00e9rature\" href=\"https:\/\/www.traxgo.be\/fr\/online-track-et-trace-et-systemes-de-localisation\/enrgistrement-de-temperature\/\">L'enregistrement de temp\u00e9rature<\/a><\/p>\n<\/div>\n<\/div>\n<\/div>\n<\/div>\n<div class=\"row\">\n<div style=\"text-align: center;\">\n<div class=\"box-responsive\" style=\"text-align: left;\">\n<p><img loading=\"lazy\" decoding=\"async\" class=\"alignleft wp-image-4873\" src=\"https:\/\/www.traxgo.be\/wp-content\/uploads\/2019\/12\/black-car-instrument-cluster-panel-945443-300x300.jpg\" alt=\"Surveillance en ligne de vos v\u00e9hicules utilitaires, pression des pneus et niveau de liquide\" width=\"560\" height=\"560\" srcset=\"https:\/\/www.traxgo.be\/wp-content\/uploads\/2019\/12\/black-car-instrument-cluster-panel-945443-300x300.jpg 300w, https:\/\/www.traxgo.be\/wp-content\/uploads\/2019\/12\/black-car-instrument-cluster-panel-945443-150x150.jpg 150w, https:\/\/www.traxgo.be\/wp-content\/uploads\/2019\/12\/black-car-instrument-cluster-panel-945443-768x768.jpg 768w, https:\/\/www.traxgo.be\/wp-content\/uploads\/2019\/12\/black-car-instrument-cluster-panel-945443-1024x1024.jpg 1024w\" sizes=\"auto, (max-width: 560px) 100vw, 560px\" \/><\/p>\n<div class=\"text-box\"><\/div>\n<h3>Surveillance en ligne de vos v\u00e9hicules utilitaires, pression des pneus et niveau de liquide<\/h3>\n<p>Qu'en est-il de la pression des pneus de vos v\u00e9hicules utilitaires? Le <a href=\"https:\/\/www.traxgo.be\/fr\/online-track-et-trace-et-systemes-de-localisation\/liquid-sensor\/\">niveau de liquide<\/a> de votre v\u00e9hicule est-il ad\u00e9quat? Gr\u00e2ce \u00e0 la surveillance en ligne, vous pouvez facilement v\u00e9rifier la pression des pneus et le niveau de liquide de vos v\u00e9hicules. Notre syst\u00e8me de surveillance de la pression des pneus mesure ces informations et vous obtenez imm\u00e9diatement un aper\u00e7u des chiffres. Cela vous permet d'ajuster facilement si n\u00e9cessaire. Nous proposons diverses solutions qui permettent de surveiller vos v\u00e9hicules utilitaires. La surveillance en ligne des v\u00e9hicules apporte plusieurs avantages tels que moins d'usure, moins de co\u00fbts et moins de temps de travail gr\u00e2ce au contr\u00f4le automatique.<\/p>\n<p style=\"text-align: center;\"><a class=\"button\" title=\"Contr\u00f4lez votre pression des pneus\" href=\"https:\/\/www.traxgo.be\/fr\/online-track-et-trace-et-systemes-de-localisation\/systeme-de-controle-de-pression-des-pneus\/\">Contr\u00f4lez votre pression des pneus<\/a><\/p>\n<\/div>\n<\/div>\n<\/div>\n<div class=\"row\">\n<div style=\"text-align: center;\">\n<div class=\"box-responsive\">\n<p><img loading=\"lazy\" decoding=\"async\" class=\"alignright wp-image-4860\" src=\"https:\/\/www.traxgo.be\/wp-content\/uploads\/2019\/12\/person-hand-on-steering-wheel-97721311-300x300.jpg\" alt=\"Surveillance \u00e0 distance \u00e0 tout moment de la journ\u00e9e\" width=\"642\" height=\"642\" srcset=\"https:\/\/www.traxgo.be\/wp-content\/uploads\/2019\/12\/person-hand-on-steering-wheel-97721311-300x300.jpg 300w, https:\/\/www.traxgo.be\/wp-content\/uploads\/2019\/12\/person-hand-on-steering-wheel-97721311-150x150.jpg 150w, https:\/\/www.traxgo.be\/wp-content\/uploads\/2019\/12\/person-hand-on-steering-wheel-97721311-768x768.jpg 768w, https:\/\/www.traxgo.be\/wp-content\/uploads\/2019\/12\/person-hand-on-steering-wheel-97721311-1024x1024.jpg 1024w\" sizes=\"auto, (max-width: 642px) 100vw, 642px\" \/><\/p>\n<div class=\"text-box\" style=\"text-align: left;\">\n<h3>Surveillance \u00e0 distance \u00e0 tout moment de la journ\u00e9e<\/h3>\n<p>Faites surveiller en permanence vos v\u00e9hicules et vos chauffeurs. Nos syst\u00e8mes mesurent et transmettent en permanence des informations. Gr\u00e2ce \u00e0 notre monitoring, vous pouvez surveiller efficacement vos v\u00e9hicules et vos collaborateurs:<\/p>\n<blockquote>\n<ul>\n<li style=\"text-align: left;\">sachez toujours o\u00f9 se trouvent vos camions;<\/li>\n<li style=\"text-align: left;\">recevez un aper\u00e7u de vos v\u00e9hicules \u00e0 tout moment, n'importe o\u00f9;<\/li>\n<li style=\"text-align: left;\">assurer une meilleure gestion du temps;<\/li>\n<li style=\"text-align: left;\">etc.<\/li>\n<\/ul>\n<\/blockquote>\n<p>Vous souhaitez recevoir plus d'informations sur <strong>nos solutions pour le secteur du transport<\/strong>?<\/p>\n<p style=\"text-align: center;\"><a class=\"button\" title=\"Nos solutions\" href=\"https:\/\/www.traxgo.be\/fr\/online-track-et-trace-et-systemes-de-localisation\/\">Nos solutions<\/a><\/p>\n<\/div>\n<\/div>\n<\/div>\n<\/div>\n","protected":false},"excerpt":{"rendered":"<p>Solutions dans le secteur des transports Le secteur des transports est un secteur qui ne cesse de cro\u00eetre. Partout o\u00f9 vous conduisez, vous rencontrerez un camion ou une camionnette. Nous n'avons donc pas d'autre choix que de continuer \u00e0 grandir. Nous sommes sp\u00e9cialis\u00e9s dans les solutions technologiques pour le secteur du transport. Vous pouvez nous [&hellip;]<\/p>\n","protected":false},"author":1,"featured_media":6626,"parent":0,"menu_order":0,"comment_status":"closed","ping_status":"closed","template":"","meta":{"_acf_changed":false,"footnotes":""},"class_list":["post-12103","page","type-page","status-publish","has-post-thumbnail","hentry"],"acf":[],"_links":{"self":[{"href":"https:\/\/www.traxgo.be\/fr\/wp-json\/wp\/v2\/pages\/12103","targetHints":{"allow":["GET"]}}],"collection":[{"href":"https:\/\/www.traxgo.be\/fr\/wp-json\/wp\/v2\/pages"}],"about":[{"href":"https:\/\/www.traxgo.be\/fr\/wp-json\/wp\/v2\/types\/page"}],"author":[{"embeddable":true,"href":"https:\/\/www.traxgo.be\/fr\/wp-json\/wp\/v2\/users\/1"}],"replies":[{"embeddable":true,"href":"https:\/\/www.traxgo.be\/fr\/wp-json\/wp\/v2\/comments?post=12103"}],"version-history":[{"count":15,"href":"https:\/\/www.traxgo.be\/fr\/wp-json\/wp\/v2\/pages\/12103\/revisions"}],"predecessor-version":[{"id":17319,"href":"https:\/\/www.traxgo.be\/fr\/wp-json\/wp\/v2\/pages\/12103\/revisions\/17319"}],"wp:featuredmedia":[{"embeddable":true,"href":"https:\/\/www.traxgo.be\/fr\/wp-json\/wp\/v2\/media\/6626"}],"wp:attachment":[{"href":"https:\/\/www.traxgo.be\/fr\/wp-json\/wp\/v2\/media?parent=12103"}],"curies":[{"name":"wp","href":"https:\/\/api.w.org\/{rel}","templated":true}]}}