{"id":12124,"date":"2022-06-16T13:09:03","date_gmt":"2022-06-16T13:09:03","guid":{"rendered":"https:\/\/www.traxgo.be\/?page_id=12124"},"modified":"2022-06-16T13:11:59","modified_gmt":"2022-06-16T13:11:59","slug":"enregistrement-du-temps-dans-les-grandes-entreprises","status":"publish","type":"page","link":"https:\/\/www.traxgo.be\/fr\/enregistrement-du-temps-dans-les-grandes-entreprises\/","title":{"rendered":"Enregistrement du temps dans les grandes entreprises"},"content":{"rendered":"<h2>L'importance du suivi du temps dans les grandes entreprises<\/h2>\n<p><img loading=\"lazy\" decoding=\"async\" class=\"alignright wp-image-3763\" src=\"https:\/\/www.traxgo.be\/wp-content\/uploads\/2019\/04\/Tijdklok-2.jpg\" alt=\"Logiciel de gestion du temps et des pr\u00e9sences pour petites et grandes entreprises\" width=\"580\" height=\"387\" srcset=\"https:\/\/www.traxgo.be\/wp-content\/uploads\/2019\/04\/Tijdklok-2.jpg 960w, https:\/\/www.traxgo.be\/wp-content\/uploads\/2019\/04\/Tijdklok-2-300x200.jpg 300w, https:\/\/www.traxgo.be\/wp-content\/uploads\/2019\/04\/Tijdklok-2-768x512.jpg 768w\" sizes=\"auto, (max-width: 580px) 100vw, 580px\" \/>Maintenir une vue d'ensemble de l'entreprise n'est pas toujours facile pour un manager. Se tenir au courant de tout est tr\u00e8s difficile, surtout dans une grande entreprise. Les managers, bien s\u00fbr, veulent toujours savoir combien d'heures les employ\u00e9s ont travaill\u00e9 et, si n\u00e9cessaire, combien de kilom\u00e8tres ils ont parcourus. Ceci est important pour savoir si les employ\u00e9s sont suffisamment performants et bien s\u00fbr pour la gestion des heures de travail. Un syst\u00e8me d'enregistrement du temps offre une solution pour cela, pour les petites, moyennes et grandes entreprises.<\/p>\n<h3>Outil d'enregistrement du temps dans les grandes entreprises<\/h3>\n<p>Le syst\u00e8me d'enregistrement de Traxgo offre une \u00e9norme simplification administrative et <strong>un gain de temps<\/strong>. Les employ\u00e9s n'ont plus \u00e0 d\u00e9clarer leurs heures de travail, \u00e0 analyser les ordres de travail ou \u00e0 calculer des fiches de paie compliqu\u00e9es. Avec le syst\u00e8me d'enregistrement du temps, l'employeur peut toujours \u00eatre s\u00fbr des heures et des kilom\u00e8tres parcourus correctement enregistr\u00e9s. De plus, le syst\u00e8me facilite le calcul des indemnit\u00e9s kilom\u00e9triques et des salaires. Il permet \u00e9galement \u00e0 l'employeur d'avoir une vue d'ensemble des heures travaill\u00e9es et des mouvements de ses salari\u00e9s. En bref, c'est l'outil id\u00e9al pour une facturation ult\u00e9rieure correcte.<\/p>\n<h3>Politique RH forte gr\u00e2ce au syst\u00e8me d'enregistrement du temps<\/h3>\n<p>Les grandes entreprises bien g\u00e9r\u00e9es ne se contentent pas de suivre les heures de travail pour surveiller les employ\u00e9s. Ils contribuent \u00e9galement au fonctionnement de l'entreprise. Par exemple, un syst\u00e8me d'enregistrement du temps peut \u00e9galement indiquer quand les employ\u00e9s estiment que la charge de travail est trop \u00e9lev\u00e9e. L'utilisation d'un syst\u00e8me d'enregistrement du temps pr\u00e9sente donc de <strong>nombreux avantages<\/strong>. C'est un must absolu pour une politique RH bien men\u00e9e.<\/p>\n<p>Un <a href=\"https:\/\/www.traxgo.be\/fr\/online-track-et-trace-et-systemes-de-localisation\/enregistrement-de-temps\/\">syst\u00e8me d'enregistrement du temps<\/a> peut \u00e9galement garantir que les employ\u00e9s peuvent aligner leur travail sur les objectifs strat\u00e9giques de l'organisation. Il arrive trop souvent que les employ\u00e9s pensent qu'ils font les bonnes choses, alors qu'une \u00e9valuation montre que, selon l'employeur, ce n'est pas le cas.<\/p>\n<p>Convaincu des avantages du time tracking dans les grandes entreprises ? Vous souhaitez en savoir plus sur le syst\u00e8me d'enregistrement du temps Traxgo? Contactez-nous aujourd'hui.<\/p>\n<p><a class=\"button cta\" href=\"#contact\">Plus d'information? <strong>Contactez-nous<\/strong><\/a><\/p>\n","protected":false},"excerpt":{"rendered":"<p>L'importance du suivi du temps dans les grandes entreprises Maintenir une vue d'ensemble de l'entreprise n'est pas toujours facile pour un manager. Se tenir au courant de tout est tr\u00e8s difficile, surtout dans une grande entreprise. Les managers, bien s\u00fbr, veulent toujours savoir combien d'heures les employ\u00e9s ont travaill\u00e9 et, si n\u00e9cessaire, combien de kilom\u00e8tres [&hellip;]<\/p>\n","protected":false},"author":1,"featured_media":6364,"parent":0,"menu_order":0,"comment_status":"closed","ping_status":"closed","template":"","meta":{"_acf_changed":false,"footnotes":""},"class_list":["post-12124","page","type-page","status-publish","has-post-thumbnail","hentry"],"acf":[],"_links":{"self":[{"href":"https:\/\/www.traxgo.be\/fr\/wp-json\/wp\/v2\/pages\/12124","targetHints":{"allow":["GET"]}}],"collection":[{"href":"https:\/\/www.traxgo.be\/fr\/wp-json\/wp\/v2\/pages"}],"about":[{"href":"https:\/\/www.traxgo.be\/fr\/wp-json\/wp\/v2\/types\/page"}],"author":[{"embeddable":true,"href":"https:\/\/www.traxgo.be\/fr\/wp-json\/wp\/v2\/users\/1"}],"replies":[{"embeddable":true,"href":"https:\/\/www.traxgo.be\/fr\/wp-json\/wp\/v2\/comments?post=12124"}],"version-history":[{"count":3,"href":"https:\/\/www.traxgo.be\/fr\/wp-json\/wp\/v2\/pages\/12124\/revisions"}],"predecessor-version":[{"id":12127,"href":"https:\/\/www.traxgo.be\/fr\/wp-json\/wp\/v2\/pages\/12124\/revisions\/12127"}],"wp:featuredmedia":[{"embeddable":true,"href":"https:\/\/www.traxgo.be\/fr\/wp-json\/wp\/v2\/media\/6364"}],"wp:attachment":[{"href":"https:\/\/www.traxgo.be\/fr\/wp-json\/wp\/v2\/media?parent=12124"}],"curies":[{"name":"wp","href":"https:\/\/api.w.org\/{rel}","templated":true}]}}