{"id":12138,"date":"2022-06-16T13:44:06","date_gmt":"2022-06-16T13:44:06","guid":{"rendered":"https:\/\/www.traxgo.be\/?page_id=12138"},"modified":"2023-10-04T12:50:02","modified_gmt":"2023-10-04T12:50:02","slug":"systemes-denregistrement","status":"publish","type":"page","link":"https:\/\/www.traxgo.be\/fr\/systemes-denregistrement\/","title":{"rendered":"Syst\u00e8mes d'enregistrement"},"content":{"rendered":"<h2>Enregistrement des donn\u00e9es<\/h2>\n<p><img loading=\"lazy\" decoding=\"async\" class=\"alignright wp-image-9188\" src=\"https:\/\/www.traxgo.be\/wp-content\/uploads\/2021\/12\/mobiele-app-voor-planning-techniekers.jpg\" alt=\"Syst\u00e8mes d'enregistrement\" width=\"580\" height=\"387\" srcset=\"https:\/\/www.traxgo.be\/wp-content\/uploads\/2021\/12\/mobiele-app-voor-planning-techniekers.jpg 1000w, https:\/\/www.traxgo.be\/wp-content\/uploads\/2021\/12\/mobiele-app-voor-planning-techniekers-300x200.jpg 300w, https:\/\/www.traxgo.be\/wp-content\/uploads\/2021\/12\/mobiele-app-voor-planning-techniekers-768x512.jpg 768w\" sizes=\"auto, (max-width: 580px) 100vw, 580px\" \/>Les syst\u00e8mes d'enregistrement conservent les informations dans le but de pouvoir g\u00e9rer les donn\u00e9es de mani\u00e8re centralis\u00e9e, de pouvoir \u00e9changer de mani\u00e8re fluide et d'optimiser les processus. Ils sont donc principalement orient\u00e9s donn\u00e9es, leur fonction premi\u00e8re est de capturer et de g\u00e9rer les donn\u00e9es importantes. Un exemple de syst\u00e8me d'enregistrement est une base de donn\u00e9es clients ou un syst\u00e8me CMS en soi, sans le flux de travail derri\u00e8re. C'est pr\u00e9cis\u00e9ment parce qu'ils contiennent des informations importantes qu'ils constituent la base. Apr\u00e8s tout, aucune automatisation ne peut avoir lieu sans connaissance de ces donn\u00e9es.<\/p>\n<p>Les syst\u00e8mes d'enregistrement \u00e9lectronique consistent chacun en une application Web dans laquelle diverses fonctionnalit\u00e9s sont incluses. Ils fournissent une vue d\u00e9taill\u00e9e des donn\u00e9es, vous permettant d'aborder et d'affiner les processus m\u00e9tier.<\/p>\n<h3>Quels sont les avantages?<\/h3>\n<ul class=\"advantages\">\n<li>Mise en \u0153uvre fluide<\/li>\n<li>Connecte diff\u00e9rents d\u00e9partements<\/li>\n<li>Centralise la gestion<\/li>\n<\/ul>\n<p>Traxgo d\u00e9veloppe des syst\u00e8mes d'enregistrement adapt\u00e9s \u00e0 votre entreprise. Voulez-vous plus d'informations? Alors contactez-nous!<\/p>\n<p><a class=\"button cta\" href=\"#contact\">Plus d'information? <strong>Contactez-nous<\/strong><\/a><\/p>\n<p>&nbsp;<\/p>\n<h4>Consultez des informations d\u00e9taill\u00e9es sur:<\/h4>\n<ul>\n<li><a href=\"https:\/\/www.traxgo.be\/fr\/augmentez-votre-rendement-avec-nos-systemes-denregistrement\/\">Augmentez votre rendement avec nos syst\u00e8mes d\u2019enregistrement<\/a><\/li>\n<li><a href=\"https:\/\/www.traxgo.be\/fr\/online-track-et-trace-et-systemes-de-localisation\/enregistrement-des-presences-checkinatwork\/\">Checkinatwork &amp; enregistrement de pr\u00e9sence<\/a><\/li>\n<li><a href=\"https:\/\/www.traxgo.be\/fr\/online-track-et-trace-et-systemes-de-localisation\/enregistrement-des-heures-de-services\/\">Contr\u00f4le des heures de services<\/a><\/li>\n<li><a href=\"https:\/\/www.traxgo.be\/fr\/online-track-et-trace-et-systemes-de-localisation\/enrgistrement-de-temperature\/\">Contr\u00f4lez votre temp\u00e9rature \u00e0 distance<\/a><\/li>\n<li><a href=\"https:\/\/www.traxgo.be\/fr\/online-track-et-trace-et-systemes-de-localisation\/enregistrement-du-kilometrage\/\">Kilom\u00e9trage<\/a><\/li>\n<li><a href=\"https:\/\/www.traxgo.be\/fr\/online-track-et-trace-et-systemes-de-localisation\/\">Autres solutions<\/a><\/li>\n<\/ul>\n","protected":false},"excerpt":{"rendered":"<p>Enregistrement des donn\u00e9es Les syst\u00e8mes d'enregistrement conservent les informations dans le but de pouvoir g\u00e9rer les donn\u00e9es de mani\u00e8re centralis\u00e9e, de pouvoir \u00e9changer de mani\u00e8re fluide et d'optimiser les processus. Ils sont donc principalement orient\u00e9s donn\u00e9es, leur fonction premi\u00e8re est de capturer et de g\u00e9rer les donn\u00e9es importantes. Un exemple de syst\u00e8me d'enregistrement est une [&hellip;]<\/p>\n","protected":false},"author":1,"featured_media":6386,"parent":0,"menu_order":0,"comment_status":"closed","ping_status":"closed","template":"","meta":{"_acf_changed":false,"footnotes":""},"class_list":["post-12138","page","type-page","status-publish","has-post-thumbnail","hentry"],"acf":[],"_links":{"self":[{"href":"https:\/\/www.traxgo.be\/fr\/wp-json\/wp\/v2\/pages\/12138","targetHints":{"allow":["GET"]}}],"collection":[{"href":"https:\/\/www.traxgo.be\/fr\/wp-json\/wp\/v2\/pages"}],"about":[{"href":"https:\/\/www.traxgo.be\/fr\/wp-json\/wp\/v2\/types\/page"}],"author":[{"embeddable":true,"href":"https:\/\/www.traxgo.be\/fr\/wp-json\/wp\/v2\/users\/1"}],"replies":[{"embeddable":true,"href":"https:\/\/www.traxgo.be\/fr\/wp-json\/wp\/v2\/comments?post=12138"}],"version-history":[{"count":5,"href":"https:\/\/www.traxgo.be\/fr\/wp-json\/wp\/v2\/pages\/12138\/revisions"}],"predecessor-version":[{"id":14903,"href":"https:\/\/www.traxgo.be\/fr\/wp-json\/wp\/v2\/pages\/12138\/revisions\/14903"}],"wp:featuredmedia":[{"embeddable":true,"href":"https:\/\/www.traxgo.be\/fr\/wp-json\/wp\/v2\/media\/6386"}],"wp:attachment":[{"href":"https:\/\/www.traxgo.be\/fr\/wp-json\/wp\/v2\/media?parent=12138"}],"curies":[{"name":"wp","href":"https:\/\/api.w.org\/{rel}","templated":true}]}}