{"id":12222,"date":"2022-06-20T08:22:52","date_gmt":"2022-06-20T08:22:52","guid":{"rendered":"https:\/\/www.traxgo.be\/?page_id=12222"},"modified":"2024-02-02T10:29:43","modified_gmt":"2024-02-02T10:29:43","slug":"enregistrement-des-kilometres-ou-des-trajets","status":"publish","type":"page","link":"https:\/\/www.traxgo.be\/fr\/enregistrement-des-kilometres-ou-des-trajets\/","title":{"rendered":"Enregistrement des kilom\u00e8tres ou des trajets"},"content":{"rendered":"<h1>Enregistrement des kilom\u00e8tres ou enregistrement des trajets<\/h1>\n<p><img loading=\"lazy\" decoding=\"async\" class=\"alignright wp-image-7868\" src=\"https:\/\/www.traxgo.be\/wp-content\/uploads\/2021\/02\/kilometerregistratie.jpg\" alt=\"Enregistrement du kilom\u00e9trage pour le suivi du kilom\u00e9trage\" width=\"400\" height=\"267\" srcset=\"https:\/\/www.traxgo.be\/wp-content\/uploads\/2021\/02\/kilometerregistratie.jpg 848w, https:\/\/www.traxgo.be\/wp-content\/uploads\/2021\/02\/kilometerregistratie-300x200.jpg 300w, https:\/\/www.traxgo.be\/wp-content\/uploads\/2021\/02\/kilometerregistratie-768x512.jpg 768w\" sizes=\"auto, (max-width: 400px) 100vw, 400px\" \/>L'enregistrement des kilom\u00e8tres ou l'enregistrement des trajets est un moyen tr\u00e8s pratique de suivre facilement tous les kilom\u00e8tres parcourus par votre personnel. Travaillez-vous dans un secteur o\u00f9, par exemple, votre personnel effectue de nombreux d\u00e9placements ou doit beaucoup voyager pour une autre raison? Ensuite, il est important de garder une trace des <strong>kilom\u00e8tres parcourus<\/strong> pour une indemnit\u00e9 kilom\u00e9trique.<\/p>\n<p>Chez Traxgo, nous avons d\u00e9velopp\u00e9 le bon logiciel pour l'enregistrer facilement. Gr\u00e2ce \u00e0 <a href=\"https:\/\/www.traxgo.be\/fr\/online-track-et-trace-et-systemes-de-localisation\/enregistrement-du-kilometrage\/\">l'enregistrement des kilom\u00e8tres<\/a>, le nombre de kilom\u00e8tres parcourus par votre personnel est enregistr\u00e9 avec pr\u00e9cision. Avec ritregistratie, il est m\u00eame possible de traiter ces donn\u00e9es <strong>automatiquement<\/strong>. Id\u00e9al pour ne pas avoir \u00e0 garder une trace de tout soi-m\u00eame, mais pour avoir le bon logiciel pour cela. L'utilisation de l'enregistrement kilom\u00e9trique ou des trajets pr\u00e9sente les avantages suivants:<\/p>\n<ul class=\"advantages\">\n<li><strong>Moins d'administration<\/strong>: Le suivi des kilom\u00e8tres parcourus par votre personnel est un travail \u00e0 forte intensit\u00e9 de main-d'\u0153uvre. Avec l'enregistrement du kilom\u00e9trage de Traxgo, cela appartient d\u00e9sormais au pass\u00e9. Vous n'avez pas \u00e0 remplir toutes sortes de formulaires pour avoir un aper\u00e7u des kilom\u00e8tres parcourus. L'enregistrement kilom\u00e9trique peut \u00eatre demand\u00e9 \u00e0 tout moment de la journ\u00e9e. Une alternative simple et rapide \u00e0 la m\u00e9thode traditionnelle.<\/li>\n<li><strong>Aper\u00e7u visuel<\/strong>: C'est \u00e9galement un grand avantage que vous puissiez demander un aper\u00e7u visuel. Vous avez un aper\u00e7u des itin\u00e9raires de vos v\u00e9hicules et vous pouvez voir exactement o\u00f9 ils se trouvent ou quel itin\u00e9raire ils ont choisi. De plus, vous pouvez afficher toutes les donn\u00e9es kilom\u00e9triques dans un aper\u00e7u clair pour vous dans un tableau. L'enregistrement de voyage fournit un aper\u00e7u facile de tous les \u00e9v\u00e9nements.<\/li>\n<li><strong>Gestion de vos v\u00e9hicules<\/strong>: Gr\u00e2ce \u00e0 l'enregistrement kilom\u00e9trique ou \u00e0 l'enregistrement des trajets, Traxgo facilite \u00e9galement la gestion de vos v\u00e9hicules. Gr\u00e2ce au logiciel, tous les moments de maintenance, d'inspection et d'assurance sont mis \u00e0 jour en temps r\u00e9el.<\/li>\n<li><strong>Disponibilit\u00e9 des donn\u00e9es 24 heures sur 24<\/strong>: L'un des principaux avantages du syst\u00e8me logiciel Traxgo est l'acc\u00e8s 24 heures sur 24 \u00e0 toutes les donn\u00e9es. Vous avez un aper\u00e7u de l'enregistrement du voyage et de l'enregistrement des kilom\u00e8tres \u00e0 tout moment de la journ\u00e9e.<\/li>\n<li><strong>Acc\u00e8s rapide aux frais de transport<\/strong>: Enfin, la r\u00e9percussion des frais de transport est beaucoup plus rapide lorsque tous les kilom\u00e8tres parcourus sont directement dans le syst\u00e8me. Aussi sur ce point vous vous faites gagner beaucoup de temps en tant qu'entreprise. Gr\u00e2ce au logiciel de Traxgo, un aper\u00e7u total des co\u00fbts de transport est \u00e0 port\u00e9e de main.<\/li>\n<\/ul>\n<p><a class=\"button cta\" href=\"#contact\">Plus d'information? <strong>Contactez-nous<\/strong><\/a><\/p>\n<p><img loading=\"lazy\" decoding=\"async\" class=\"alignright size-full wp-image-5254\" src=\"https:\/\/www.traxgo.be\/wp-content\/uploads\/2020\/03\/infotarget.jpg\" alt=\"Un syst\u00e8me pour votre relev\u00e9 kilom\u00e9trique et l'enregistrement de vos trajets\" width=\"300\" height=\"300\" srcset=\"https:\/\/www.traxgo.be\/wp-content\/uploads\/2020\/03\/infotarget.jpg 300w, https:\/\/www.traxgo.be\/wp-content\/uploads\/2020\/03\/infotarget-150x150.jpg 150w\" sizes=\"auto, (max-width: 300px) 100vw, 300px\" \/><\/p>\n<p>Vous cherchez un moyen de faciliter l'enregistrement kilom\u00e9trique ou l'enregistrement des trajets de vos v\u00e9hicules de soci\u00e9t\u00e9 ? Dans ce cas, il vaut la peine d'utiliser le logiciel Traxgo.<\/p>\n<p>Avec ce logiciel, suivre les kilom\u00e8tres parcourus est tout simplement plus facile et plus rapide. Vous gagnerez du temps et donc des co\u00fbts sur le long terme.<\/p>\n<p>Pour plus d'informations sur le logiciel Traxgo et nos solutions de <a href=\"https:\/\/www.traxgo.be\/fr\/suivi-de-flotte-un-systeme-de-suivi-pour-votre-flotte\/\">suivi de votre flotte<\/a>, vous pouvez bien s\u00fbr toujours <a href=\"#contact\">nous contacter<\/a>. Nous sommes heureux de vous aider.<\/p>\n<p>&nbsp;<\/p>\n<h4><strong>Consultez des informations d\u00e9taill\u00e9es sur:<\/strong><\/h4>\n<ul>\n<li><a href=\"https:\/\/www.traxgo.be\/fr\/systeme-de-geolocalisation\/\">Syst\u00e8me de g\u00e9olocalisation pour un suivi pr\u00e9cis<\/a><\/li>\n<li><a href=\"https:\/\/www.traxgo.be\/fr\/online-track-et-trace-et-systemes-de-localisation\/localisation-vehicules\/\">G\u00e9olocalisation de v\u00e9hicule<\/a><\/li>\n<li><a href=\"https:\/\/www.traxgo.be\/fr\/suivi-de-flotte-un-systeme-de-suivi-pour-votre-flotte\/\">Suivi de votre flotte<\/a><\/li>\n<li><a href=\"https:\/\/www.traxgo.be\/fr\/localisation-de-conteneurs\/\">Suivi des conteneurs<\/a><\/li>\n<li><a href=\"https:\/\/www.traxgo.be\/fr\/suivi-de-voiture\/\">Suivi des voitures de soci\u00e9t\u00e9<\/a><\/li>\n<\/ul>\n","protected":false},"excerpt":{"rendered":"<p>Enregistrement des kilom\u00e8tres ou enregistrement des trajets L'enregistrement des kilom\u00e8tres ou l'enregistrement des trajets est un moyen tr\u00e8s pratique de suivre facilement tous les kilom\u00e8tres parcourus par votre personnel. Travaillez-vous dans un secteur o\u00f9, par exemple, votre personnel effectue de nombreux d\u00e9placements ou doit beaucoup voyager pour une autre raison? Ensuite, il est important de [&hellip;]<\/p>\n","protected":false},"author":1,"featured_media":6720,"parent":0,"menu_order":0,"comment_status":"closed","ping_status":"closed","template":"","meta":{"_acf_changed":false,"footnotes":""},"class_list":["post-12222","page","type-page","status-publish","has-post-thumbnail","hentry"],"acf":[],"_links":{"self":[{"href":"https:\/\/www.traxgo.be\/fr\/wp-json\/wp\/v2\/pages\/12222","targetHints":{"allow":["GET"]}}],"collection":[{"href":"https:\/\/www.traxgo.be\/fr\/wp-json\/wp\/v2\/pages"}],"about":[{"href":"https:\/\/www.traxgo.be\/fr\/wp-json\/wp\/v2\/types\/page"}],"author":[{"embeddable":true,"href":"https:\/\/www.traxgo.be\/fr\/wp-json\/wp\/v2\/users\/1"}],"replies":[{"embeddable":true,"href":"https:\/\/www.traxgo.be\/fr\/wp-json\/wp\/v2\/comments?post=12222"}],"version-history":[{"count":6,"href":"https:\/\/www.traxgo.be\/fr\/wp-json\/wp\/v2\/pages\/12222\/revisions"}],"predecessor-version":[{"id":15413,"href":"https:\/\/www.traxgo.be\/fr\/wp-json\/wp\/v2\/pages\/12222\/revisions\/15413"}],"wp:featuredmedia":[{"embeddable":true,"href":"https:\/\/www.traxgo.be\/fr\/wp-json\/wp\/v2\/media\/6720"}],"wp:attachment":[{"href":"https:\/\/www.traxgo.be\/fr\/wp-json\/wp\/v2\/media?parent=12222"}],"curies":[{"name":"wp","href":"https:\/\/api.w.org\/{rel}","templated":true}]}}