{"id":12239,"date":"2022-06-20T09:14:06","date_gmt":"2022-06-20T09:14:06","guid":{"rendered":"https:\/\/www.traxgo.be\/?page_id=12239"},"modified":"2024-02-19T13:50:39","modified_gmt":"2024-02-19T13:50:39","slug":"surveiller-les-vehicules-avec-tracking-and-tracing","status":"publish","type":"page","link":"https:\/\/www.traxgo.be\/fr\/surveiller-les-vehicules-avec-tracking-and-tracing\/","title":{"rendered":"Surveiller les v\u00e9hicules avec Tracking and Tracing"},"content":{"rendered":"<h1><strong>Surveiller les v\u00e9hicules avec Tracking and Tracing \u00a0 \u00a0 \u00a0 \u00a0 \u00a0 \u00a0 \u00a0 \u00a0 \u00a0 \u00a0 \u00a0 \u00a0 \u00a0 \u00a0 \u00a0 \u00a0 \u00a0 \u00a0<\/strong><\/h1>\n<p><img loading=\"lazy\" decoding=\"async\" class=\"alignright wp-image-5628 size-large\" src=\"https:\/\/www.traxgo.be\/wp-content\/uploads\/2020\/07\/aerial-photo-of-asphalt-road-1046227-1024x683.jpg\" alt=\"Tracking and Tracing | Track and trace | Tracker voiture |Tracer voiture | Traxgo\" width=\"640\" height=\"427\" srcset=\"https:\/\/www.traxgo.be\/wp-content\/uploads\/2020\/07\/aerial-photo-of-asphalt-road-1046227-1024x683.jpg 1024w, https:\/\/www.traxgo.be\/wp-content\/uploads\/2020\/07\/aerial-photo-of-asphalt-road-1046227-300x200.jpg 300w, https:\/\/www.traxgo.be\/wp-content\/uploads\/2020\/07\/aerial-photo-of-asphalt-road-1046227-768x512.jpg 768w, https:\/\/www.traxgo.be\/wp-content\/uploads\/2020\/07\/aerial-photo-of-asphalt-road-1046227.jpg 1200w\" sizes=\"auto, (max-width: 640px) 100vw, 640px\" \/><\/p>\n<p>Nous vivons actuellement dans un monde de plus en plus num\u00e9ris\u00e9. Et cette num\u00e9risation cr\u00e9e de nombreuses opportunit\u00e9s suppl\u00e9mentaires. Apr\u00e8s tout, des donn\u00e9es d\u00e9taill\u00e9es ont une valeur \u00e9norme. Plus vous apprenez d'informations sur certaines choses, plus vous pouvez les faire fonctionner \u00e0 votre avantage. Il en va de m\u00eame pour les v\u00e9hicules utilitaires.<\/p>\n<p>Il s'agit souvent encore de d\u00e9terminer ensuite quel itin\u00e9raire vos v\u00e9hicules ont parcouru, quelle vitesse a \u00e9t\u00e9 utilis\u00e9e et quelles ont \u00e9t\u00e9, par exemple, les heures de d\u00e9part et d'arriv\u00e9e. Le suivi et le suivi de Traxgo mettent fin \u00e0 cela pour de bon.<\/p>\n<p>Gr\u00e2ce au suivi et \u00e0 la tra\u00e7abilit\u00e9, vous avez d\u00e9sormais un aper\u00e7u des donn\u00e9es en temps r\u00e9el concernant les donn\u00e9es de vos v\u00e9hicules. Par exemple, \u00e0 tout moment de la journ\u00e9e, vous avez la possibilit\u00e9 de voir ce que:<\/p>\n<ul>\n<li>Les emplacements en direct de vos v\u00e9hicules sont<\/li>\n<li>Quels itin\u00e9raires ont-ils emprunt\u00e9s lors d'un trajet?<\/li>\n<li>\u00c0 quelles vitesses ont \u00e9t\u00e9 conduites pendant le trajet?<\/li>\n<\/ul>\n<p>De cette fa\u00e7on, vous pouvez v\u00e9rifier aupr\u00e8s de votre personnel les diff\u00e9rentes donn\u00e9es pendant et apr\u00e8s un trajet. Par exemple, l'itin\u00e9raire le plus rapide a-t-il \u00e9t\u00e9 choisi? Et vos employ\u00e9s ont-ils respect\u00e9 les limitations de vitesse?<\/p>\n<p>Sur la base d'informations aussi d\u00e9taill\u00e9es, vous pouvez optimiser ce type de questions. La perspicacit\u00e9 offre une opportunit\u00e9 d'am\u00e9liorer certains processus \u00e0 l'avenir.<\/p>\n<h3>Pourquoi utiliser le suivi et la tra\u00e7abilit\u00e9 Traxgo?<\/h3>\n<p>Il existe un certain nombre de raisons pour lesquelles le suivi et la tra\u00e7abilit\u00e9 Traxgo fournissent un service unique:<\/p>\n<ul class=\"advantages\">\n<li><strong>Extr\u00eamement clair<\/strong>: vous pouvez facilement vous connecter via la plateforme Traxgo. Sur la base de vos informations de connexion personnelles, vous recevrez imm\u00e9diatement des informations d\u00e9taill\u00e9es sur tout ce qui se passe en termes de v\u00e9hicules au sein de votre entreprise. Au moyen d'une carte d\u00e9taill\u00e9e, vous pouvez clairement voir quels itin\u00e9raires ont \u00e9t\u00e9 parcourus. Et sous forme de tableau, il y a aussi un aper\u00e7u d'informations plus d\u00e9taill\u00e9es.<\/li>\n<li><strong>\u00c9conomiser de l'argent<\/strong>: En fin de compte, les informations disponibles vous permettront d'optimiser certains processus au sein de l'entreprise. Par exemple, les itin\u00e9raires peuvent-ils \u00eatre parcourus plus rapidement ? Il en va de m\u00eame pour l'administration du personnel. C'est maintenant presque automatique. Il n'est plus n\u00e9cessaire de saisir et d'analyser vous-m\u00eame toutes les donn\u00e9es. La plateforme Traxgo le fait pour vous.<\/li>\n<li><strong>S\u00e9curit\u00e9 am\u00e9lior\u00e9e<\/strong>: De plus, l'am\u00e9lioration de la s\u00e9curit\u00e9 lors de l'utilisation de Traxgo est essentielle. Par exemple, en cas de mouvement ind\u00e9sirable d'un v\u00e9hicule, celui-ci peut \u00eatre interrompu depuis la plateforme Traxgo. Gr\u00e2ce \u00e0 la <a href=\"https:\/\/www.traxgo.be\/monitoring-met-tracking-and-tracing\/\">fonction antid\u00e9marrage int\u00e9gr\u00e9e<\/a>, un v\u00e9hicule s'arr\u00eate alors. Ainsi, les diff\u00e9rents v\u00e9hicules de votre entreprise sont encore mieux prot\u00e9g\u00e9s.<\/li>\n<\/ul>\n<p><a class=\"button cta\" href=\"#contact\">Plus d'information? <strong>Contactez-nous<\/strong><\/a><\/p>\n<p>Alors est-il grand temps pour votre entreprise de faire un pas dans la bonne direction? Veuillez <a href=\"#contact\">nous contacter<\/a> directement pour recevoir plus d'informations.<\/p>\n<p>Notre syst\u00e8me de suivi et de tra\u00e7abilit\u00e9 offre de nombreuses possibilit\u00e9s. Nous comprenons donc parfaitement si vous avez d'autres questions sur son application. Nous sommes heureux de vous aider \u00e0 am\u00e9liorer et \u00e0 clarifier vos processus commerciaux.<\/p>\n<p>&nbsp;<\/p>\n<h4><strong>Consultez des informations d\u00e9taill\u00e9es sur:<\/strong><\/h4>\n<ul>\n<li><a href=\"https:\/\/www.traxgo.be\/fr\/suivi-de-flotte-un-systeme-de-suivi-pour-votre-flotte\/\">Suivi de flotte<\/a><\/li>\n<li><a href=\"https:\/\/www.traxgo.be\/fr\/localisation-de-conteneurs\/\">Suivi et tra\u00e7abilit\u00e9 des conteneurs<\/a><\/li>\n<li><a href=\"https:\/\/www.traxgo.be\/fr\/systeme-de-geolocalisation\/\">Suivi pr\u00e9cis avec syst\u00e8me de g\u00e9olocalisation<\/a><\/li>\n<li><a href=\"https:\/\/www.traxgo.be\/fr\/suivi-de-voiture\/\">V\u00e9hicules utilitaires \u00e0 suivi automatique<\/a><\/li>\n<li><a href=\"https:\/\/www.traxgo.be\/fr\/lire-les-donnees-du-camion-de-linterface-fms\/\">Lire les donn\u00e9es du camion de l'interface FMS<\/a><\/li>\n<li><a href=\"https:\/\/www.traxgo.be\/fr\/online-track-et-trace-et-systemes-de-localisation\/localisation-vehicules\/\">G\u00e9olocalisation de v\u00e9hicule<\/a><\/li>\n<\/ul>\n","protected":false},"excerpt":{"rendered":"<p>Surveiller les v\u00e9hicules avec Tracking and Tracing \u00a0 \u00a0 \u00a0 \u00a0 \u00a0 \u00a0 \u00a0 \u00a0 \u00a0 \u00a0 \u00a0 \u00a0 \u00a0 \u00a0 \u00a0 \u00a0 \u00a0 \u00a0 Nous vivons actuellement dans un monde de plus en plus num\u00e9ris\u00e9. Et cette num\u00e9risation cr\u00e9e de nombreuses opportunit\u00e9s suppl\u00e9mentaires. Apr\u00e8s tout, des donn\u00e9es d\u00e9taill\u00e9es ont une valeur \u00e9norme. Plus vous [&hellip;]<\/p>\n","protected":false},"author":1,"featured_media":6766,"parent":0,"menu_order":0,"comment_status":"closed","ping_status":"closed","template":"","meta":{"_acf_changed":false,"footnotes":""},"class_list":["post-12239","page","type-page","status-publish","has-post-thumbnail","hentry"],"acf":[],"_links":{"self":[{"href":"https:\/\/www.traxgo.be\/fr\/wp-json\/wp\/v2\/pages\/12239","targetHints":{"allow":["GET"]}}],"collection":[{"href":"https:\/\/www.traxgo.be\/fr\/wp-json\/wp\/v2\/pages"}],"about":[{"href":"https:\/\/www.traxgo.be\/fr\/wp-json\/wp\/v2\/types\/page"}],"author":[{"embeddable":true,"href":"https:\/\/www.traxgo.be\/fr\/wp-json\/wp\/v2\/users\/1"}],"replies":[{"embeddable":true,"href":"https:\/\/www.traxgo.be\/fr\/wp-json\/wp\/v2\/comments?post=12239"}],"version-history":[{"count":11,"href":"https:\/\/www.traxgo.be\/fr\/wp-json\/wp\/v2\/pages\/12239\/revisions"}],"predecessor-version":[{"id":15668,"href":"https:\/\/www.traxgo.be\/fr\/wp-json\/wp\/v2\/pages\/12239\/revisions\/15668"}],"wp:featuredmedia":[{"embeddable":true,"href":"https:\/\/www.traxgo.be\/fr\/wp-json\/wp\/v2\/media\/6766"}],"wp:attachment":[{"href":"https:\/\/www.traxgo.be\/fr\/wp-json\/wp\/v2\/media?parent=12239"}],"curies":[{"name":"wp","href":"https:\/\/api.w.org\/{rel}","templated":true}]}}