{"id":12256,"date":"2022-06-20T11:33:20","date_gmt":"2022-06-20T11:33:20","guid":{"rendered":"https:\/\/www.traxgo.be\/?page_id=12256"},"modified":"2022-06-20T11:52:12","modified_gmt":"2022-06-20T11:52:12","slug":"enregistrement-de-trajet-clair","status":"publish","type":"page","link":"https:\/\/www.traxgo.be\/fr\/enregistrement-de-trajet-clair\/","title":{"rendered":"Enregistrement de trajet clair"},"content":{"rendered":"<h1>Enregistrement de trajet clair<\/h1>\n<p><img loading=\"lazy\" decoding=\"async\" class=\"alignright wp-image-8053\" src=\"https:\/\/www.traxgo.be\/wp-content\/uploads\/2021\/03\/overzichtelijke-ritregistratie.jpg\" alt=\"Enregistrement de trajet clair: automatique et d\u00e9taill\u00e9\" width=\"581\" height=\"387\" srcset=\"https:\/\/www.traxgo.be\/wp-content\/uploads\/2021\/03\/overzichtelijke-ritregistratie.jpg 768w, https:\/\/www.traxgo.be\/wp-content\/uploads\/2021\/03\/overzichtelijke-ritregistratie-300x200.jpg 300w\" sizes=\"auto, (max-width: 581px) 100vw, 581px\" \/><\/p>\n<p>Votre entreprise op\u00e8re-t-elle dans un secteur qui implique beaucoup de kilom\u00e8tres parcourus? Et est-ce qu'une grande partie de l'administration est conserv\u00e9e pour cette raison sp\u00e9cifique? Ensuite, le logiciel Traxgo pourrait rendre cela beaucoup plus facile.<\/p>\n<p>Gr\u00e2ce \u00e0 <strong>l'enregistrement automatique et bien organis\u00e9<\/strong> des trajets de Traxgo, vous avez d\u00e9sormais acc\u00e8s \u00e0 des <strong>informations d\u00e9taill\u00e9es<\/strong> sur tous les trajets effectu\u00e9s par vos voitures de soci\u00e9t\u00e9. Des informations explicites sont alors disponibles sur :<\/p>\n<ul>\n<li><strong>L'emplacement des voitures<\/strong>: o\u00f9 se trouvent vos voitures \u00e0 un moment donn\u00e9? A partir de maintenant, vous recevrez toujours une r\u00e9ponse \u00e0 cette question. Vous savez exactement o\u00f9 sont toutes les voitures.<\/li>\n<li><strong>Les kilom\u00e8tres d\u00e9j\u00e0 parcourus<\/strong>: Combien de kilom\u00e8tres vos voitures ont-elles parcourues? Ici aussi, vous pouvez facilement le d\u00e9couvrir avec le logiciel Traxgo. Vous obtenez automatiquement le nombre de kilom\u00e8tres que quelqu'un a d\u00e9j\u00e0 parcouru.<\/li>\n<li><strong>La dur\u00e9e du trajet<\/strong>: Enfin, la dur\u00e9e du trajet est \u00e9galement suivie.<\/li>\n<\/ul>\n<p>L'enregistrement des voyages est donc quelque chose d'utile pour de nombreuses entreprises. Il y a souvent beaucoup de tracas administratifs associ\u00e9s au suivi des trajets. Vous devez remplir toutes sortes de formulaires tout le temps. C'est quelque chose qui peut \u00eatre fait beaucoup plus efficacement. Le suivi pr\u00e9cis du kilom\u00e9trage et des temps de trajet en temps r\u00e9el pr\u00e9sente de nombreux avantages:<\/p>\n<ul class=\"advantages\">\n<li><a href=\"https:\/\/www.traxgo.be\/fr\/online-track-et-trace-et-systemes-de-localisation\/traxone\/traxone-logiciel-pour-la-gestion-de-flotte-automobile\/\">Gestion de flotte<\/a>: Tous les v\u00e9hicules de votre entreprise sont utilis\u00e9s de diff\u00e9rentes mani\u00e8res. Par exemple, l'un est beaucoup plus utilis\u00e9 que l'autre. Ainsi, toutes les donn\u00e9es doivent \u00eatre conserv\u00e9es individuellement. Ceci est particuli\u00e8rement important en ce qui concerne l'entretien, les inspections et les assurances. Avec le logiciel de Traxgo, tout cela est automatiquement suivi.<\/li>\n<li><strong>Informations d\u00e9taill\u00e9es sur le comportement de conduite<\/strong>: Gr\u00e2ce \u00e0 Traxgo, le comportement de conduite est suivi pendant les trajets. Par exemple, la fr\u00e9quence et la mani\u00e8re de freiner ou les vitesses parcourues. De cette fa\u00e7on, il y a de la place pour optimiser le comportement de conduite. Cela pr\u00e9sente de nombreux avantages en termes de consommation et d'usure. De plus, il y a aussi un b\u00e9n\u00e9fice \u00e0 r\u00e9aliser d'un point de vue fiscal, car le travail et la vie priv\u00e9e sont s\u00e9par\u00e9s lors de l'enregistrement du voyage.<\/li>\n<li><strong>Moins de temps perdu<\/strong>: Le troisi\u00e8me avantage, et peut-\u00eatre le plus important, est le gain de temps li\u00e9 \u00e0 l'utilisation de ce syst\u00e8me. Toute l'administration se fait automatiquement. Cela signifie que beaucoup de temps est lib\u00e9r\u00e9 pour traiter d'autres questions plus importantes. Toutes les informations sur l'administration sont tr\u00e8s accessibles dans le logiciel. En quelques clics sur le bouton, vous pouvez tout voir dans un seul aper\u00e7u.<\/li>\n<\/ul>\n<p><a class=\"button cta\" href=\"#contact\">Plus d'information? <strong>Contactez-nous<\/strong><\/a><\/p>\n<p>Travaillez-vous pour une entreprise o\u00f9 <a href=\"https:\/\/www.traxgo.be\/fr\/ritregistratie\/\">l'enregistrement automatique<\/a> serait utile? Et qui plus est, y a-t-il un besoin de moyens pour gagner du temps et de l'argent ? Alors contactez-nous.<\/p>\n","protected":false},"excerpt":{"rendered":"<p>Enregistrement de trajet clair Votre entreprise op\u00e8re-t-elle dans un secteur qui implique beaucoup de kilom\u00e8tres parcourus? Et est-ce qu'une grande partie de l'administration est conserv\u00e9e pour cette raison sp\u00e9cifique? Ensuite, le logiciel Traxgo pourrait rendre cela beaucoup plus facile. Gr\u00e2ce \u00e0 l'enregistrement automatique et bien organis\u00e9 des trajets de Traxgo, vous avez d\u00e9sormais acc\u00e8s \u00e0 [&hellip;]<\/p>\n","protected":false},"author":1,"featured_media":6758,"parent":0,"menu_order":0,"comment_status":"closed","ping_status":"closed","template":"","meta":{"_acf_changed":false,"footnotes":""},"class_list":["post-12256","page","type-page","status-publish","has-post-thumbnail","hentry"],"acf":[],"_links":{"self":[{"href":"https:\/\/www.traxgo.be\/fr\/wp-json\/wp\/v2\/pages\/12256","targetHints":{"allow":["GET"]}}],"collection":[{"href":"https:\/\/www.traxgo.be\/fr\/wp-json\/wp\/v2\/pages"}],"about":[{"href":"https:\/\/www.traxgo.be\/fr\/wp-json\/wp\/v2\/types\/page"}],"author":[{"embeddable":true,"href":"https:\/\/www.traxgo.be\/fr\/wp-json\/wp\/v2\/users\/1"}],"replies":[{"embeddable":true,"href":"https:\/\/www.traxgo.be\/fr\/wp-json\/wp\/v2\/comments?post=12256"}],"version-history":[{"count":8,"href":"https:\/\/www.traxgo.be\/fr\/wp-json\/wp\/v2\/pages\/12256\/revisions"}],"predecessor-version":[{"id":12266,"href":"https:\/\/www.traxgo.be\/fr\/wp-json\/wp\/v2\/pages\/12256\/revisions\/12266"}],"wp:featuredmedia":[{"embeddable":true,"href":"https:\/\/www.traxgo.be\/fr\/wp-json\/wp\/v2\/media\/6758"}],"wp:attachment":[{"href":"https:\/\/www.traxgo.be\/fr\/wp-json\/wp\/v2\/media?parent=12256"}],"curies":[{"name":"wp","href":"https:\/\/api.w.org\/{rel}","templated":true}]}}