{"id":12314,"date":"2022-06-23T07:46:44","date_gmt":"2022-06-23T07:46:44","guid":{"rendered":"https:\/\/www.traxgo.be\/?page_id=12314"},"modified":"2022-08-25T11:36:00","modified_gmt":"2022-08-25T11:36:00","slug":"suivi-de-votre-conteneur","status":"publish","type":"page","link":"https:\/\/www.traxgo.be\/fr\/suivi-de-votre-conteneur\/","title":{"rendered":"Suivi de votre conteneur"},"content":{"rendered":"<h1>Suivi de votre conteneur<\/h1>\n<p>Suivez et tracez votre conteneur 24 heures sur 24 et 7 jours sur 7 avec le bon logiciel Traxgo. Vous pouvez toujours suivre <a href=\"https:\/\/www.traxgo.be\/fr\/localisation-de-conteneurs\/\">les conteneurs<\/a> sur la carte. Certes, lorsque plusieurs conteneurs sont en circulation en m\u00eame temps, il est utile d'avoir un aper\u00e7u clair des donn\u00e9es de localisation. Les avantages de la technologie track &amp; trace pour suivre un conteneur sont:<\/p>\n<ul class=\"advantages\">\n<li><strong>R\u00e9agir aux situations<\/strong>: puisque vous pouvez toujours savoir o\u00f9 se trouve votre conteneur, vous pouvez r\u00e9agir \u00e0 diff\u00e9rentes situations. Par exemple, un conteneur s'est-il arr\u00eat\u00e9 inopin\u00e9ment pendant une longue p\u00e9riode ou votre employ\u00e9 emprunte-t-il le mauvais itin\u00e9raire ? Ensuite, vous avez imm\u00e9diatement la possibilit\u00e9 de r\u00e9agir \u00e0 cela et de faire quelque chose \u00e0 propos de la situation.<\/li>\n<li><strong>\u00c9conomies de temps et d'argent<\/strong>: De plus, les \u00e9conomies de temps et d'argent li\u00e9es \u00e0 l'utilisation du suivi et de la tra\u00e7abilit\u00e9 de votre conteneur sont tr\u00e8s importantes. Par exemple, consid\u00e9rez la quantit\u00e9 d'administration que vous \u00e9conomisez lorsque l'inscription est automatique. La plateforme Traxgo garde une trace de quand et o\u00f9 vos conteneurs sont partis et quand et o\u00f9 ils sont arriv\u00e9s ailleurs.<\/li>\n<li><strong>Acc\u00e8s facile<\/strong>: la plate-forme Traxgo est extr\u00eamement conviviale et offre un aper\u00e7u clair des diff\u00e9rentes donn\u00e9es. Cela vous donne un acc\u00e8s facile \u00e0 toutes les informations dont vous avez besoin. Le confort d'utilisation du track &amp; trace pour un conteneur est donc tr\u00e8s \u00e9lev\u00e9.<\/li>\n<li><strong>Donn\u00e9es de localisation en direct<\/strong>: les donn\u00e9es de localisation en direct sont peut-\u00eatre la meilleure partie du suivi des <a href=\"https:\/\/www.traxgo.be\/fr\/localisation-de-conteneurs\/\">conteneurs<\/a>. Une carte claire vous montre exactement o\u00f9 se trouvent tous les conteneurs \u00e0 tout moment de la journ\u00e9e. Comme mentionn\u00e9, les donn\u00e9es de localisation en direct offrent des possibilit\u00e9s \u00e9tendues pour optimiser vos processus commerciaux. Le risque d'erreurs et de malentendus diminue consid\u00e9rablement.<\/li>\n<li><strong>Tracker longue dur\u00e9e de vie de la batterie<\/strong>: Enfin, la dur\u00e9e de vie de la batterie du tracker ne doit pas \u00eatre ignor\u00e9e. La batterie ne dure que de nombreuses ann\u00e9es sans avoir \u00e0 \u00eatre charg\u00e9e. De plus, le tracker est \u00e9tanche.<\/li>\n<\/ul>\n<p><a class=\"button cta\" href=\"#contact\">Plus d'information? <strong>Contactez-nous<\/strong><\/a><\/p>\n<h3><strong><img loading=\"lazy\" decoding=\"async\" class=\"alignright wp-image-7907\" src=\"https:\/\/www.traxgo.be\/wp-content\/uploads\/2021\/02\/tracking-containers.jpg\" alt=\"Syst\u00e8me de suivi des conteneurs\" width=\"580\" height=\"387\" srcset=\"https:\/\/www.traxgo.be\/wp-content\/uploads\/2021\/02\/tracking-containers.jpg 768w, https:\/\/www.traxgo.be\/wp-content\/uploads\/2021\/02\/tracking-containers-300x200.jpg 300w\" sizes=\"auto, (max-width: 580px) 100vw, 580px\" \/>Syst\u00e8me de suivi pour vos conteneurs?<br \/>\n<\/strong><\/h3>\n<p>Y a-t-il beaucoup de conteneurs en circulation dans votre entreprise et vous cherchez des moyens d'optimiser le processus de transport? Alors le tracker Traxgo est exactement ce que vous recherchez. Comme mentionn\u00e9, il existe de nombreux avantages diff\u00e9rents associ\u00e9s \u00e0 la mise en \u0153uvre de cette technologie.<\/p>\n<p>Assurez-vous que votre entreprise dans son ensemble franchit la prochaine \u00e9tape du d\u00e9veloppement en obtenant une meilleure vue d'ensemble de ses op\u00e9rations. Gr\u00e2ce \u00e0 la plateforme Traxgo, vous avez un aper\u00e7u clair en un seul endroit de divers sujets qui n\u00e9cessitent encore beaucoup de temps et d'efforts.<\/p>\n<p>Pour plus d'informations et une explication d\u00e9taill\u00e9e du fonctionnement d'un tracker, vous pouvez bien entendu <a href=\"#contact\">nous contacter<\/a>. En tant qu'expert dans le domaine du suivi et du tra\u00e7age, Traxgo est heureux de vous aider \u00e0 garantir que la mise en \u0153uvre se d\u00e9roule le mieux possible.<\/p>\n","protected":false},"excerpt":{"rendered":"<p>Suivi de votre conteneur Suivez et tracez votre conteneur 24 heures sur 24 et 7 jours sur 7 avec le bon logiciel Traxgo. Vous pouvez toujours suivre les conteneurs sur la carte. Certes, lorsque plusieurs conteneurs sont en circulation en m\u00eame temps, il est utile d'avoir un aper\u00e7u clair des donn\u00e9es de localisation. Les avantages [&hellip;]<\/p>\n","protected":false},"author":1,"featured_media":11712,"parent":0,"menu_order":0,"comment_status":"closed","ping_status":"closed","template":"","meta":{"_acf_changed":false,"footnotes":""},"class_list":["post-12314","page","type-page","status-publish","has-post-thumbnail","hentry"],"acf":[],"_links":{"self":[{"href":"https:\/\/www.traxgo.be\/fr\/wp-json\/wp\/v2\/pages\/12314","targetHints":{"allow":["GET"]}}],"collection":[{"href":"https:\/\/www.traxgo.be\/fr\/wp-json\/wp\/v2\/pages"}],"about":[{"href":"https:\/\/www.traxgo.be\/fr\/wp-json\/wp\/v2\/types\/page"}],"author":[{"embeddable":true,"href":"https:\/\/www.traxgo.be\/fr\/wp-json\/wp\/v2\/users\/1"}],"replies":[{"embeddable":true,"href":"https:\/\/www.traxgo.be\/fr\/wp-json\/wp\/v2\/comments?post=12314"}],"version-history":[{"count":6,"href":"https:\/\/www.traxgo.be\/fr\/wp-json\/wp\/v2\/pages\/12314\/revisions"}],"predecessor-version":[{"id":13028,"href":"https:\/\/www.traxgo.be\/fr\/wp-json\/wp\/v2\/pages\/12314\/revisions\/13028"}],"wp:featuredmedia":[{"embeddable":true,"href":"https:\/\/www.traxgo.be\/fr\/wp-json\/wp\/v2\/media\/11712"}],"wp:attachment":[{"href":"https:\/\/www.traxgo.be\/fr\/wp-json\/wp\/v2\/media?parent=12314"}],"curies":[{"name":"wp","href":"https:\/\/api.w.org\/{rel}","templated":true}]}}