{"id":12329,"date":"2022-06-23T08:31:26","date_gmt":"2022-06-23T08:31:26","guid":{"rendered":"https:\/\/www.traxgo.be\/?page_id=12329"},"modified":"2024-02-02T10:11:32","modified_gmt":"2024-02-02T10:11:32","slug":"suivi-et-tracage","status":"publish","type":"page","link":"https:\/\/www.traxgo.be\/fr\/suivi-et-tracage\/","title":{"rendered":"Suivi et tra\u00e7age"},"content":{"rendered":"<h1>Suivi et tra\u00e7age - Logiciel de tracking<\/h1>\n<p><img loading=\"lazy\" decoding=\"async\" class=\"alignright wp-image-10480\" src=\"https:\/\/www.traxgo.be\/wp-content\/uploads\/2022\/04\/tracking-voertuigen-2.jpg\" alt=\"Syst\u00e8mes de suivi pour voitures, camions, machines et mat\u00e9riaux - Logiciel de tracking\" width=\"500\" height=\"500\" srcset=\"https:\/\/www.traxgo.be\/wp-content\/uploads\/2022\/04\/tracking-voertuigen-2.jpg 780w, https:\/\/www.traxgo.be\/wp-content\/uploads\/2022\/04\/tracking-voertuigen-2-300x300.jpg 300w, https:\/\/www.traxgo.be\/wp-content\/uploads\/2022\/04\/tracking-voertuigen-2-150x150.jpg 150w, https:\/\/www.traxgo.be\/wp-content\/uploads\/2022\/04\/tracking-voertuigen-2-768x768.jpg 768w\" sizes=\"auto, (max-width: 500px) 100vw, 500px\" \/>La meilleure fa\u00e7on d'am\u00e9liorer les processus m\u00e9tier consiste \u00e0 effectuer un suivi et une tra\u00e7abilit\u00e9. Le suivi et la tra\u00e7abilit\u00e9 font r\u00e9f\u00e9rence \u00e0 la meilleure cartographie possible des diff\u00e9rents processus m\u00e9tier. En suivant tout, vous avez plus d'informations sur ce qui se passe exactement. Par exemple, consid\u00e9rez le tra\u00e7age:<\/p>\n<ul>\n<li><a href=\"https:\/\/www.traxgo.be\/fr\/online-track-et-trace-et-systemes-de-localisation\/localisation-vehicules\/\">Suivi de v\u00e9hicules<\/a>: Vous avez une entreprise avec beaucoup de v\u00e9hicules en circulation? Le suivi et la tra\u00e7abilit\u00e9 constituent alors une valeur ajout\u00e9e de diverses mani\u00e8res. Cela vous donne un meilleur aper\u00e7u de l'emplacement de vos v\u00e9hicules, du temps qu'ils prennent sur certains itin\u00e9raires et des donn\u00e9es sp\u00e9cifiques par v\u00e9hicule \u00e0 tout moment de la journ\u00e9e. Les exemples sont le niveau de carburant, la vitesse, etc.<\/li>\n<li><a href=\"https:\/\/www.traxgo.be\/fr\/online-track-et-trace-et-systemes-de-localisation\/localisation-machines\/\">Suivi de machines<\/a>: le suivi et la tra\u00e7abilit\u00e9 fournissent \u00e9galement de nombreuses informations sur les donn\u00e9es par machine pour les machines. Vous savez exactement combien de temps certaines machines sont utilis\u00e9es, si une maintenance est n\u00e9cessaire ou si des mouvements ind\u00e9sirables ont lieu. De plus, l'enregistrement de toutes les donn\u00e9es garantit que l'administration est \u00e9galement organis\u00e9e beaucoup plus facilement. Des co\u00fbts r\u00e9duits, une gestion plus simple et des profits plus \u00e9lev\u00e9s.<\/li>\n<li><a href=\"https:\/\/www.traxgo.be\/fr\/online-track-et-trace-et-systemes-de-localisation\/localisation-materiaux\/\">Suivi de mat\u00e9riel<\/a>: Votre entreprise a-t-elle beaucoup de mat\u00e9riel en circulation? Dans ce cas, vous \u00eates probablement int\u00e9ress\u00e9 par les moyens d'am\u00e9liorer les donn\u00e9es de localisation, l'administration et le confort. De grandes quantit\u00e9s de mat\u00e9riaux doivent souvent \u00eatre d\u00e9plac\u00e9es.<\/li>\n<\/ul>\n<p><a class=\"button cta\" href=\"#contact\">Plus d'information? <strong>Contactez-nous<\/strong><\/a><\/p>\n<h3>Valeur du suivi et de la tra\u00e7abilit\u00e9<\/h3>\n<p>De plus en plus d'entreprises choisissent actuellement d'impl\u00e9menter des <a href=\"https:\/\/www.traxgo.be\/fr\/tracking\/\">syst\u00e8mes de suivi<\/a> dans leurs processus commerciaux. La raison principale en est qu'il fournit simplement une avanc\u00e9e significative en termes d'optimisation. Une connaissance approfondie des donn\u00e9es d'entreprise signifie que vous pouvez utiliser ces donn\u00e9es pour am\u00e9liorer le fonctionnement de certains processus. Voici des exemples:<\/p>\n<ul>\n<li><strong>Administration<\/strong>: L'administration du personnel devient beaucoup plus facile lorsque vous pouvez voir exactement qui a fait quoi et o\u00f9. Parce que cela est automatiquement enregistr\u00e9 par la plateforme Traxgo, vous n'avez pas \u00e0 vous en soucier. Cela permet d'\u00e9conomiser beaucoup de temps et d'argent.<\/li>\n<li><strong>Entretien<\/strong>: Il en va de m\u00eame pour l'entretien. Une meilleure compr\u00e9hension des exigences de maintenance signifie qu'il y a moins de risques de dommages \u00e0 vos v\u00e9hicules, machines ou <a href=\"https:\/\/www.traxgo.be\/fr\/gestion-et-logiciel-des-materiaux\/\">mat\u00e9riaux<\/a>. Une maintenance en temps opportun \u00e9vite \u00e9galement que le travail ne s'arr\u00eate inutilement. Dans ce domaine aussi, beaucoup de temps, et donc de co\u00fbts, sont \u00e9conomis\u00e9s.<\/li>\n<li><strong>Productivit\u00e9 des employ\u00e9s<\/strong>: Enfin, la productivit\u00e9 des employ\u00e9s b\u00e9n\u00e9ficie \u00e9galement du suivi et de la tra\u00e7abilit\u00e9. L'aper\u00e7u de la productivit\u00e9 montre exactement o\u00f9 il y a place \u00e0 l'am\u00e9lioration. Vos employ\u00e9s peuvent alors corriger les points n\u00e9gatifs pour am\u00e9liorer la performance de l'entreprise dans son ensemble.<\/li>\n<\/ul>\n<h3>Appliquer le suivi dans votre entreprise avec nos logiciel de tracking?<\/h3>\n<p>\u00cates-vous curieux de savoir ce que le suivi et la tra\u00e7abilit\u00e9 peuvent signifier pour votre entreprise? Veuillez <a href=\"#contact\">nous contacter directement<\/a> pour plus d'informations sur la mise en \u0153uvre d'un <strong>logiciel de tracking<\/strong>. En tant qu'expert exp\u00e9riment\u00e9 dans ce domaine, nous pouvons vous guider professionnellement pour am\u00e9liorer vos processus d'affaires \u00e0 long terme.<\/p>\n<p>&nbsp;<\/p>\n<h4><strong>Consultez des informations d\u00e9taill\u00e9es sur:<\/strong><\/h4>\n<ul>\n<li><a href=\"https:\/\/www.traxgo.be\/fr\/systeme-de-geolocalisation\/\">Syst\u00e8me de g\u00e9olocalisation pour un suivi pr\u00e9cis<\/a><\/li>\n<li><a href=\"https:\/\/www.traxgo.be\/fr\/suivi-de-flotte-un-systeme-de-suivi-pour-votre-flotte\/\">Suivi de votre flotte<\/a><\/li>\n<li><a href=\"https:\/\/www.traxgo.be\/fr\/localisation-de-conteneurs\/\">Suivi des conteneurs<\/a><\/li>\n<li><a href=\"https:\/\/www.traxgo.be\/fr\/suivi-de-voiture\/\">Suivi des voitures de soci\u00e9t\u00e9<\/a><\/li>\n<\/ul>\n","protected":false},"excerpt":{"rendered":"<p>Suivi et tra\u00e7age - Logiciel de tracking La meilleure fa\u00e7on d'am\u00e9liorer les processus m\u00e9tier consiste \u00e0 effectuer un suivi et une tra\u00e7abilit\u00e9. Le suivi et la tra\u00e7abilit\u00e9 font r\u00e9f\u00e9rence \u00e0 la meilleure cartographie possible des diff\u00e9rents processus m\u00e9tier. En suivant tout, vous avez plus d'informations sur ce qui se passe exactement. Par exemple, consid\u00e9rez le [&hellip;]<\/p>\n","protected":false},"author":1,"featured_media":6744,"parent":0,"menu_order":0,"comment_status":"closed","ping_status":"closed","template":"","meta":{"_acf_changed":false,"footnotes":""},"class_list":["post-12329","page","type-page","status-publish","has-post-thumbnail","hentry"],"acf":[],"_links":{"self":[{"href":"https:\/\/www.traxgo.be\/fr\/wp-json\/wp\/v2\/pages\/12329","targetHints":{"allow":["GET"]}}],"collection":[{"href":"https:\/\/www.traxgo.be\/fr\/wp-json\/wp\/v2\/pages"}],"about":[{"href":"https:\/\/www.traxgo.be\/fr\/wp-json\/wp\/v2\/types\/page"}],"author":[{"embeddable":true,"href":"https:\/\/www.traxgo.be\/fr\/wp-json\/wp\/v2\/users\/1"}],"replies":[{"embeddable":true,"href":"https:\/\/www.traxgo.be\/fr\/wp-json\/wp\/v2\/comments?post=12329"}],"version-history":[{"count":18,"href":"https:\/\/www.traxgo.be\/fr\/wp-json\/wp\/v2\/pages\/12329\/revisions"}],"predecessor-version":[{"id":15407,"href":"https:\/\/www.traxgo.be\/fr\/wp-json\/wp\/v2\/pages\/12329\/revisions\/15407"}],"wp:featuredmedia":[{"embeddable":true,"href":"https:\/\/www.traxgo.be\/fr\/wp-json\/wp\/v2\/media\/6744"}],"wp:attachment":[{"href":"https:\/\/www.traxgo.be\/fr\/wp-json\/wp\/v2\/media?parent=12329"}],"curies":[{"name":"wp","href":"https:\/\/api.w.org\/{rel}","templated":true}]}}