{"id":12342,"date":"2022-06-23T11:03:44","date_gmt":"2022-06-23T11:03:44","guid":{"rendered":"https:\/\/www.traxgo.be\/?page_id=12342"},"modified":"2022-06-23T11:06:07","modified_gmt":"2022-06-23T11:06:07","slug":"systeme-de-controle-dacces","status":"publish","type":"page","link":"https:\/\/www.traxgo.be\/fr\/systeme-de-controle-dacces\/","title":{"rendered":"Syst\u00e8me de contr\u00f4le d'acc\u00e8s"},"content":{"rendered":"<h2>Syst\u00e8me de contr\u00f4le d'acc\u00e8s: un sentiment de s\u00e9curit\u00e9<\/h2>\n<div class=\"fusion-layout-column fusion_builder_column fusion_builder_column_2_3 fusion-two-third 2_3\">\n<div class=\"fusion-column-wrapper\" data-bg-url=\"\">\n<div class=\"fusion-text\">\n<p><img loading=\"lazy\" decoding=\"async\" class=\"alignright wp-image-10693\" src=\"https:\/\/www.traxgo.be\/wp-content\/uploads\/2022\/04\/toegangscontrolesysteem.jpg\" alt=\"Un syst\u00e8me de contr\u00f4le d'acc\u00e8s comme s\u00e9curit\u00e9 et enregistrement des pr\u00e9sences\" width=\"580\" height=\"387\" srcset=\"https:\/\/www.traxgo.be\/wp-content\/uploads\/2022\/04\/toegangscontrolesysteem.jpg 1000w, https:\/\/www.traxgo.be\/wp-content\/uploads\/2022\/04\/toegangscontrolesysteem-300x200.jpg 300w, https:\/\/www.traxgo.be\/wp-content\/uploads\/2022\/04\/toegangscontrolesysteem-768x512.jpg 768w\" sizes=\"auto, (max-width: 580px) 100vw, 580px\" \/>Vous ne savez pas qui est \u00e0 la porte ou \u00e0 la porte de votre entreprise ? Ou voulez-vous savoir qui est dans le studio \u00e0 une certaine heure ? Gr\u00e2ce \u00e0 un syst\u00e8me de contr\u00f4le d'acc\u00e8s solide, vous avez un aper\u00e7u de ces donn\u00e9es. De plus, vous \u00e9conomisez \u00e9galement beaucoup de frais en termes de perte de cl\u00e9s, de nouvelles serrures, etc.<\/p>\n<h3>R\u00e9duire les co\u00fbts<\/h3>\n<\/div>\n<\/div>\n<\/div>\n<div class=\"fusion-column content-box-column content-box-column content-box-column-1 col-lg-4 col-md-4 col-sm-4 fusion-content-box-hover content-box-column-first-in-row\">\n<div class=\"col content-wrapper-background content-wrapper-boxed link-area-box icon-hover-animation-pulsate\" data-animationoffset=\"50%\">\n<div class=\"content-container\">Un salari\u00e9 perd-il encore son badge? Pas de probl\u00e8me, nous bloquons les droits et vous fournissons un nouveau badge qui fonctionne en retour sur le syst\u00e8me de contr\u00f4le d'acc\u00e8s! Mais les co\u00fbts de s\u00e9curit\u00e9 diminueront \u00e9galement consid\u00e9rablement si vous pouvez obtenir \u00e0 tout moment une vue d'ensemble des participants de votre entreprise gr\u00e2ce \u00e0 <a href=\"https:\/\/www.traxgo.be\/fr\/enregistrement-des-presences\/\">l'enregistrement des pr\u00e9sences<\/a>.<\/div>\n<\/div>\n<\/div>\n<div class=\"fusion-column content-box-column content-box-column content-box-column-2 col-lg-4 col-md-4 col-sm-4 fusion-content-box-hover \">\n<div class=\"col content-wrapper-background content-wrapper-boxed link-area-box icon-hover-animation-pulsate\" data-animationoffset=\"50%\">\n<div class=\"heading heading-with-icon icon-left\">\n<h3 class=\"content-box-heading\" data-inline-fontsize=\"true\" data-inline-lineheight=\"true\" data-fontsize=\"30\" data-lineheight=\"35\">Am\u00e9liorez la s\u00e9curit\u00e9 avec le syst\u00e8me de contr\u00f4le d'acc\u00e8s<\/h3>\n<\/div>\n<div class=\"content-container\">Si vous utilisez notre syst\u00e8me de contr\u00f4le d'acc\u00e8s, vous remarquerez que votre s\u00e9curit\u00e9 augmentera. Apr\u00e8s tout, vos portes sont ferm\u00e9es par d\u00e9faut et vous g\u00e9rez vous-m\u00eame les droits d'acc\u00e8s via le <strong>logiciel de contr\u00f4le d'acc\u00e8s<\/strong>. De cette fa\u00e7on, vous pouvez fermer la porte derri\u00e8re vous en toute tranquillit\u00e9.<\/div>\n<\/div>\n<\/div>\n<div class=\"fusion-column content-box-column content-box-column content-box-column-3 col-lg-4 col-md-4 col-sm-4 fusion-content-box-hover content-box-column-last\">\n<div class=\"col content-wrapper-background content-wrapper-boxed link-area-box icon-hover-animation-pulsate\" data-animationoffset=\"50%\">\n<div class=\"heading heading-with-icon icon-left\">\n<h3 class=\"content-box-heading\" data-inline-fontsize=\"true\" data-inline-lineheight=\"true\" data-fontsize=\"30\" data-lineheight=\"35\">Diff\u00e9rents emplacements<\/h3>\n<\/div>\n<div class=\"content-container\">\n<p>Avez-vous plusieurs succursales? Vous n'avez pas besoin de nommer un responsable pour chaque succursale, mais vous pouvez tout organiser de mani\u00e8re centralis\u00e9e, s\u00e9par\u00e9ment de la succursale. Ouvrir des portes depuis l'\u00e9tranger? Aucun probl\u00e8me! Notre solution est disponible en ligne et en temps r\u00e9el.<\/p>\n<p>De plus, vous pouvez ajuster les droits ou ajouter des personnes \u00e0 leur propre badge sans avoir \u00e0 \u00eatre sur place.<\/p>\n<\/div>\n<\/div>\n<\/div>\n<p><a class=\"button cta\" href=\"#contact\">Plus d'information? <strong>Contactez-nous<\/strong><\/a><\/p>\n","protected":false},"excerpt":{"rendered":"<p>Syst\u00e8me de contr\u00f4le d'acc\u00e8s: un sentiment de s\u00e9curit\u00e9 Vous ne savez pas qui est \u00e0 la porte ou \u00e0 la porte de votre entreprise ? Ou voulez-vous savoir qui est dans le studio \u00e0 une certaine heure ? Gr\u00e2ce \u00e0 un syst\u00e8me de contr\u00f4le d'acc\u00e8s solide, vous avez un aper\u00e7u de ces donn\u00e9es. De plus, [&hellip;]<\/p>\n","protected":false},"author":1,"featured_media":6360,"parent":0,"menu_order":0,"comment_status":"closed","ping_status":"closed","template":"","meta":{"_acf_changed":false,"footnotes":""},"class_list":["post-12342","page","type-page","status-publish","has-post-thumbnail","hentry"],"acf":[],"_links":{"self":[{"href":"https:\/\/www.traxgo.be\/fr\/wp-json\/wp\/v2\/pages\/12342","targetHints":{"allow":["GET"]}}],"collection":[{"href":"https:\/\/www.traxgo.be\/fr\/wp-json\/wp\/v2\/pages"}],"about":[{"href":"https:\/\/www.traxgo.be\/fr\/wp-json\/wp\/v2\/types\/page"}],"author":[{"embeddable":true,"href":"https:\/\/www.traxgo.be\/fr\/wp-json\/wp\/v2\/users\/1"}],"replies":[{"embeddable":true,"href":"https:\/\/www.traxgo.be\/fr\/wp-json\/wp\/v2\/comments?post=12342"}],"version-history":[{"count":3,"href":"https:\/\/www.traxgo.be\/fr\/wp-json\/wp\/v2\/pages\/12342\/revisions"}],"predecessor-version":[{"id":12345,"href":"https:\/\/www.traxgo.be\/fr\/wp-json\/wp\/v2\/pages\/12342\/revisions\/12345"}],"wp:featuredmedia":[{"embeddable":true,"href":"https:\/\/www.traxgo.be\/fr\/wp-json\/wp\/v2\/media\/6360"}],"wp:attachment":[{"href":"https:\/\/www.traxgo.be\/fr\/wp-json\/wp\/v2\/media?parent=12342"}],"curies":[{"name":"wp","href":"https:\/\/api.w.org\/{rel}","templated":true}]}}