{"id":12374,"date":"2022-06-23T13:09:12","date_gmt":"2022-06-23T13:09:12","guid":{"rendered":"https:\/\/www.traxgo.be\/?page_id=12374"},"modified":"2022-06-23T13:14:33","modified_gmt":"2022-06-23T13:14:33","slug":"secteur-public","status":"publish","type":"page","link":"https:\/\/www.traxgo.be\/fr\/secteur-public\/","title":{"rendered":"Secteur public"},"content":{"rendered":"<h4 style=\"text-align: center;\"><span style=\"font-size: 24pt;\">Solutions pour le secteur public<\/span><\/h4>\n<p style=\"text-align: center;\">Les entreprises publiques ont tr\u00e8s souvent de nombreux employ\u00e9s sous leur direction. Ce qui signifie beaucoup d'administration...\u00a0Garder une vue d'ensemble de cela est sans aucun doute tr\u00e8s difficile\u00a0! Gr\u00e2ce \u00e0 nos diff\u00e9rents syst\u00e8mes, vous pouvez facilement vous inscrire et tout conserver. Cela vous fait gagner du temps et de l'argent.<\/p>\n<div class=\"row\">\n<div style=\"text-align: center;\">\n<div class=\"box-responsive\">\n<p><img loading=\"lazy\" decoding=\"async\" class=\"alignright wp-image-4919\" src=\"https:\/\/www.traxgo.be\/wp-content\/uploads\/2019\/12\/m_v_-ZxQE-mbf9_s-unsplash-300x300.jpg\" alt=\"Surveillance des v\u00e9hicules | Suivre et suivre les v\u00e9hicules\" width=\"640\" height=\"640\" srcset=\"https:\/\/www.traxgo.be\/wp-content\/uploads\/2019\/12\/m_v_-ZxQE-mbf9_s-unsplash-300x300.jpg 300w, https:\/\/www.traxgo.be\/wp-content\/uploads\/2019\/12\/m_v_-ZxQE-mbf9_s-unsplash-150x150.jpg 150w, https:\/\/www.traxgo.be\/wp-content\/uploads\/2019\/12\/m_v_-ZxQE-mbf9_s-unsplash-768x768.jpg 768w, https:\/\/www.traxgo.be\/wp-content\/uploads\/2019\/12\/m_v_-ZxQE-mbf9_s-unsplash-1024x1024.jpg 1024w\" sizes=\"auto, (max-width: 640px) 100vw, 640px\" \/><\/p>\n<h3 class=\"text-box\" style=\"text-align: left;\">Track and Trace pour les entreprises du secteur public<\/h3>\n<div class=\"text-box\" style=\"text-align: left;\">\n<p>Y a-t-il eu une urgence ou avez-vous un besoin urgent d'appeler une \u00e9quipe? Notre syst\u00e8me Track and Trace offre une solution \u00e0 ce genre de questions. Avec ce syst\u00e8me, vous pouvez facilement d\u00e9ployer des personnes o\u00f9 et quand elles sont n\u00e9cessaires. De plus, vous savez \u00e9galement exactement o\u00f9 et \u00e0 quelle heure se trouvent vos employ\u00e9s.Nous vous garantissons que vous pouvez travailler plus efficacement gr\u00e2ce \u00e0 notre syst\u00e8me, sans perdre de temps et avec une meilleure communication. Non seulement vous \u00e9conomisez du temps et de l'argent avec notre syst\u00e8me, mais vous gardez \u00e9galement vos clients et employ\u00e9s heureux.Une fois que vous avez install\u00e9 le syst\u00e8me Traxgo Track and Trace, vous pouvez suivre tout le monde via PC, smartphone ou tablette.<\/p>\n<p style=\"text-align: center;\"><a class=\"button\" title=\"Suivi des v\u00e9hicules\" href=\"https:\/\/www.traxgo.be\/fr\/online-track-et-trace-et-systemes-de-localisation\/localisation-vehicules\/\">Suivi des v\u00e9hicules<\/a><\/p>\n<\/div>\n<\/div>\n<\/div>\n<\/div>\n<div class=\"row\">\n<div style=\"text-align: center;\">\n<div class=\"box-responsive\">\n<h3><img loading=\"lazy\" decoding=\"async\" class=\" wp-image-4885 alignleft\" src=\"https:\/\/www.traxgo.be\/wp-content\/uploads\/2019\/12\/black-calculator-near-ballpoint-pen-on-white-printed-paper-53621-300x300.jpg\" alt=\"Enregistrement du temps\" width=\"601\" height=\"601\" srcset=\"https:\/\/www.traxgo.be\/wp-content\/uploads\/2019\/12\/black-calculator-near-ballpoint-pen-on-white-printed-paper-53621-300x300.jpg 300w, https:\/\/www.traxgo.be\/wp-content\/uploads\/2019\/12\/black-calculator-near-ballpoint-pen-on-white-printed-paper-53621-150x150.jpg 150w, https:\/\/www.traxgo.be\/wp-content\/uploads\/2019\/12\/black-calculator-near-ballpoint-pen-on-white-printed-paper-53621-768x768.jpg 768w, https:\/\/www.traxgo.be\/wp-content\/uploads\/2019\/12\/black-calculator-near-ballpoint-pen-on-white-printed-paper-53621-1024x1024.jpg 1024w\" sizes=\"auto, (max-width: 601px) 100vw, 601px\" \/><\/h3>\n<div class=\"text-box\">\n<h3 style=\"text-align: left;\"><span style=\"font-size: 18pt;\"><b>Secteur public... bureaucratie? Certainement pas!<\/b><\/span><\/h3>\n<p style=\"text-align: left;\">Combien de personnes travaillent pour vous ? 200, 300,...? Il ne fait aucun doute que beaucoup de travail y est consacr\u00e9 et que des erreurs sont commises ici. Facilitez la facturation et l'administration dans votre entreprise. Gr\u00e2ce aux solutions de Traxgo, vos employ\u00e9s n'ont plus \u00e0 remplir de bons de travail, de paperasse inutile, etc.<\/p>\n<p style=\"text-align: left;\">Gr\u00e2ce \u00e0 LisaBagde, vos employ\u00e9s peuvent facilement suivre toutes les distances, les heures travaill\u00e9es, etc. dans notre logiciel num\u00e9rique. Vous pouvez v\u00e9rifier, corriger et traiter ces documents tr\u00e8s facilement. De cette fa\u00e7on, vous et vos employ\u00e9s travaillez beaucoup plus efficacement.<\/p>\n<p style=\"text-align: left;\">Gr\u00e2ce au LisaBadge, il est possible de travailler de mani\u00e8re \u00e9cologique, rapide, rapide et efficace.<\/p>\n<p style=\"text-align: center;\"><a class=\"button\" title=\"LisaBagde\" href=\"https:\/\/www.traxgo.be\/fr\/online-track-et-trace-et-systemes-de-localisation\/enregistrement-des-presences-checkinatwork\/lisabadge\/\">LisaBagdes<\/a><\/p>\n<\/div>\n<\/div>\n<\/div>\n<\/div>\n<div class=\"row\">\n<div style=\"text-align: center;\">\n<div class=\"box-responsive\">\n<p><img loading=\"lazy\" decoding=\"async\" class=\"alignright wp-image-4873\" src=\"https:\/\/www.traxgo.be\/wp-content\/uploads\/2019\/12\/black-car-instrument-cluster-panel-945443-300x300.jpg\" alt=\"Surveillance des v\u00e9hicules | Suivre et suivre les v\u00e9hicules\" width=\"640\" height=\"640\" srcset=\"https:\/\/www.traxgo.be\/wp-content\/uploads\/2019\/12\/black-car-instrument-cluster-panel-945443-300x300.jpg 300w, https:\/\/www.traxgo.be\/wp-content\/uploads\/2019\/12\/black-car-instrument-cluster-panel-945443-150x150.jpg 150w, https:\/\/www.traxgo.be\/wp-content\/uploads\/2019\/12\/black-car-instrument-cluster-panel-945443-768x768.jpg 768w, https:\/\/www.traxgo.be\/wp-content\/uploads\/2019\/12\/black-car-instrument-cluster-panel-945443-1024x1024.jpg 1024w\" sizes=\"auto, (max-width: 640px) 100vw, 640px\" \/><\/p>\n<div class=\"text-box\" style=\"text-align: left;\">\n<h3>Suivez facilement vos v\u00e9hicules<\/h3>\n<p>Tous vos v\u00e9hicules sont-ils en parfait \u00e9tat? Gr\u00e2ce \u00e0 notre syst\u00e8me convivial, vous pouvez suivre la pression des pneus et le niveau de liquide de vos v\u00e9hicules d'un simple clic de souris, o\u00f9 que vous soyez. Un tel syst\u00e8me de surveillance enregistre en permanence les informations n\u00e9cessaires et les transmet \u00e0 notre plateforme en ligne.<\/p>\n<p>Optez pour un syst\u00e8me de surveillance efficace et suivez vos v\u00e9hicules. Recevez un rapport d\u00e9taill\u00e9 sur la pression des pneus et le niveau de liquide de vos v\u00e9hicules, quand vous le souhaitez. Les inspections et l'entretien sont \u00e9galement faciles \u00e0 suivre.<\/p>\n<p style=\"text-align: center;\"><a class=\"button\" title=\"Contr\u00f4lez votre pression des pneus \u00e0 distance\" href=\"https:\/\/www.traxgo.be\/fr\/online-track-et-trace-et-systemes-de-localisation\/systeme-de-controle-de-pression-des-pneus\/\">Pression des pneus<\/a><\/p>\n<\/div>\n<\/div>\n<\/div>\n<\/div>\n<div class=\"row\">\n<div style=\"text-align: center;\">\n<div class=\"box-responsive\">\n<h3><img loading=\"lazy\" decoding=\"async\" class=\" wp-image-4907 alignleft\" src=\"https:\/\/www.traxgo.be\/wp-content\/uploads\/2019\/12\/ocean-ng-L0xOtAnv94Y-unsplash-300x300.jpg\" alt=\"Enregistrement du temps | CheckInAtWork\" width=\"601\" height=\"601\" srcset=\"https:\/\/www.traxgo.be\/wp-content\/uploads\/2019\/12\/ocean-ng-L0xOtAnv94Y-unsplash-300x300.jpg 300w, https:\/\/www.traxgo.be\/wp-content\/uploads\/2019\/12\/ocean-ng-L0xOtAnv94Y-unsplash-150x150.jpg 150w, https:\/\/www.traxgo.be\/wp-content\/uploads\/2019\/12\/ocean-ng-L0xOtAnv94Y-unsplash-768x768.jpg 768w, https:\/\/www.traxgo.be\/wp-content\/uploads\/2019\/12\/ocean-ng-L0xOtAnv94Y-unsplash-1024x1024.jpg 1024w\" sizes=\"auto, (max-width: 601px) 100vw, 601px\" \/><\/h3>\n<div class=\"text-box\">\n<h3 style=\"text-align: left;\">Surveillance \u00e0 distance \u00e0 tout moment de la journ\u00e9e<\/h3>\n<p style=\"text-align: left;\">Qui \u00e9tait de service? O\u00f9 mon \u00e9quipe a-t-elle d\u00e9j\u00e0 visit\u00e9? Ce sont toutes des questions que vous pouvez facilement suivre avec nos solutions.<\/p>\n<p style=\"text-align: left;\">Traxgo surveille vos v\u00e9hicules et vos employ\u00e9s. Nos syst\u00e8mes enregistrent et transmettent en permanence des informations. Gr\u00e2ce au logiciel de suivi et de gestion, vous pouvez facilement surveiller vos v\u00e9hicules et vos employ\u00e9s.<\/p>\n<blockquote>\n<ul>\n<li style=\"text-align: left;\">sachez toujours o\u00f9 se trouvent vos employ\u00e9s;<\/li>\n<li style=\"text-align: left;\">recevez un aper\u00e7u \u00e0 tout moment et n'importe o\u00f9;<\/li>\n<li style=\"text-align: left;\">optimiser votre temps;<\/li>\n<li style=\"text-align: left;\">optimiser l'efficacit\u00e9 de votre organisation;<\/li>\n<li style=\"text-align: left;\">...<\/li>\n<\/ul>\n<\/blockquote>\n<p style=\"text-align: left;\"><strong>Vous souhaitez plus d'informations sur nos solutions pour le secteur public?<\/strong><\/p>\n<p style=\"text-align: center;\"><a class=\"button\" title=\"Suivi et surveillance\" href=\"https:\/\/www.traxgo.be\/fr\/online-track-et-trace-et-systemes-de-localisation\/\">Suivi et surveillance<\/a><\/p>\n<\/div>\n<\/div>\n<\/div>\n<\/div>\n","protected":false},"excerpt":{"rendered":"<p>Solutions pour le secteur public Les entreprises publiques ont tr\u00e8s souvent de nombreux employ\u00e9s sous leur direction. Ce qui signifie beaucoup d'administration...\u00a0Garder une vue d'ensemble de cela est sans aucun doute tr\u00e8s difficile\u00a0! Gr\u00e2ce \u00e0 nos diff\u00e9rents syst\u00e8mes, vous pouvez facilement vous inscrire et tout conserver. Cela vous fait gagner du temps et de l'argent. [&hellip;]<\/p>\n","protected":false},"author":1,"featured_media":6626,"parent":0,"menu_order":0,"comment_status":"closed","ping_status":"closed","template":"","meta":{"_acf_changed":false,"footnotes":""},"class_list":["post-12374","page","type-page","status-publish","has-post-thumbnail","hentry"],"acf":[],"_links":{"self":[{"href":"https:\/\/www.traxgo.be\/fr\/wp-json\/wp\/v2\/pages\/12374","targetHints":{"allow":["GET"]}}],"collection":[{"href":"https:\/\/www.traxgo.be\/fr\/wp-json\/wp\/v2\/pages"}],"about":[{"href":"https:\/\/www.traxgo.be\/fr\/wp-json\/wp\/v2\/types\/page"}],"author":[{"embeddable":true,"href":"https:\/\/www.traxgo.be\/fr\/wp-json\/wp\/v2\/users\/1"}],"replies":[{"embeddable":true,"href":"https:\/\/www.traxgo.be\/fr\/wp-json\/wp\/v2\/comments?post=12374"}],"version-history":[{"count":9,"href":"https:\/\/www.traxgo.be\/fr\/wp-json\/wp\/v2\/pages\/12374\/revisions"}],"predecessor-version":[{"id":12383,"href":"https:\/\/www.traxgo.be\/fr\/wp-json\/wp\/v2\/pages\/12374\/revisions\/12383"}],"wp:featuredmedia":[{"embeddable":true,"href":"https:\/\/www.traxgo.be\/fr\/wp-json\/wp\/v2\/media\/6626"}],"wp:attachment":[{"href":"https:\/\/www.traxgo.be\/fr\/wp-json\/wp\/v2\/media?parent=12374"}],"curies":[{"name":"wp","href":"https:\/\/api.w.org\/{rel}","templated":true}]}}