{"id":12393,"date":"2022-06-24T10:42:09","date_gmt":"2022-06-24T10:42:09","guid":{"rendered":"https:\/\/www.traxgo.be\/?page_id=12393"},"modified":"2023-04-21T11:53:06","modified_gmt":"2023-04-21T11:53:06","slug":"suivi-de-voiture","status":"publish","type":"page","link":"https:\/\/www.traxgo.be\/fr\/suivi-de-voiture\/","title":{"rendered":"Suivi de voiture"},"content":{"rendered":"<h1><strong>Suivi en temps r\u00e9el des voitures de soci\u00e9t\u00e9<\/strong><\/h1>\n<p><img loading=\"lazy\" decoding=\"async\" class=\"alignright size-full wp-image-5254\" src=\"https:\/\/www.traxgo.be\/wp-content\/uploads\/2020\/03\/infotarget.jpg\" alt=\"Suivi ou tra\u00e7age des voitures de soci\u00e9t\u00e9\" width=\"300\" height=\"300\" srcset=\"https:\/\/www.traxgo.be\/wp-content\/uploads\/2020\/03\/infotarget.jpg 300w, https:\/\/www.traxgo.be\/wp-content\/uploads\/2020\/03\/infotarget-150x150.jpg 150w\" sizes=\"auto, (max-width: 300px) 100vw, 300px\" \/><\/p>\n<p>\"Suivi de voiture\" (lire : \"tra\u00e7age des voitures de soci\u00e9t\u00e9\") a r\u00e9cemment pris de l'ampleur. Un aper\u00e7u approfondi de toutes sortes d'informations est de plus en plus consid\u00e9r\u00e9 comme pr\u00e9cieux. Il y a un \u00e9norme besoin d'autant de donn\u00e9es que possible afin de pouvoir mettre en \u0153uvre des am\u00e9liorations. Les entreprises reconnaissent que l'acc\u00e8s aux bonnes donn\u00e9es offre la possibilit\u00e9 de se d\u00e9velopper davantage. C'est comme \u00e7a que \u00e7a marche avec le suivi automatique.<\/p>\n<p>Vous avez une entreprise o\u00f9 de nombreux v\u00e9hicules, machines ou <a href=\"https:\/\/www.traxgo.be\/fr\/gestion-et-logiciel-des-materiaux\/\">mat\u00e9riaux<\/a> doivent \u00eatre transport\u00e9s? Dans ce cas, le suivi de voiture est parfaitement adapt\u00e9 pour am\u00e9liorer la compr\u00e9hension des donn\u00e9es associ\u00e9es. Avec le suivi automatique, vous avez:<\/p>\n<ul class=\"advantages\">\n<li><strong>Acc\u00e8s aux heures de d\u00e9marrage et d'arr\u00eat<\/strong>: Les heures de d\u00e9marrage et d'arr\u00eat de vos v\u00e9hicules sont automatiquement enregistr\u00e9es et suivies. De cette fa\u00e7on, vous savez exactement quels kilom\u00e8tres ont \u00e9t\u00e9 parcourus et vous n'avez pas \u00e0 suivre vous-m\u00eame l'administration. Avec le suivi de voiture, vous pouvez facilement voir toutes les donn\u00e9es n\u00e9cessaires sur une seule plateforme.<\/li>\n<li><strong>Visualisation des itin\u00e9raires<\/strong>: Vous pouvez \u00e9galement voir exactement quels itin\u00e9raires vos v\u00e9hicules ont parcourus sur les cartes Traxgo. Gr\u00e2ce au suivi automatique, vous pouvez savoir exactement o\u00f9 un v\u00e9hicule s'est rendu et quels itin\u00e9raires ont \u00e9t\u00e9 choisis lors d'un trajet.<\/li>\n<li><strong>Une fonction antid\u00e9marrage<\/strong>: Par ailleurs, la <a href=\"https:\/\/www.traxgo.be\/fr\/antidemarrage-pour-vehicules-et-machines\/\">fonction antid\u00e9marrage<\/a> est \u00e9galement tr\u00e8s appr\u00e9ciable. Si un d\u00e9marrage suspect se produit, vous pouvez l'interrompre. Consid\u00e9rez, par exemple, le possible vol d'un de vos v\u00e9hicules.<\/li>\n<li><strong>Aper\u00e7u de la productivit\u00e9<\/strong>: Un autre point important est un aper\u00e7u de la productivit\u00e9 de vos employ\u00e9s. Apr\u00e8s tout, avec le suivi automatique, vous savez exactement combien de temps les employ\u00e9s ont mis sur un certain itin\u00e9raire et ce qui pourrait \u00eatre am\u00e9lior\u00e9. Il y a de fortes chances qu'il y ait alors suffisamment de place pour augmenter la productivit\u00e9.<\/li>\n<li><strong>\u00c9norme gain de temps<\/strong>: Dans l'ensemble, le syst\u00e8me de suivi offre un \u00e9norme gain de temps. Le besoin r\u00e9duit d'activit\u00e9s administratives combin\u00e9 \u00e0 une productivit\u00e9 plus \u00e9lev\u00e9e lib\u00e8re du temps. Ce temps lib\u00e9r\u00e9 peut ensuite \u00eatre utilis\u00e9 pour am\u00e9liorer d'autres processus m\u00e9tier ou pour mettre en \u0153uvre de nouvelles choses.<\/li>\n<\/ul>\n<p><a class=\"button cta\" href=\"#contact\">Plus d'information? <strong>Contactez-nous<\/strong><\/a><\/p>\n<p>&nbsp;<\/p>\n<h3>Comment fonctionne le suivi de voiture?<\/h3>\n<p>Une fois que vous avez d\u00e9cid\u00e9 d'impl\u00e9menter le suivi de voiture au sein de l'entreprise, un <a href=\"https:\/\/www.traxgo.be\/fr\/traceur-gps\/\">traceur GPS<\/a> est plac\u00e9 dans un ou plusieurs de vos v\u00e9hicules. Ce tracker envoie ensuite les donn\u00e9es n\u00e9cessaires au serveur de Traxgo. Vos donn\u00e9es sont affich\u00e9es au bon endroit sur ce serveur s\u00e9curis\u00e9, de sorte que vous en ayez toujours un aper\u00e7u en temps r\u00e9el. La plateforme Traxgo est facile \u00e0 utiliser et offre un large aper\u00e7u de diverses cartes et rapports.<\/p>\n<p>Pour plus d'informations sur la fa\u00e7on dont Traxgo peut vous \u00eatre utile, n'h\u00e9sitez pas \u00e0 <a href=\"#contact\">nous contacter<\/a>. Nous sommes heureux de vous expliquer comment fonctionne le syst\u00e8me et comment fonctionne le processus de mise en \u0153uvre.<\/p>\n","protected":false},"excerpt":{"rendered":"<p>Suivi en temps r\u00e9el des voitures de soci\u00e9t\u00e9 \"Suivi de voiture\" (lire : \"tra\u00e7age des voitures de soci\u00e9t\u00e9\") a r\u00e9cemment pris de l'ampleur. Un aper\u00e7u approfondi de toutes sortes d'informations est de plus en plus consid\u00e9r\u00e9 comme pr\u00e9cieux. Il y a un \u00e9norme besoin d'autant de donn\u00e9es que possible afin de pouvoir mettre en \u0153uvre [&hellip;]<\/p>\n","protected":false},"author":1,"featured_media":6742,"parent":0,"menu_order":0,"comment_status":"closed","ping_status":"closed","template":"","meta":{"_acf_changed":false,"footnotes":""},"class_list":["post-12393","page","type-page","status-publish","has-post-thumbnail","hentry"],"acf":[],"_links":{"self":[{"href":"https:\/\/www.traxgo.be\/fr\/wp-json\/wp\/v2\/pages\/12393","targetHints":{"allow":["GET"]}}],"collection":[{"href":"https:\/\/www.traxgo.be\/fr\/wp-json\/wp\/v2\/pages"}],"about":[{"href":"https:\/\/www.traxgo.be\/fr\/wp-json\/wp\/v2\/types\/page"}],"author":[{"embeddable":true,"href":"https:\/\/www.traxgo.be\/fr\/wp-json\/wp\/v2\/users\/1"}],"replies":[{"embeddable":true,"href":"https:\/\/www.traxgo.be\/fr\/wp-json\/wp\/v2\/comments?post=12393"}],"version-history":[{"count":8,"href":"https:\/\/www.traxgo.be\/fr\/wp-json\/wp\/v2\/pages\/12393\/revisions"}],"predecessor-version":[{"id":14161,"href":"https:\/\/www.traxgo.be\/fr\/wp-json\/wp\/v2\/pages\/12393\/revisions\/14161"}],"wp:featuredmedia":[{"embeddable":true,"href":"https:\/\/www.traxgo.be\/fr\/wp-json\/wp\/v2\/media\/6742"}],"wp:attachment":[{"href":"https:\/\/www.traxgo.be\/fr\/wp-json\/wp\/v2\/media?parent=12393"}],"curies":[{"name":"wp","href":"https:\/\/api.w.org\/{rel}","templated":true}]}}