{"id":12412,"date":"2022-06-27T07:41:23","date_gmt":"2022-06-27T07:41:23","guid":{"rendered":"https:\/\/www.traxgo.be\/?page_id=12412"},"modified":"2023-04-14T12:08:37","modified_gmt":"2023-04-14T12:08:37","slug":"un-apercu-complet-des-kilometres-parcourus-avec-lenregistrement-des-kilometres","status":"publish","type":"page","link":"https:\/\/www.traxgo.be\/fr\/un-apercu-complet-des-kilometres-parcourus-avec-lenregistrement-des-kilometres\/","title":{"rendered":"Un aper\u00e7u complet des kilom\u00e8tres parcourus avec l'enregistrement des kilom\u00e8tres"},"content":{"rendered":"<h1>Un aper\u00e7u complet avec l'enregistrement des kilom\u00e8tres<\/h1>\n<p><img loading=\"lazy\" decoding=\"async\" class=\"alignright wp-image-5609\" src=\"https:\/\/www.traxgo.be\/wp-content\/uploads\/2020\/07\/black-car-instrument-cluster-panel-945443-1024x680.jpg\" alt=\"Enregistrement du kilom\u00e9trage | Syst\u00e8me de suivi des v\u00e9hicules | Traxgo\" width=\"580\" height=\"385\" srcset=\"https:\/\/www.traxgo.be\/wp-content\/uploads\/2020\/07\/black-car-instrument-cluster-panel-945443-1024x680.jpg 1024w, https:\/\/www.traxgo.be\/wp-content\/uploads\/2020\/07\/black-car-instrument-cluster-panel-945443-300x199.jpg 300w, https:\/\/www.traxgo.be\/wp-content\/uploads\/2020\/07\/black-car-instrument-cluster-panel-945443-768x510.jpg 768w, https:\/\/www.traxgo.be\/wp-content\/uploads\/2020\/07\/black-car-instrument-cluster-panel-945443.jpg 1965w\" sizes=\"auto, (max-width: 580px) 100vw, 580px\" \/><\/p>\n<p>Vous \u00eates dans un secteur o\u00f9 le personnel doit parcourir de nombreux kilom\u00e8tres presque chaque jour ? Et est-ce aussi une partie importante de votre entreprise? Dans ce cas, il est pr\u00e9f\u00e9rable d'utiliser <strong>un enregistrement kilom\u00e9trique<\/strong> sp\u00e9cifique!<\/p>\n<p>Chez Traxgo, nous utilisons un logiciel tr\u00e8s convivial. Ce logiciel vous permet de suivre facilement l'indemnit\u00e9 de kilom\u00e9trage. Ainsi, il n'y a plus d'incertitude sur le nombre de kilom\u00e8tres r\u00e9ellement parcourus et sur le bien-fond\u00e9 de l'indemnit\u00e9 kilom\u00e9trique.<\/p>\n<h3>Avantages de l'enregistrement du kilom\u00e9trage<\/h3>\n<p>Avec <a href=\"https:\/\/www.traxgo.be\/fr\/enregistrement-de-trajet-clair\/\">l'enregistrement des trajets<\/a> de Traxgo, tout est automatique. Comme cela minimise les erreurs, la d\u00e9termination des kilom\u00e8tres parcourus est toujours parfaitement pr\u00e9cise et fiable. Et ce ne sont certainement pas les seuls avantages de notre logiciel. Vous devriez \u00e9galement envisager des fonctionnalit\u00e9s telles que:<\/p>\n<ul class=\"advantages\">\n<li><strong>Demander \u00e0 tout moment<\/strong>: Vous avez acc\u00e8s aux informations sur l'enregistrement du kilom\u00e9trage \u00e0 tout moment de la journ\u00e9e. Cela signifie que vous avez \u00e0 tout moment l'administration compl\u00e8te entre vos mains. Cela permet de gagner beaucoup de temps dans l'administration. Une meilleure compr\u00e9hension avec le logiciel de Traxgo aide votre entreprise \u00e0 aller de l'avant.<\/li>\n<li><strong>Affichage visuel<\/strong>: Gr\u00e2ce au composant visuel du logiciel, vous pouvez voir tr\u00e8s pr\u00e9cis\u00e9ment quels itin\u00e9raires ont \u00e9t\u00e9 parcourus et lesquels sont actuellement parcourus. Cela permet de voir tr\u00e8s clairement en un coup d'\u0153il o\u00f9 se trouve tout le monde.<\/li>\n<li><strong>Gestion d\u00e9taill\u00e9e de la flotte<\/strong>: De plus, il est possible de conserver de nombreuses donn\u00e9es standard via le logiciel. Les questions telles que l'entretien, les inspections et les assurances doivent \u00eatre tenues \u00e0 jour. Le logiciel Traxgo dispose donc de suffisamment d'espace int\u00e9gr\u00e9 pour le faire.<\/li>\n<li><strong>Track and trace<\/strong>: Le logiciel Traxgo fonctionne en enregistrant et en transmettant les kilom\u00e8tres parcourus \u00e0 notre serveur. Comme mentionn\u00e9, ceux-ci sont ensuite affich\u00e9s visuellement sur une carte ou dans un tableau.<\/li>\n<\/ul>\n<p><a class=\"button cta\" href=\"#contact\">Plus d'information? <strong>Contactez-nous<\/strong><\/a><\/p>\n<h3>Traitement automatique<\/h3>\n<p>Gr\u00e2ce \u00e0 toutes ces fonctionnalit\u00e9s du logiciel Traxgo, vous minimisez les pertes de temps. Rien n'est plus ennuyeux que de remplir toutes sortes de formulaires pour suivre l'enregistrement des kilom\u00e8tres. Avec l'utilisation de notre logiciel, cela n'est plus n\u00e9cessaire. Vous gagnez donc beaucoup de temps.<\/p>\n<p>Consid\u00e9rez, par exemple, la d\u00e9claration de revenus ou le calcul des frais de transport. Ce genre de choses demande g\u00e9n\u00e9ralement beaucoup d'efforts. Est-ce agr\u00e9able lorsque ce processus est enti\u00e8rement automatis\u00e9\u00a0? Avec le logiciel de Traxgo, c'est juste une question de quelques clics et vous aurez tout ce dont vous avez besoin \u00e0 votre disposition.<\/p>\n<p>Travaillez-vous actuellement dans une entreprise qui n\u00e9cessite beaucoup de kilom\u00e9trage pour \u00eatre suivi ? Et pensez-vous que l'am\u00e9lioration et l'optimisation sont possibles ? Veuillez contacter Traxgo.<\/p>\n<p>Si vous \u00eates int\u00e9ress\u00e9 par le logiciel, posez des questions ou demandez plus d'informations, veuillez <a href=\"#contact\">nous contacter directement<\/a>. Nous sommes heureux de vous aider \u00e0 organiser <a href=\"https:\/\/www.traxgo.be\/fr\/online-track-et-trace-et-systemes-de-localisation\/enregistrement-du-kilometrage\/\">l'enregistrement du kilom\u00e9trage<\/a> une fois pour toutes. En fin de compte, votre satisfaction est notre priorit\u00e9 absolue.<\/p>\n","protected":false},"excerpt":{"rendered":"<p>Un aper\u00e7u complet avec l'enregistrement des kilom\u00e8tres Vous \u00eates dans un secteur o\u00f9 le personnel doit parcourir de nombreux kilom\u00e8tres presque chaque jour ? Et est-ce aussi une partie importante de votre entreprise? Dans ce cas, il est pr\u00e9f\u00e9rable d'utiliser un enregistrement kilom\u00e9trique sp\u00e9cifique! Chez Traxgo, nous utilisons un logiciel tr\u00e8s convivial. Ce logiciel vous [&hellip;]<\/p>\n","protected":false},"author":1,"featured_media":6760,"parent":0,"menu_order":0,"comment_status":"closed","ping_status":"closed","template":"","meta":{"_acf_changed":false,"footnotes":""},"class_list":["post-12412","page","type-page","status-publish","has-post-thumbnail","hentry"],"acf":[],"_links":{"self":[{"href":"https:\/\/www.traxgo.be\/fr\/wp-json\/wp\/v2\/pages\/12412","targetHints":{"allow":["GET"]}}],"collection":[{"href":"https:\/\/www.traxgo.be\/fr\/wp-json\/wp\/v2\/pages"}],"about":[{"href":"https:\/\/www.traxgo.be\/fr\/wp-json\/wp\/v2\/types\/page"}],"author":[{"embeddable":true,"href":"https:\/\/www.traxgo.be\/fr\/wp-json\/wp\/v2\/users\/1"}],"replies":[{"embeddable":true,"href":"https:\/\/www.traxgo.be\/fr\/wp-json\/wp\/v2\/comments?post=12412"}],"version-history":[{"count":8,"href":"https:\/\/www.traxgo.be\/fr\/wp-json\/wp\/v2\/pages\/12412\/revisions"}],"predecessor-version":[{"id":14034,"href":"https:\/\/www.traxgo.be\/fr\/wp-json\/wp\/v2\/pages\/12412\/revisions\/14034"}],"wp:featuredmedia":[{"embeddable":true,"href":"https:\/\/www.traxgo.be\/fr\/wp-json\/wp\/v2\/media\/6760"}],"wp:attachment":[{"href":"https:\/\/www.traxgo.be\/fr\/wp-json\/wp\/v2\/media?parent=12412"}],"curies":[{"name":"wp","href":"https:\/\/api.w.org\/{rel}","templated":true}]}}