{"id":12499,"date":"2022-07-08T08:34:37","date_gmt":"2022-07-08T08:34:37","guid":{"rendered":"https:\/\/www.traxgo.be\/?page_id=12499"},"modified":"2022-07-18T08:39:37","modified_gmt":"2022-07-18T08:39:37","slug":"la-digitalisation-du-service-et-du-service-apres-vente","status":"publish","type":"page","link":"https:\/\/www.traxgo.be\/fr\/la-digitalisation-du-service-et-du-service-apres-vente\/","title":{"rendered":"La digitalisation du service et du service apr\u00e8s-vente"},"content":{"rendered":"<h2>Service et service apr\u00e8s-vente<\/h2>\n<p><img loading=\"lazy\" decoding=\"async\" class=\"alignright wp-image-4540\" src=\"https:\/\/www.traxgo.be\/wp-content\/uploads\/2019\/07\/blue-body-crescent-1246959-1024x683.jpg\" alt=\"Service et service apr\u00e8s-vente - digitalisation\" width=\"580\" height=\"387\" srcset=\"https:\/\/www.traxgo.be\/wp-content\/uploads\/2019\/07\/blue-body-crescent-1246959-1024x683.jpg 1024w, https:\/\/www.traxgo.be\/wp-content\/uploads\/2019\/07\/blue-body-crescent-1246959-300x200.jpg 300w, https:\/\/www.traxgo.be\/wp-content\/uploads\/2019\/07\/blue-body-crescent-1246959-768x512.jpg 768w\" sizes=\"auto, (max-width: 580px) 100vw, 580px\" \/><\/p>\n<p>Traxgo vous propose de nombreux syst\u00e8mes num\u00e9riques qui peuvent faire passer votre entreprise au niveau sup\u00e9rieur. Les syst\u00e8mes de suivi et de localisation vous permettent de localiser les v\u00e9hicules \u00e0 tout moment. Vous ne perdez plus de temps et n'avez pas de frais inutiles. Vous pouvez \u00e9galement avoir un aper\u00e7u des co\u00fbts et des d\u00e9lais.<\/p>\n<p>L'automatisation des t\u00e2ches gr\u00e2ce \u00e0 la <strong>num\u00e9risation<\/strong> augmentera l'efficacit\u00e9 au sein de l'entreprise. Les syst\u00e8mes vous permettent \u00e9galement de v\u00e9rifier facilement qui est o\u00f9 et quelles t\u00e2ches il effectue. Ainsi, vous pouvez facilement tout surveiller et avoir une vue claire du flux de travail au sein de votre entreprise. Il y aura moins de stress pour vous et les employ\u00e9s gr\u00e2ce \u00e0 une planification fluide.<\/p>\n<h3>Bien plus qu'un syst\u00e8me de suivi<\/h3>\n<p>La communication peut se faire en ligne. Les documents et autres questions importantes peuvent \u00eatre envoy\u00e9s directement les uns aux autres. C'est simple et fait gagner beaucoup de temps, ce qui peut am\u00e9liorer consid\u00e9rablement l'efficacit\u00e9 de votre service et de votre service apr\u00e8s-vente.<\/p>\n<p><a class=\"button cta\" href=\"#contact\">Plus d'information? <strong>Contactez-nous<\/strong><\/a><\/p>\n<p>&nbsp;<\/p>\n<p>D\u00e9couvrez \u00e9galement nos solutions de track-and-trace et de monitoring pour de nombreux autres secteurs:<\/p>\n<ul>\n<li><a href=\"https:\/\/www.traxgo.be\/fr\/numerisation-dans-les-municipalites-et-le-gouvernement\/\">Num\u00e9risation dans les municipalit\u00e9s et le gouvernement<\/a><\/li>\n<li><a href=\"https:\/\/www.traxgo.be\/fr\/numerisation-dans-les-services-durgence\/\">Num\u00e9risation dans les services d'urgence<\/a><\/li>\n<li><a href=\"https:\/\/www.traxgo.be\/fr\/numerisation-au-service-de-messagerie\/\">Num\u00e9risation au service de messagerie<\/a><\/li>\n<li><a href=\"https:\/\/www.traxgo.be\/fr\/numerisation-dans-les-entreprises-de-nettoyage\/\">Num\u00e9risation dans les entreprises de nettoyage<\/a><\/li>\n<li><a href=\"https:\/\/www.traxgo.be\/fr\/numerisation-dans-les-services-de-taxi\/\">Num\u00e9risation dans les services de taxi<\/a><\/li>\n<li><a href=\"https:\/\/www.traxgo.be\/fr\/numerisation-dans-le-secteur-des-transports\/\">Num\u00e9risation dans le secteur des transports<\/a><\/li>\n<li><a href=\"https:\/\/www.traxgo.be\/fr\/\">Syst\u00e8mes de g\u00e9olocalisation<\/a><\/li>\n<li><a href=\"https:\/\/www.traxgo.be\/fr\/online-track-et-trace-et-systemes-de-localisation\/monitoring\/\">Surveillance de votre flotte<\/a><\/li>\n<li><a href=\"https:\/\/www.traxgo.be\/fr\/tracking\/\">Syst\u00e8mes de suivi<\/a><\/li>\n<\/ul>\n","protected":false},"excerpt":{"rendered":"<p>Service et service apr\u00e8s-vente Traxgo vous propose de nombreux syst\u00e8mes num\u00e9riques qui peuvent faire passer votre entreprise au niveau sup\u00e9rieur. Les syst\u00e8mes de suivi et de localisation vous permettent de localiser les v\u00e9hicules \u00e0 tout moment. Vous ne perdez plus de temps et n'avez pas de frais inutiles. Vous pouvez \u00e9galement avoir un aper\u00e7u des [&hellip;]<\/p>\n","protected":false},"author":1,"featured_media":6576,"parent":0,"menu_order":0,"comment_status":"closed","ping_status":"closed","template":"","meta":{"_acf_changed":false,"footnotes":""},"class_list":["post-12499","page","type-page","status-publish","has-post-thumbnail","hentry"],"acf":[],"_links":{"self":[{"href":"https:\/\/www.traxgo.be\/fr\/wp-json\/wp\/v2\/pages\/12499","targetHints":{"allow":["GET"]}}],"collection":[{"href":"https:\/\/www.traxgo.be\/fr\/wp-json\/wp\/v2\/pages"}],"about":[{"href":"https:\/\/www.traxgo.be\/fr\/wp-json\/wp\/v2\/types\/page"}],"author":[{"embeddable":true,"href":"https:\/\/www.traxgo.be\/fr\/wp-json\/wp\/v2\/users\/1"}],"replies":[{"embeddable":true,"href":"https:\/\/www.traxgo.be\/fr\/wp-json\/wp\/v2\/comments?post=12499"}],"version-history":[{"count":6,"href":"https:\/\/www.traxgo.be\/fr\/wp-json\/wp\/v2\/pages\/12499\/revisions"}],"predecessor-version":[{"id":12610,"href":"https:\/\/www.traxgo.be\/fr\/wp-json\/wp\/v2\/pages\/12499\/revisions\/12610"}],"wp:featuredmedia":[{"embeddable":true,"href":"https:\/\/www.traxgo.be\/fr\/wp-json\/wp\/v2\/media\/6576"}],"wp:attachment":[{"href":"https:\/\/www.traxgo.be\/fr\/wp-json\/wp\/v2\/media?parent=12499"}],"curies":[{"name":"wp","href":"https:\/\/api.w.org\/{rel}","templated":true}]}}