{"id":12553,"date":"2022-07-13T07:42:31","date_gmt":"2022-07-13T07:42:31","guid":{"rendered":"https:\/\/www.traxgo.be\/?page_id=12553"},"modified":"2023-07-27T07:32:04","modified_gmt":"2023-07-27T07:32:04","slug":"numerisation-dans-les-services-de-taxi","status":"publish","type":"page","link":"https:\/\/www.traxgo.be\/fr\/numerisation-dans-les-services-de-taxi\/","title":{"rendered":"Num\u00e9risation dans les services de taxi"},"content":{"rendered":"<h2>Num\u00e9risez les services de taxi avec logiciel et suivi<\/h2>\n<p><img loading=\"lazy\" decoding=\"async\" class=\"alignright wp-image-4545\" src=\"https:\/\/www.traxgo.be\/wp-content\/uploads\/2019\/07\/cabs-cars-city-8247-1024x683.jpg\" alt=\"En tant que service de taxi, c'est un avantage de pouvoir localiser vos v\u00e9hicules \u00e0 tout moment\" width=\"580\" height=\"387\" srcset=\"https:\/\/www.traxgo.be\/wp-content\/uploads\/2019\/07\/cabs-cars-city-8247-1024x683.jpg 1024w, https:\/\/www.traxgo.be\/wp-content\/uploads\/2019\/07\/cabs-cars-city-8247-300x200.jpg 300w, https:\/\/www.traxgo.be\/wp-content\/uploads\/2019\/07\/cabs-cars-city-8247-768x512.jpg 768w\" sizes=\"auto, (max-width: 580px) 100vw, 580px\" \/>En tant que service de taxi, c'est un avantage de pouvoir localiser vos v\u00e9hicules \u00e0 tout moment. Les diff\u00e9rents syst\u00e8mes de suivi de Traxgo collectent toutes sortes de donn\u00e9es pertinentes aupr\u00e8s des services de taxi et permettent de gagner beaucoup de temps. Avec ce <a href=\"https:\/\/www.traxgo.be\/fr\/online-track-et-trace-et-systemes-de-localisation\/traxone\/\">logiciel d'entreprise<\/a>, vous pouvez v\u00e9rifier la localisation de vos v\u00e9hicules, faire suivre les adresses, v\u00e9rifier la consommation, etc. Il a donc de nombreuses possibilit\u00e9s.<\/p>\n<p>En analysant les donn\u00e9es, vous obtenez une bonne vue de l'ensemble du flux de travail de votre entreprise. La communication est beaucoup plus fluide car vous pouvez tout envoyer directement. Des adresses peuvent \u00eatre fournies afin que le conducteur puisse imm\u00e9diatement reprendre la route. Les collaborateurs sont ainsi d\u00e9ploy\u00e9s au bon endroit et au bon moment. Tout comme l'employeur, ils ont \u00e9galement une bonne vision des t\u00e2ches planifi\u00e9es.<\/p>\n<h3>Le suivi des taxis augmente l'efficacit\u00e9<\/h3>\n<p>Itin\u00e9raires rapides, planification efficace, gain de temps, etc. Ce sont quelques-uns des avantages que les syst\u00e8mes num\u00e9riques de Traxgo peuvent offrir. Les donn\u00e9es fournissent donc une vue d'ensemble claire et aident votre entreprise \u00e0 un niveau sup\u00e9rieur. Souhaitez-vous \u00e9galement vous concentrer sur la <strong>num\u00e9risation<\/strong> de votre <strong>service de taxi<\/strong> et augmenter <strong>l'efficacit\u00e9<\/strong> de votre entreprise ? N'h\u00e9sitez pas \u00e0 nous contacter, nous chercherons avec vous la meilleure solution.<\/p>\n<p><a class=\"button cta\" href=\"#contact\">Plus d'information? <strong>Contactez-nous<\/strong><\/a><\/p>\n<p>&nbsp;<\/p>\n<p>D\u00e9couvrez \u00e9galement nos solutions de track-and-trace et de monitoring pour de nombreux autres secteurs:<\/p>\n<ul>\n<li><a href=\"https:\/\/www.traxgo.be\/fr\/numerisation-dans-les-municipalites-et-le-gouvernement\/\">Num\u00e9risation dans les municipalit\u00e9s et le gouvernement<\/a><\/li>\n<li><a href=\"https:\/\/www.traxgo.be\/fr\/numerisation-dans-les-services-durgence\/\">Num\u00e9risation dans les services d'urgence<\/a><\/li>\n<li><a href=\"https:\/\/www.traxgo.be\/fr\/numerisation-au-service-de-messagerie\/\">Num\u00e9risation au service de messagerie<\/a><\/li>\n<li><a href=\"https:\/\/www.traxgo.be\/fr\/numerisation-dans-les-entreprises-de-nettoyage\/\">Num\u00e9risation dans les entreprises de nettoyage<\/a><\/li>\n<li><a href=\"https:\/\/www.traxgo.be\/fr\/la-digitalisation-du-service-et-du-service-apres-vente\/\">La digitalisation du service et du service apr\u00e8s-vente<\/a><\/li>\n<li><a href=\"https:\/\/www.traxgo.be\/fr\/numerisation-dans-le-secteur-des-transports\/\">Num\u00e9risation dans le secteur des transports<\/a><\/li>\n<li><a href=\"https:\/\/www.traxgo.be\/fr\/\">Syst\u00e8mes de g\u00e9olocalisation<\/a><\/li>\n<li><a href=\"https:\/\/www.traxgo.be\/fr\/online-track-et-trace-et-systemes-de-localisation\/monitoring\/\">Surveillance de votre flotte<\/a><\/li>\n<li><a href=\"https:\/\/www.traxgo.be\/fr\/tracking\/\">Syst\u00e8mes de suivi<\/a><\/li>\n<\/ul>\n","protected":false},"excerpt":{"rendered":"<p>Num\u00e9risez les services de taxi avec logiciel et suivi En tant que service de taxi, c'est un avantage de pouvoir localiser vos v\u00e9hicules \u00e0 tout moment. Les diff\u00e9rents syst\u00e8mes de suivi de Traxgo collectent toutes sortes de donn\u00e9es pertinentes aupr\u00e8s des services de taxi et permettent de gagner beaucoup de temps. Avec ce logiciel d'entreprise, [&hellip;]<\/p>\n","protected":false},"author":1,"featured_media":6578,"parent":0,"menu_order":0,"comment_status":"closed","ping_status":"closed","template":"","meta":{"_acf_changed":false,"footnotes":""},"class_list":["post-12553","page","type-page","status-publish","has-post-thumbnail","hentry"],"acf":[],"_links":{"self":[{"href":"https:\/\/www.traxgo.be\/fr\/wp-json\/wp\/v2\/pages\/12553","targetHints":{"allow":["GET"]}}],"collection":[{"href":"https:\/\/www.traxgo.be\/fr\/wp-json\/wp\/v2\/pages"}],"about":[{"href":"https:\/\/www.traxgo.be\/fr\/wp-json\/wp\/v2\/types\/page"}],"author":[{"embeddable":true,"href":"https:\/\/www.traxgo.be\/fr\/wp-json\/wp\/v2\/users\/1"}],"replies":[{"embeddable":true,"href":"https:\/\/www.traxgo.be\/fr\/wp-json\/wp\/v2\/comments?post=12553"}],"version-history":[{"count":8,"href":"https:\/\/www.traxgo.be\/fr\/wp-json\/wp\/v2\/pages\/12553\/revisions"}],"predecessor-version":[{"id":14677,"href":"https:\/\/www.traxgo.be\/fr\/wp-json\/wp\/v2\/pages\/12553\/revisions\/14677"}],"wp:featuredmedia":[{"embeddable":true,"href":"https:\/\/www.traxgo.be\/fr\/wp-json\/wp\/v2\/media\/6578"}],"wp:attachment":[{"href":"https:\/\/www.traxgo.be\/fr\/wp-json\/wp\/v2\/media?parent=12553"}],"curies":[{"name":"wp","href":"https:\/\/api.w.org\/{rel}","templated":true}]}}